{"id":71284,"date":"2012-04-27T02:59:26","date_gmt":"2012-04-27T07:59:26","guid":{"rendered":"https:\/\/www.bjultrasonic.com\/shop\/300w-ultrasonic-immersible-transducer\/"},"modified":"2026-03-28T20:03:12","modified_gmt":"2026-03-29T01:03:12","slug":"300w-ultrasonic-immersible-transducer","status":"publish","type":"product","link":"https:\/\/www.bjultrasonic.com\/sv\/shop\/300w-ultrasonic-immersible-transducer\/","title":{"rendered":"300W neds\u00e4nkbar ultraljudstransducer f\u00f6r reng\u00f6ring"},"content":{"rendered":"<ul>\n<li><strong>Effekt<\/strong>: 300 W (inkluderar 5 st 60 W <a href=\"https:\/\/www.bjultrasonic.com\/sv\/category\/ultrasonic-transducer-sv\/\">ultraljudsreng\u00f6ringsomvandlare<\/a>)<\/li>\n<li><strong>Storlek<\/strong>: 200*200*100 mm L*B*H<\/li>\n<li><strong>Material<\/strong>: Rostfritt st\u00e5l 304.<\/li>\n<li>Vibrationsytan \u00e4r f\u00f6rkromad.<\/li>\n<li><strong>Frekvens<\/strong>: 25 kHz, 28 kHz eller 40 kHz, om annan frekvens beh\u00f6vs, v\u00e4nligen kontakta oss.<\/li>\n<\/ul>\n<p><img loading=\"lazy\" decoding=\"async\" src=\"https:\/\/www.bjultrasonic.com\/wp-content\/uploads\/2018\/08\/Waterproof-ultrasonic-immersible-transducers.jpg\" alt=\"\" width=\"600\" height=\"600\" \/><\/p>\n<h3>Anm\u00e4rkningar<\/h3>\n<ul>\n<li>Ultraljudsneds\u00e4nkbara omvandlare \u00e4r specialbest\u00e4llda produkter. F\u00f6r pris, v\u00e4nligen kontakta v\u00e5r s\u00e4ljrepresentant (<a href=\"https:\/\/www.bjultrasonic.com\/contact\/\" target=\"_blank\" rel=\"noopener\">Kontaktformul\u00e4r<\/a>). Vi \u00e5terkommer snart.<\/li>\n<li>Vi kan designa och specialtillverka olika ultraljudsneds\u00e4nkbara omvandlare baserat p\u00e5 krav.<\/li>\n<\/ul>\n<h3>Video om Ultraljudsneds\u00e4nkbar Omvandlare<\/h3>\n<p><iframe loading=\"lazy\" title=\"Submersible Ultrasonic Transducer - Beijing Ultrasonic\" width=\"500\" height=\"281\" src=\"https:\/\/www.youtube.com\/embed\/7zQnWPu-HG4?feature=oembed\" frameborder=\"0\" allow=\"accelerometer; autoplay; clipboard-write; encrypted-media; gyroscope; picture-in-picture; web-share\" referrerpolicy=\"strict-origin-when-cross-origin\" allowfullscreen><\/iframe><\/p>\n<h3>Funktioner hos Ultraljudsneds\u00e4nkbar Omvandlare<\/h3>\n<ul>\n<li>Hela strukturen i rostfritt st\u00e5l: resistent mot syra och t\u00e5l alkali, konstn\u00e4rlig och h\u00e5llbar.<\/li>\n<li>Anv\u00e4nder delningsstruktur: h\u00f6g frekvensanslutning med jack anv\u00e4nds mellan ultraljudsneds\u00e4nkbar omvandlare och ultraljudsgenerator, anv\u00e4ndbar och underh\u00e5llsv\u00e4nlig.<\/li>\n<li>Det finns m\u00e5nga s\u00e4tt att montera ultraljudsneds\u00e4nkbar omvandlare: s\u00e4tt p\u00e5 <strong>botten<\/strong>, <strong>ytan<\/strong>, <strong>sidan<\/strong> eller <strong>toppen<\/strong> av reng\u00f6ringstanken efter behov.\n<div id=\"attachment_853\" style=\"width: 252px\" class=\"wp-caption alignnone\"><img loading=\"lazy\" decoding=\"async\" aria-describedby=\"caption-attachment-853\" class=\"size-full wp-image-853\" title=\"the Type of Ultrasonic Immersible Transducer Installation\" src=\"\/\/www.bjultrasonic.com\/wp-content\/uploads\/2012\/04\/20124274.jpg\" alt=\"the type of ultrasonic immersible transducer installation\" width=\"242\" height=\"155\" \/><p id=\"caption-attachment-853\" class=\"wp-caption-text\">Typ av montering f\u00f6r ultraljudsneds\u00e4nkbar omvandlare<\/p><\/div><\/li>\n<\/ul>\n<h3>Till\u00e4mpning av Ultraljudsneds\u00e4nkbar Omvandlare<\/h3>\n<ul>\n<li>F\u00f6rbehandlingsreng\u00f6ring f\u00f6re galvanisering f\u00f6r delar som ska galvaniseras, borttagning av olja och smuts f\u00f6r mekaniska metall delar, reng\u00f6ring av halvledarkiselchips, glas\u00f6gonb\u00e5gar och glask\u00e4rl.<\/li>\n<li>Linser, solglas\u00f6gon, n\u00e4rsynta glas\u00f6gon och prismor, mikroskop, kamera, glasutrustning, etc.<\/li>\n<\/ul>\n<h3>Fler bilder p\u00e5 Ultraljudsneds\u00e4nkbar Omvandlare<\/h3>\n<div id=\"attachment_856\" style=\"width: 460px\" class=\"wp-caption alignnone\"><a href=\"https:\/\/www.bjultrasonic.com\/wp-content\/uploads\/2012\/04\/20124272.jpg\" data-lightbox=\"image\"><img loading=\"lazy\" decoding=\"async\" aria-describedby=\"caption-attachment-856\" class=\"size-full wp-image-856 \" title=\"vibration effects of ultrasonic immersible transducer\" src=\"\/\/www.bjultrasonic.com\/wp-content\/uploads\/2012\/04\/20124272.jpg\" alt=\"vibration effects of ultrasonic immersible transducer\" width=\"450\" height=\"337\" srcset=\"https:\/\/www.bjultrasonic.com\/wp-content\/uploads\/2012\/04\/20124272.jpg 1500w, https:\/\/www.bjultrasonic.com\/wp-content\/uploads\/2012\/04\/20124272-1170x878.jpg 1170w\" sizes=\"auto, (max-width: 450px) 100vw, 450px\" \/><\/a><p id=\"caption-attachment-856\" class=\"wp-caption-text\">Vibrationseffekter hos Ultraljudsneds\u00e4nkbar Omvandlare<\/p><\/div>\n<hr \/>\n<div id=\"attachment_857\" style=\"width: 460px\" class=\"wp-caption alignnone\"><a href=\"https:\/\/www.bjultrasonic.com\/wp-content\/uploads\/2012\/04\/20124273.jpg\" data-lightbox=\"image\"><img loading=\"lazy\" decoding=\"async\" aria-describedby=\"caption-attachment-857\" class=\"size-full wp-image-857 \" title=\"Inside of Ultrasonic Immersible Transducer\" src=\"\/\/www.bjultrasonic.com\/wp-content\/uploads\/2012\/04\/20124273.jpg\" alt=\"Inside of Ultrasonic Immersible Transducer\" width=\"450\" height=\"350\" \/><\/a><p id=\"caption-attachment-857\" class=\"wp-caption-text\">Insidan av Ultraljudsneds\u00e4nkbar Omvandlare<\/p><\/div>\n<h3>Betalning<\/h3>\n<p>Vi accepterar PayPal, T\/T &#038; Western Union nu.<\/p>\n<h3 class=\"shipping-methods\">Frakt<\/h3>\n<p>Varorna skickas inom 48 timmar efter att full betalning har mottagits.<\/p>\n<ul>\n<li>Vi skickar varorna till adressen som anges i PayPal-betalningen. V\u00e4nligen se till att adressen i PayPal \u00e4r korrekt.<\/li>\n<li>Vi kommer att ge dig sp\u00e5rningsnumret efter att vi har skickat varorna, vanligtvis kommer du att f\u00e5 varorna inom fem dagar.<\/li>\n<li>Om du har n\u00e5gra fr\u00e5gor, v\u00e4nligen kontakta oss via e-post (v\u00e5r e-postadress \u00e4r <a href=\"mailto:support@bjultrasonic.com\">support@bjultrasonic.com<\/a>)<\/li>\n<\/ul>\n<h3 align=\"left\">Produktgaranti<\/h3>\n<p>Produktgarantitiden \u00e4r ett \u00e5r. Inom garantitiden kan k\u00f6pta produkter f\u00e5 gratis underh\u00e5ll eller byte.<\/p>\n","protected":false},"excerpt":{"rendered":"<ul>\n<li>300W Immersion Ultrasonic Cleaner<\/li>\n<li>300W Immersion Array Transducer<\/li>\n<li>300W Immersible Ultrasonic Cleaning Transducers<\/li>\n<li>300W Immersible Ultrasound Transducer System<\/li>\n<li>300W Phased Array Ultrasonic Transducer<\/li>\n<li>300W Submersible Ultrasonic Cleaner<\/li>\n<li>300W Ultrasonic Immersible Transducer<\/li>\n<li>300W Underwater Ultrasonic Piezoelectric Transducer<\/li>\n<li>300W Ultrasonic Immersed Transducer Plate<\/li>\n<li>300W Waterproof Ultrasonic Immersible Transducer<\/li>\n<li>300W Waterproof Piezo Ultrasonic Transducer<\/li>\n<\/ul>\n","protected":false},"featured_media":19469,"comment_status":"open","ping_status":"closed","template":"","meta":[],"product_brand":[],"product_cat":[5942],"product_tag":[],"class_list":{"0":"post-71284","1":"product","2":"type-product","3":"status-publish","4":"has-post-thumbnail","6":"product_cat-ultrasonic-immersible-transducer-sv","8":"first","9":"instock","10":"shipping-taxable","11":"purchasable","12":"product-type-simple","13":"prodpage-classic"},"aioseo_notices":[],"_links":{"self":[{"href":"https:\/\/www.bjultrasonic.com\/sv\/wp-json\/wp\/v2\/product\/71284","targetHints":{"allow":["GET"]}}],"collection":[{"href":"https:\/\/www.bjultrasonic.com\/sv\/wp-json\/wp\/v2\/product"}],"about":[{"href":"https:\/\/www.bjultrasonic.com\/sv\/wp-json\/wp\/v2\/types\/product"}],"replies":[{"embeddable":true,"href":"https:\/\/www.bjultrasonic.com\/sv\/wp-json\/wp\/v2\/comments?post=71284"}],"wp:featuredmedia":[{"embeddable":true,"href":"https:\/\/www.bjultrasonic.com\/sv\/wp-json\/wp\/v2\/media\/19469"}],"wp:attachment":[{"href":"https:\/\/www.bjultrasonic.com\/sv\/wp-json\/wp\/v2\/media?parent=71284"}],"wp:term":[{"taxonomy":"product_brand","embeddable":true,"href":"https:\/\/www.bjultrasonic.com\/sv\/wp-json\/wp\/v2\/product_brand?post=71284"},{"taxonomy":"product_cat","embeddable":true,"href":"https:\/\/www.bjultrasonic.com\/sv\/wp-json\/wp\/v2\/product_cat?post=71284"},{"taxonomy":"product_tag","embeddable":true,"href":"https:\/\/www.bjultrasonic.com\/sv\/wp-json\/wp\/v2\/product_tag?post=71284"}],"curies":[{"name":"wp","href":"https:\/\/api.w.org\/{rel}","templated":true}]}}