{"id":72024,"date":"2012-03-27T04:48:20","date_gmt":"2012-03-27T09:48:20","guid":{"rendered":"https:\/\/www.bjultrasonic.com\/shop\/60w-220v-ultrasonic-pcb-generator\/"},"modified":"2026-03-28T19:56:17","modified_gmt":"2026-03-29T00:56:17","slug":"60w-220v-ultrasonic-pcb-generator","status":"publish","type":"product","link":"https:\/\/www.bjultrasonic.com\/sv\/shop\/60w-220v-ultrasonic-pcb-generator\/","title":{"rendered":"220V 60W Ultraljuds Piezotransducer Drivkrets"},"content":{"rendered":"<h2>Specifikation f\u00f6r 60W\/220V Ultraljudsgenerator PCB<\/h2>\n<table id=\"wp-table-reloaded-id-25-no-1\" class=\"table table-striped table-bordered\">\n<tbody>\n<tr>\n<td>Frekvens<\/td>\n<td>40 KHz.28khz.25khz<\/td>\n<\/tr>\n<tr>\n<td>Effekt<\/td>\n<td>60w<\/td>\n<\/tr>\n<tr>\n<td>Driver transducer<\/td>\n<td>En 50w transducer eller en 60w transducer<\/td>\n<\/tr>\n<tr>\n<td>Str\u00f6mf\u00f6rs\u00f6rjning<\/td>\n<td>Ing\u00e5ng: 200V~230V AC<\/td>\n<\/tr>\n<tr>\n<td>Vikt<\/td>\n<td>300g\/st<\/td>\n<\/tr>\n<\/tbody>\n<\/table>\n<p><strong>Ultraljudskretskort f\u00f6r Ultraljudstransducer<\/strong><\/p>\n<p><strong>Observera: v\u00e4nligen meddela mig vilken frekvens du beh\u00f6ver.<\/strong><\/p>\n<ul>\n<li><a href=\"https:\/\/www.bjultrasonic.com\/sv\/category\/ultrasonic-generator-sv\/\">Ultraljudsgeneratorn<\/a> kan inte sl\u00e5s p\u00e5 under tomg\u00e5ng<\/li>\n<li>Efter installation f\u00e5r vi inte sl\u00e5 p\u00e5 den f\u00f6rr\u00e4n reng\u00f6ringsv\u00e4tska har tillsatts<\/li>\n<li><a href=\"https:\/\/www.bjultrasonic.com\/sv\/category\/ultrasonic-transducer-sv\/\">Ultraljudstransducern<\/a> har tv\u00e5 \u00f6glor. Den positiva finns i mitten av de tv\u00e5 keramikskivorna. Den negativa finns n\u00e4ra den nedre metallpelaren. V\u00e4nligen g\u00f6r inget fel vid ledningsdragning.<\/li>\n<li>Den st\u00f6rre sidan med skruvh\u00e5l p\u00e5 keramiktransducern, som har en vibrationsfunktion, kan f\u00e4stas i botten av reng\u00f6ringsmaskinen. Och se till att reng\u00f6ringsmaskinen \u00e4r s\u00e4kert jordad.<\/li>\n<li>Keramiktransducern ska limmas fast i botten av reng\u00f6ringsmaskinen med transducer-speciallim eller anv\u00e4nd AB-limsticka. Men effekten \u00e4r n\u00e5got s\u00e4mre, eller anv\u00e4nd epoxiharts i proportionen 10:4.<\/li>\n<li>Kretskortets arbetsvoltage \u00e4r 600V. Sp\u00e4nningen som matas ut till transducern \u00e4r 1100 v. Se till att reng\u00f6ringsmaskinen \u00e4r s\u00e4kert jordad. Se till att ett l\u00e4ckageskydd \u00e4r monterat p\u00e5 str\u00f6mf\u00f6rs\u00f6rjningen f\u00f6r att s\u00e4kerst\u00e4lla s\u00e4kerhet.<\/li>\n<\/ul>\n<h3>Betalning<\/h3>\n<p>Vi accepterar paypal, T\/T &#038; Western Union nu.<\/p>\n<h3 class=\"shipping-methods\">Frakt<\/h3>\n<p>Varorna kommer att skeppas inom 48 timmar efter att full betalning har mottagits.<\/p>\n<ul>\n<li>Vi skickar varorna till den adress som anges i PayPal-betalningen. Se till att adressen i PayPal \u00e4r korrekt.<\/li>\n<li>vi ger dig sp\u00e5rningsnumret efter att vi skickat varorna, i allm\u00e4nhet kommer du att f\u00e5 varorna inom fem dagar.<\/li>\n<li>Om du har n\u00e5gra fr\u00e5gor, v\u00e4nligen kontakta oss via e-post (v\u00e5r e-postadress \u00e4r <a href=\"mailto:support@bjultrasonic.com\">support@bjultrasonic.com<\/a>)<\/li>\n<\/ul>\n<h3 align=\"left\">Produktgaranti<\/h3>\n<p>Produktens garantiperiod \u00e4r ett \u00e5r. Inom garantitiden kan k\u00f6pta produkter f\u00e5 gratis reparation eller utbyte.<\/p>\n<h3>Videospellista: Ultraljudstransducer Driver<\/h3>\n<p><iframe loading=\"lazy\" width=\"560\" height=\"315\" src=\"https:\/\/www.youtube.com\/embed\/videoseries?list=PLLrjMYkO0_NG56zqmQN9W9F1Xf9eev6dc\" frameborder=\"0\" allow=\"autoplay; encrypted-media\" allowfullscreen><\/iframe><\/p>\n","protected":false},"excerpt":{"rendered":"<p>Ultrasonisk generator krets, \u00e4ven kallad <a href=\"https:\/\/www.bjultrasonic.com\/sv\/category\/ultrasonic-transducer-sv\/\">ultraljuds omvandlare<\/a> drivkrets eller <a href=\"https:\/\/www.bjultrasonic.com\/sv\/category\/ultrasonic-generator-sv\/ultrasonic-generator-circuits-sv\/\">ultraljuds reng\u00f6rare effekt drivkort<\/a>. Den tillhandah\u00e5ller en <a href=\"https:\/\/www.bjultrasonic.com\/sv\/category\/ultrasonic-generator-sv\/\">ultraljuds frekvens<\/a> f\u00f6r att driva de ultraljuds omvandlare inuti <a href=\"https:\/\/www.bjultrasonic.com\/sv\/category\/ultrasonic-cleaning-system-sv\/\">ultraljuds reng\u00f6rare<\/a>.<\/p>\n","protected":false},"featured_media":19274,"comment_status":"open","ping_status":"closed","template":"","meta":[],"product_brand":[],"product_cat":[6095],"product_tag":[],"class_list":{"0":"post-72024","1":"product","2":"type-product","3":"status-publish","4":"has-post-thumbnail","6":"product_cat-ultrasonic-generator-circuits-sv","8":"first","9":"instock","10":"shipping-taxable","11":"purchasable","12":"product-type-simple","13":"prodpage-classic"},"aioseo_notices":[],"_links":{"self":[{"href":"https:\/\/www.bjultrasonic.com\/sv\/wp-json\/wp\/v2\/product\/72024","targetHints":{"allow":["GET"]}}],"collection":[{"href":"https:\/\/www.bjultrasonic.com\/sv\/wp-json\/wp\/v2\/product"}],"about":[{"href":"https:\/\/www.bjultrasonic.com\/sv\/wp-json\/wp\/v2\/types\/product"}],"replies":[{"embeddable":true,"href":"https:\/\/www.bjultrasonic.com\/sv\/wp-json\/wp\/v2\/comments?post=72024"}],"wp:featuredmedia":[{"embeddable":true,"href":"https:\/\/www.bjultrasonic.com\/sv\/wp-json\/wp\/v2\/media\/19274"}],"wp:attachment":[{"href":"https:\/\/www.bjultrasonic.com\/sv\/wp-json\/wp\/v2\/media?parent=72024"}],"wp:term":[{"taxonomy":"product_brand","embeddable":true,"href":"https:\/\/www.bjultrasonic.com\/sv\/wp-json\/wp\/v2\/product_brand?post=72024"},{"taxonomy":"product_cat","embeddable":true,"href":"https:\/\/www.bjultrasonic.com\/sv\/wp-json\/wp\/v2\/product_cat?post=72024"},{"taxonomy":"product_tag","embeddable":true,"href":"https:\/\/www.bjultrasonic.com\/sv\/wp-json\/wp\/v2\/product_tag?post=72024"}],"curies":[{"name":"wp","href":"https:\/\/api.w.org\/{rel}","templated":true}]}}