{"id":72084,"date":"2012-03-27T04:16:31","date_gmt":"2012-03-27T09:16:31","guid":{"rendered":"https:\/\/www.bjultrasonic.com\/shop\/100w-110v-ultrasonic-pcb-generator\/"},"modified":"2026-03-28T19:55:48","modified_gmt":"2026-03-29T00:55:48","slug":"100w-110v-ultrasonic-pcb-generator","status":"publish","type":"product","link":"https:\/\/www.bjultrasonic.com\/sv\/shop\/100w-110v-ultrasonic-pcb-generator\/","title":{"rendered":"110V 100W Ultrasonic Generator Board"},"content":{"rendered":"<h2>Specifikation f\u00f6r 100W\/110V Ultrasonisk Generator PCB<\/h2>\n<table id=\"wp-table-reloaded-id-22-no-1\" class=\"table table-striped table-bordered\">\n<tbody>\n<tr>\n<td>Frekvens<\/td>\n<td>40 KHz, 25khz och 28khz<\/td>\n<\/tr>\n<tr>\n<td>Effekt<\/td>\n<td>100w<\/td>\n<\/tr>\n<tr>\n<td>Drivar omvandlare<\/td>\n<td>\n<ul>\n<li>En 50w omvandlare<\/li>\n<li>en 60w omvandlare<\/li>\n<li>en 100 omvandlare<\/li>\n<li>tv\u00e5 50w omvandlare<\/li>\n<\/ul>\n<\/td>\n<\/tr>\n<tr>\n<td>Str\u00f6mf\u00f6rs\u00f6rjning<\/td>\n<td>Ing\u00e5ng: 100V~120V AC<\/td>\n<\/tr>\n<tr>\n<td>Vikt<\/td>\n<td>300g\/st<\/td>\n<\/tr>\n<\/tbody>\n<\/table>\n<h3>Hur man kopplar Ultrasonisk Omvandlare till Ultrasonisk Generator Kretsschema<\/h3>\n<p><img loading=\"lazy\" decoding=\"async\" class=\"alignnone size-full wp-image-19267\" src=\"https:\/\/www.bjultrasonic.com\/wp-content\/uploads\/2012\/03\/How-to-Connect-Ultrasonic-Transducer-with-Ultrasonic-Generator-Circuit.jpg\" alt=\"\" width=\"700\" height=\"412\" \/><\/p>\n<ul>\n<li><a href=\"https:\/\/www.bjultrasonic.com\/sv\/category\/ultrasonic-generator-sv\/\">Den ultrasoniska generatorn<\/a> kan inte sl\u00e5s p\u00e5 under tomg\u00e5ngstillst\u00e5nd<\/li>\n<li>Efter installation f\u00e5r vi inte sl\u00e5 p\u00e5 den f\u00f6rr\u00e4n reng\u00f6ringsv\u00e4tska har tillsatts<\/li>\n<li><a href=\"https:\/\/www.bjultrasonic.com\/sv\/category\/ultrasonic-transducer-sv\/\">En ultrasonisk omvandlare<\/a> har tv\u00e5 \u00f6glor. Den positiva sitter i mitten av de tv\u00e5 keramikskivorna. Den negativa sitter n\u00e4ra den nedre metallkolonnen. Var v\u00e4nlig och g\u00f6r inga fel vid kablagning.<\/li>\n<li>Den st\u00f6rre sidan med skruvh\u00e5l p\u00e5 den keramiska omvandlaren, som har en vibrationsfunktion, kan f\u00e4stas i botten av reng\u00f6ringsmaskinen. Och se till att reng\u00f6ringsmaskinen \u00e4r s\u00e4kert jordad.<\/li>\n<li>Den keramiska omvandlaren b\u00f6r limmas fast i botten av reng\u00f6ringsmaskinen med omvandlarspecifik lim eller anv\u00e4nd AB-lim. Men effekten \u00e4r n\u00e5got s\u00e4mre, eller anv\u00e4nd epoxiharts i proportionen 10:4.<\/li>\n<li>Kretskortets arbetsvoltag \u00e4r 600V. Sp\u00e4nningen som matas ut till omvandlaren \u00e4r 1100 V. Se till att reng\u00f6ringsmaskinen \u00e4r s\u00e4kert jordad. Se till att ett jordfelsbrytare \u00e4r monterad p\u00e5 str\u00f6mf\u00f6rs\u00f6rjningen f\u00f6r att s\u00e4kerst\u00e4lla s\u00e4kerhet.<\/li>\n<\/ul>\n<h3>Betalning<\/h3>\n<p>Vi accepterar PayPal, T\/T &#038; Western Union nu.<\/p>\n<h3 class=\"shipping-methods\">Frakt<\/h3>\n<p>Varorna kommer att skeppas inom 48 timmar efter att full betalning har mottagits.<\/p>\n<ul>\n<li>Vi skickar varorna till adressen som anges i PayPal-betalningen. Var v\u00e4nlig och se till att adressen i PayPal \u00e4r korrekt.<\/li>\n<li>Vi kommer att ge dig sp\u00e5rningsnumret efter att vi har skickat varorna, i allm\u00e4nhet kommer du att ta emot varorna inom fem dagar.<\/li>\n<li>Om du har n\u00e5gra fr\u00e5gor, var v\u00e4nlig och kontakta oss via e-post (v\u00e5r e-postadress \u00e4r <a href=\"mailto:support@bjultrasonic.com\">support@bjultrasonic.com<\/a>)<\/li>\n<\/ul>\n<h3 align=\"left\">Produktgaranti<\/h3>\n<p>Produktgarantitiden \u00e4r ett \u00e5r. Inom garantitiden kan ink\u00f6pta produkter f\u00e5 gratis reparation eller utbyte.<\/p>\n<h3>Videospellista: Ultrasonisk Omvandlar Driver<\/h3>\n<p><iframe loading=\"lazy\" width=\"560\" height=\"315\" src=\"https:\/\/www.youtube.com\/embed\/videoseries?list=PLLrjMYkO0_NG56zqmQN9W9F1Xf9eev6dc\" frameborder=\"0\" allow=\"autoplay; encrypted-media\" allowfullscreen><\/iframe><\/p>\n","protected":false},"excerpt":{"rendered":"<p>Ultrasonic generator krets, \u00e4ven kallad <a href=\"https:\/\/www.bjultrasonic.com\/sv\/category\/ultrasonic-transducer-sv\/\">ultraljudstransducer<\/a> drivkrets eller <a href=\"https:\/\/www.bjultrasonic.com\/sv\/category\/ultrasonic-generator-sv\/ultrasonic-generator-circuits-sv\/\">ultraljudsreng\u00f6rare str\u00f6mdrivningskort<\/a>. Den tillhandah\u00e5ller en <a href=\"https:\/\/www.bjultrasonic.com\/sv\/category\/ultrasonic-generator-sv\/\">ultraljudsfrekvens<\/a> f\u00f6r att driva ultraljudstransducerarna inuti <a href=\"https:\/\/www.bjultrasonic.com\/sv\/category\/ultrasonic-cleaning-system-sv\/\">ultraljudsreng\u00f6rare<\/a>.<\/p>\n","protected":false},"featured_media":19258,"comment_status":"open","ping_status":"closed","template":"","meta":[],"product_brand":[],"product_cat":[6095],"product_tag":[],"class_list":{"0":"post-72084","1":"product","2":"type-product","3":"status-publish","4":"has-post-thumbnail","6":"product_cat-ultrasonic-generator-circuits-sv","8":"first","9":"instock","10":"shipping-taxable","11":"purchasable","12":"product-type-simple","13":"prodpage-classic"},"aioseo_notices":[],"_links":{"self":[{"href":"https:\/\/www.bjultrasonic.com\/sv\/wp-json\/wp\/v2\/product\/72084","targetHints":{"allow":["GET"]}}],"collection":[{"href":"https:\/\/www.bjultrasonic.com\/sv\/wp-json\/wp\/v2\/product"}],"about":[{"href":"https:\/\/www.bjultrasonic.com\/sv\/wp-json\/wp\/v2\/types\/product"}],"replies":[{"embeddable":true,"href":"https:\/\/www.bjultrasonic.com\/sv\/wp-json\/wp\/v2\/comments?post=72084"}],"wp:featuredmedia":[{"embeddable":true,"href":"https:\/\/www.bjultrasonic.com\/sv\/wp-json\/wp\/v2\/media\/19258"}],"wp:attachment":[{"href":"https:\/\/www.bjultrasonic.com\/sv\/wp-json\/wp\/v2\/media?parent=72084"}],"wp:term":[{"taxonomy":"product_brand","embeddable":true,"href":"https:\/\/www.bjultrasonic.com\/sv\/wp-json\/wp\/v2\/product_brand?post=72084"},{"taxonomy":"product_cat","embeddable":true,"href":"https:\/\/www.bjultrasonic.com\/sv\/wp-json\/wp\/v2\/product_cat?post=72084"},{"taxonomy":"product_tag","embeddable":true,"href":"https:\/\/www.bjultrasonic.com\/sv\/wp-json\/wp\/v2\/product_tag?post=72084"}],"curies":[{"name":"wp","href":"https:\/\/api.w.org\/{rel}","templated":true}]}}