{"id":72104,"date":"2012-03-27T04:15:13","date_gmt":"2012-03-27T09:15:13","guid":{"rendered":"https:\/\/www.bjultrasonic.com\/shop\/60w-110v-ultrasonic-pcb-generator\/"},"modified":"2026-03-28T19:55:47","modified_gmt":"2026-03-29T00:55:47","slug":"60w-110v-ultrasonic-pcb-generator","status":"publish","type":"product","link":"https:\/\/www.bjultrasonic.com\/sv\/shop\/60w-110v-ultrasonic-pcb-generator\/","title":{"rendered":"110V 60W Ultrasonisk Generator Kretsschema"},"content":{"rendered":"<h2>Specifikation f\u00f6r 60W\/110V ultraljudsgenerator PCB<\/h2>\n<table id=\"wp-table-reloaded-id-21-no-1\" class=\"table table-striped table-bordered\">\n<tbody>\n<tr>\n<td>Frekvens<\/td>\n<td>40 kHz, 25 kHz och 28 kHz.<\/td>\n<\/tr>\n<tr>\n<td>Effekt<\/td>\n<td>60 W<\/td>\n<\/tr>\n<tr>\n<td>Driver transducer<\/td>\n<td>En 50 W transducer eller en 60 W transducer<\/td>\n<\/tr>\n<tr>\n<td>Str\u00f6mf\u00f6rs\u00f6rjning<\/td>\n<td>Ing\u00e5ng: 100V~120V AC<\/td>\n<\/tr>\n<tr>\n<td>Vikt<\/td>\n<td>300 g\/st<\/td>\n<\/tr>\n<\/tbody>\n<\/table>\n<h3>Hur man ansluter ultraljudstransducer med ultraljudsgeneratorkrets<\/h3>\n<p><img loading=\"lazy\" decoding=\"async\" class=\"alignnone size-full wp-image-19267\" src=\"https:\/\/www.bjultrasonic.com\/wp-content\/uploads\/2012\/03\/How-to-Connect-Ultrasonic-Transducer-with-Ultrasonic-Generator-Circuit.jpg\" alt=\"\" width=\"700\" height=\"412\" \/><\/p>\n<ul>\n<li><a href=\"https:\/\/www.bjultrasonic.com\/sv\/category\/ultrasonic-generator-sv\/\">Ultraljudsgeneratorn<\/a> kan inte sl\u00e5s p\u00e5 under tomg\u00e5ngsf\u00f6rh\u00e5llanden<\/li>\n<li>Efter installation f\u00e5r vi inte sl\u00e5 p\u00e5 den f\u00f6rr\u00e4n reng\u00f6ringsv\u00e4tska har tillsatts<\/li>\n<li><a href=\"https:\/\/www.bjultrasonic.com\/sv\/category\/ultrasonic-transducer-sv\/\">Ultraljudstransducern<\/a> har tv\u00e5 \u00f6glor. Den positiva sitter i mitten av de tv\u00e5 keramikskivorna. Den negativa sitter n\u00e4ra den nedre metallpelaren. Var noga med att inte g\u00f6ra fel vid kablagning.<\/li>\n<li>Den st\u00f6rre sidan med skruvh\u00e5l p\u00e5 keramiktransducern, som har en vibrationsfunktion, kan f\u00e4stas i botten av reng\u00f6ringsmaskinen. Se till att reng\u00f6ringsmaskinen \u00e4r s\u00e4kert jordad.<\/li>\n<li>Keramiktransducern ska limmas fast i botten av reng\u00f6ringsmaskinen med speciallim f\u00f6r transducer eller med AB-lim. Effekten \u00e4r dock n\u00e5got s\u00e4mre, eller anv\u00e4nd epoxiharts i proportionen 10:4.<\/li>\n<li>Arbetssp\u00e4nningen f\u00f6r kretskortet \u00e4r 600V. Sp\u00e4nningen som matas ut till transducern \u00e4r 1100V. Se till att reng\u00f6ringsmaskinen \u00e4r s\u00e4kert jordad. Se till att ett jordfelsbrytare \u00e4r monterad p\u00e5 str\u00f6mf\u00f6rs\u00f6rjningen f\u00f6r att s\u00e4kerst\u00e4lla s\u00e4kerheten.<\/li>\n<\/ul>\n<h3>Betalning<\/h3>\n<p>Vi accepterar PayPal, T\/T &#038; Western Union.<\/p>\n<h3 class=\"shipping-methods\">Frakt<\/h3>\n<p>Varorna skickas inom 48 timmar efter att full betalning har mottagits.<\/p>\n<ul>\n<li>Vi skickar varorna till den adress som anges i PayPal-betalningen. Se till att adressen i PayPal \u00e4r korrekt.<\/li>\n<li>Vi ger dig sp\u00e5rningsnumret efter att vi har skickat varorna. I allm\u00e4nhet kommer du att f\u00e5 varorna inom fem dagar.<\/li>\n<li>Om du har n\u00e5gra fr\u00e5gor, v\u00e4nligen kontakta oss via e-post (v\u00e5r e-postadress \u00e4r <a href=\"mailto:support@bjultrasonic.com\">support@bjultrasonic.com<\/a>)<\/li>\n<\/ul>\n<h3 align=\"left\">Produktgaranti<\/h3>\n<p>Produktens garantiperiod \u00e4r ett \u00e5r. Inom garantitiden kan ink\u00f6pta produkter f\u00e5 gratis reparation eller utbyte.<\/p>\n<h3>Videospellista: Ultraljudstransducer Driver<\/h3>\n<p><iframe loading=\"lazy\" width=\"560\" height=\"315\" src=\"https:\/\/www.youtube.com\/embed\/videoseries?list=PLLrjMYkO0_NG56zqmQN9W9F1Xf9eev6dc\" frameborder=\"0\" allow=\"autoplay; encrypted-media\" allowfullscreen><\/iframe><\/p>\n","protected":false},"excerpt":{"rendered":"<p>Ultrasonisk generator krets, \u00e4ven kallad <a href=\"https:\/\/www.bjultrasonic.com\/sv\/category\/ultrasonic-transducer-sv\/\">ultraljudstransducer<\/a> drivkrets eller <a href=\"https:\/\/www.bjultrasonic.com\/sv\/category\/ultrasonic-generator-sv\/ultrasonic-generator-circuits-sv\/\">ultraljudsreng\u00f6rare str\u00f6mdrivarkretskort<\/a>. Den tillhandah\u00e5ller en <a href=\"https:\/\/www.bjultrasonic.com\/sv\/category\/ultrasonic-generator-sv\/\">ultraljudsfrekvens<\/a> f\u00f6r att driva ultraljudstransducerarna inuti <a href=\"https:\/\/www.bjultrasonic.com\/sv\/category\/ultrasonic-cleaning-system-sv\/\">ultraljudsreng\u00f6rare<\/a>.<\/p>\n","protected":false},"featured_media":19261,"comment_status":"open","ping_status":"closed","template":"","meta":[],"product_brand":[],"product_cat":[6095],"product_tag":[],"class_list":{"0":"post-72104","1":"product","2":"type-product","3":"status-publish","4":"has-post-thumbnail","6":"product_cat-ultrasonic-generator-circuits-sv","8":"first","9":"instock","10":"shipping-taxable","11":"purchasable","12":"product-type-simple","13":"prodpage-classic"},"aioseo_notices":[],"_links":{"self":[{"href":"https:\/\/www.bjultrasonic.com\/sv\/wp-json\/wp\/v2\/product\/72104","targetHints":{"allow":["GET"]}}],"collection":[{"href":"https:\/\/www.bjultrasonic.com\/sv\/wp-json\/wp\/v2\/product"}],"about":[{"href":"https:\/\/www.bjultrasonic.com\/sv\/wp-json\/wp\/v2\/types\/product"}],"replies":[{"embeddable":true,"href":"https:\/\/www.bjultrasonic.com\/sv\/wp-json\/wp\/v2\/comments?post=72104"}],"wp:featuredmedia":[{"embeddable":true,"href":"https:\/\/www.bjultrasonic.com\/sv\/wp-json\/wp\/v2\/media\/19261"}],"wp:attachment":[{"href":"https:\/\/www.bjultrasonic.com\/sv\/wp-json\/wp\/v2\/media?parent=72104"}],"wp:term":[{"taxonomy":"product_brand","embeddable":true,"href":"https:\/\/www.bjultrasonic.com\/sv\/wp-json\/wp\/v2\/product_brand?post=72104"},{"taxonomy":"product_cat","embeddable":true,"href":"https:\/\/www.bjultrasonic.com\/sv\/wp-json\/wp\/v2\/product_cat?post=72104"},{"taxonomy":"product_tag","embeddable":true,"href":"https:\/\/www.bjultrasonic.com\/sv\/wp-json\/wp\/v2\/product_tag?post=72104"}],"curies":[{"name":"wp","href":"https:\/\/api.w.org\/{rel}","templated":true}]}}