{"id":72164,"date":"2012-03-19T03:52:04","date_gmt":"2012-03-19T08:52:04","guid":{"rendered":"https:\/\/www.bjultrasonic.com\/shop\/25khz-100w-ultrasonic-cleaning-transducer\/"},"modified":"2026-03-28T19:55:17","modified_gmt":"2026-03-29T00:55:17","slug":"25khz-100w-ultrasonic-cleaning-transducer","status":"publish","type":"product","link":"https:\/\/www.bjultrasonic.com\/sv\/shop\/25khz-100w-ultrasonic-cleaning-transducer\/","title":{"rendered":"25KHz 100W piezoelektrisk ultraljudsreningstransducer (PZT-4)"},"content":{"rendered":"<p><iframe loading=\"lazy\" title=\"25KHz 100W Piezoelectric Ultrasonic Cleaning Transducer (PZT-4)\" width=\"500\" height=\"281\" src=\"https:\/\/www.youtube.com\/embed\/FdQZt5hUFFA?feature=oembed\" frameborder=\"0\" allow=\"accelerometer; autoplay; clipboard-write; encrypted-media; gyroscope; picture-in-picture; web-share\" referrerpolicy=\"strict-origin-when-cross-origin\" allowfullscreen><\/iframe><\/p>\n<h2>Specifikation f\u00f6r 25KHz 100W Ultraljudsreningsomvandlare<\/h2>\n<table id=\"wp-table-reloaded-id-3-no-1\" class=\"table table-striped table-bordered\">\n<tbody>\n<tr>\n<td>Typ<\/td>\n<td>BJC-25100T- 68HS PZT-4<\/td>\n<\/tr>\n<tr>\n<td>Frekvens<\/td>\n<td>25KHz \u00b1 1KHz<\/td>\n<\/tr>\n<tr>\n<td>Effekt<\/td>\n<td>100w<\/td>\n<\/tr>\n<tr>\n<td>Kapacitans<\/td>\n<td>6600pf (pzt4)<\/td>\n<\/tr>\n<tr>\n<td>Str\u00e5lningsyta<\/td>\n<td>68mm<\/td>\n<\/tr>\n<tr>\n<td>Resonansresistans<\/td>\n<td>10-20\u03a9<\/td>\n<\/tr>\n<tr>\n<td>L\u00e4ngd<\/td>\n<td>77mm<\/td>\n<\/tr>\n<tr>\n<td>Str\u00f6mf\u00f6rs\u00f6rjning<\/td>\n<td>Ing\u00e5ng: 100V~130V eller 220V~240V AC<\/td>\n<\/tr>\n<tr>\n<td>Vikt<\/td>\n<td>720g\/st<\/td>\n<\/tr>\n<\/tbody>\n<\/table>\n<p><strong><a href=\"https:\/\/drive.google.com\/file\/d\/1pXEpP5HbetTukpQtZKV4hyTdlMm0aYkt\/view\" target=\"_blank\" rel=\"noopener\">Ladda ner<\/a> Specifikation och offert f\u00f6r alla ultraljudsreningsomvandlare.<\/strong><\/p>\n<h3>Namngivningsmetoder f\u00f6r Ultraljudsreningsomvandlare<\/h3>\n<p><a href=\"https:\/\/www.bjultrasonic.com\/wp-content\/uploads\/2012\/10\/Naming-Methods-of-Ultrasonic-Cleaning-Transducer.jpg\" data-lightbox=\"image\"><img loading=\"lazy\" decoding=\"async\" title=\"Namngivningsmetoder f\u00f6r Ultraljudsreningsomvandlare\" src=\"\/\/www.bjultrasonic.com\/wp-content\/uploads\/2012\/10\/Naming-Methods-of-Ultrasonic-Cleaning-Transducer.jpg\" alt=\"Namngivningsmetoder f\u00f6r Ultraljudsreningsomvandlare\" width=\"442\" height=\"399\" \/><\/a><\/p>\n<h3>Struktur f\u00f6r Ultraljudsreningsomvandlare<\/h3>\n<p><a href=\"https:\/\/www.bjultrasonic.com\/wp-content\/uploads\/2012\/03\/2012319111.jpg\" data-lightbox=\"image\"><img loading=\"lazy\" decoding=\"async\" class=\"alignnone\" title=\"Struktur f\u00f6r Ultraljudsreningsomvandlare\" src=\"\/\/www.bjultrasonic.com\/wp-content\/uploads\/2012\/10\/Ultrasonic-Cleaning-Transducer-Structure.jpg\" alt=\"Struktur f\u00f6r Ultraljudsreningsomvandlare\" width=\"546\" height=\"203\" \/><\/a><\/p>\n<h3>Huvudegenskaper<\/h3>\n<ul>\n<li>H\u00f6g effektivitet: h\u00f6g mekanisk parameter Q, omvandlingseffektiviteten mellan elektricitet och ljud \u00f6ver 95%.<\/li>\n<li>H\u00f6g amplitud: omvandlarens styrka f\u00f6rb\u00e4ttras genom att f\u00e4sta den h\u00f6ghastighetsvibratorn direkt p\u00e5 tv\u00e4ttgroparnas bas med bult. J\u00e4mf\u00f6rt med en magnetisk expansionsvibrator kan dess amplitud f\u00f6rb\u00e4ttras med \u00f6ver 50%.<\/li>\n<li>Bra v\u00e4rmebest\u00e4ndighet: ett stort arbetsomr\u00e5de f\u00f6r temperatur, l\u00e5g resonansimpedans och l\u00e5g v\u00e4rmeproduktion.<\/li>\n<li>Bra konstruktion: f\u00e4st med bult, l\u00e4tt att montera, h\u00f6g tillf\u00f6rlitlighet.<\/li>\n<\/ul>\n<h3>H\u00f6geffekts Ultraljudsomvandlare<\/h3>\n<p><iframe loading=\"lazy\" title=\"High Power Piezoelectric Ultrasonic Transducer - Beijing Ultrasonic\" width=\"500\" height=\"281\" src=\"https:\/\/www.youtube.com\/embed\/TBLGTvZgOw4?feature=oembed\" frameborder=\"0\" allow=\"accelerometer; autoplay; clipboard-write; encrypted-media; gyroscope; picture-in-picture; web-share\" referrerpolicy=\"strict-origin-when-cross-origin\" allowfullscreen><\/iframe><\/p>\n<h3>Betalning<\/h3>\n<p>Vi accepterar PayPal, T\/T &#038; Western Union nu.<\/p>\n<h3 class=\"shipping-methods\">Frakt<\/h3>\n<p>Varorna kommer att skeppas inom 48 timmar efter att full betalning har mottagits.<\/p>\n<ul>\n<li>Vi skickar varorna till adressen som anges i PayPal-betalningen. Se till att adressen i PayPal \u00e4r korrekt.<\/li>\n<li>Vi ger dig sp\u00e5rningsnumret efter att vi skickat ut varorna, i allm\u00e4nhet kommer du att f\u00e5 varorna inom fem dagar.<\/li>\n<li>Om du har n\u00e5gra fr\u00e5gor, v\u00e4nligen kontakta oss via e-post (v\u00e5r e-postadress \u00e4r <a href=\"mailto:support@bjultrasonic.com\">support@bjultrasonic.com<\/a>)<\/li>\n<\/ul>\n<h3 align=\"left\">Produktgaranti<\/h3>\n<p>Produktgarantiperioden \u00e4r ett \u00e5r. Inom garantitiden kan k\u00f6pta produkter f\u00e5 gratis reparation eller byte.<\/p>\n","protected":false},"excerpt":{"rendered":"<p><a href=\"https:\/\/www.bjultrasonic.com\/sv\/category\/ultrasonic-transducer-sv\/\">Piezoelektrisk transducer<\/a> f\u00f6r ultraljudsreng\u00f6ring \u00e4r en viktig del av en <a href=\"https:\/\/www.bjultrasonic.com\/sv\/category\/ultrasonic-cleaning-system-sv\/\">ultraljudsreng\u00f6ringsapparat<\/a>, den ultraljudstransducern omvandlar elektrisk energi fr\u00e5n en <a href=\"https:\/\/www.bjultrasonic.com\/sv\/category\/ultrasonic-generator-sv\/\">ultraljudsgenerator<\/a> till <a href=\"https:\/\/www.bjultrasonic.com\/sv\/uses-of-ultrasonic-waves\/\">ultraljudsv\u00e5gor<\/a>.<\/p>\n","protected":false},"featured_media":19379,"comment_status":"open","ping_status":"closed","template":"","meta":[],"product_brand":[],"product_cat":[6314],"product_tag":[],"class_list":{"0":"post-72164","1":"product","2":"type-product","3":"status-publish","4":"has-post-thumbnail","6":"product_cat-ultrasonic-transducer-sv","8":"first","9":"instock","10":"shipping-taxable","11":"purchasable","12":"product-type-simple","13":"prodpage-classic"},"aioseo_notices":[],"_links":{"self":[{"href":"https:\/\/www.bjultrasonic.com\/sv\/wp-json\/wp\/v2\/product\/72164","targetHints":{"allow":["GET"]}}],"collection":[{"href":"https:\/\/www.bjultrasonic.com\/sv\/wp-json\/wp\/v2\/product"}],"about":[{"href":"https:\/\/www.bjultrasonic.com\/sv\/wp-json\/wp\/v2\/types\/product"}],"replies":[{"embeddable":true,"href":"https:\/\/www.bjultrasonic.com\/sv\/wp-json\/wp\/v2\/comments?post=72164"}],"wp:featuredmedia":[{"embeddable":true,"href":"https:\/\/www.bjultrasonic.com\/sv\/wp-json\/wp\/v2\/media\/19379"}],"wp:attachment":[{"href":"https:\/\/www.bjultrasonic.com\/sv\/wp-json\/wp\/v2\/media?parent=72164"}],"wp:term":[{"taxonomy":"product_brand","embeddable":true,"href":"https:\/\/www.bjultrasonic.com\/sv\/wp-json\/wp\/v2\/product_brand?post=72164"},{"taxonomy":"product_cat","embeddable":true,"href":"https:\/\/www.bjultrasonic.com\/sv\/wp-json\/wp\/v2\/product_cat?post=72164"},{"taxonomy":"product_tag","embeddable":true,"href":"https:\/\/www.bjultrasonic.com\/sv\/wp-json\/wp\/v2\/product_tag?post=72164"}],"curies":[{"name":"wp","href":"https:\/\/api.w.org\/{rel}","templated":true}]}}