{"id":72564,"date":"2018-08-16T06:02:44","date_gmt":"2018-08-16T11:02:44","guid":{"rendered":"https:\/\/www.bjultrasonic.com\/shop\/ultrasonic-atomizing-transducer-bja-5500\/"},"modified":"2026-03-28T19:51:40","modified_gmt":"2026-03-29T00:51:40","slug":"ultrasonic-atomizing-transducer-bja-5500","status":"publish","type":"product","link":"https:\/\/www.bjultrasonic.com\/sv\/shop\/ultrasonic-atomizing-transducer-bja-5500\/","title":{"rendered":"5500ML Ultraljudsdimma Ultraljudskylldimfuktare"},"content":{"rendered":"<table class=\"table table-striped table-bordered\">\n<tbody>\n<tr>\n<td width=\"284\">Typ<\/td>\n<td width=\"284\">BJA5500<\/td>\n<\/tr>\n<tr>\n<td width=\"284\">F\u00f6r\u00e5ngningskapacitet<\/td>\n<td width=\"284\">&gt;5500ML<\/td>\n<\/tr>\n<tr>\n<td width=\"284\">Storlek<\/td>\n<td width=\"284\">252*92*70mm (l\u00e4ngd*bredd*h\u00f6jd)<\/td>\n<\/tr>\n<tr>\n<td width=\"284\">Arbetsfrekvens<\/td>\n<td width=\"284\">1700\u00b150(KHZ)<\/td>\n<\/tr>\n<tr>\n<td width=\"284\">Diameter p\u00e5 piezokeramik<\/td>\n<td width=\"284\">20mm<\/td>\n<\/tr>\n<tr>\n<td width=\"284\">Arbetstemperatur<\/td>\n<td width=\"284\">5\uff5e45\u2103<\/td>\n<\/tr>\n<tr>\n<td width=\"284\">\u00d6verhettningsskydd<\/td>\n<td width=\"284\">50\u2103<\/td>\n<\/tr>\n<tr>\n<td width=\"284\">Vattenniv\u00e5<\/td>\n<td width=\"284\">40mm-80mm<\/td>\n<\/tr>\n<tr>\n<td width=\"284\">Arbetssp\u00e4nning<\/td>\n<td width=\"284\">48V DC<\/td>\n<\/tr>\n<tr>\n<td width=\"284\">Effekt:<\/td>\n<td width=\"284\">350W<\/td>\n<\/tr>\n<tr>\n<td width=\"284\">Str\u00f6m<\/td>\n<td width=\"284\">5A<\/td>\n<\/tr>\n<tr>\n<td width=\"284\">Material<\/td>\n<td width=\"284\">Koppar och rostfritt st\u00e5l<\/td>\n<\/tr>\n<tr>\n<td width=\"284\">Kabel<\/td>\n<td width=\"284\">L\u00e4ngd 2m eller \u00f6nskad l\u00e4ngd<\/td>\n<\/tr>\n<tr>\n<td width=\"284\">Sp\u00e4nning<\/td>\n<td width=\"284\">220v\/50hz 230v\/50hz<\/p>\n<p>120v\/60hz 110v\/60hz<\/td>\n<\/tr>\n<\/tbody>\n<\/table>\n<h3>Huvudfunktioner<\/h3>\n<ul>\n<li>Sprutmunstycket p\u00e5 f\u00f6r\u00e5ngaren \u00e4r t\u00e4tt och har bra v\u00e4rmeavledning<\/li>\n<li>Kretsen har stabil str\u00f6m och tryck, \u00f6vertemperaturskydd, vattenbristskydd, bullerreducering,<\/li>\n<li>Produkten \u00e4r tyst, ger h\u00f6g luftfuktighet och h\u00f6g prestanda.<\/li>\n<li>Helst\u00e4ngd design med h\u00f6g vattent\u00e5lighet och dammt\u00e5lighet, mycket bekv\u00e4m att kontrollera innan fuktkareproduktion.<\/li>\n<li>Inbyggd temperaturskyddsbrytare f\u00f6r s\u00e4ker och p\u00e5litlig drift. Robust konstruktion och enkel installation.<\/li>\n<li>Avkalkningsdesign, anv\u00e4ndare kan enkelt byta ut den f\u00f6r\u00e5ngande piezokeramiken,<\/li>\n<li>H\u00f6lje i helt rostfritt st\u00e5l, nickelkadmiumpl\u00e4terad, bra v\u00e4rmeavledning.<\/li>\n<li>Inbyggt vattenbristskydd.<\/li>\n<li>L\u00e4mplig f\u00f6r industriell fuktning, jordbruk, landskapsdimma med mera.<\/li>\n<\/ul>\n<h3>Video<\/h3>\n<p><iframe loading=\"lazy\" title=\"Ultrasonic Humidifier\" width=\"500\" height=\"281\" src=\"https:\/\/www.youtube.com\/embed\/videoseries?list=PLLrjMYkO0_NEpofnqW3MnsGQ-KMwpBJul\" frameborder=\"0\" allow=\"accelerometer; autoplay; clipboard-write; encrypted-media; gyroscope; picture-in-picture; web-share\" referrerpolicy=\"strict-origin-when-cross-origin\" allowfullscreen><\/iframe><\/p>\n<h3>Vanliga fr\u00e5gor<\/h3>\n<p><strong>1. Kan vi justera f\u00f6r\u00e5ngningsm\u00e4ngden?<\/strong><\/p>\n<p>Nej, den kan bara \u00e4ndras via vattenniv\u00e5n.<\/p>\n<p><strong>2. Kan vi st\u00e4nga av LED (om den har)?<\/strong><\/p>\n<p>Nej. Det \u00e4r b\u00e4ttre att v\u00e4lja ultraljudsf\u00f6r\u00e5ngare utan LED inomhus.<\/p>\n<p><strong>3. Ger den ljud ifr\u00e5n sig?<\/strong><\/p>\n<p>Nej. De flesta <a href=\"https:\/\/www.bjultrasonic.com\/sv\/category\/ultrasonic-atomizer-sv\/\">ultraljudsfuktare<\/a> tenderar att vara tystare \u00e4n andra modeller. Det beror p\u00e5 att de inte har en fl\u00e4kt, vilket f\u00f6r\u00e5ngningsfuktare vanligtvis har. Det h\u00e5ller ner ljudniv\u00e5n.<\/p>\n<p><strong>4. L\u00e4cker den elektricitet?<\/strong><\/p>\n<p>Principen f\u00f6r ultraljudsf\u00f6r\u00e5ngare \u00e4r att ultraljudsvibration skapar dimma. R\u00f6r inte f\u00f6r\u00e5ngaren med handen n\u00e4r den \u00e4r ig\u00e5ng, du kan k\u00e4nna en stickande k\u00e4nsla, men det \u00e4r inte elektricitet.<\/p>\n<h3>Allm\u00e4nna \u00f6verv\u00e4ganden<\/h3>\n<ol>\n<li>V\u00e4nd inte f\u00f6r\u00e5ngaren upp och ner efter att str\u00f6mmen har slagits p\u00e5, detta kan skada f\u00f6r\u00e5ngaren.<\/li>\n<li>Anv\u00e4nd den inte under l\u00e5ng tid eller mer \u00e4n 10 timmar.<\/li>\n<li>R\u00f6r inte vid f\u00f6r\u00e5ngningsplattan n\u00e4r f\u00f6r\u00e5ngaren \u00e4r ig\u00e5ng.<\/li>\n<li>S\u00e4kerst\u00e4ll vattenkvalitet. Anv\u00e4nd rent kranvatten. (F\u00f6rs\u00e4mrad vattenkvalitet p\u00e5verkar livsl\u00e4ngden)<\/li>\n<li>Koppla ur str\u00f6mmen innan du flyttar eller reparerar.<\/li>\n<li>F\u00f6r\u00e5ngad <a href=\"https:\/\/www.bjultrasonic.com\/sv\/category\/piezoelectric-ceramic-sv\/\">piezokeramik<\/a> tillh\u00f6r f\u00f6rbrukningsmaterial med en livsl\u00e4ngd p\u00e5 mer \u00e4n 3600 timmar. Om f\u00f6r\u00e5ngarens dimkapacitet minskar markant, reng\u00f6r den f\u00f6r\u00e5ngade piezokeramiken (utan reng\u00f6ringsmedel) med bomullspinne f\u00f6r att h\u00e5lla den ren. Om f\u00f6r\u00e5ngningsm\u00e4ngden fortfarande \u00e4r liten efter reng\u00f6ring, byt ut f\u00f6r\u00e5ngningspiezokeramiken. (rekommenderas att k\u00f6pa f\u00f6r\u00e5ngad piezokeramik samtidigt)<\/li>\n<\/ol>\n<p><img loading=\"lazy\" decoding=\"async\" src=\"https:\/\/www.bjultrasonic.com\/wp-content\/uploads\/2018\/08\/Ultrasonic-Humidifier-without-LED.jpg\" alt=\"Ultrasonic-Humidifier-without-LED\" width=\"670\" height=\"925\" \/><\/p>\n","protected":false},"excerpt":{"rendered":"<p><a href=\"https:\/\/www.bjultrasonic.com\/sv\/category\/ultrasonic-atomizer-sv\/\">Ultrasonic humidifier<\/a> anv\u00e4nder ultraljudsenergi f\u00f6r att omvandla v\u00e4tskor till molnliknande partiklar. Ultrasonic humidifier kallas ocks\u00e5 <a href=\"https:\/\/www.bjultrasonic.com\/sv\/shop\/ultrasonic-atomizing-transducer\/\">ultrasonic atomizer<\/a>,  ultrasonic mist maker, ultrasonic fogger.<\/p>\n","protected":false},"featured_media":19551,"comment_status":"open","ping_status":"closed","template":"","meta":[],"product_brand":[],"product_cat":[6211],"product_tag":[],"class_list":{"0":"post-72564","1":"product","2":"type-product","3":"status-publish","4":"has-post-thumbnail","6":"product_cat-ultrasonic-atomizer-sv","8":"first","9":"instock","10":"shipping-taxable","11":"purchasable","12":"product-type-simple","13":"prodpage-classic"},"aioseo_notices":[],"_links":{"self":[{"href":"https:\/\/www.bjultrasonic.com\/sv\/wp-json\/wp\/v2\/product\/72564","targetHints":{"allow":["GET"]}}],"collection":[{"href":"https:\/\/www.bjultrasonic.com\/sv\/wp-json\/wp\/v2\/product"}],"about":[{"href":"https:\/\/www.bjultrasonic.com\/sv\/wp-json\/wp\/v2\/types\/product"}],"replies":[{"embeddable":true,"href":"https:\/\/www.bjultrasonic.com\/sv\/wp-json\/wp\/v2\/comments?post=72564"}],"wp:featuredmedia":[{"embeddable":true,"href":"https:\/\/www.bjultrasonic.com\/sv\/wp-json\/wp\/v2\/media\/19551"}],"wp:attachment":[{"href":"https:\/\/www.bjultrasonic.com\/sv\/wp-json\/wp\/v2\/media?parent=72564"}],"wp:term":[{"taxonomy":"product_brand","embeddable":true,"href":"https:\/\/www.bjultrasonic.com\/sv\/wp-json\/wp\/v2\/product_brand?post=72564"},{"taxonomy":"product_cat","embeddable":true,"href":"https:\/\/www.bjultrasonic.com\/sv\/wp-json\/wp\/v2\/product_cat?post=72564"},{"taxonomy":"product_tag","embeddable":true,"href":"https:\/\/www.bjultrasonic.com\/sv\/wp-json\/wp\/v2\/product_tag?post=72564"}],"curies":[{"name":"wp","href":"https:\/\/api.w.org\/{rel}","templated":true}]}}