{"id":72651,"date":"2013-05-20T11:24:37","date_gmt":"2013-05-20T03:24:37","guid":{"rendered":"https:\/\/www.bjultrasonic.com\/piezoceramics-faqs\/"},"modified":"2026-03-12T09:32:59","modified_gmt":"2026-03-12T14:32:59","slug":"piezoceramics-faqs","status":"publish","type":"page","link":"https:\/\/www.bjultrasonic.com\/tr\/piezoceramics-faqs\/","title":{"rendered":"Piezoseramik SSS"},"content":{"rendered":"<p><a href=\"https:\/\/www.bjultrasonic.com\/tr\/category\/piezoelectric-ceramic-tr\/\">Piezoseramikler<\/a>, ayn\u0131 zamanda piezoelektrik seramikler olarak da bilinir, piezoelektrik etki sergileyen bir i\u015flevsel malzeme s\u0131n\u0131f\u0131d\u0131r. Bu, mekanik gerilime maruz kald\u0131klar\u0131nda elektrik y\u00fck\u00fc olu\u015fturabildikleri (do\u011frudan piezoelektrik etki) ve tersine, \u00fczerlerine bir elektrik alan\u0131 uyguland\u0131\u011f\u0131nda deforme olabildikleri (ters piezoelektrik etki) anlam\u0131na gelir. Bu benzersiz \u00f6zellikler, sens\u00f6rler ve akt\u00fcat\u00f6rlerden transd\u00fcserler ve enerji hasat cihazlar\u0131na kadar \u00e7e\u015fitli uygulamalarda yayg\u0131n kullan\u0131mlar\u0131na yol a\u00e7m\u0131\u015ft\u0131r. Piezoseramikleri anlamak, bu alanlarda \u00e7al\u0131\u015fan herkes i\u00e7in \u00e7ok \u00f6nemlidir. Bu makale, piezoseramikler hakk\u0131nda en s\u0131k sorulan baz\u0131 sorular\u0131 yan\u0131tlamay\u0131 ama\u00e7lamaktad\u0131r.<\/p>\n<h3>1. Piezoseramikler tam olarak nedir?<\/h3>\n<p>Piezoseramikler, piezoelektrik etki sergilemelerini sa\u011flayan belirli bir kristal yap\u0131ya sahip polikristal seramik malzemelerdir. Pahal\u0131 ve \u00fcretimi zor olabilen tek kristallerin aksine, piezoseramikler \u00e7e\u015fitli \u015fekil ve boyutlarda \u00fcretilebilir, bu da onlar\u0131 end\u00fcstriyel uygulamalar i\u00e7in daha \u00e7ok y\u00f6nl\u00fc hale getirir. En yayg\u0131n piezoseramikler kur\u015fun zirkonat titanat (PZT) bazl\u0131 olsa da, \u00e7evresel kayg\u0131lar nedeniyle kur\u015funsuz alternatifler giderek daha fazla geli\u015ftirilmektedir. Bu malzemeler, mekanik enerjiyi elektrik enerjisine d\u00f6n\u00fc\u015ft\u00fcrme ve bunun tersini yapma yetene\u011fine sahiptir, bu da onlar\u0131 \u00e7e\u015fitli modern teknolojilerde hayati bir bile\u015fen haline getirir.<\/p>\n<h3>2. Piezoseramikler nas\u0131l \u00e7al\u0131\u015f\u0131r?<\/h3>\n<p>Piezoseramiklerin i\u015flevselli\u011fi, tipik olarak perovskit olan benzersiz kristal yap\u0131lar\u0131ndan kaynaklan\u0131r. Do\u011fal hallerinde, bu kristaller rastgele y\u00f6nlendirilmi\u015f elektrik dipollerine sahiptir, bu nedenle herhangi bir \u00f6nemli piezoelektrik etki g\u00f6stermezler. Bununla birlikte, &#8216;kutupland\u0131rma&#8217; ad\u0131 verilen bir i\u015flem s\u0131ras\u0131nda, malzeme y\u00fcksek bir s\u0131cakl\u0131kta g\u00fc\u00e7l\u00fc bir elektrik alan\u0131na maruz b\u0131rak\u0131l\u0131r ve bu dipollerin hizalanmas\u0131na neden olur. So\u011futulduktan sonra bu hizalama korunur. Kutuplanm\u0131\u015f bir piezoserami\u011fe mekanik gerilim uyguland\u0131\u011f\u0131nda, kristal yap\u0131 deforme olur, dipollerin hizas\u0131n\u0131 de\u011fi\u015ftirir ve bir elektrik y\u00fck\u00fcn\u00fcn olu\u015fmas\u0131na neden olur. Tersine, bir elektrik alan\u0131 uyguland\u0131\u011f\u0131nda, dipoller \u00fczerinde kuvvet uygular, onlar\u0131n hareket etmesine ve serami\u011fin fiziksel olarak deforme olmas\u0131na neden olur.<\/p>\n<p><a href=\"https:\/\/www.bjultrasonic.com\/tr\/category\/piezoelectric-ceramic-tr\/\"><img loading=\"lazy\" decoding=\"async\" class=\"alignnone size-full wp-image-23778\" src=\"https:\/\/www.bjultrasonic.com\/wp-content\/uploads\/2012\/04\/32115-Piezoceramic-Ring.jpg\" alt=\"32*11*5 Piezoceramic Ring\" width=\"700\" height=\"700\" srcset=\"https:\/\/www.bjultrasonic.com\/wp-content\/uploads\/2012\/04\/32115-Piezoceramic-Ring.jpg 700w, https:\/\/www.bjultrasonic.com\/wp-content\/uploads\/2012\/04\/32115-Piezoceramic-Ring-600x600.jpg 600w, https:\/\/www.bjultrasonic.com\/wp-content\/uploads\/2012\/04\/32115-Piezoceramic-Ring-100x100.jpg 100w\" sizes=\"auto, (max-width: 700px) 100vw, 700px\" \/><\/a><\/p>\n<h3>3. Piezoseramiklerin temel \u00f6zellikleri nelerdir?<\/h3>\n<p>Piezoseramiklerin performans\u0131n\u0131 karakterize eden birka\u00e7 temel \u00f6zellik vard\u0131r. Bu \u00f6zellikleri anlamak, belirli bir uygulama i\u00e7in uygun malzemeyi se\u00e7mek i\u00e7in \u00e7ok \u00f6nemlidir. Ana \u00f6zelliklerden baz\u0131lar\u0131 \u015funlard\u0131r:<\/p>\n<table class=\"table table-striped table-bordered\">\n<thead>\n<tr>\n<th align=\"left\">\u00d6zellik<\/th>\n<th align=\"left\">A\u00e7\u0131klama<\/th>\n<\/tr>\n<\/thead>\n<tbody>\n<tr>\n<td align=\"left\">Piezoelektrik Katsay\u0131<\/td>\n<td align=\"left\">Birim gerilim ba\u015f\u0131na \u00fcretilen elektrik y\u00fck\u00fc miktar\u0131 (d sabiti) veya birim elektrik alan ba\u015f\u0131na \u00fcretilen gerinim miktar\u0131 (g sabiti). Daha y\u00fcksek de\u011ferler daha iyi performans anlam\u0131na gelir.<\/td>\n<\/tr>\n<tr>\n<td align=\"left\">Dielektrik Sabit<\/td>\n<td align=\"left\">Malzemenin elektrik enerjisini depolama yetene\u011fini g\u00f6sterir. Y\u00fcksek dielektrik sabit genellikle tercih edilir.<\/td>\n<\/tr>\n<tr>\n<td align=\"left\">Curie S\u0131cakl\u0131\u011f\u0131<\/td>\n<td align=\"left\">Malzemenin piezoelektrik \u00f6zelliklerini kaybetti\u011fi s\u0131cakl\u0131k. Uygulama s\u0131cakl\u0131klar\u0131 bu de\u011ferin olduk\u00e7a alt\u0131nda olmal\u0131d\u0131r.<\/td>\n<\/tr>\n<tr>\n<td align=\"left\">Mekanik Kalite Fakt\u00f6r\u00fc<\/td>\n<td align=\"left\">Malzemenin enerjiyi d\u00f6n\u00fc\u015ft\u00fcrmedeki verimlili\u011fini tan\u0131mlar, daha y\u00fcksek Q, titre\u015fim s\u0131ras\u0131nda daha d\u00fc\u015f\u00fck enerji kayb\u0131n\u0131 g\u00f6sterir.<\/td>\n<\/tr>\n<tr>\n<td align=\"left\">Ba\u011flant\u0131 Fakt\u00f6r\u00fc<\/td>\n<td align=\"left\">Elektromekanik enerji d\u00f6n\u00fc\u015f\u00fcm\u00fcn\u00fcn verimlili\u011fini temsil eder. Daha y\u00fcksek de\u011ferler daha iyi d\u00f6n\u00fc\u015f\u00fcm verimlili\u011fini g\u00f6sterir.<\/td>\n<\/tr>\n<\/tbody>\n<\/table>\n<h3>4. Piezoseramiklerin yayg\u0131n uygulamalar\u0131 nelerdir?<\/h3>\n<p>Piezoseramikler, mekanik ve elektrik enerjisini d\u00f6n\u00fc\u015ft\u00fcrme yetenekleri nedeniyle \u00e7ok \u00e7e\u015fitli uygulamalarda yer bulmu\u015ftur. Baz\u0131 \u00f6nemli kullan\u0131mlar\u0131 \u015funlard\u0131r:<\/p>\n<ul>\n<li><strong>Sens\u00f6rler:<\/strong> T\u0131bbi ekipmanlar, otomotiv sens\u00f6rleri ve yap\u0131sal sa\u011fl\u0131k izleme gibi \u00e7e\u015fitli uygulamalarda bas\u0131n\u00e7, kuvvet, ivme ve titre\u015fim tespiti.<\/li>\n<li><strong>Akt\u00fcat\u00f6rler:<\/strong> M\u00fcrekkep p\u00fcsk\u00fcrtmeli yaz\u0131c\u0131lar, yak\u0131t enjekt\u00f6rleri ve mikro robotik gibi uygulamalarda hareketi, konumland\u0131rmay\u0131 ve yer de\u011fi\u015ftirmeyi hassas bir \u015fekilde kontrol etme.<\/li>\n<li><strong>Transd\u00fcserler:<\/strong> Ultrasonik temizleme, kaynak ve tahribats\u0131z test i\u00e7in elektrik sinyallerini mekanik titre\u015fimlere d\u00f6n\u00fc\u015ft\u00fcrme. \u00d6rne\u011fin, Beijing Ultrasonic, <a href=\"https:\/\/www.bjultrasonic.com\/tr\/category\/ultrasonic-transducer-tr\/\">transd\u00fcserleri<\/a> i\u00e7in y\u00fcksek kaliteli PZT kullanarak, <a href=\"https:\/\/www.bjultrasonic.com\/tr\/category\/ultrasonic-cleaning-system-tr\/\">ultrasonik temizleme ekipmanlar\u0131nda<\/a> optimum performans\u0131 sa\u011flar.<\/li>\n<li><strong>Enerji Hasad\u0131:<\/strong> K\u00fc\u00e7\u00fck cihazlara g\u00fc\u00e7 sa\u011flamak i\u00e7in mekanik enerjiyi (titre\u015fimler veya insan hareketi gibi) elektrik enerjisine d\u00f6n\u00fc\u015ft\u00fcrme.<\/li>\n<li><strong>T\u0131bbi G\u00f6r\u00fcnt\u00fcleme:<\/strong> \u0130\u00e7 organ ve dokular\u0131n g\u00f6r\u00fcnt\u00fclerini olu\u015fturmak i\u00e7in ultrason problar\u0131nda kullan\u0131l\u0131r.<\/li>\n<li><strong>Ses Cihazlar\u0131:<\/strong> Hoparl\u00f6rler, mikrofonlar ve zil sesi cihazlar\u0131nda kullan\u0131l\u0131r.<\/li>\n<\/ul>\n<h3>5. Piezoseramik kullanman\u0131n avantajlar\u0131 nelerdir?<\/h3>\n<p>Piezoseramiklerin yayg\u0131n olarak benimsenmesi, say\u0131s\u0131z avantajlar\u0131n\u0131n bir sonucudur:<\/p>\n<ul>\n<li><strong>Y\u00fcksek hassasiyet:<\/strong> Mekanik stres veya elektrik alan\u0131ndaki k\u00fc\u00e7\u00fck de\u011fi\u015fikliklere bile olduk\u00e7a duyarl\u0131d\u0131rlar.<\/li>\n<li><strong>H\u0131zl\u0131 tepki s\u00fcresi:<\/strong> Uygulanan streslere veya elektrik alanlar\u0131na h\u0131zla tepki verebilirler.<\/li>\n<li><strong>Y\u00fcksek mekanik dayan\u0131m ve sertlik:<\/strong> \u00d6nemli miktarda mekanik strese dayanabilirler.<\/li>\n<li><strong>Geni\u015f \u00e7al\u0131\u015fma s\u0131cakl\u0131\u011f\u0131 aral\u0131\u011f\u0131:<\/strong> Baz\u0131 form\u00fclasyonlar a\u015f\u0131r\u0131 s\u0131cakl\u0131klarda \u00e7al\u0131\u015fmak \u00fczere tasarlanm\u0131\u015ft\u0131r.<\/li>\n<li><strong>\u00c7e\u015fitli \u015fekil ve boyutlar:<\/strong> Farkl\u0131 uygulamalar i\u00e7in \u00e7e\u015fitli formlarda \u00fcretilebilirler.<\/li>\n<li><strong>\u00d6l\u00e7eklenebilirlik:<\/strong> Seri \u00fcretimi kolayd\u0131r, bu da onlar\u0131 geni\u015f \u00f6l\u00e7ekli kullan\u0131m i\u00e7in uygun maliyetli k\u0131lar.<\/li>\n<\/ul>\n<h3>6. Piesoseramik kullanman\u0131n dezavantajlar\u0131 nelerdir?<\/h3>\n<p>Avantajlar\u0131na ra\u011fmen, piesoseramiklerin baz\u0131 dezavantajlar\u0131 da vard\u0131r:<\/p>\n<ul>\n<li><strong>K\u0131r\u0131lganl\u0131k:<\/strong> Seramik malzemelerdir ve mekanik stres alt\u0131nda \u00e7atlama e\u011filimi g\u00f6sterirler.<\/li>\n<li><strong>S\u0131n\u0131rl\u0131 deformasyon:<\/strong> Piesoseramikler yaln\u0131zca k\u00fc\u00e7\u00fck yer de\u011fi\u015ftirmeler sa\u011flayabilir, bu nedenle b\u00fcy\u00fck hareketler i\u00e7in uygun olmayabilirler.<\/li>\n<li><strong>S\u0131cakl\u0131k hassasiyeti:<\/strong> Y\u00fcksek s\u0131cakl\u0131klarda Curie s\u0131cakl\u0131\u011f\u0131na yakla\u015f\u0131lmas\u0131 nedeniyle performanslar\u0131 d\u00fc\u015febilir.<\/li>\n<li><strong>Histerezis:<\/strong> Yer de\u011fi\u015ftirme kontrol\u00fcnde yanl\u0131\u015fl\u0131klara yol a\u00e7abilen bir miktar histerezis sergilerler.<\/li>\n<li><strong>Kur\u015fun i\u00e7eri\u011fi:<\/strong> Geleneksel PZT seramikleri, \u00e7evresel riskler olu\u015fturan kur\u015fun i\u00e7erir. Bu durum kur\u015funsuz alternatifler \u00fczerine ara\u015ft\u0131rmalar\u0131 te\u015fvik etmi\u015ftir.<\/li>\n<\/ul>\n<h3>7. PZT seramiklerine kur\u015funsuz alternatifler nelerdir?<\/h3>\n<p>PZT&#8217;deki kur\u015funun toksisitesine ili\u015fkin endi\u015feler, kur\u015funsuz piesoseramiklerin geli\u015ftirilmesini h\u0131zland\u0131rm\u0131\u015ft\u0131r. En umut verici alternatiflerden baz\u0131lar\u0131 \u015funlard\u0131r:<\/p>\n<ul>\n<li><strong>Baryum Titanat (BaTiO3):<\/strong> Ke\u015ffedilen ilk piezoelektrik seramiklerden biri olup, PZT&#8217;den daha d\u00fc\u015f\u00fck piezoelektrik \u00f6zelliklere sahiptir.<\/li>\n<li><strong>Potasyum Niyobat (KNbO3):<\/strong> \u0130yi piezoelektrik \u00f6zellikler sergiler ancak sentezlenmesi zordur.<\/li>\n<li><strong>Sodyum Niyobat (NaNbO3):<\/strong> Geli\u015ftirilmi\u015f performansa sahip nispeten yeni bir alternatiftir.<\/li>\n<li><strong>Bizmut Ferrit (BiFeO3):<\/strong> Baz\u0131 uygulamalarda faydal\u0131 olabilecek umut verici multiferroik \u00f6zellikler g\u00f6sterir.<\/li>\n<\/ul>\n<p>Bu malzemelerin geli\u015ftirilmesi s\u00fcrekli ilerlemekte olup, geli\u015fmi\u015f \u00f6zelliklere sahip yeni kur\u015funsuz piesoseramikler s\u00fcrekli ara\u015ft\u0131r\u0131lmaktad\u0131r.<\/p>\n<h3>8. Piesoseramikler nas\u0131l \u00fcretilir?<\/h3>\n<p>Piesoseramiklerin \u00fcretim s\u00fcreci birka\u00e7 temel ad\u0131m i\u00e7erir:<\/p>\n<ol>\n<li><strong>Toz Sentezi:<\/strong> Oksitler ve karbonatlar gibi hammaddeler kar\u0131\u015ft\u0131r\u0131l\u0131r ve istenen seramik tozunu olu\u015fturmak i\u00e7in y\u00fcksek s\u0131cakl\u0131klarda kalsine edilir.<\/li>\n<li><strong>\u015eekillendirme:<\/strong> Toz, ba\u011flay\u0131c\u0131larla kar\u0131\u015ft\u0131r\u0131l\u0131r ve kal\u0131p presleme veya ekstr\u00fczyon gibi \u00e7e\u015fitli y\u00f6ntemler kullan\u0131larak istenen \u015fekle bast\u0131r\u0131l\u0131r.<\/li>\n<li><strong>Pi\u015firme:<\/strong> \u015eekillendirilmi\u015f seramik, malzemeyi yo\u011funla\u015ft\u0131rmak ve mekanik dayan\u0131m\u0131n\u0131 art\u0131rmak i\u00e7in y\u00fcksek s\u0131cakl\u0131klarda \u0131s\u0131t\u0131l\u0131r.<\/li>\n<li><strong>Kutupla\u015ft\u0131rma:<\/strong> Pi\u015firilmi\u015f malzeme, dipolleri hizalamak ve piezoelektrik \u00f6zellikleri olu\u015fturmak i\u00e7in y\u00fckseltilmi\u015f bir s\u0131cakl\u0131kta g\u00fc\u00e7l\u00fc bir elektrik alan\u0131na maruz b\u0131rak\u0131l\u0131r.<\/li>\n<li><strong>Elektrot Kaplama:<\/strong> Elektrik alanlar\u0131n\u0131n uygulanmas\u0131na ve y\u00fck\u00fcn tespit edilmesine olanak sa\u011flamak i\u00e7in serami\u011fin y\u00fczeyine elektrotlar uygulan\u0131r.<\/li>\n<\/ol>\n<h3>9. Uygulamam i\u00e7in do\u011fru piesoserami\u011fi nas\u0131l se\u00e7erim?<\/h3>\n<p>Belirli bir uygulama i\u00e7in uygun piesoserami\u011fi se\u00e7mek, birka\u00e7 fakt\u00f6r\u00fcn dikkatlice de\u011ferlendirilmesini gerektirir:<\/p>\n<ul>\n<li><strong>\u00c7al\u0131\u015fma ko\u015fullar\u0131:<\/strong> S\u0131cakl\u0131k, \u00e7al\u0131\u015fma frekans\u0131 ve stres seviyeleri temel de\u011ferlendirme noktalar\u0131d\u0131r.<\/li>\n<li><strong>\u0130stenen \u00f6zellikler:<\/strong> Piezoelektrik katsay\u0131s\u0131, dielektrik sabiti ve kuplaj fakt\u00f6r\u00fc, uygulaman\u0131n gereksinimleriyle e\u015fle\u015fmelidir.<\/li>\n<li><strong>Boyut ve \u015fekil gereksinimleri:<\/strong> Cihaz\u0131n boyutu ve \u015fekli, piesoserami\u011fin boyutlar\u0131n\u0131 belirleyecektir.<\/li>\n<li><strong>B\u00fct\u00e7e:<\/strong> Farkl\u0131 malzemelerin de\u011fi\u015fen \u00fcretim maliyetleri vard\u0131r ve bu dikkate al\u0131nmal\u0131d\u0131r.<\/li>\n<li><strong>\u00c7evresel gereksinimler:<\/strong> \u00c7evresel etki bir endi\u015fe konusuysa kur\u015funsuz se\u00e7enekler de\u011ferlendirilmelidir.<\/li>\n<\/ul>\n<p>Bir malzeme uzman\u0131na dan\u0131\u015fmak ve \u00e7e\u015fitli malzemeleri test etmek, belirli uygulaman\u0131z i\u00e7in en iyi performans ve dayan\u0131kl\u0131l\u0131\u011f\u0131 sa\u011flayabilir.<\/p>\n<h3>10. Piesoseramik ara\u015ft\u0131rmalar\u0131ndaki en son geli\u015fmelerden baz\u0131lar\u0131 nelerdir?<\/h3>\n<p>Piesoseramik alan\u0131 s\u00fcrekli geli\u015fmekte olup, devam eden ara\u015ft\u0131rmalar \u015fu alanlara odaklanmaktad\u0131r:<\/p>\n<ul>\n<li><strong>Yeni kur\u015funsuz malzemeler geli\u015ftirmek:<\/strong> Kur\u015funsuz piesoseramiklerin performans\u0131n\u0131 art\u0131rmak i\u00e7in yeni bile\u015fimler ve i\u015fleme teknikleri ke\u015ffetmek.<\/li>\n<li><strong>Piezoelektrik \u00f6zellikleri iyile\u015ftirmek:<\/strong> Mevcut malzemelerin piezoelektrik katsay\u0131lar\u0131n\u0131, kuplaj fakt\u00f6rlerini ve mekanik kalite fakt\u00f6rlerini geli\u015ftirmek.<\/li>\n<li><strong>Nano \u00f6l\u00e7ekli piesoseramikler olu\u015fturmak:<\/strong> Mikro-elektromekanik sistemler (MEMS) ve nanocihazlardaki uygulamalar i\u00e7in nano \u00f6l\u00e7ekli piesoseramik yap\u0131lar \u00fcretmek.<\/li>\n<li><strong>\u00c7ok katmanl\u0131 ve kompozit yap\u0131lar:<\/strong> Geli\u015fmi\u015f akt\u00fcat\u00f6r performans\u0131 i\u00e7in yenilik\u00e7i \u00e7ok katmanl\u0131 yap\u0131lar tasarlamak ve geli\u015fmi\u015f esneklik i\u00e7in seramik-polimer kompozit malzemeleri ke\u015ffetmek.<\/li>\n<li><strong>Enerji hasad\u0131 uygulamalar\u0131:<\/strong> Ortam titre\u015fimlerini ve mekanik enerjiyi elektrik g\u00fcc\u00fcne d\u00f6n\u00fc\u015ft\u00fcrmek i\u00e7in daha verimli ve sa\u011flam malzemeler geli\u015ftirmek.<\/li>\n<\/ul>\n<p>Sonu\u00e7 olarak, piezoseramikler, dikkat \u00e7ekici piezoelektrik \u00f6zellikleri nedeniyle \u00e7e\u015fitli sekt\u00f6rlerde vazge\u00e7ilmez malzemelerdir. Geleneksel PZT malzemeleri yayg\u0131n olarak kullan\u0131lm\u0131\u015f olsa da, kur\u015funsuz alternatiflere y\u00f6nelik itici g\u00fc\u00e7, bu alandaki yenili\u011fi s\u00fcrd\u00fcrmektedir. Bu \u00e7ok y\u00f6nl\u00fc malzemeleri, geni\u015f bir teknolojik uygulama yelpazesinde etkili bir \u015fekilde kullanabilmek i\u00e7in \u00f6zelliklerini, avantajlar\u0131n\u0131, s\u0131n\u0131rlamalar\u0131n\u0131 ve en son ara\u015ft\u0131rma e\u011filimlerini anlamak \u00e7ok \u00f6nemlidir. \u0130ster hassas sens\u00f6r \u00f6l\u00e7\u00fcmleri, ister kesin akt\u00fcat\u00f6r kontrol\u00fc veya verimli enerji hasad\u0131 i\u00e7in olsun, piezoseramikler malzeme bilimi ve m\u00fchendisli\u011finin \u00f6n saflar\u0131nda yer almaya devam edecektir.<\/p>\n<ul class=\"sitemap\">\n<li><a href=\"https:\/\/www.bjultrasonic.com\/tr\/the-frequency-limit-of-a-piezoceramic-sheet-and-some-properties\/\"> Bir Pzoseramik Levhan\u0131n Frekans S\u0131n\u0131r\u0131<\/a><\/li>\n<li><a href=\"https:\/\/www.bjultrasonic.com\/tr\/piezo-ceramics-reason-to-the-existence-of-piezoelectricity\/\"> Piezoelektrik Nas\u0131l \u00c7al\u0131\u015f\u0131r<\/a><\/li>\n<li><a href=\"https:\/\/www.bjultrasonic.com\/tr\/what-is-the-process-of-bonding-wires-to-piezoceramic-surface\/\"> Pzoseramik Y\u00fczeye Tellere Nas\u0131l Ba\u011flan\u0131r<\/a><\/li>\n<li><a href=\"https:\/\/www.bjultrasonic.com\/tr\/the-possibility-of-using-piezoceramic-sheet-in-strain-gage\/\"> Pzoseramik Levha Bir Gerinim \u00d6l\u00e7er Olarak Kullan\u0131labilir mi<\/a><\/li>\n<li><a href=\"https:\/\/www.bjultrasonic.com\/tr\/is-there-any-truth-to-piezoceramic-sheets-being-really-fragile\/\"> Pzoseramik Levhalar K\u0131r\u0131lgan m\u0131<\/a><\/li>\n<li><a href=\"https:\/\/www.bjultrasonic.com\/tr\/is-there-any-truth-to-piezoceramic-sheet-picking-up-vibrations-in-machinery\/\"> Pzoseramik Levha Makinelerde Titre\u015fim Alg\u0131lamak \u0130\u00e7in Kullan\u0131labilir mi<\/a><\/li>\n<li><a href=\"https:\/\/www.bjultrasonic.com\/tr\/what-is-the-process-of-accessing-the-center-shim\/\"> Bir Pzoseramik Bile\u015fenin Merkez \u015eimi Nas\u0131l Eri\u015filir<\/a><\/li>\n<li><a href=\"https:\/\/www.bjultrasonic.com\/tr\/are-the-voltage-outputs-from-piezo-strain-gage-repeatable\/\"> Piezo Gerinim \u00d6l\u00e7erin Voltaj \u00c7\u0131k\u0131\u015flar\u0131 Tekrarlanabilir mi<\/a><\/li>\n<li><a href=\"https:\/\/www.bjultrasonic.com\/tr\/what-is-the-typical-amount-of-electrical-power-that-can-be-extracted-from-a-piezo-bender-element\/\"> Bir Piezo B\u00fck\u00fcc\u00fc Eleman\u0131ndan Elde Edilebilecek Elektrik G\u00fcc\u00fc Miktar\u0131<\/a><\/li>\n<li><a href=\"https:\/\/www.bjultrasonic.com\/tr\/what-is-a-spice-model-and-is-it-available-for-piezo-sensors\/\"> Spice Model Nedir ve Piezo Sens\u00f6rler \u0130\u00e7in Mevcut mudur<\/a><\/li>\n<li><a href=\"https:\/\/www.bjultrasonic.com\/tr\/the-removal-of-the-electrode\/\"> Pzoseramiklerden Elektrot Nas\u0131l \u00c7\u0131kar\u0131l\u0131r<\/a><\/li>\n<li><a href=\"https:\/\/www.bjultrasonic.com\/tr\/piezo-ceramics-how-to-define-an-electric-field\/\"> Pzoseramikler \u2013 Elektrik Alan\u0131 Nas\u0131l Tan\u0131mlan\u0131r<\/a><\/li>\n<li><a href=\"https:\/\/www.bjultrasonic.com\/tr\/is-there-any-truth-to-piezo-transducers-being-used-as-static-and-dynamic-force-sensors\/\"> Piezo Transd\u00fcserler Statik ve Dinamik Kuvvet Sens\u00f6rleri Olarak Kullan\u0131labilir mi<\/a><\/li>\n<li><a href=\"https:\/\/www.bjultrasonic.com\/tr\/piezo-ceramics-how-to-define-strain\/\"> Pzoseramikler \u2013 Gerinim Nas\u0131l Tan\u0131mlan\u0131r<\/a><\/li>\n<li><a href=\"https:\/\/www.bjultrasonic.com\/tr\/after-a-sheet-loses-its-abilities-can-it-berepoled\/\"> Bir Pzoseramik Levha Yeteneklerini Kaybettikten Sonra Yeniden Kutuplanabilir mi<\/a><\/li>\n<li><a href=\"https:\/\/www.bjultrasonic.com\/tr\/is-there-a-possibility-of-piezo-technology-replacing-magnetic-technology-anytime-in-the-future\/\"> Piezo Teknolojisi Manyetik Teknolojiyi Ge\u00e7ecek mi<\/a><\/li>\n<li><a href=\"https:\/\/www.bjultrasonic.com\/tr\/how-can-poling-and-depoling-in-piezoceramic-materials\/\"> Pzoseramik Malzemelerde Kutuplama ve Kutuplama Kald\u0131rma<\/a><\/li>\n<li><a href=\"https:\/\/www.bjultrasonic.com\/tr\/is-there-one-resonant-frequency-from-a-piezoceramic-sheet\/\"> Bir Pzoseramik Levhadan Tek Bir Rezonans Frekans\u0131 m\u0131 Vard\u0131r<\/a><\/li>\n<li><a href=\"https:\/\/www.bjultrasonic.com\/tr\/what-is-the-amount-of-mechanical-power-that-can-be-acquired-from-one-sheet\/\"> Bir Pzoseramik Levhadan Elde Edilebilecek Mekanik G\u00fc\u00e7 Miktar\u0131<\/a><\/li>\n<li><a href=\"https:\/\/www.bjultrasonic.com\/tr\/what-is-the-process-of-bonding-piezoceramic-to-different-structures\/\"> Pzoserami\u011fi Farkl\u0131 Yap\u0131lara Ba\u011flama \u0130\u015flemi Nedir<\/a><\/li>\n<li><a href=\"https:\/\/www.bjultrasonic.com\/tr\/piezo-ceramics-how-to-explain-thepyroelectric-effect\/\"> Pzoseramikler \u2013 Piroelektrik Etki Nas\u0131l A\u00e7\u0131klan\u0131r<\/a><\/li>\n<li><a href=\"https:\/\/www.bjultrasonic.com\/tr\/what-is-the-distance-a-sheet-can-stretch-before-it-completely-breaks\/\"> Bir Pzoseramik Levhan\u0131n Tamamen K\u0131r\u0131lmadan \u00d6nce Uzanabilece\u011fi Mesafe<\/a><\/li>\n<li><a href=\"https:\/\/www.bjultrasonic.com\/tr\/are-piezo-devices-used-in-everyday-objects\/\"> Piezo Cihazlar G\u00fcnl\u00fck Nesnelerde Kullan\u0131l\u0131r m\u0131<\/a><\/li>\n<li><a href=\"https:\/\/www.bjultrasonic.com\/tr\/what-is-the-process-of-attaching-a-bender-element\/\"> Bir Piezo B\u00fck\u00fcc\u00fc Eleman\u0131 Nas\u0131l Tak\u0131l\u0131r<\/a><\/li>\n<li><a href=\"https:\/\/www.bjultrasonic.com\/tr\/will-superglue-do-the-trick\/\"> Pzoseramikler \u2013 S\u00fcper Yap\u0131\u015ft\u0131r\u0131c\u0131 \u0130\u015fe Yarar m\u0131<\/a><\/li>\n<li><a href=\"https:\/\/www.bjultrasonic.com\/tr\/what-is-the-exact-amount-of-power-that-can-derived-from-a-piezosheet\/\"> Bir Pzoseramik Levhadan Ne Kadar G\u00fc\u00e7 Elde Edilebilir<\/a><\/li>\n<li><a href=\"https:\/\/www.bjultrasonic.com\/tr\/what-is-the-process-of-making-electrical-contact-on-the-piezoceramicside-attached-downwards\/\"> A\u015fa\u011f\u0131ya Ba\u011fl\u0131 Pzoseramik Taraf\u0131nda Elektriksel Temas Kurma \u0130\u015flemi<\/a><\/li>\n<li><a href=\"https:\/\/www.bjultrasonic.com\/tr\/piezo-ceramics-how-can-damping-be-explained\/\"> Pzoseramikler \u2013 S\u00f6n\u00fcmlemenin Genel Bak\u0131\u015f\u0131<\/a><\/li>\n<li><a href=\"https:\/\/www.bjultrasonic.com\/tr\/what-is-the-distance-a-bimorph-can-be-extended-before-it-breaks\/\"> Bir Bimorfun K\u0131r\u0131lmadan \u00d6nce Uzat\u0131labilece\u011fi Mesafe<\/a><\/li>\n<li><a href=\"https:\/\/www.bjultrasonic.com\/tr\/what-is-the-process-of-cutting-up-a-sheetofpiezoceramic-into-desirable-sizes\/\"> Pzoseramik Levhalar \u0130stenen Boyutlara Nas\u0131l Kesilir<\/a><\/li>\n<li><a href=\"https:\/\/www.bjultrasonic.com\/tr\/piezo-ceramics-the-definition-of-tensile-strength\/\"> Pzoseramikler \u2013 \u00c7ekme Mukavemeti Tan\u0131m\u0131<\/a><\/li>\n<li><a href=\"https:\/\/www.bjultrasonic.com\/tr\/does-the-motion-of-a-piezo-actuator-actually-repeat-itself\/\"> Bir Piezo Akt\u00fcat\u00f6r\u00fcn Hareketi Ger\u00e7ekten Kendini Tekrarlar m\u0131<\/a><\/li>\n<li><a href=\"https:\/\/www.bjultrasonic.com\/tr\/what-is-the-process-of-eliminating-vibration-through-piezoceramics\/\"> Pzoseramiklerle Titre\u015fim Nas\u0131l Ortadan Kald\u0131r\u0131l\u0131r<\/a><\/li>\n<li><a href=\"https:\/\/www.bjultrasonic.com\/tr\/piezo-ceramics-how-can-the-youngs-modulus-be-defined\/\"> Pzoseramikler \u2013 Young Mod\u00fcl\u00fc Nas\u0131l Tan\u0131mlanabilir<\/a><\/li>\n<li><a href=\"https:\/\/www.bjultrasonic.com\/tr\/is-there-a-possibility-of-using-piezoceramic-actuators-at-cryogenic-temperatures\/\"> Piezo Akt\u00fcat\u00f6rleri Kriyojenik S\u0131cakl\u0131klarda Kullanabilir miyiz<\/a><\/li>\n<li><a href=\"https:\/\/www.bjultrasonic.com\/tr\/how-does-temperature-effectpiezoceramic-transducers\/\"> S\u0131cakl\u0131k Pzoseramik Transd\u00fcserleri Nas\u0131l Etkiler<\/a><\/li>\n<li><a href=\"https:\/\/www.bjultrasonic.com\/tr\/the-expected-life-of-piezoelectric-material\/\"> Piezoelektrik Malzemenin Beklenen \u00d6mr\u00fc<\/a><\/li>\n<li><a href=\"https:\/\/www.bjultrasonic.com\/tr\/the-amount-of-highest-voltage-that-can-driven-through-a-piezoceramic-sheet\/\"> Bir Pzoseramik Levhaya Uygulanabilecek En Y\u00fcksek Voltaj<\/a><\/li>\n<li><a href=\"https:\/\/www.bjultrasonic.com\/tr\/is-there-a-way-through-which-a-piezo-transducer-can-drive-with-a-square-wave\/\"> Bir Piezo Transd\u00fcser Kare Dalga ile Nas\u0131l S\u00fcr\u00fcl\u00fcr<\/a><\/li>\n<\/ul>\n","protected":false},"excerpt":{"rendered":"<p>Piezoseramikler, ayn\u0131 zamanda piezoelektrik seramikler olarak da bilinir, piezoelektrik etki sergileyen bir i\u015flevsel malzeme s\u0131n\u0131f\u0131d\u0131r. Bu, mekanik gerilime maruz kald\u0131klar\u0131nda elektrik y\u00fck\u00fc olu\u015fturabildikleri (do\u011frudan piezoelektrik etki) ve tersine, \u00fczerlerine bir elektrik alan\u0131 uyguland\u0131\u011f\u0131nda deforme olabildikleri (ters piezoelektrik etki) anlam\u0131na gelir. Bu benzersiz \u00f6zellikler, sens\u00f6rler ve akt\u00fcat\u00f6rlerden transd\u00fcserler ve enerji hasat cihazlar\u0131na kadar \u00e7e\u015fitli uygulamalarda yayg\u0131n<\/p>\n","protected":false},"author":1,"featured_media":4848,"parent":0,"menu_order":17,"comment_status":"closed","ping_status":"closed","template":"","meta":{"footnotes":""},"class_list":["post-72651","page","type-page","status-publish","has-post-thumbnail","hentry","prodpage-classic"],"aioseo_notices":[],"_links":{"self":[{"href":"https:\/\/www.bjultrasonic.com\/tr\/wp-json\/wp\/v2\/pages\/72651","targetHints":{"allow":["GET"]}}],"collection":[{"href":"https:\/\/www.bjultrasonic.com\/tr\/wp-json\/wp\/v2\/pages"}],"about":[{"href":"https:\/\/www.bjultrasonic.com\/tr\/wp-json\/wp\/v2\/types\/page"}],"author":[{"embeddable":true,"href":"https:\/\/www.bjultrasonic.com\/tr\/wp-json\/wp\/v2\/users\/1"}],"replies":[{"embeddable":true,"href":"https:\/\/www.bjultrasonic.com\/tr\/wp-json\/wp\/v2\/comments?post=72651"}],"version-history":[{"count":0,"href":"https:\/\/www.bjultrasonic.com\/tr\/wp-json\/wp\/v2\/pages\/72651\/revisions"}],"wp:featuredmedia":[{"embeddable":true,"href":"https:\/\/www.bjultrasonic.com\/tr\/wp-json\/wp\/v2\/media\/4848"}],"wp:attachment":[{"href":"https:\/\/www.bjultrasonic.com\/tr\/wp-json\/wp\/v2\/media?parent=72651"}],"curies":[{"name":"wp","href":"https:\/\/api.w.org\/{rel}","templated":true}]}}