{"id":72711,"date":"2022-04-27T20:46:08","date_gmt":"2022-04-28T01:46:08","guid":{"rendered":"https:\/\/www.bjultrasonic.com\/ultrasonic-transducer-technical\/"},"modified":"2026-03-12T09:31:38","modified_gmt":"2026-03-12T14:31:38","slug":"ultrasonic-transducer-technical","status":"publish","type":"page","link":"https:\/\/www.bjultrasonic.com\/tr\/ultrasonic-transducer-technical\/","title":{"rendered":"Ultrasonik Transd\u00fcser Teknik Genel Bak\u0131\u015f"},"content":{"rendered":"<p>Bir ultrasonik transd\u00fcser, enerjiyi bir formdan di\u011ferine d\u00f6n\u00fc\u015ft\u00fcren bir cihazd\u0131r; \u00f6zellikle elektrik enerjisi ile ultrasonik frekanslardaki (insan i\u015fitme aral\u0131\u011f\u0131n\u0131n \u00fczerindeki frekanslar, tipik olarak 20 kHz \u00fczeri) akustik (ses) enerjisi aras\u0131nda d\u00f6n\u00fc\u015f\u00fcm yapar. Daha basit bir ifadeyle, insanlar\u0131n duyamayaca\u011f\u0131 frekanslarda ses dalgalar\u0131 \u00fcretebilen ve alabilen bir cihazd\u0131r.<\/p>\n<h3>1. S\u0131n\u0131fland\u0131rma<\/h3>\n<p>Ultrasonik transd\u00fcserler, belirli uygulamalar\u0131na, malzemelerine, frekanslar\u0131na, g\u00fc\u00e7lerine ve \u015fekillerine g\u00f6re kategorize edilir. Uygulamaya dayal\u0131 geni\u015f bir s\u0131n\u0131fland\u0131rma \u015funlar\u0131 i\u00e7erir:<\/p>\n<ul>\n<li><a href=\"https:\/\/www.bjultrasonic.com\/tr\/category\/ultrasonic-transducer-tr\/\">Ultrasonik Temizleme Transd\u00fcserleri<\/a>: Ultrasonik kavitasyon kullanarak y\u00fczeylerdeki kirleticileri uzakla\u015ft\u0131rmak i\u00e7in tasarlanm\u0131\u015ft\u0131r.<\/li>\n<li><a href=\"https:\/\/www.bjultrasonic.com\/tr\/shop\/ultrasonic-welding-transducer\/\">Ultrasonik Kaynak Transd\u00fcserleri<\/a>: Y\u00fcksek frekansl\u0131 titre\u015fimler uygulayarak, \u0131s\u0131 \u00fcretip f\u00fczyona neden olarak malzemeleri birle\u015ftirmek i\u00e7in kullan\u0131l\u0131r.<\/li>\n<li><a href=\"https:\/\/www.bjultrasonic.com\/tr\/shop\/ultrasonic-beauty-transducer\/\">Ultrasonik G\u00fczellik Transd\u00fcserleri<\/a>: Cilt temizli\u011fi ve \u00fcr\u00fcn penetrasyonunu art\u0131rma gibi kozmetik i\u015flemlerde kullan\u0131l\u0131r.<\/li>\n<li><a href=\"https:\/\/www.bjultrasonic.com\/tr\/shop\/ultrasonic-atomizing-transducer\/\">Ultrasonik Atomizer Transd\u00fcserleri<\/a>: Nemlendirme veya inhalasyon cihazlar\u0131 i\u00e7in ince sis veya pus olu\u015fturur.<\/li>\n<li><a href=\"https:\/\/www.bjultrasonic.com\/tr\/shop\/ultrasonic-vibrating-screen-transducer\/\">Ultrasonik Titre\u015fim Transd\u00fcserleri<\/a>: Malzeme i\u015fleme ve eleme dahil \u00e7e\u015fitli uygulamalar i\u00e7in ultrasonik titre\u015fimler kullan\u0131r.<\/li>\n<li><a href=\"https:\/\/www.bjultrasonic.com\/tr\/shop\/ultrasonic-cell-disruptor-transducer\/\">Ultrasonik H\u00fccre Par\u00e7alay\u0131c\u0131 Transd\u00fcserleri<\/a>: Biyolojik ve kimyasal ara\u015ft\u0131rmalarda h\u00fccreleri par\u00e7alamak, h\u00fccre i\u00e7i i\u00e7eri\u011fin sal\u0131nmas\u0131n\u0131 sa\u011flamak i\u00e7in kullan\u0131l\u0131r.<\/li>\n<\/ul>\n<style type=\"text\/css\">\r\n\t\t\t\t#gallery-1 {\r\n\t\t\t\t\tmargin: auto;\r\n\t\t\t\t}\r\n\t\t\t\t#gallery-1 .gallery-item {\r\n\t\t\t\t\tfloat: left;\r\n\t\t\t\t\tmargin-top: 10px;\r\n\t\t\t\t\ttext-align: center;\r\n\t\t\t\t\twidth: 16%;\r\n\t\t\t\t}\r\n\t\t\t\t#gallery-1 .gallery-caption {\r\n\t\t\t\t\tmargin-left: 0;\r\n\t\t\t\t}\r\n\t\t\t<\/style><!-- see gallery_shortcode() in wp-includes\/media.php -->\r\n\t\t\t\n\t\t<div id=\"gallery-1\" class=\"gallery galleryid-72711 mfp-gallery mfp-gallery--images gallery-columns-6 gallery-size-full\"><div class=\"row zn_image_gallery \"><div class=\"col-sm-6 col-md-4 col-lg-2\"><a href=\"https:\/\/www.bjultrasonic.com\/wp-content\/uploads\/2021\/03\/100KHz-40W-Ultrasonic-Transducer-PZT-4-2.jpg\" title=\"Ultrasonic Cleaning Transducer\" class=\"hoverBorder\"><img loading=\"lazy\" decoding=\"async\" width=\"750\" height=\"750\" src=\"https:\/\/www.bjultrasonic.com\/wp-content\/uploads\/2021\/03\/100KHz-40W-Ultrasonic-Transducer-PZT-4-2.jpg\" class=\"attachment-full size-full\" alt=\"100KHz 40W Ultrasonic Transducer (PZT-4)\" link=\"file\" size=\"full\" columns=\"6\" ids=\"23744,19551,42268,42279,4845,42294\" orderby=\"post__in\" include=\"23744,19551,42268,42279,4845,42294\" srcset=\"https:\/\/www.bjultrasonic.com\/wp-content\/uploads\/2021\/03\/100KHz-40W-Ultrasonic-Transducer-PZT-4-2.jpg 750w, https:\/\/www.bjultrasonic.com\/wp-content\/uploads\/2021\/03\/100KHz-40W-Ultrasonic-Transducer-PZT-4-2-600x600.jpg 600w, https:\/\/www.bjultrasonic.com\/wp-content\/uploads\/2021\/03\/100KHz-40W-Ultrasonic-Transducer-PZT-4-2-100x100.jpg 100w\" sizes=\"auto, (max-width: 750px) 100vw, 750px\" \/><span class=\"gallery_caption\">Ultrasonic Cleaning Transducer<\/span><\/a><\/div><div class=\"col-sm-6 col-md-4 col-lg-2\"><a href=\"https:\/\/www.bjultrasonic.com\/wp-content\/uploads\/2018\/08\/5500ML-Ultrasonic-Fogger-Ultrasonic-Cool-Mist-Humidifier-1.jpg\" title=\"Ultrasonic Humidifier Transducer\" class=\"hoverBorder\"><img loading=\"lazy\" decoding=\"async\" width=\"650\" height=\"667\" src=\"https:\/\/www.bjultrasonic.com\/wp-content\/uploads\/2018\/08\/5500ML-Ultrasonic-Fogger-Ultrasonic-Cool-Mist-Humidifier-1.jpg\" class=\"attachment-full size-full\" alt=\"5500ML Ultrasonic Fogger Ultrasonic Cool Mist Humidifier (1)\" link=\"file\" size=\"full\" columns=\"6\" ids=\"23744,19551,42268,42279,4845,42294\" orderby=\"post__in\" include=\"23744,19551,42268,42279,4845,42294\" \/><span class=\"gallery_caption\">Ultrasonic Humidifier Transducer<\/span><\/a><\/div><div class=\"col-sm-6 col-md-4 col-lg-2\"><a href=\"https:\/\/www.bjultrasonic.com\/wp-content\/uploads\/2012\/08\/Ultrasonic-Welding-Transducer-4.jpg\" title=\"Ultrasonic Welding Transducer\" class=\"hoverBorder\"><img loading=\"lazy\" decoding=\"async\" width=\"800\" height=\"800\" src=\"https:\/\/www.bjultrasonic.com\/wp-content\/uploads\/2012\/08\/Ultrasonic-Welding-Transducer-4.jpg\" class=\"attachment-full size-full\" alt=\"Ultrasonic Welding Transducer (4)\" link=\"file\" size=\"full\" columns=\"6\" ids=\"23744,19551,42268,42279,4845,42294\" orderby=\"post__in\" include=\"23744,19551,42268,42279,4845,42294\" srcset=\"https:\/\/www.bjultrasonic.com\/wp-content\/uploads\/2012\/08\/Ultrasonic-Welding-Transducer-4.jpg 800w, https:\/\/www.bjultrasonic.com\/wp-content\/uploads\/2012\/08\/Ultrasonic-Welding-Transducer-4-600x600.jpg 600w, https:\/\/www.bjultrasonic.com\/wp-content\/uploads\/2012\/08\/Ultrasonic-Welding-Transducer-4-100x100.jpg 100w\" sizes=\"auto, (max-width: 800px) 100vw, 800px\" \/><span class=\"gallery_caption\">Ultrasonic Welding Transducer<\/span><\/a><\/div><div class=\"col-sm-6 col-md-4 col-lg-2\"><a href=\"https:\/\/www.bjultrasonic.com\/wp-content\/uploads\/2012\/08\/Ultrasonic-Cell-Disruptor-Homogenizer-Transducer-4.jpg\" title=\"Ultrasonic Cell Disruptor Transducer\" class=\"hoverBorder\"><img loading=\"lazy\" decoding=\"async\" width=\"800\" height=\"800\" src=\"https:\/\/www.bjultrasonic.com\/wp-content\/uploads\/2012\/08\/Ultrasonic-Cell-Disruptor-Homogenizer-Transducer-4.jpg\" class=\"attachment-full size-full\" alt=\"Ultrasonic Cell Disruptor Homogenizer Transducer (4)\" link=\"file\" size=\"full\" columns=\"6\" ids=\"23744,19551,42268,42279,4845,42294\" orderby=\"post__in\" include=\"23744,19551,42268,42279,4845,42294\" srcset=\"https:\/\/www.bjultrasonic.com\/wp-content\/uploads\/2012\/08\/Ultrasonic-Cell-Disruptor-Homogenizer-Transducer-4.jpg 800w, https:\/\/www.bjultrasonic.com\/wp-content\/uploads\/2012\/08\/Ultrasonic-Cell-Disruptor-Homogenizer-Transducer-4-600x600.jpg 600w, https:\/\/www.bjultrasonic.com\/wp-content\/uploads\/2012\/08\/Ultrasonic-Cell-Disruptor-Homogenizer-Transducer-4-100x100.jpg 100w\" sizes=\"auto, (max-width: 800px) 100vw, 800px\" \/><span class=\"gallery_caption\">Ultrasonic Cell Disruptor Transducer<\/span><\/a><\/div><div class=\"col-sm-6 col-md-4 col-lg-2\"><a href=\"https:\/\/www.bjultrasonic.com\/wp-content\/uploads\/2012\/07\/Ultrasonic-Vibration-Transducer.jpg\" title=\"Ultrasonic Vibration Transducer\" class=\"hoverBorder\"><img loading=\"lazy\" decoding=\"async\" width=\"700\" height=\"700\" src=\"https:\/\/www.bjultrasonic.com\/wp-content\/uploads\/2012\/07\/Ultrasonic-Vibration-Transducer.jpg\" class=\"attachment-full size-full\" alt=\"Ultrasonic Vibration Transducer\" link=\"file\" size=\"full\" columns=\"6\" ids=\"23744,19551,42268,42279,4845,42294\" orderby=\"post__in\" include=\"23744,19551,42268,42279,4845,42294\" srcset=\"https:\/\/www.bjultrasonic.com\/wp-content\/uploads\/2012\/07\/Ultrasonic-Vibration-Transducer.jpg 700w, https:\/\/www.bjultrasonic.com\/wp-content\/uploads\/2012\/07\/Ultrasonic-Vibration-Transducer-600x600.jpg 600w, https:\/\/www.bjultrasonic.com\/wp-content\/uploads\/2012\/07\/Ultrasonic-Vibration-Transducer-100x100.jpg 100w\" sizes=\"auto, (max-width: 700px) 100vw, 700px\" \/><span class=\"gallery_caption\">Ultrasonic Vibration Transducer<\/span><\/a><\/div><div class=\"col-sm-6 col-md-4 col-lg-2\"><a href=\"https:\/\/www.bjultrasonic.com\/wp-content\/uploads\/2012\/08\/PZT-Piezo-Ceramics-Disk-for-Beauty-Application.avif\" title=\"Ultrasonic Beauty Transducer\" class=\"hoverBorder\"><img loading=\"lazy\" decoding=\"async\" width=\"800\" height=\"800\" src=\"https:\/\/www.bjultrasonic.com\/wp-content\/uploads\/2012\/08\/PZT-Piezo-Ceramics-Disk-for-Beauty-Application.avif\" class=\"attachment-full size-full\" alt=\"PZT Piezo Ceramics Disk for Beauty Application\" link=\"file\" size=\"full\" columns=\"6\" ids=\"23744,19551,42268,42279,4845,42294\" orderby=\"post__in\" include=\"23744,19551,42268,42279,4845,42294\" srcset=\"https:\/\/www.bjultrasonic.com\/wp-content\/uploads\/2012\/08\/PZT-Piezo-Ceramics-Disk-for-Beauty-Application.avif 800w, https:\/\/www.bjultrasonic.com\/wp-content\/uploads\/2012\/08\/PZT-Piezo-Ceramics-Disk-for-Beauty-Application-600x600.avif 600w, https:\/\/www.bjultrasonic.com\/wp-content\/uploads\/2012\/08\/PZT-Piezo-Ceramics-Disk-for-Beauty-Application-100x100.avif 100w\" sizes=\"auto, (max-width: 800px) 100vw, 800px\" \/><span class=\"gallery_caption\">Ultrasonic Beauty Transducer<\/span><\/a><\/div><\/div><\/div>\n<p>Ba\u015fka bir s\u0131n\u0131fland\u0131rma yakla\u015f\u0131m\u0131 da kullan\u0131lan piezoelektrik seramik malzemeye dayan\u0131r:<\/p>\n<ul>\n<li><strong>PZT4 Serisi:<\/strong> Genellikle siyah \u00e7iplerle karakterize edilir.<\/li>\n<li><strong>PZT8 Serisi:<\/strong> Genellikle sar\u0131 \u00e7iplerle tan\u0131mlan\u0131r.<\/li>\n<\/ul>\n<p>Frekans temelli s\u0131n\u0131fland\u0131rmalar da yayg\u0131nd\u0131r:<\/p>\n<ul>\n<li><strong>D\u00fc\u015f\u00fck Frekans Serisi:<\/strong> 17 ila 23 kHz aral\u0131\u011f\u0131nda.<\/li>\n<li><strong>Orta Frekans Serisi:<\/strong> 25 ila 28 kHz aral\u0131\u011f\u0131nda.<\/li>\n<li><strong>Y\u00fcksek Frekans Serisi:<\/strong> 33 ila 60 kHz aral\u0131\u011f\u0131nda.<\/li>\n<li><strong>\u00c7ok Y\u00fcksek Frekans Serisi:<\/strong> 68 ila 200 kHz aral\u0131\u011f\u0131nda.<\/li>\n<\/ul>\n<p>G\u00fc\u00e7 temelli kategoriler \u015funlar\u0131 i\u00e7erir:<\/p>\n<ul>\n<li><strong>50W Serisi:<\/strong> 60W transd\u00fcserleri i\u00e7erebilir.<\/li>\n<li><strong>100W Serisi:<\/strong> 80W ve benzeri g\u00fc\u00e7 derecelerini kapsar.<\/li>\n<li><strong>Di\u011fer Al\u0131\u015f\u0131lmad\u0131k G\u00fc\u00e7ler:<\/strong> Standart d\u0131\u015f\u0131 g\u00fc\u00e7 \u00e7\u0131k\u0131\u015flar\u0131na sahip transd\u00fcserler.<\/li>\n<\/ul>\n<p>Son olarak, transd\u00fcserler fiziksel \u015fekillerine g\u00f6re s\u0131n\u0131fland\u0131r\u0131labilir:<\/p>\n<ul>\n<li><strong>D\u00fcz:<\/strong> Silindirik veya dikd\u00f6rtgen formda transd\u00fcserler.<\/li>\n<li><strong>Boynuz \u015eekli:<\/strong> Ultrasonik titre\u015fimleri g\u00fc\u00e7lendirmek i\u00e7in konik \u015fekilli transd\u00fcserler.<\/li>\n<\/ul>\n<h3>2. \u0130simlendirme Y\u00f6ntemleri<\/h3>\n<p>Ultrasonik transd\u00fcserler, genellikle temel \u00f6zellikleri belirten harf ve say\u0131lar\u0131n bir kombinasyonu kullan\u0131larak adland\u0131r\u0131l\u0131r. Yayg\u0131n bir isimlendirme kural\u0131, Beijing Ultrasonic&#8217;ten varsay\u0131msal bir \u00f6rnek kullan\u0131larak \u015fu \u015fekildedir:<\/p>\n<p><img loading=\"lazy\" decoding=\"async\" class=\"alignnone wp-image-815 size-full\" title=\"Ultrasonik Transd\u00fcser \u0130simlendirme Y\u00f6ntemi\" src=\"https:\/\/www.bjultrasonic.com\/wp-content\/uploads\/2012\/04\/Ultrasonic-Transducer-Naming-Method.png\" alt=\"Ultrasonik Transd\u00fcser \u0130simlendirme Y\u00f6ntemi\" width=\"512\" height=\"285\" \/><\/p>\n<p><strong>\u00d6rnek: BJ-18 50D-35HN PZT8<\/strong><\/p>\n<table class=\"table table-striped table-bordered\">\n<thead>\n<tr>\n<th align=\"left\">Bile\u015fen<\/th>\n<th align=\"left\">A\u00e7\u0131klama<\/th>\n<th align=\"left\">\u00d6rnek<\/th>\n<\/tr>\n<\/thead>\n<tbody>\n<tr>\n<td align=\"left\">BJ<\/td>\n<td align=\"left\">Kurulu\u015f Kodu<\/td>\n<td align=\"left\">BJ<\/td>\n<\/tr>\n<tr>\n<td align=\"left\">C<\/td>\n<td align=\"left\">Uygulama, &#8220;Temizleme&#8221;<\/td>\n<td align=\"left\">C<\/td>\n<\/tr>\n<tr>\n<td align=\"left\">18<\/td>\n<td align=\"left\">Frekans (kHz)<\/td>\n<td align=\"left\">18<\/td>\n<\/tr>\n<tr>\n<td align=\"left\">50<\/td>\n<td align=\"left\">G\u00fc\u00e7 (Watt)<\/td>\n<td align=\"left\">50<\/td>\n<\/tr>\n<tr>\n<td align=\"left\">D<\/td>\n<td align=\"left\">Piezoelektrik Seramik Say\u0131s\u0131<\/td>\n<td align=\"left\">D<\/td>\n<\/tr>\n<tr>\n<td align=\"left\">35<\/td>\n<td align=\"left\">Piezoelektrik Seramik \u00c7ap\u0131<\/td>\n<td align=\"left\">35<\/td>\n<\/tr>\n<tr>\n<td align=\"left\">H<\/td>\n<td align=\"left\">Transd\u00fcser \u015eekli<\/td>\n<td align=\"left\">H<\/td>\n<\/tr>\n<tr>\n<td align=\"left\">N<\/td>\n<td align=\"left\">\u00d6zel \u00d6zellik, &#8220;Deliksiz&#8221;<\/td>\n<td align=\"left\">N<\/td>\n<\/tr>\n<tr>\n<td align=\"left\">PZT8<\/td>\n<td align=\"left\">Piezoelektrik Seramik Tipi<\/td>\n<td align=\"left\">PZT8<\/td>\n<\/tr>\n<\/tbody>\n<\/table>\n<p>Bu detayl\u0131 kod, transd\u00fcser \u00f6zelliklerinin kesin olarak tan\u0131mlanmas\u0131n\u0131 sa\u011flar. Spesifik isimlendirme kurallar\u0131n\u0131n \u00fcreticiden \u00fcreticiye de\u011fi\u015febilece\u011fini unutmay\u0131n.<\/p>\n<p><iframe loading=\"lazy\" title=\"20KHz 25KHz 28KHz 60KHz Piezo Ultrasonic Transducer for Cleaning\" width=\"500\" height=\"281\" src=\"https:\/\/www.youtube.com\/embed\/JdWn_Q0bJgc?feature=oembed\" frameborder=\"0\" allow=\"accelerometer; autoplay; clipboard-write; encrypted-media; gyroscope; picture-in-picture; web-share\" referrerpolicy=\"strict-origin-when-cross-origin\" allowfullscreen><\/iframe><\/p>\n<h3>3. Nas\u0131l \u00c7al\u0131\u015f\u0131r?<\/h3>\n<p>Bir ultrasonik transd\u00fcserin temel i\u015flevi, elektrik ve akustik formlar aras\u0131nda enerji d\u00f6n\u00fc\u015f\u00fcm\u00fc yapmakt\u0131r. Bu d\u00f6n\u00fc\u015f\u00fcm s\u00fcreci piezoelektrik etkiye dayan\u0131r. \u0130\u015fte bir a\u00e7\u0131klama:<\/p>\n<p><strong>Piezoelektrik Eleman:<\/strong> Transd\u00fcserin kalbinde, PZT (kur\u015fun zirkonat titanat) gibi malzemelerden yap\u0131lm\u0131\u015f <a href=\"https:\/\/www.bjultrasonic.com\/tr\/category\/piezoelectric-ceramic-tr\/\">piezoelektrik eleman<\/a> bulunur. Alternatif bir elektrik alan\u0131 uyguland\u0131\u011f\u0131nda, piezoelektrik malzeme geni\u015fler ve b\u00fcz\u00fc\u015f\u00fcr.<\/p>\n<p><strong>Ses Dalgas\u0131 \u00dcretimi:<\/strong> Piezoelektrik eleman\u0131n geni\u015flemesi ve b\u00fcz\u00fc\u015fmesi, ses dalgalar\u0131 olan mekanik bas\u0131n\u00e7 dalgalar\u0131n\u0131 olu\u015fturur.<\/p>\n<p><strong>Y\u00f6nl\u00fc Kontrol:<\/strong> Ses dalgalar\u0131n\u0131 belirli bir y\u00f6nde odaklamak i\u00e7in transd\u00fcser tasar\u0131m\u0131 \u00e7ok \u00f6nemlidir.<\/p>\n<ul>\n<li><strong>Arka Katman:<\/strong> Genellikle tungsten y\u00fckl\u00fc polimerler gibi yo\u011fun, ses emici malzemelerden yap\u0131lan bu katman, sesin z\u0131t y\u00f6nde yay\u0131lmas\u0131n\u0131 \u00f6nler. Arka katman, dalgalar\u0131n tamamen emilmesini sa\u011flamak i\u00e7in belirli \u015fekillerle \u00f6zenle tasarlanabilir.<\/li>\n<li><strong>E\u015fle\u015ftirme Katman\u0131:<\/strong> Genellikle ara akustik empedansa sahip bir veya daha fazla katmandan olu\u015fan bu katman, piezoelektrik eleman ile sesin yay\u0131laca\u011f\u0131 ortam aras\u0131nda konumland\u0131r\u0131l\u0131r. Cam \u00fczerindeki yans\u0131ma \u00f6nleyici kaplama gibi, yans\u0131malar\u0131 azaltarak akustik enerji transferini en \u00fcst d\u00fczeye \u00e7\u0131karmaya yard\u0131mc\u0131 olur.<\/li>\n<\/ul>\n<p>Bu unsurlar kontrol edilerek, bir d\u00f6n\u00fc\u015ft\u00fcr\u00fcc\u00fc elektrik enerjisini verimli bir \u015fekilde odaklanm\u0131\u015f ultrasonik ses dalgalar\u0131na ve ard\u0131ndan tekrar elektrik enerjisine d\u00f6n\u00fc\u015ft\u00fcr\u00fcr.<\/p>\n<p><iframe loading=\"lazy\" title=\"High Power Piezoelectric Ultrasonic Transducer - Beijing Ultrasonic\" width=\"500\" height=\"281\" src=\"https:\/\/www.youtube.com\/embed\/TBLGTvZgOw4?feature=oembed\" frameborder=\"0\" allow=\"accelerometer; autoplay; clipboard-write; encrypted-media; gyroscope; picture-in-picture; web-share\" referrerpolicy=\"strict-origin-when-cross-origin\" allowfullscreen><\/iframe><\/p>\n<h3>4. Piezoelektrik Ultrasonik D\u00f6n\u00fc\u015ft\u00fcr\u00fcc\u00fcn\u00fcn Yap\u0131\u015ft\u0131rma \u0130\u015flemi<\/h3>\n<p>Yap\u0131\u015ft\u0131rma i\u015flemi, bir piezoelektrik ultrasonik d\u00f6n\u00fc\u015ft\u00fcr\u00fcc\u00fcn\u00fcn performans\u0131 ve \u00f6mr\u00fc i\u00e7in kritik \u00f6neme sahiptir. A\u015fa\u011f\u0131da anahtar ad\u0131mlar ve dikkat edilmesi gerekenler yer almaktad\u0131r:<\/p>\n<table class=\"table table-striped table-bordered\">\n<thead>\n<tr>\n<th align=\"left\"><strong>Ad\u0131m<\/strong><\/th>\n<th align=\"left\"><strong>A\u00e7\u0131klama<\/strong><\/th>\n<th align=\"left\"><strong>\u00d6nem<\/strong><\/th>\n<\/tr>\n<\/thead>\n<tbody>\n<tr>\n<td align=\"left\">Yap\u0131\u015ft\u0131r\u0131c\u0131 Se\u00e7imi<\/td>\n<td align=\"left\">Piezoelektrik eleman \u00fczerindeki stresi en aza indirmek i\u00e7in d\u00fc\u015f\u00fck k\u00fcrlenme b\u00fcz\u00fclmesi ve d\u00fc\u015f\u00fck termal genle\u015fmeye sahip bir yap\u0131\u015ft\u0131r\u0131c\u0131 se\u00e7in. Epoksi yap\u0131\u015ft\u0131r\u0131c\u0131lar (A+B tipi) yayg\u0131n olarak kullan\u0131l\u0131r.<\/td>\n<td align=\"left\">Stresi azalt\u0131r ve d\u00f6n\u00fc\u015ft\u00fcr\u00fcc\u00fc g\u00fcvenilirli\u011fini art\u0131r\u0131r.<\/td>\n<\/tr>\n<tr>\n<td align=\"left\">Y\u00fczey Haz\u0131rl\u0131\u011f\u0131<\/td>\n<td align=\"left\">Yap\u0131\u015fma mukavemetini art\u0131rmak i\u00e7in ba\u011flant\u0131 y\u00fczeyini kumlama yap\u0131n. Ard\u0131ndan y\u00fczeyi aseton veya alkolle temizleyin.<\/td>\n<td align=\"left\">Piezoelektrik eleman ile d\u00f6n\u00fc\u015ft\u00fcr\u00fcc\u00fc g\u00f6vdesi aras\u0131nda g\u00fc\u00e7l\u00fc bir ba\u011f sa\u011flar.<\/td>\n<\/tr>\n<tr>\n<td align=\"left\">Hizalama<\/td>\n<td align=\"left\">\u00c7ivi i\u015flemi ile yap\u0131\u015ft\u0131rma yaparken dikey d\u00fczeltme sa\u011flay\u0131n. Bu, yap\u0131\u015ft\u0131rma s\u0131ras\u0131nda piezoelektrik eleman \u00fczerinde d\u00fczensiz bas\u0131n\u00e7 da\u011f\u0131l\u0131m\u0131n\u0131 \u00f6nler.<\/td>\n<td align=\"left\">Piezoelektrik elemandan e\u015fit performans sa\u011flar.<\/td>\n<\/tr>\n<tr>\n<td align=\"left\">\u00d6n Gerilim Y\u00fckleme<\/td>\n<td align=\"left\">K\u00fcrlenme s\u0131ras\u0131nda hassas tutarl\u0131l\u0131kla kontroll\u00fc \u00f6n gerilim uygulay\u0131n. Bu, en iyi akustik performans i\u00e7in istenen mekanik ve elektriksel \u00f6zellikleri korumaya yard\u0131mc\u0131 olur.<\/td>\n<td align=\"left\">Uzun vadeli stabiliteyi ve d\u00f6n\u00fc\u015ft\u00fcrme verimlili\u011fini iyile\u015ftirir.<\/td>\n<\/tr>\n<tr>\n<td align=\"left\">Empedans Kontrol\u00fc<\/td>\n<td align=\"left\">D\u00f6n\u00fc\u015ft\u00fcr\u00fcc\u00fcn\u00fcn empedans\u0131n\u0131 en aza indirmek ve elektro-akustik d\u00f6n\u00fc\u015f\u00fcm\u00fc art\u0131rmak i\u00e7in yap\u0131\u015ft\u0131rma i\u015flemi s\u0131ras\u0131nda empedans kontrol\u00fc uygulay\u0131n.<\/td>\n<td align=\"left\">Enerji transferini ve genel d\u00f6n\u00fc\u015ft\u00fcr\u00fcc\u00fc verimlili\u011fini optimize eder.<\/td>\n<\/tr>\n<tr>\n<td align=\"left\">Empedans Testi<\/td>\n<td align=\"left\">K\u00fcrlenmeden sonra, ba\u011flant\u0131n\u0131n tutarl\u0131l\u0131\u011f\u0131n\u0131 ve b\u00fct\u00fcnl\u00fc\u011f\u00fcn\u00fc do\u011frulamak i\u00e7in empedans testi yap\u0131n; t\u00fcm ba\u011fl\u0131 par\u00e7alarda e\u015fit y\u00fck enerjisi sa\u011flay\u0131n.<\/td>\n<td align=\"left\">D\u00f6n\u00fc\u015ft\u00fcr\u00fcc\u00fcler aras\u0131nda tutarl\u0131 performans\u0131 garanti eder ve potansiyel performans kusurlar\u0131n\u0131 en aza indirir.<\/td>\n<\/tr>\n<tr>\n<td align=\"left\">Kablolama ve Yal\u0131t\u0131m<\/td>\n<td align=\"left\">Esnek elektrot telleri ve g\u00fcvenli, g\u00fcvenilir kaynak y\u00f6ntemleri kullan\u0131n. Elektrik k\u0131sa devrelerini \u00f6nlemek i\u00e7in yal\u0131t\u0131m\u0131 g\u00fc\u00e7lendirin.<\/td>\n<td align=\"left\">Mekanik ar\u0131zalar\u0131 ve elektriksel ar\u0131zalar\u0131 \u00f6nler.<\/td>\n<\/tr>\n<tr>\n<td align=\"left\">Yal\u0131t\u0131m Testi<\/td>\n<td align=\"left\">Herhangi bir elektrik k\u0131sa devresi veya hasar riskini \u00f6nlemek i\u00e7in kablolamadan sonra yal\u0131t\u0131m testi yap\u0131n.<\/td>\n<td align=\"left\">D\u00f6n\u00fc\u015ft\u00fcr\u00fcc\u00fcn\u00fcn g\u00fcvenli\u011fini ve g\u00fcvenilirli\u011fini sa\u011flar.<\/td>\n<\/tr>\n<tr>\n<td align=\"left\">Hata Ay\u0131klama<\/td>\n<td align=\"left\">Makineyi s\u0131cak suda (40-60\u00b0C) hata ay\u0131klay\u0131n ve \u00e7al\u0131\u015fma s\u0131ras\u0131nda s\u0131cakl\u0131\u011f\u0131 80\u00b0C&#8217;nin alt\u0131nda tutun.<\/td>\n<td align=\"left\">Y\u00fcksek \u00e7al\u0131\u015fma s\u0131cakl\u0131klar\u0131yla ilgili riskleri en aza indirir.<\/td>\n<\/tr>\n<\/tbody>\n<\/table>\n<h3><img loading=\"lazy\" decoding=\"async\" class=\"alignnone size-full wp-image-5528\" src=\"\/\/www.bjultrasonic.com\/wp-content\/uploads\/2012\/04\/Bonding-Process-of-Piezoelectric-Ultrasonic-Transducer-Glue.jpg\" alt=\"Piezoelektrik Ultrasonik D\u00f6n\u00fc\u015ft\u00fcr\u00fcc\u00fcn\u00fcn Yap\u0131\u015ft\u0131rma \u0130\u015flemi\" width=\"620\" height=\"465\" \/><\/h3>\n<h3>5. Frekans Se\u00e7imi<\/h3>\n<p>Uygun bir \u00e7al\u0131\u015fma frekans\u0131n\u0131n se\u00e7imi, spesifik uygulamaya ve i\u015flenecek malzeme veya nesnelerin do\u011fas\u0131na ba\u011fl\u0131d\u0131r.<\/p>\n<table class=\"table table-striped table-bordered\">\n<thead>\n<tr>\n<th align=\"left\"><strong>Frekans Aral\u0131\u011f\u0131<\/strong><\/th>\n<th align=\"left\"><strong>\u00d6zellikler<\/strong><\/th>\n<th align=\"left\"><strong>Tipik Uygulamalar<\/strong><\/th>\n<\/tr>\n<\/thead>\n<tbody>\n<tr>\n<td align=\"left\"><strong>D\u00fc\u015f\u00fck (17-23 kHz)<\/strong><\/td>\n<td align=\"left\">Daha b\u00fcy\u00fck kavitasyon baloncuklar\u0131 \u00fcretir; a\u011f\u0131r kirler ve dayan\u0131kl\u0131 nesneler \u00fczerinde daha etkilidir.<\/td>\n<td align=\"left\">Manyetik sekt\u00f6r, ara\u00e7 bak\u0131m\u0131, tekstil end\u00fcstrileri.<\/td>\n<\/tr>\n<tr>\n<td align=\"left\"><strong>Orta (25-28 kHz)<\/strong><\/td>\n<td align=\"left\">Temizleme g\u00fcc\u00fc ve y\u00fczey hassasiyeti aras\u0131nda bir denge sa\u011flar; orta dereceli kirler \u00fczerinde etkilidir.<\/td>\n<td align=\"left\">\u00c7o\u011fu mekanik i\u015fleme, galvanizleme, g\u0131da end\u00fcstrileri.<\/td>\n<\/tr>\n<tr>\n<td align=\"left\"><strong>Y\u00fcksek (33-60 kHz)<\/strong><\/td>\n<td align=\"left\">Daha k\u00fc\u00e7\u00fck kavitasyon baloncuklar\u0131 olu\u015fturur; hassas par\u00e7alar\u0131n ve y\u00fczeylerin ince temizli\u011fi i\u00e7in idealdir.<\/td>\n<td align=\"left\">Hassas par\u00e7alar, cam, lensler, elektronik bile\u015fenler, devre kartlar\u0131.<\/td>\n<\/tr>\n<tr>\n<td align=\"left\"><strong>\u00c7ok Y\u00fcksek (68-200 kHz)<\/strong><\/td>\n<td align=\"left\">D\u00fc\u015f\u00fck fiziksel etki ve son derece y\u00fcksek temizlik seviyesi ile en k\u00fc\u00e7\u00fck kavitasyon baloncuklar\u0131n\u0131 \u00fcretir.<\/td>\n<td align=\"left\">Y\u00fcksek hassasiyetli malzemeler, mikroak\u0131\u015fkanlar ve biyomedikal uygulamalar.<\/td>\n<\/tr>\n<\/tbody>\n<\/table>\n<p>\u00d6zetle, d\u00fc\u015f\u00fck frekanslar b\u00fcy\u00fck kirleticilerin giderilmesi i\u00e7in daha iyiyken, y\u00fcksek frekanslar hassas temizleme i\u00e7in daha uygundur.<\/p>\n<p>Ultrasonik transd\u00fcserler, elektrik enerjisini mekanik titre\u015fimlere d\u00f6n\u00fc\u015ft\u00fcrme ve tersini yapma yetenekleri sayesinde geni\u015f bir uygulama yelpazesine sahip \u00e7ok y\u00f6nl\u00fc cihazlard\u0131r. Farkl\u0131 s\u0131n\u0131fland\u0131rmalar\u0131, adland\u0131rma kurallar\u0131n\u0131, \u00e7al\u0131\u015fma prensiplerini, ba\u011flama s\u00fcre\u00e7lerini ve frekans se\u00e7im kriterlerini anlamak, belirli bir uygulama i\u00e7in do\u011fru transd\u00fcseri se\u00e7mek ve kullanmak i\u00e7in \u00e7ok \u00f6nemlidir. Piezoelektrik malzemelerin kullan\u0131m\u0131, hassas tasar\u0131m ve ba\u011flama teknikleriyle birle\u015fti\u011finde ultrasonik dalgalar\u0131n verimli bir \u015fekilde \u00fcretilmesini ve manip\u00fcle edilmesini sa\u011flar ve bu da bu transd\u00fcserleri say\u0131s\u0131z end\u00fcstride paha bi\u00e7ilmez k\u0131lar.<\/p>\n","protected":false},"excerpt":{"rendered":"<p>Bir ultrasonik transd\u00fcser, enerjiyi bir formdan di\u011ferine d\u00f6n\u00fc\u015ft\u00fcren bir cihazd\u0131r; \u00f6zellikle elektrik enerjisi ile ultrasonik frekanslardaki (insan i\u015fitme aral\u0131\u011f\u0131n\u0131n \u00fczerindeki frekanslar, tipik olarak 20 kHz \u00fczeri) akustik (ses) enerjisi aras\u0131nda d\u00f6n\u00fc\u015f\u00fcm yapar. Daha basit bir ifadeyle, insanlar\u0131n duyamayaca\u011f\u0131 frekanslarda ses dalgalar\u0131 \u00fcretebilen ve alabilen bir cihazd\u0131r. 1. S\u0131n\u0131fland\u0131rma Ultrasonik transd\u00fcserler, belirli uygulamalar\u0131na, malzemelerine, frekanslar\u0131na, g\u00fc\u00e7lerine<\/p>\n","protected":false},"author":1,"featured_media":1326,"parent":0,"menu_order":0,"comment_status":"closed","ping_status":"closed","template":"","meta":{"footnotes":""},"class_list":["post-72711","page","type-page","status-publish","has-post-thumbnail","hentry","prodpage-classic"],"aioseo_notices":[],"_links":{"self":[{"href":"https:\/\/www.bjultrasonic.com\/tr\/wp-json\/wp\/v2\/pages\/72711","targetHints":{"allow":["GET"]}}],"collection":[{"href":"https:\/\/www.bjultrasonic.com\/tr\/wp-json\/wp\/v2\/pages"}],"about":[{"href":"https:\/\/www.bjultrasonic.com\/tr\/wp-json\/wp\/v2\/types\/page"}],"author":[{"embeddable":true,"href":"https:\/\/www.bjultrasonic.com\/tr\/wp-json\/wp\/v2\/users\/1"}],"replies":[{"embeddable":true,"href":"https:\/\/www.bjultrasonic.com\/tr\/wp-json\/wp\/v2\/comments?post=72711"}],"version-history":[{"count":0,"href":"https:\/\/www.bjultrasonic.com\/tr\/wp-json\/wp\/v2\/pages\/72711\/revisions"}],"wp:featuredmedia":[{"embeddable":true,"href":"https:\/\/www.bjultrasonic.com\/tr\/wp-json\/wp\/v2\/media\/1326"}],"wp:attachment":[{"href":"https:\/\/www.bjultrasonic.com\/tr\/wp-json\/wp\/v2\/media?parent=72711"}],"curies":[{"name":"wp","href":"https:\/\/api.w.org\/{rel}","templated":true}]}}