{"id":72731,"date":"2022-06-09T02:42:02","date_gmt":"2022-06-09T07:42:02","guid":{"rendered":"https:\/\/www.bjultrasonic.com\/ultrasonic-cleaners-technical-specification\/"},"modified":"2026-03-12T09:31:11","modified_gmt":"2026-03-12T14:31:11","slug":"ultrasonic-cleaners-technical-specification","status":"publish","type":"page","link":"https:\/\/www.bjultrasonic.com\/tr\/ultrasonic-cleaners-technical-specification\/","title":{"rendered":"Ultrasonik Temizleyici Teknik Genel Bak\u0131\u015f"},"content":{"rendered":"<p><a href=\"https:\/\/www.bjultrasonic.com\/tr\/category\/ultrasonic-cleaning-system-tr\/\">Ultrasonik temizleme<\/a>, \u00e7ok \u00e7e\u015fitli nesnelerden kirleticileri uzakla\u015ft\u0131rmak i\u00e7in olduk\u00e7a etkili bir y\u00f6ntemdir. \u0130nsan kula\u011f\u0131n\u0131n duyamayaca\u011f\u0131 y\u00fcksek frekansl\u0131 ses dalgalar\u0131n\u0131 kullanarak bir temizleme sol\u00fcsyonunu harekete ge\u00e7irir. Bu hareketlendirme, en karma\u015f\u0131k ve ula\u015f\u0131lmas\u0131 zor alanlara bile ula\u015fabilen g\u00fc\u00e7l\u00fc bir ovma etkisi yarat\u0131r ve ya\u011f, toz, k\u00fcf, pas, parmak izi, mantar, is ve bakteri gibi safs\u0131zl\u0131klar\u0131 etkili bir \u015fekilde temizler. Bu y\u00f6ntem, cam, metaller, seramikler, plastikler ve kau\u00e7uk gibi \u00e7e\u015fitli malzemeler i\u00e7in uygundur ve bu da onu farkl\u0131 uygulamalar i\u00e7in \u00e7ok y\u00f6nl\u00fc bir temizlik \u00e7\u00f6z\u00fcm\u00fc haline getirir.<\/p>\n<h3>1. Ultrasonik Temizlemenin Mekanizmas\u0131<\/h3>\n<p>Ultrasonik temizleme, <a href=\"https:\/\/www.bjultrasonic.com\/tr\/category\/ultrasonic-transducer-tr\/\">piezoelektrik d\u00f6n\u00fc\u015ft\u00fcr\u00fcc\u00fcler<\/a> kullanarak bir s\u0131v\u0131 i\u00e7inde s\u0131k\u0131\u015ft\u0131rma ve seyreltme dalgalar\u0131 \u00fcretilerek \u00e7al\u0131\u015f\u0131r. Genellikle piezoseramik malzemeden yap\u0131lan bu d\u00f6n\u00fc\u015ft\u00fcr\u00fcc\u00fcler, paslanmaz \u00e7elik bir tank\u0131n yan\u0131na veya alt\u0131na ba\u011flan\u0131r. Bir elektrik sinyali uyguland\u0131\u011f\u0131nda, d\u00f6n\u00fc\u015ft\u00fcr\u00fcc\u00fcler h\u0131zla titre\u015fir, tank duvarlar\u0131n\u0131n hareket etmesine ve s\u0131v\u0131da bas\u0131n\u00e7 dalgalar\u0131 olu\u015fturmas\u0131na neden olur. Bu i\u015flem, s\u00fcrekli bas\u0131n\u00e7 dalgalanmalar\u0131 nedeniyle b\u00fcy\u00fcyen ve \u015fiddetle \u00e7\u00f6ken k\u00fc\u00e7\u00fck vakum bo\u015fluklar\u0131 olu\u015fturur. Bu bo\u015fluklar\u0131n \u00e7\u00f6kmesi, lokalize y\u00fcksek s\u0131cakl\u0131klar (5000\u00b0C&#8217;ye kadar) ve bat\u0131r\u0131lm\u0131\u015f nesnelerden kiri etkili bir \u015fekilde uzakla\u015ft\u0131ran g\u00fc\u00e7l\u00fc s\u0131v\u0131 jetleri yarat\u0131r.<\/p>\n<table class=\"table table-striped table-bordered\">\n<thead>\n<tr>\n<th>\u0130\u015flem Ad\u0131m\u0131<\/th>\n<th>A\u00e7\u0131klama<\/th>\n<\/tr>\n<\/thead>\n<tbody>\n<tr>\n<td><strong>D\u00f6n\u00fc\u015ft\u00fcr\u00fcc\u00fc Uyar\u0131m\u0131<\/strong><\/td>\n<td>D\u00f6n\u00fc\u015ft\u00fcr\u00fcc\u00fclere elektrik sinyali uygulanarak h\u0131zla titre\u015fmeleri sa\u011flan\u0131r.<\/td>\n<\/tr>\n<tr>\n<td><strong>Dalga Olu\u015fumu<\/strong><\/td>\n<td>D\u00f6n\u00fc\u015ft\u00fcr\u00fcc\u00fclerin titre\u015fimi, s\u0131v\u0131da s\u0131k\u0131\u015ft\u0131rma ve seyreltme dalgalar\u0131 olu\u015fturur.<\/td>\n<\/tr>\n<tr>\n<td><strong>Kavitasyon<\/strong><\/td>\n<td>Bas\u0131n\u00e7 dalgalar\u0131, b\u00fcy\u00fcyen ve \u015fiddetle \u00e7\u00f6ken vakum bo\u015fluklar\u0131 olu\u015fturur.<\/td>\n<\/tr>\n<tr>\n<td><strong>Temizleme Etkisi<\/strong><\/td>\n<td>Kavitasyon \u00e7\u00f6kmesi, kiri uzakla\u015ft\u0131ran lokalize y\u00fcksek s\u0131cakl\u0131klar ve g\u00fc\u00e7l\u00fc s\u0131v\u0131 jetleri olu\u015fturur.<\/td>\n<\/tr>\n<\/tbody>\n<\/table>\n<p>Temizleme i\u015flemini geli\u015ftirmek i\u00e7in, temizleme sol\u00fcsyonuna genellikle deterjanlar veya sabunlar eklenir. S\u0131v\u0131y\u0131 \u0131s\u0131tmak ayr\u0131ca temizlik kimyasallar\u0131n\u0131n etkinli\u011fini art\u0131rabilir ve herhangi bir vakum cebini giderebilir; kaynama noktas\u0131n\u0131n %80&#8217;ine kadar s\u0131cakl\u0131klar \u00f6nerilir. Temizlenecek e\u015fyalar, hasar\u0131 \u00f6nlemek i\u00e7in genellikle do\u011frudan tanka de\u011fil, bir sepete yerle\u015ftirilir.<\/p>\n<p><iframe loading=\"lazy\" title=\"Degreasing And Derusting With Ultrasonic Cleaning Tanks\" width=\"500\" height=\"281\" src=\"https:\/\/www.youtube.com\/embed\/OXiEKC74BYw?feature=oembed\" frameborder=\"0\" allow=\"accelerometer; autoplay; clipboard-write; encrypted-media; gyroscope; picture-in-picture; web-share\" referrerpolicy=\"strict-origin-when-cross-origin\" allowfullscreen><\/iframe><\/p>\n<h3>2. Ultrasonik Temizleme Sistemlerinin T\u00fcrleri<\/h3>\n<p>Ultrasonik temizleme sistemleri, farkl\u0131 ihtiya\u00e7lara uyacak \u015fekilde \u00e7e\u015fitli konfig\u00fcrasyonlarda mevcuttur:<\/p>\n<ul>\n<li><strong>Tek Tankl\u0131 Temizleme Sistemi:<\/strong> Daha k\u00fc\u00e7\u00fck hacimli par\u00e7alar i\u00e7in uygundur. Daha az sa\u011flam ve daha k\u00fc\u00e7\u00fck d\u00f6n\u00fc\u015ft\u00fcr\u00fcc\u00fclere sahip masa\u00fcst\u00fc modeller yerine, ayr\u0131ca muhafazal\u0131 jenerat\u00f6rlere sahip end\u00fcstriyel s\u0131n\u0131f \u00fcniteler \u00f6nerilir. Bu sistemler, prototip ve laboratuvar temizlik hatlar\u0131 i\u00e7in idealdir.<\/li>\n<li><strong>Ticari\/End\u00fcstriyel Temizleme D\u00fczenekleri:<\/strong> Daha b\u00fcy\u00fck tanklar, end\u00fcstriyel uygulamalar ve kaplama par\u00e7alar\u0131 i\u00e7in tasarlanm\u0131\u015ft\u0131r; burada par\u00e7alar\u0131n boyutu daha \u00f6nemli olabilir.<\/li>\n<li><strong>\u00c7ok Tankl\u0131 Temizleme D\u00fczene\u011fi:<\/strong> Bu d\u00fczenek en az \u00fc\u00e7 tank i\u00e7erir: bir ultrasonik deterjan tank\u0131, bir ultrasonik durulama tank\u0131 ve ayr\u0131 bir p\u00fcsk\u00fcrtmeli durulama tank\u0131. \u00c7oklu tanklar, otomatik drenaj, dolum, filtrasyon ve DI s\u0131v\u0131 \u0131s\u0131t\u0131c\u0131lar\u0131 gibi \u00f6zelliklerle, birden fazla par\u00e7an\u0131n ayn\u0131 anda temizlenmesine olanak tan\u0131r. Bu d\u00fczenek, ek ultrasonik durulama ve p\u00fcsk\u00fcrtme tanklar\u0131 ile daha da geli\u015ftirilebilir.<\/li>\n<li><strong>Otomatik Temizleme Sistemleri:<\/strong> Otomatik sistemler, her parti i\u00e7in tutarl\u0131 temizlik ko\u015fullar\u0131 sa\u011flayarak, manuel i\u015flemlerle ilgili tutars\u0131zl\u0131klar\u0131 ortadan kald\u0131r\u0131r.<\/li>\n<\/ul>\n<div class=\"woocommerce columns-6\"><\/div>\n<h3>3. Neden Ultrasonik Temizleme Tercih Edilmeli?<\/h3>\n<p>Ultrasonik temizleme \u00e7evre dostudur ve geleneksel buhar ya\u011f alma y\u00f6ntemlerinin etkili bir alternatifidir. Jet etkisi, di\u011fer temizleme y\u00f6ntemlerinin ula\u015famad\u0131\u011f\u0131 karma\u015f\u0131k yar\u0131k ve y\u00fczeylerin derinliklerine ula\u015fabilir. S\u00fcreci daha da geli\u015ftirmek i\u00e7in otomatik ta\u015f\u0131ma sistemleri, jet p\u00fcsk\u00fcrtmeler ve ya\u011f s\u0131y\u0131r\u0131c\u0131lar entegre edilebilir.<\/p>\n<h3>4. Ultrasonik Temizlemenin Uygulama Alanlar\u0131<\/h3>\n<p>Ultrasonik temizleme, etkinli\u011fi ve verimlili\u011fi nedeniyle \u00e7e\u015fitli end\u00fcstrilerde kullan\u0131l\u0131r. \u0130\u015fte baz\u0131 \u00f6nemli uygulamalar:<\/p>\n<h4>4.1. Yay\u0131nc\u0131l\u0131k ve Bask\u0131 End\u00fcstrisi<\/h4>\n<p>Ultrasonik temizleme, \u00f6zellikle Seramik Aniloks rulolar\u0131n\u0131 temizlemede, geleneksel y\u00f6ntemlerin k\u00fc\u00e7\u00fck bo\u015fluklara ula\u015famad\u0131\u011f\u0131 durumlarda, bask\u0131 end\u00fcstrisinde olduk\u00e7a etkilidir. \u00d6rne\u011fin, Beijing Ultrasonic&#8217;ten bir sistem ayn\u0131 anda 12&#8217;ye kadar ruloyu temizleyebilir. Temel \u00f6zellikler aras\u0131nda, frekans\u0131n s\u00fcrekli d\u00f6nd\u00fcr\u00fclerek ses dalgalar\u0131n\u0131n rulo y\u00fczeyinde e\u015fit \u015fekilde da\u011f\u0131lmas\u0131n\u0131 sa\u011flayan frekans taramas\u0131 ve tarama h\u0131z\u0131n\u0131 art\u0131rarak kapsaml\u0131 ve nazik bir temizlik sa\u011flayan &#8220;S\u00fcper tarama&#8221; \u00f6zelli\u011fi yer al\u0131r.<\/p>\n<p><img loading=\"lazy\" decoding=\"async\" class=\"alignnone size-full wp-image-1597\" src=\"\/\/www.bjultrasonic.com\/wp-content\/uploads\/2013\/05\/publishing-and-printing-business.jpg\" alt=\"yay\u0131nc\u0131l\u0131k ve bask\u0131 i\u015fi\" width=\"650\" height=\"300\" \/><\/p>\n<h4>4.2. T\u0131bbi ve Klinik End\u00fcstrisi<\/h4>\n<p>Ultrasonik temizleme, cerrahi ekipmanlar, endoskopi t\u00fcpleri, ortopedik implantlar, lensler ve hipodermik i\u011fnelerin temizlenmesi i\u00e7in t\u0131p alan\u0131nda gereklidir. Etkili temizleme, ba\u015far\u0131l\u0131 bir sterilizasyon i\u00e7in kritik \u00f6neme sahiptir. Ultrasonik temizleme sterilizasyon sa\u011flamasa da kirleticileri etkili bir \u015fekilde uzakla\u015ft\u0131r\u0131r. Tipik bir i\u015flem, \u00f6n y\u0131kama, ultrasonik y\u0131kama, kademeli durulamalar ve s\u0131cak hava ile b\u0131\u00e7ak kurutmay\u0131 i\u00e7erir.<\/p>\n<p><img loading=\"lazy\" decoding=\"async\" class=\"alignnone size-full wp-image-1598\" title=\"t\u0131bbi ve klinik end\u00fcstrisi\" src=\"\/\/www.bjultrasonic.com\/wp-content\/uploads\/2013\/05\/medicinal-and-clinical-industry.jpg\" alt=\"t\u0131bbi ve klinik end\u00fcstrisi\" width=\"650\" height=\"320\" \/><\/p>\n<h4>4.3. Dental ve Ortopedik \u0130mplant Temizli\u011fi<\/h4>\n<p>Ortopedik implantlar i\u00e7in hassas temizlik \u00e7ok \u00f6nemlidir ve ultrasonik sistemler toz, ya\u011f ve bile\u015fikleri tamamen temizlemek \u00fczere tasarlanm\u0131\u015ft\u0131r. Y\u00fczey s\u00fcp\u00fcrme ve turbo filtreli \u00f6n y\u0131kama, ultrasonik y\u0131kama, kademeli durulama ve b\u0131\u00e7ak kurutma gibi i\u015flemleri i\u00e7eren, \u00f6zel gereksinimleri kar\u015f\u0131lamak i\u00e7in otomatik ve yar\u0131 otomatik \u00f6zelliklere sahip \u00e7ok a\u015famal\u0131 sistemler mevcuttur.<\/p>\n<p><img loading=\"lazy\" decoding=\"async\" class=\" wp-image-1599 alignnone\" title=\"Dental ve Ortopedik Yerle\u015ftirme ve \u0130mplant Temizli\u011fi\" src=\"\/\/www.bjultrasonic.com\/wp-content\/uploads\/2013\/05\/Dental-and-Orthopedic-Insertion-and-Implant-Cleaning.png\" alt=\"Dental ve Ortopedik Yerle\u015ftirme ve \u0130mplant Temizli\u011fi\" width=\"650\" height=\"323\" \/><\/p>\n<h4>4.4. Z\u0131rh ve Top\u00e7u Sanayii<\/h4>\n<p>Ultrasonik temizlik, ate\u015fli silahlar i\u00e7in olduk\u00e7a etkilidir; kurum, ya\u011flar, yanm\u0131\u015f barutun yan \u00fcr\u00fcnleri ve kur\u015fun\/bak\u0131r birikintilerini temizler. Manuel temizlikten daha etkilidir ve i\u00e7 ve d\u0131\u015f y\u00fczeyleri temizler. Sistemler, kal\u0131nt\u0131lar\u0131 giderirken silahlar\u0131 yeni gibi b\u0131rakan hidrolik iticiler ve \u00f6zel sol\u00fcsyonlar i\u00e7erir. Beijing Ultrasonic, bu teknolojiyi \u00c7in&#8217;de kullanmada bir liderdir.<\/p>\n<p><img loading=\"lazy\" decoding=\"async\" class=\"alignnone size-full wp-image-1600\" src=\"\/\/www.bjultrasonic.com\/wp-content\/uploads\/2013\/05\/Armor-and-artillery-Industry.jpg\" alt=\"Z\u0131rh ve top\u00e7u sanayii\" width=\"650\" height=\"286\" \/><\/p>\n<h4>4.5. Araba ve Otomotiv Sanayii<\/h4>\n<p>Ultrasonik temizlik, pistonlar, krank milleri, rulmanlar, di\u015fliler, yak\u0131t enjekt\u00f6rleri ve klima bile\u015fenleri gibi otomotiv par\u00e7alar\u0131n\u0131 temizlemek i\u00e7in kullan\u0131l\u0131r. Bu sistemlerin tasar\u0131m\u0131, kirleticilerin t\u00fcr\u00fc, gerekli temizlik seviyeleri, par\u00e7a miktar\u0131, \u015fekli, malzemesi ve genel \u00fcretim h\u0131z\u0131 dikkate al\u0131narak yap\u0131l\u0131r. Standart sistemler temizleme, durulama ve kurutma a\u015famalar\u0131n\u0131 i\u00e7erir. Hava hapsolmas\u0131n\u0131 \u00f6nlemek ve temizleme sol\u00fcsyonunun t\u00fcm y\u00fczeylere etkili bir \u015fekilde ula\u015fmas\u0131n\u0131 sa\u011flamak i\u00e7in par\u00e7a ta\u015f\u0131ma \u00e7ok \u00f6nemlidir.<\/p>\n<p><img loading=\"lazy\" decoding=\"async\" class=\"alignnone size-full wp-image-1602\" src=\"\/\/www.bjultrasonic.com\/wp-content\/uploads\/2013\/05\/Car-and-Automotive-Industry.jpg\" alt=\"Araba ve Otomotiv Sanayii\" width=\"650\" height=\"316\" \/><\/p>\n<h4>4.6. S\u00fcs E\u015fyalar\u0131, M\u00fccevher ve Tarihi Eserler Sanayii<\/h4>\n<p>Ultrasonik temizleyiciler, m\u00fccevher, g\u00f6zl\u00fck ve lensleri temizlemek i\u00e7in idealdir. Bir f\u0131r\u00e7an\u0131n ula\u015famayaca\u011f\u0131 alanlara ula\u015fan milyonlarca baloncu\u011fu olu\u015fturmak i\u00e7in bir temizleme kar\u0131\u015f\u0131m\u0131 ile su kullan\u0131rlar. \u00d6zel \u00f6zellikler aras\u0131nda g\u00fcvenlik i\u00e7in ayr\u0131 devre planlar\u0131, dijital zaman g\u00f6stergeleri ve saat\/m\u00fccevher tutucular\u0131 bulunur.<\/p>\n<p><iframe loading=\"lazy\" title=\"Digital Ultrasonic Cleaner - Beijing Ultrasonic\" width=\"500\" height=\"281\" src=\"https:\/\/www.youtube.com\/embed\/gVMD-PH8CBo?feature=oembed\" frameborder=\"0\" allow=\"accelerometer; autoplay; clipboard-write; encrypted-media; gyroscope; picture-in-picture; web-share\" referrerpolicy=\"strict-origin-when-cross-origin\" allowfullscreen><\/iframe><\/p>\n<h4>4.7. Donan\u0131m ve Pirin\u00e7 E\u015fya Sanayi Temizli\u011fi<\/h4>\n<p>Ultrasonik sistemler, mutfak e\u015fyalar\u0131, musluklar, avizeler ve pirin\u00e7 enstr\u00fcmanlar gibi cilalama sonras\u0131 metal \u00fcr\u00fcnleri temizlemek i\u00e7in kullan\u0131l\u0131r. Sistemler, hayvansal ve bitkisel ya\u011flar ile cila tozlar\u0131n\u0131n giderilmesini sa\u011flayabilir. Sistemin \u00f6zellikleri aras\u0131nda yava\u015f ve dolayl\u0131 \u0131s\u0131tma, so\u011futma borular\u0131 ve otomatik g\u00fcvenlik \u00f6zellikleri bulunur.<\/p>\n<p><img loading=\"lazy\" decoding=\"async\" class=\"size-full wp-image-1604 alignnone\" title=\"Donan\u0131m ve Pirin\u00e7 E\u015fya Sanayi Temizli\u011fi\" src=\"\/\/www.bjultrasonic.com\/wp-content\/uploads\/2013\/05\/Hardware-and-Brassware-Industrial-Cleaning.jpg\" alt=\"Donan\u0131m ve Pirin\u00e7 E\u015fya Sanayi Temizli\u011fi\" width=\"650\" height=\"425\" \/><\/p>\n<h4>4.8. T\u00fckenmez Kalem Ucu Temizli\u011fi<\/h4>\n<p>Ultrasonik temizlik, t\u00fckenmez kalem u\u00e7lar\u0131 gibi tornalanm\u0131\u015f \u00fcr\u00fcnleri temizlemek i\u00e7in tek g\u00fcvenilir y\u00f6ntemdir. S\u00fcre\u00e7, d\u00f6nd\u00fcrme ve ultrasonik hareket gerektirir. Tipik bir sistem, \u0131s\u0131t\u0131lm\u0131\u015f deterjanla temizleme, so\u011fuk ve \u0131l\u0131k suyla durulama ve s\u0131cak bas\u0131n\u00e7l\u0131 havayla kurutma a\u015famalar\u0131n\u0131 i\u00e7erir. Temizleme sistemi tam otomatik ve \u00e7evre dostu olabilir.<\/p>\n<p><img loading=\"lazy\" decoding=\"async\" class=\"alignnone size-full wp-image-1605\" title=\"T\u00fckenmez Kalem Ucunu Temizlemek i\u00e7in Ultrasonik \u0130\u015flem\" src=\"\/\/www.bjultrasonic.com\/wp-content\/uploads\/2013\/05\/Ultrasonic-treatment-to-clean-Ballpoint-Pen-Tip.jpg\" alt=\"T\u00fckenmez Kalem Ucunu Temizlemek i\u00e7in Ultrasonik \u0130\u015flem\" width=\"650\" height=\"244\" \/><\/p>\n<p>Ultrasonik temizlik teknolojisi, bir\u00e7ok sekt\u00f6rde \u00e7ok \u00e7e\u015fitli \u00fcr\u00fcnleri temizlemek i\u00e7in verimli, etkili ve \u00e7ok y\u00f6nl\u00fc bir \u00e7\u00f6z\u00fcm sunar. Hassas t\u0131bbi aletlerden b\u00fcy\u00fck otomotiv par\u00e7alar\u0131na kadar, y\u00fcksek frekansl\u0131 ses dalgalar\u0131n\u0131n uygulanmas\u0131, geleneksel temizleme y\u00f6ntemleriyle elde edilmesi zor olan \u00fcst\u00fcn bir temizlik performans\u0131 sa\u011flar. \u00d6zellikle Beijing Ultrasonic, frekans tarama ve s\u00fcper tarama gibi geli\u015fmi\u015f teknolojileriyle, en zorlu temizleme uygulamalar\u0131 i\u00e7in bile y\u00fcksek kaliteli, g\u00fcvenilir ve g\u00fcvenli temizleme \u00e7\u00f6z\u00fcmleri sunarak \u00f6ne \u00e7\u0131kmaktad\u0131r.<\/p>\n","protected":false},"excerpt":{"rendered":"<p>Ultrasonik temizleme, \u00e7ok \u00e7e\u015fitli nesnelerden kirleticileri uzakla\u015ft\u0131rmak i\u00e7in olduk\u00e7a etkili bir y\u00f6ntemdir. \u0130nsan kula\u011f\u0131n\u0131n duyamayaca\u011f\u0131 y\u00fcksek frekansl\u0131 ses dalgalar\u0131n\u0131 kullanarak bir temizleme sol\u00fcsyonunu harekete ge\u00e7irir. Bu hareketlendirme, en karma\u015f\u0131k ve ula\u015f\u0131lmas\u0131 zor alanlara bile ula\u015fabilen g\u00fc\u00e7l\u00fc bir ovma etkisi yarat\u0131r ve ya\u011f, toz, k\u00fcf, pas, parmak izi, mantar, is ve bakteri gibi safs\u0131zl\u0131klar\u0131 etkili bir<\/p>\n","protected":false},"author":1,"featured_media":4843,"parent":0,"menu_order":2,"comment_status":"closed","ping_status":"closed","template":"","meta":{"footnotes":""},"class_list":["post-72731","page","type-page","status-publish","has-post-thumbnail","hentry","prodpage-classic"],"aioseo_notices":[],"_links":{"self":[{"href":"https:\/\/www.bjultrasonic.com\/tr\/wp-json\/wp\/v2\/pages\/72731","targetHints":{"allow":["GET"]}}],"collection":[{"href":"https:\/\/www.bjultrasonic.com\/tr\/wp-json\/wp\/v2\/pages"}],"about":[{"href":"https:\/\/www.bjultrasonic.com\/tr\/wp-json\/wp\/v2\/types\/page"}],"author":[{"embeddable":true,"href":"https:\/\/www.bjultrasonic.com\/tr\/wp-json\/wp\/v2\/users\/1"}],"replies":[{"embeddable":true,"href":"https:\/\/www.bjultrasonic.com\/tr\/wp-json\/wp\/v2\/comments?post=72731"}],"version-history":[{"count":0,"href":"https:\/\/www.bjultrasonic.com\/tr\/wp-json\/wp\/v2\/pages\/72731\/revisions"}],"wp:featuredmedia":[{"embeddable":true,"href":"https:\/\/www.bjultrasonic.com\/tr\/wp-json\/wp\/v2\/media\/4843"}],"wp:attachment":[{"href":"https:\/\/www.bjultrasonic.com\/tr\/wp-json\/wp\/v2\/media?parent=72731"}],"curies":[{"name":"wp","href":"https:\/\/api.w.org\/{rel}","templated":true}]}}