{"id":72751,"date":"2022-09-24T11:05:39","date_gmt":"2022-09-24T16:05:39","guid":{"rendered":"https:\/\/www.bjultrasonic.com\/ultrasonic-generator-technical-specification\/"},"modified":"2026-03-12T09:30:45","modified_gmt":"2026-03-12T14:30:45","slug":"ultrasonic-generator-technical-specification","status":"publish","type":"page","link":"https:\/\/www.bjultrasonic.com\/tr\/ultrasonic-generator-technical-specification\/","title":{"rendered":"Ultrasonik Jenerat\u00f6r Teknik \u00d6zeti"},"content":{"rendered":"<p><a href=\"https:\/\/www.bjultrasonic.com\/tr\/category\/ultrasonic-generator-tr\/\">Ultrasonik jenerat\u00f6rler<\/a>, <a href=\"https:\/\/www.bjultrasonic.com\/tr\/category\/ultrasonic-cleaning-system-tr\/\">ultrasonik temizleme sistemlerinin<\/a> temel bile\u015fenidir ve elektrik enerjisini transd\u00fcserleri s\u00fcren y\u00fcksek frekansl\u0131 elektrik sinyallerine d\u00f6n\u00fc\u015ft\u00fcrmekten sorumludur. Bu transd\u00fcserler daha sonra elektrik sinyallerini mekanik titre\u015fimlere d\u00f6n\u00fc\u015ft\u00fcrerek, kirleticileri uzakla\u015ft\u0131ran temizleme sol\u00fcsyonunda kavitasyon etkisi yarat\u0131r. Ultrasonik jenerat\u00f6r\u00fcn performans\u0131 ve g\u00fcvenilirli\u011fi, etkili ve verimli temizleme i\u00e7in \u00e7ok \u00f6nemlidir. Bu makale, \u00f6zellikle Beijing Ultrasonic taraf\u0131ndan sunulanlar olmak \u00fczere, ultrasonik jenerat\u00f6rlerin teknik y\u00f6nlerini, \u00f6zelliklerini, teknik \u00f6zelliklerini ve ayar prosed\u00fcrlerini inceleyecektir.<\/p>\n<h3>1. Ultrasonik Jenerat\u00f6r \u00d6zellikleri ve \u0130\u015flevleri<\/h3>\n<p>Beijing Ultrasonic&#8217;in jenerat\u00f6rleri, geli\u015fmi\u015f mikroi\u015flemci kontrol teknolojisi ile tasarlanm\u0131\u015f olup, performanslar\u0131n\u0131 ve g\u00fcvenilirliklerini art\u0131ran bir dizi \u00f6zellik ve i\u015flev sunar. Dijital frekans sentezi ile sa\u011flanan otomatik frekans takibi \u00f6nemli bir \u00f6zelliktir. Bu, jenerat\u00f6r\u00fcn her zaman ba\u011fl\u0131 transd\u00fcser i\u00e7in en uygun frekansta \u00e7al\u0131\u015fmas\u0131n\u0131 sa\u011flayarak temizleme s\u00fcrecini optimize eder. Bu \u00f6zellik, manuel frekans ayarlamas\u0131 ihtiyac\u0131n\u0131 ortadan kald\u0131r\u0131r ve tutarl\u0131 temizleme sonu\u00e7lar\u0131 sa\u011flar.<\/p>\n<p>Ayr\u0131ca, jenerat\u00f6rler a\u015f\u0131r\u0131 \u0131s\u0131nmaya ve a\u015f\u0131r\u0131 ak\u0131ma kar\u015f\u0131 kapsaml\u0131 koruma mekanizmalar\u0131 ile donat\u0131lm\u0131\u015ft\u0131r. Bu g\u00fcvenlik \u00f6nlemleri, uzun s\u00fcreli \u00e7al\u0131\u015fma s\u0131ras\u0131nda bile jenerat\u00f6r\u00fcn ve ultrasonik temizleme sisteminin hasar g\u00f6rmesini \u00f6nlemek i\u00e7in kritik \u00f6neme sahiptir. Ultrasonik g\u00fcc\u00fcn dijital ayar\u0131, farkl\u0131 t\u00fcrdeki nesnelerin ve kirleticilerin temizlenmesinde esneklik ve verimlilik sa\u011flar. \u00c7\u0131k\u0131\u015f g\u00fcc\u00fc %0&#8217;dan %100&#8217;e kadar hassas bir \u015fekilde kontrol edilebilir, b\u00f6ylece hassas par\u00e7alara zarar vermeden optimal temizleme sa\u011flan\u0131r.<\/p>\n<p>Jenerat\u00f6re ayr\u0131ca hassas bir zamanlay\u0131c\u0131 entegre edilmi\u015ftir; bu, temizleme d\u00f6ng\u00fcs\u00fcn\u00fcn kesin kontrol\u00fcne olanak tan\u0131r ve hem yetersiz temizlemeyi hem de a\u015f\u0131r\u0131 temizlemeyi \u00f6nler. Ultrasona uzun s\u00fcre maruz kal\u0131nd\u0131\u011f\u0131nda olu\u015fabilen kavitasyon erozyonu riski, zamanlay\u0131c\u0131 i\u015flevi ile azalt\u0131l\u0131r. Ayr\u0131ca, jenerat\u00f6r, di\u011fer kontrol cihazlar\u0131yla entegrasyona olanak tan\u0131yan harici bir kontrol ba\u011flant\u0131s\u0131 i\u00e7erir. Son olarak, cihaz, operat\u00f6rlerin \u00e7al\u0131\u015fma frekans\u0131n\u0131 ger\u00e7ek zamanl\u0131 olarak izlemesine olanak tan\u0131yan bir frekans ekran\u0131na sahiptir.<\/p>\n<h3>2. Ultrasonik Jenerat\u00f6r Teknik Parametreleri<\/h3>\n<p>Beijing Ultrasonik jenerat\u00f6rleri, verimli ve g\u00fcvenilir performans sa\u011flamak i\u00e7in belirli parametrelerle tasarlanm\u0131\u015ft\u0131r. Bu \u00fcnitelerin \u00e7al\u0131\u015fma voltaj\u0131 220V \u00b1%10&#8217;dur, bu da standart g\u00fc\u00e7 kaynaklar\u0131yla uyumlu olmalar\u0131n\u0131 sa\u011flar. \u00c7al\u0131\u015fma frekans\u0131, her biri \u00b1%5 toleransa sahip olan 28 kHz, 40 kHz, 80 kHz ve 135 kHz gibi farkl\u0131 aral\u0131klarda mevcuttur.<\/p>\n<p>\u00c7al\u0131\u015fma ak\u0131m\u0131, jenerat\u00f6r\u00fcn g\u00fc\u00e7 \u00e7\u0131k\u0131\u015f\u0131na ba\u011fl\u0131 olarak de\u011fi\u015fir. A\u015fa\u011f\u0131da g\u00fc\u00e7 \u00e7\u0131k\u0131\u015f\u0131 ile \u00e7al\u0131\u015fma ak\u0131m\u0131 aras\u0131ndaki ili\u015fkiyi g\u00f6steren bir tablo bulunmaktad\u0131r:<\/p>\n<table class=\"table table-striped table-bordered\">\n<thead>\n<tr>\n<th align=\"left\">G\u00fc\u00e7 (W)<\/th>\n<th align=\"left\">\u00c7al\u0131\u015fma Ak\u0131m\u0131 (A)<\/th>\n<\/tr>\n<\/thead>\n<tbody>\n<tr>\n<td align=\"left\">300<\/td>\n<td align=\"left\">1.2<\/td>\n<\/tr>\n<tr>\n<td align=\"left\">600<\/td>\n<td align=\"left\">2.5<\/td>\n<\/tr>\n<tr>\n<td align=\"left\">900<\/td>\n<td align=\"left\">3.5<\/td>\n<\/tr>\n<tr>\n<td align=\"left\">1200<\/td>\n<td align=\"left\">4.5<\/td>\n<\/tr>\n<tr>\n<td align=\"left\">1500<\/td>\n<td align=\"left\">5-5.5<\/td>\n<\/tr>\n<tr>\n<td align=\"left\">1800<\/td>\n<td align=\"left\">6-6.5<\/td>\n<\/tr>\n<tr>\n<td align=\"left\">2000<\/td>\n<td align=\"left\">6.5-7<\/td>\n<\/tr>\n<tr>\n<td align=\"left\">2400<\/td>\n<td align=\"left\">7.5-8<\/td>\n<\/tr>\n<\/tbody>\n<\/table>\n<p>Cihaz\u0131n \u00f6mr\u00fcn\u00fc ve g\u00fcvenilirli\u011fini sa\u011flamak i\u00e7in maksimum \u00e7al\u0131\u015fma ak\u0131m\u0131nda s\u00fcrekli olarak \u00e7al\u0131\u015ft\u0131r\u0131lmamas\u0131 \u00f6nemlidir. G\u00fc\u00e7 kontrol aral\u0131\u011f\u0131 %0&#8217;dan %100&#8217;e kadard\u0131r, bu da farkl\u0131 t\u00fcrdeki malzemelerin temizlenmesinde esneklik sa\u011flar. Zaman kontrol\u00fc 0 ila 59 dakika ve 59 saniye aras\u0131nda ayarlanabilirken, \u00e7al\u0131\u015fma ortam s\u0131cakl\u0131\u011f\u0131 aral\u0131\u011f\u0131 0 ila 40 \u00b0C ve ba\u011f\u0131l nem aral\u0131\u011f\u0131 %40-%90&#8217;d\u0131r. Jenerat\u00f6r, 65 \u00b0C&#8217;de devreye giren dahili kasa a\u015f\u0131r\u0131 \u0131s\u0131nma korumas\u0131 i\u00e7erir.<\/p>\n<p>Ultrasonik jenerat\u00f6r\u00fcn fiziksel boyutlar\u0131 da g\u00fc\u00e7 de\u011ferine g\u00f6re de\u011fi\u015fir. G\u00fc\u00e7 de\u011feri 1200W&#8217;den az olan jenerat\u00f6rler i\u00e7in boyutlar 300mm x 360mm x 160mm (U x G x Y)&#8217;dir. 1500W veya daha y\u00fcksek g\u00fcce sahip olanlar i\u00e7in boyutlar 500mm x 360mm x 160mm&#8217;dir.<\/p>\n<h3>3. Beijing Ultrasonic&#8217;ten Ultrasonik Jenerat\u00f6r Se\u00e7enekleri<\/h3>\n<p>Beijing Ultrasonic, \u00e7e\u015fitli temizleme gereksinimlerini kar\u015f\u0131lamak i\u00e7in kapsaml\u0131 bir ultrasonik jenerat\u00f6r yelpazesi sunar. Bunlar aras\u0131nda 300W ile 2400W aras\u0131nda g\u00fc\u00e7 \u00e7\u0131k\u0131\u015f\u0131na sahip, frekans\u0131 45kHz alt\u0131nda ve 50 kHz \u00fczerinde olan jenerat\u00f6rler bulunur. Ayr\u0131ca, temizlemede artan esneklik sa\u011flayan \u00fc\u00e7 frekansl\u0131 dijital ultrasonik jenerat\u00f6r de mevcuttur.<\/p>\n<div class=\"woocommerce columns-6\"><\/div>\n<h3>4. Ultrasonik Jenerat\u00f6r \u00d6n Paneli<\/h3>\n<p><img loading=\"lazy\" decoding=\"async\" class=\"alignnone wp-image-1513 size-full\" src=\"https:\/\/www.bjultrasonic.com\/wp-content\/uploads\/2013\/04\/Ultrasonic-Generator-Front-Panel.jpg\" alt=\"Ultrasonik Jenerat\u00f6r \u00d6n Panel\" width=\"661\" height=\"473\" \/><\/p>\n<p>Beijing Ultrasonik jenerat\u00f6r\u00fcn\u00fcn \u00f6n paneli, kullan\u0131c\u0131 dostu i\u015flem ve izleme i\u00e7in tasarlanm\u0131\u015ft\u0131r. G\u00fc\u00e7, zaman, \u00e7al\u0131\u015fma ko\u015fullar\u0131 ve herhangi bir hata mesaj\u0131 i\u00e7in de\u011ferleri g\u00f6steren bir ekran penceresi i\u00e7erir. G\u00fc\u00e7 d\u00fc\u011fmeleri, g\u00fc\u00e7 \u00e7\u0131k\u0131\u015f\u0131n\u0131 ayarlamay\u0131 sa\u011flar; biri g\u00fcc\u00fc art\u0131rmak, di\u011feri azaltmak i\u00e7indir. Benzer \u015fekilde, zaman d\u00fc\u011fmeleri kullan\u0131c\u0131n\u0131n \u00e7al\u0131\u015fma s\u00fcresini art\u0131rma ve azaltma d\u00fc\u011fmeleri ile ayarlamas\u0131na olanak tan\u0131r.<\/p>\n<p>Panelde ayr\u0131ca, kullan\u0131c\u0131lar\u0131n farkl\u0131 temizleme modellerini etkinle\u015ftirmek i\u00e7in normal ve tarama frekans\u0131 modlar\u0131 aras\u0131nda se\u00e7im yapmas\u0131na olanak tan\u0131yan bir tarama d\u00fc\u011fmesi de bulunur. A\u00e7ma\/kapama d\u00fc\u011fmesi, kullan\u0131c\u0131n\u0131n jenerat\u00f6r\u00fcn \u00e7al\u0131\u015fmas\u0131n\u0131 duraklatmas\u0131na ve devam ettirmesine olanak tan\u0131r.<\/p>\n<h3>5. Frekans Ayar\u0131<\/h3>\n<p>Frekans ayar\u0131, jenerat\u00f6r\u00fcn \u00e7\u0131k\u0131\u015f\u0131n\u0131 transd\u00fcserin rezonans frekans\u0131na uyumlu hale getirmek i\u00e7in gereklidir. Beijing Ultrasonik jenerat\u00f6r\u00fcn\u00fcn frekans\u0131n\u0131 ayarlamak i\u00e7in, dahili bile\u015fenlere eri\u015fmek \u00fczere kasa a\u00e7\u0131lmal\u0131d\u0131r. Transd\u00fcserin i\u015fleyebilece\u011fi ak\u0131m\u0131 ayarlamaya olanak tan\u0131yan mavi d\u00fc\u011fmeyi bulun. \u00d6rne\u011fin, 28kHz&#8217;lik bir transd\u00fcser 27kHz ile 31kHz aras\u0131nda bir frekans aral\u0131\u011f\u0131na sahipken, 40kHz&#8217;lik bir transd\u00fcser 38kHz ile 42kHz aras\u0131nda bir frekans aral\u0131\u011f\u0131na sahiptir.<\/p>\n<p><img loading=\"lazy\" decoding=\"async\" class=\"wp-image-1515 size-full\" title=\"Ultrasonic Generator Frequency Adjustment\" src=\"https:\/\/www.bjultrasonic.com\/wp-content\/uploads\/2013\/04\/Ultrasonic-Generator-Frequency-Adjustment.jpg\" alt=\"Ultrasonic Generator Frequency Adjustment\" width=\"199\" height=\"144\" \/><\/p>\n<h3>6. Ak\u0131m Ayar\u0131<\/h3>\n<p>Ak\u0131m ayar\u0131, optimum performans\u0131 sa\u011flamak ve jenerat\u00f6r\u00fcn zarar g\u00f6rmesini \u00f6nlemek i\u00e7in \u00e7ok \u00f6nemlidir. Beijing Ultrasonik jenerat\u00f6rleri, hata ay\u0131klama i\u00e7in bilgisayar kontroll\u00fc bir sistem kullan\u0131r. Ak\u0131m ayarlama ad\u0131mlar\u0131 a\u015fa\u011f\u0131da verilmi\u015ftir:<\/p>\n<ol>\n<li>G\u00fc\u00e7 kayna\u011f\u0131n\u0131 tak\u0131n.<\/li>\n<li>G\u00fc\u00e7 kayna\u011f\u0131n\u0131n giri\u015f terminaline 10A kapasiteli bir ampermetre ba\u011flay\u0131n.<\/li>\n<li>G\u00fcc\u00fc a\u00e7\u0131n ve ampermetre okumas\u0131n\u0131 kontrol edin. 1200W&#8217;l\u0131k bir jenerat\u00f6r i\u00e7in okuma 5A&#8217;den az olmal\u0131d\u0131r.<\/li>\n<li>Frekans\u0131 jenerat\u00f6r\u00fcn penceresinde g\u00f6r\u00fcnt\u00fcleyin. Bu, normal \u00e7al\u0131\u015fma frekans\u0131 olmal\u0131d\u0131r.<\/li>\n<li>Transd\u00fcserin belirtilen frekans aral\u0131\u011f\u0131 i\u00e7indeki maksimum \u00e7al\u0131\u015fma ak\u0131m\u0131n\u0131 bulun.<\/li>\n<li>Ak\u0131m ve frekans d\u00fc\u015f\u00fckse, manyetik \u00e7ekirde\u011fin hava aral\u0131\u011f\u0131n\u0131 geni\u015fleterek e\u015fle\u015ftirme end\u00fcktans\u0131n\u0131 azalt\u0131n. Bu, hava aral\u0131\u011f\u0131na y\u00fcksek arpa ka\u011f\u0131d\u0131 \u015feritleri yerle\u015ftirilerek yap\u0131l\u0131r.<\/li>\n<li>Ak\u0131m ve frekans y\u00fcksekse, manyetik \u00e7ekirde\u011fin hava aral\u0131\u011f\u0131n\u0131 daraltarak e\u015fle\u015ftirme end\u00fcktans\u0131n\u0131 art\u0131r\u0131n.<\/li>\n<li>Manyetik \u00e7ekirde\u011fin hava aral\u0131\u011f\u0131n\u0131 ayarlamadan \u00f6nce her zaman g\u00fc\u00e7 kayna\u011f\u0131n\u0131 kapat\u0131n ve ak\u0131mdaki de\u011fi\u015fiklikleri izleyin.<\/li>\n<li>Ak\u0131m\u0131 4-4.5A ve frekans\u0131 27.8kHz-29kHz aral\u0131\u011f\u0131nda olacak \u015fekilde ayarlay\u0131n.<\/li>\n<li>\u00c7al\u0131\u015fma ak\u0131m\u0131n\u0131n her zaman maksimum noktada oldu\u011fundan emin olmak i\u00e7in her ayarlamadan sonra frekans\u0131 yeniden ayarlay\u0131n.<\/li>\n<\/ol>\n<p><img loading=\"lazy\" decoding=\"async\" class=\"wp-image-1516 size-full\" title=\"Ultrasonic Generator Current Adjustment\" src=\"https:\/\/www.bjultrasonic.com\/wp-content\/uploads\/2013\/04\/Ultrasonic-Generator-Current-Adjustment.jpg\" alt=\"Ultrasonic Generator Current Adjustment\" width=\"202\" height=\"182\" \/><\/p>\n<p>E\u015fle\u015ftirme end\u00fcktans\u0131n\u0131 azaltmak harmonik frekans\u0131n\u0131 ve ak\u0131m\u0131n\u0131 art\u0131r\u0131rken, e\u015fle\u015ftirme end\u00fcktans\u0131n\u0131 art\u0131rmak bunlar\u0131 azalt\u0131r. Ayarlama yaparken, \u00e7al\u0131\u015fma frekans\u0131n\u0131n \u00e7ok d\u00fc\u015f\u00fck olmad\u0131\u011f\u0131ndan ve ak\u0131m\u0131n jenerat\u00f6r\u00fcn anma ak\u0131m\u0131n\u0131 a\u015fmad\u0131\u011f\u0131ndan emin olun, \u00e7\u00fcnk\u00fc bu g\u00fc\u00e7 t\u00fcp\u00fcne zarar verebilir.<\/p>\n<p>Sonu\u00e7 olarak, Beijing Ultrasonik&#8217;in ultrasonik jenerat\u00f6rleri, ultrasonik temizleme uygulamalar\u0131 i\u00e7in g\u00fcvenilir ve verimli performans sa\u011flamak \u00fczere ileri teknoloji ile tasarlanm\u0131\u015ft\u0131r. Otomatik frekans takibi, kapsaml\u0131 koruma mekanizmalar\u0131, ayarlanabilir g\u00fc\u00e7 ve zamanlay\u0131c\u0131 fonksiyonlar\u0131 ile mevcut \u00e7e\u015fitli modeller, farkl\u0131 temizleme ihtiya\u00e7lar\u0131 i\u00e7in ideal bir se\u00e7enek oldu\u011funu garanti eder. Hem frekans hem de ak\u0131m i\u00e7in sa\u011flanan detayl\u0131 ayar prosed\u00fcrleri, ultrasonik jenerat\u00f6r\u00fcn optimize edilmi\u015f \u00e7al\u0131\u015fmas\u0131n\u0131 sa\u011flar.<\/p>\n<p>&nbsp;<\/p>\n","protected":false},"excerpt":{"rendered":"<p>Ultrasonik jenerat\u00f6rler, ultrasonik temizleme sistemlerinin temel bile\u015fenidir ve elektrik enerjisini transd\u00fcserleri s\u00fcren y\u00fcksek frekansl\u0131 elektrik sinyallerine d\u00f6n\u00fc\u015ft\u00fcrmekten sorumludur. Bu transd\u00fcserler daha sonra elektrik sinyallerini mekanik titre\u015fimlere d\u00f6n\u00fc\u015ft\u00fcrerek, kirleticileri uzakla\u015ft\u0131ran temizleme sol\u00fcsyonunda kavitasyon etkisi yarat\u0131r. Ultrasonik jenerat\u00f6r\u00fcn performans\u0131 ve g\u00fcvenilirli\u011fi, etkili ve verimli temizleme i\u00e7in \u00e7ok \u00f6nemlidir. Bu makale, \u00f6zellikle Beijing Ultrasonic taraf\u0131ndan sunulanlar olmak \u00fczere,<\/p>\n","protected":false},"author":1,"featured_media":19242,"parent":0,"menu_order":3,"comment_status":"closed","ping_status":"closed","template":"","meta":{"footnotes":""},"class_list":["post-72751","page","type-page","status-publish","has-post-thumbnail","hentry","prodpage-classic"],"aioseo_notices":[],"_links":{"self":[{"href":"https:\/\/www.bjultrasonic.com\/tr\/wp-json\/wp\/v2\/pages\/72751","targetHints":{"allow":["GET"]}}],"collection":[{"href":"https:\/\/www.bjultrasonic.com\/tr\/wp-json\/wp\/v2\/pages"}],"about":[{"href":"https:\/\/www.bjultrasonic.com\/tr\/wp-json\/wp\/v2\/types\/page"}],"author":[{"embeddable":true,"href":"https:\/\/www.bjultrasonic.com\/tr\/wp-json\/wp\/v2\/users\/1"}],"replies":[{"embeddable":true,"href":"https:\/\/www.bjultrasonic.com\/tr\/wp-json\/wp\/v2\/comments?post=72751"}],"version-history":[{"count":0,"href":"https:\/\/www.bjultrasonic.com\/tr\/wp-json\/wp\/v2\/pages\/72751\/revisions"}],"wp:featuredmedia":[{"embeddable":true,"href":"https:\/\/www.bjultrasonic.com\/tr\/wp-json\/wp\/v2\/media\/19242"}],"wp:attachment":[{"href":"https:\/\/www.bjultrasonic.com\/tr\/wp-json\/wp\/v2\/media?parent=72751"}],"curies":[{"name":"wp","href":"https:\/\/api.w.org\/{rel}","templated":true}]}}