{"id":73079,"date":"2012-04-28T19:12:36","date_gmt":"2012-04-29T02:12:36","guid":{"rendered":"https:\/\/www.bjultrasonic.com\/contact\/"},"modified":"2026-03-31T00:58:53","modified_gmt":"2026-03-31T05:58:53","slug":"contact","status":"publish","type":"page","link":"https:\/\/www.bjultrasonic.com\/tr\/contact\/","title":{"rendered":"Bize Ula\u015f\u0131n"},"content":{"rendered":"<p>Her zaman yard\u0131m i\u00e7in buraday\u0131z! <a href=\"https:\/\/www.bjultrasonic.com\/shop\/\">Ultrasonik \u00fcr\u00fcnlerimiz<\/a> hakk\u0131nda bir sorunuz mu var, \u00f6zel bir OEM \u00e7\u00f6z\u00fcm\u00fcne mi ihtiyac\u0131n\u0131z var, yoksa fiyatland\u0131rma ve \u00f6deme konusunda yard\u0131ma m\u0131 ihtiyac\u0131n\u0131z var? \u00d6zverili ekibimiz size yard\u0131mc\u0131 olmaya haz\u0131r. L\u00fctfen a\u015fa\u011f\u0131daki ileti\u015fim formunu doldurun, mesaj\u0131n\u0131z\u0131n 2 i\u015f g\u00fcn\u00fc i\u00e7inde yan\u0131tlanmas\u0131n\u0131 sa\u011flayaca\u011f\u0131z. Acil durumlar i\u00e7in l\u00fctfen telefon veya WhatsApp \u00fczerinden do\u011frudan bizimle ileti\u015fime ge\u00e7mekten \u00e7ekinmeyin.<\/p>\n","protected":false},"excerpt":{"rendered":"<p>Her zaman yard\u0131m i\u00e7in buraday\u0131z! Ultrasonik \u00fcr\u00fcnlerimiz hakk\u0131nda bir sorunuz mu var, \u00f6zel bir OEM \u00e7\u00f6z\u00fcm\u00fcne mi ihtiyac\u0131n\u0131z var, yoksa fiyatland\u0131rma ve \u00f6deme konusunda yard\u0131ma m\u0131 ihtiyac\u0131n\u0131z var? \u00d6zverili ekibimiz size yard\u0131mc\u0131 olmaya haz\u0131r. L\u00fctfen a\u015fa\u011f\u0131daki ileti\u015fim formunu doldurun, mesaj\u0131n\u0131z\u0131n 2 i\u015f g\u00fcn\u00fc i\u00e7inde yan\u0131tlanmas\u0131n\u0131 sa\u011flayaca\u011f\u0131z. Acil durumlar i\u00e7in l\u00fctfen telefon veya WhatsApp \u00fczerinden do\u011frudan<\/p>\n","protected":false},"author":1,"featured_media":0,"parent":0,"menu_order":8,"comment_status":"closed","ping_status":"closed","template":"","meta":{"footnotes":""},"class_list":["post-73079","page","type-page","status-publish","hentry","prodpage-classic"],"aioseo_notices":[],"_links":{"self":[{"href":"https:\/\/www.bjultrasonic.com\/tr\/wp-json\/wp\/v2\/pages\/73079","targetHints":{"allow":["GET"]}}],"collection":[{"href":"https:\/\/www.bjultrasonic.com\/tr\/wp-json\/wp\/v2\/pages"}],"about":[{"href":"https:\/\/www.bjultrasonic.com\/tr\/wp-json\/wp\/v2\/types\/page"}],"author":[{"embeddable":true,"href":"https:\/\/www.bjultrasonic.com\/tr\/wp-json\/wp\/v2\/users\/1"}],"replies":[{"embeddable":true,"href":"https:\/\/www.bjultrasonic.com\/tr\/wp-json\/wp\/v2\/comments?post=73079"}],"version-history":[{"count":0,"href":"https:\/\/www.bjultrasonic.com\/tr\/wp-json\/wp\/v2\/pages\/73079\/revisions"}],"wp:attachment":[{"href":"https:\/\/www.bjultrasonic.com\/tr\/wp-json\/wp\/v2\/media?parent=73079"}],"curies":[{"name":"wp","href":"https:\/\/api.w.org\/{rel}","templated":true}]}}