{"id":65305,"date":"2024-04-02T02:04:45","date_gmt":"2024-04-02T07:04:45","guid":{"rendered":"https:\/\/www.bjultrasonic.com\/shop\/digital-ultrasonic-sound-level-meter\/"},"modified":"2026-03-28T20:58:11","modified_gmt":"2026-03-29T01:58:11","slug":"digital-ultrasonic-sound-level-meter","status":"publish","type":"product","link":"https:\/\/www.bjultrasonic.com\/tr\/shop\/digital-ultrasonic-sound-level-meter\/","title":{"rendered":"Dijital Ultrasonik Ses Seviyesi \u00d6l\u00e7er"},"content":{"rendered":"<p>Bir s\u0131v\u0131 ses alan\u0131 i\u00e7indeki ultrason yo\u011funlu\u011fu, akustik g\u00fc\u00e7 olarak da bilinir ve ultrasonik sistemlerde \u00e7ok \u00f6nemli bir fakt\u00f6rd\u00fcr. Do\u011frudan temizleme ekipmanlar\u0131n\u0131n temizleme performans\u0131n\u0131 ve ultrasonik i\u015flemcilerin verimlili\u011fini etkiler. Bir ses yo\u011funlu\u011fu \u00f6l\u00e7er, ses alan\u0131 yo\u011funlu\u011funu herhangi bir zamanda ve yerde h\u0131zl\u0131 ve kolay bir \u015fekilde \u00f6l\u00e7meye ve akustik g\u00fc\u00e7 de\u011ferini net bir \u015fekilde g\u00f6r\u00fcnt\u00fclemeye olanak tan\u0131r.<\/p>\n<p>Ultrasonik g\u00fc\u00e7 test cihazlar\u0131, \u00e7e\u015fitli uygulama ihtiya\u00e7lar\u0131na uygun olarak ta\u015f\u0131nabilir ve \u00e7evrimi\u00e7i izleme modellerinde mevcuttur.<\/p>\n<p>Ultrasonik ses yo\u011funlu\u011fu \u00f6l\u00e7erler (veya ses seviyesi \u00f6l\u00e7erler), piezoelektrik seramiklerin piezoelektrik etkisinden yararlan\u0131r. Bu, serami\u011fe bir kuvvet uyguland\u0131\u011f\u0131nda, bu kuvveti bir elektrik sinyaline d\u00f6n\u00fc\u015ft\u00fcrd\u00fc\u011f\u00fc anlam\u0131na gelir. Ayn\u0131 ko\u015fullar alt\u0131nda, daha g\u00fc\u00e7l\u00fc bir kuvvet daha y\u00fcksek bir voltaj \u00fcretir. Kuvvet periyodik olarak de\u011fi\u015firse, piezoelektrik seramik ayn\u0131 frekansa sahip bir AC voltaj sinyali \u00e7\u0131kar\u0131r. Kavitasyon ve di\u011fer giri\u015fim bi\u00e7imleri nedeniyle, ger\u00e7ek voltaj dalga formu bir ana dalga ve birden fazla ikincil dalgan\u0131n birle\u015fimidir. Firmam\u0131z\u0131n y\u00fcksek hassasiyetli ultrasonik frekans (enerji) analiz\u00f6r\u00fc, kullan\u0131c\u0131lar\u0131n ger\u00e7ek \u00e7al\u0131\u015fma dalga formunu g\u00f6r\u00fcnt\u00fclemesine ve ses yo\u011funlu\u011fu de\u011ferini do\u011frudan okumas\u0131na olanak tan\u0131r.<\/p>\n<h3>\u00d6nemli \u00d6zellikler<\/h3>\n<ul>\n<li>Ses yo\u011funlu\u011fu ve dalga formunun otomatik olarak g\u00f6r\u00fcnt\u00fclendi\u011fi tek dokunu\u015flu otomatik \u00f6l\u00e7\u00fcm.<\/li>\n<li>Ses yo\u011funlu\u011fu de\u011feri ve frekans\u0131n dijital ekranda g\u00f6sterilmesi.<\/li>\n<li>320&#215;240 \u00e7\u00f6z\u00fcn\u00fcrl\u00fc\u011fe ve LED arka ayd\u0131nlatmaya sahip 3,2 in\u00e7 renkli LCD ekran.<\/li>\n<li>Dahili 2300mAh lityum pil tak\u0131m\u0131 ve harici AC g\u00fc\u00e7 adapt\u00f6r\u00fc.<\/li>\n<li>10 dakika boyunca sinyal giri\u015fi olmamas\u0131 durumunda otomatik kapanma.<\/li>\n<\/ul>\n<h3>S\u0131k\u00e7a Sorulan Sorular<\/h3>\n<p><strong>Veriler her zaman s\u0131f\u0131r\u0131 g\u00f6steriyor.<\/strong><\/p>\n<p>C: Prob havadayken, ses yo\u011funlu\u011fu \u00f6l\u00e7er an\u0131nda 0 W\/cm\u00b2&#8217;lik ger\u00e7ek zamanl\u0131 bir ses yo\u011funlu\u011fu de\u011feri g\u00f6sterir ve bir dakika sonra otomatik olarak kapan\u0131r.<\/p>\n<p><strong>Okumalar yanl\u0131\u015f g\u00f6r\u00fcn\u00fcyor.<\/strong><\/p>\n<p>C: Ultrasonun ses yo\u011funlu\u011fu karma\u015f\u0131k bir kavramd\u0131r. Toplam g\u00fcc\u00fc radyasyon alan\u0131na b\u00f6lerek basit\u00e7e hesaplanamaz; mutlaka \u00f6l\u00e7\u00fclmelidir. Ses yo\u011funlu\u011fu \u00f6l\u00e7erlerimiz fabrikadan \u00e7\u0131kmadan \u00f6nce standart bir ses yo\u011funlu\u011fu kullan\u0131larak kalibre edilir, b\u00f6ylece \u00f6l\u00e7\u00fclen de\u011ferlerin do\u011fru olmas\u0131 sa\u011flan\u0131r. Ses yo\u011funlu\u011funun bir s\u0131n\u0131r\u0131 vard\u0131r; suda belirli bir e\u015fi\u011fe ula\u015f\u0131ld\u0131\u011f\u0131nda, daha fazla transd\u00fcser eklemek veya g\u00fcc\u00fc art\u0131rmak, ses yo\u011funlu\u011funda do\u011frusal bir art\u0131\u015fa yol a\u00e7mayabilir veya hi\u00e7 de\u011fi\u015fiklik olmayabilir.<\/p>\n<p><strong>Y\u00fcksek frekansl\u0131 cihazlar \u00f6l\u00e7\u00fclemez.<\/strong><\/p>\n<p>C: Ses yo\u011funlu\u011fu \u00f6l\u00e7erlerimiz standart ultrasonik temizleme makineleri i\u00e7in tasarlanm\u0131\u015ft\u0131r ve 10-200kHz&#8217;lik bir birincil frekans aral\u0131\u011f\u0131n\u0131 kapsar. Bu aral\u0131\u011f\u0131n d\u0131\u015f\u0131nda yap\u0131lan \u00f6l\u00e7\u00fcmler yanl\u0131\u015f olacakt\u0131r. Bu, iki \u015fekilde \u00e7\u00f6z\u00fclebilir:<\/p>\n<ul>\n<li>\u00d6l\u00e7mek istedi\u011finiz belirli frekans aral\u0131\u011f\u0131n\u0131 bize bildirin, b\u00f6ylece \u00f6zelle\u015ftirilmi\u015f bir ekran ve prob olu\u015fturabiliriz.<\/li>\n<li>G\u00f6receli \u00f6l\u00e7\u00fcm i\u00e7in bir osiloskop kullan\u0131n. Prob do\u011frudan osiloskoba ba\u011flanabilir ve ses yo\u011funlu\u011fu, osiloskobun zaman alan\u0131 sinyalini okuyarak kar\u015f\u0131la\u015ft\u0131r\u0131labilir. Bu y\u00f6ntem mutlak bir ses yo\u011funlu\u011fu de\u011feri sa\u011flamaz, ancak \u00f6l\u00e7\u00fcmler aras\u0131nda bir kar\u015f\u0131la\u015ft\u0131rma yap\u0131lmas\u0131na olanak tan\u0131r.<\/li>\n<\/ul>\n<p><strong>Okuma anormal; s\u0131v\u0131 i\u00e7inde de\u011filken bile bir okuma g\u00f6r\u00fcn\u00fcyor.<\/strong><\/p>\n<p>C: Bu sorun, ekran \u00fcnitesinde hasar oldu\u011funu g\u00f6sterir ve firmam\u0131za onar\u0131m i\u00e7in iade edilmesi gerekir.<\/p>\n<p><strong>Ekran siyah ve g\u00f6r\u00fcnt\u00fc yok.<\/strong><\/p>\n<p>C: Cihaz\u0131n bir enerji tasarrufu modu vard\u0131r. \u00d6l\u00e7\u00fclen ses yo\u011funlu\u011fu 0 W\/cm\u00b2 oldu\u011funda bir dakika sonra ekran kapanacakt\u0131r. A\u00c7MA\/KAPAMA d\u00fc\u011fmesine basmak ekran\u0131 geri getirmezse, pili de\u011fi\u015ftirmeyi deneyin. Ekran hala kapal\u0131 kal\u0131yorsa, bu ekran\u0131n hasar g\u00f6rd\u00fc\u011f\u00fcn\u00fc ve fabrikam\u0131za onar\u0131m i\u00e7in iade edilmesi gerekti\u011fini g\u00f6sterir.<\/p>\n<p><strong>\u0130ki cihaz ayn\u0131 anda kullan\u0131ld\u0131\u011f\u0131nda okumalar b\u00fcy\u00fck \u00f6l\u00e7\u00fcde de\u011fi\u015fiyor.<\/strong><\/p>\n<p>C: Ultrasonik ekipmanlar\u0131m\u0131z sevkiyattan \u00f6nce standart bir ses alan\u0131 ile kalibre edilir. Ultrasonik temizlemede, ses dalgalar\u0131 konteyner duvarlar\u0131ndan ve su y\u00fczeyinden yans\u0131r, bu da temizleme makinesi boyunca ses yo\u011funlu\u011funun de\u011fi\u015fmesine neden olur. Bu, d\u00fc\u011f\u00fcmlerde ses yo\u011funlu\u011funun minimum ve antinodlarda maksimum oldu\u011fu bir duran dalga alan\u0131 olu\u015fturur.<\/p>\n<p>\u00d6rne\u011fin, 28kHz&#8217;lik bir temizleme makinesinde, sudaki ses dalga boyu 5,4cm&#8217;dir ve her dalga boyunda iki d\u00fc\u011f\u00fcm ve iki antinod vard\u0131r. Bu, bir d\u00fc\u011f\u00fcm ile bir antinod aras\u0131ndaki mesafenin 1,3cm oldu\u011fu anlam\u0131na gelir. 40kHz&#8217;lik bir makine i\u00e7in bu mesafe 0,9cm&#8217;dir.<\/p>\n<p>Bu nedenle, iki ses yo\u011funlu\u011fu \u00f6l\u00e7er kullan\u0131rken, okumalar\u0131 do\u011fru bir \u015fekilde kar\u015f\u0131la\u015ft\u0131rmak i\u00e7in ayn\u0131 noktay\u0131 \u00f6l\u00e7t\u00fcklerinden emin olmak \u00e7ok \u00f6nemlidir. D\u00fc\u011f\u00fcmler ve antinodlar birbirine \u00e7ok yak\u0131n oldu\u011fundan, el ile yap\u0131lan \u00f6l\u00e7\u00fcmler ka\u00e7\u0131n\u0131lmaz hareket nedeniyle hatalara yatk\u0131nd\u0131r ve bu da ses alan\u0131n\u0131 de\u011fi\u015ftirir. Firmam\u0131z, probu sabitlemek ve tutarl\u0131 \u00f6l\u00e7\u00fcm konumlar\u0131 sa\u011flamak i\u00e7in mekanik bir s\u0131k\u0131\u015ft\u0131rma y\u00f6ntemi kullan\u0131lmas\u0131n\u0131 \u00f6nerir. Bu kontroll\u00fc ortam, iki cihaz aras\u0131nda anlaml\u0131 bir kar\u015f\u0131la\u015ft\u0131rma yap\u0131lmas\u0131n\u0131 sa\u011flar.<\/p>\n<p><strong>Ayn\u0131 tanktaki farkl\u0131 noktalarda test edildi\u011finde de\u011ferler b\u00fcy\u00fck \u00f6l\u00e7\u00fcde de\u011fi\u015fiyor.<\/strong><\/p>\n<p>C: Ultrasonik temizleme makineleri genellikle tank\u0131n alt\u0131na veya yanlar\u0131na monte edilen duvara monteli transd\u00fcserler kullan\u0131r. Bu transd\u00fcserlerin kurulum s\u00fcreci, boyut spesifikasyonlar\u0131 ve tutarl\u0131l\u0131\u011f\u0131, temizleme tank\u0131 i\u00e7inde d\u00fczensiz bir ses alan\u0131na katk\u0131da bulunabilir, bu da farkl\u0131 noktalarda ses yo\u011funlu\u011funun de\u011fi\u015fmesine ve dolay\u0131s\u0131yla farkl\u0131 \u00f6l\u00e7\u00fclen de\u011ferlere yol a\u00e7ar.<\/p>\n<p><strong>Cihaz\u0131n ne s\u0131kl\u0131kla yeniden kalibrasyona ihtiyac\u0131 vard\u0131r ve bu nas\u0131l belirlenir?<\/strong><\/p>\n<p>C: Alg\u0131lama transd\u00fcseri kalibrasyon standard\u0131na dayanarak, bu t\u00fcr bir \u00fcr\u00fcn y\u0131lda bir kez kalibre edilmelidir.<\/p>\n<p><strong>Ekran \u00fcnitesinde ola\u011fand\u0131\u015f\u0131 bir g\u00fcr\u00fclt\u00fc var.<\/strong><\/p>\n<p>C: Bu, i\u00e7 bile\u015fenlerin gev\u015fek olmas\u0131ndan kaynaklan\u0131yor olabilir. \u00dcnitenin inceleme ve onar\u0131m i\u00e7in iade edilmesi \u00f6nerilir.<\/p>\n","protected":false},"excerpt":{"rendered":"<p>Dijital Ultrasonik Ses Seviyesi \u00d6l\u00e7er, s\u0131v\u0131lardaki ultrason yo\u011funlu\u011funu \u00f6l\u00e7mek i\u00e7in kullan\u0131lan bir cihazd\u0131r. Ba\u015fl\u0131ca ultrasonik temizleme ve ultrasonik sonokimya gibi end\u00fcstriyel uygulamalar\u0131 \u00f6l\u00e7mek i\u00e7in kullan\u0131l\u0131r. Ana \u00f6l\u00e7\u00fcm parametreleri ultrasonik yo\u011funluk, ultrasonik dalga formu, \u00e7al\u0131\u015fma frekans\u0131, maksimum yo\u011funluk, minimum yo\u011funluk ve \u00f6l\u00e7\u00fcm s\u00fcresidir.<\/p>\n","protected":false},"featured_media":42067,"comment_status":"closed","ping_status":"closed","template":"","meta":[],"product_brand":[],"product_cat":[6219],"product_tag":[],"class_list":{"0":"post-65305","1":"product","2":"type-product","3":"status-publish","4":"has-post-thumbnail","6":"product_cat-ultrasonic-meter-tr","8":"first","9":"instock","10":"shipping-taxable","11":"product-type-external","12":"prodpage-classic"},"aioseo_notices":[],"_links":{"self":[{"href":"https:\/\/www.bjultrasonic.com\/tr\/wp-json\/wp\/v2\/product\/65305","targetHints":{"allow":["GET"]}}],"collection":[{"href":"https:\/\/www.bjultrasonic.com\/tr\/wp-json\/wp\/v2\/product"}],"about":[{"href":"https:\/\/www.bjultrasonic.com\/tr\/wp-json\/wp\/v2\/types\/product"}],"replies":[{"embeddable":true,"href":"https:\/\/www.bjultrasonic.com\/tr\/wp-json\/wp\/v2\/comments?post=65305"}],"wp:featuredmedia":[{"embeddable":true,"href":"https:\/\/www.bjultrasonic.com\/tr\/wp-json\/wp\/v2\/media\/42067"}],"wp:attachment":[{"href":"https:\/\/www.bjultrasonic.com\/tr\/wp-json\/wp\/v2\/media?parent=65305"}],"wp:term":[{"taxonomy":"product_brand","embeddable":true,"href":"https:\/\/www.bjultrasonic.com\/tr\/wp-json\/wp\/v2\/product_brand?post=65305"},{"taxonomy":"product_cat","embeddable":true,"href":"https:\/\/www.bjultrasonic.com\/tr\/wp-json\/wp\/v2\/product_cat?post=65305"},{"taxonomy":"product_tag","embeddable":true,"href":"https:\/\/www.bjultrasonic.com\/tr\/wp-json\/wp\/v2\/product_tag?post=65305"}],"curies":[{"name":"wp","href":"https:\/\/api.w.org\/{rel}","templated":true}]}}