{"id":65327,"date":"2022-08-10T06:03:06","date_gmt":"2022-08-10T11:03:06","guid":{"rendered":"https:\/\/www.bjultrasonic.com\/shop\/ultrasonic-welding-machine\/"},"modified":"2026-03-28T20:57:44","modified_gmt":"2026-03-29T01:57:44","slug":"ultrasonic-welding-machine","status":"publish","type":"product","link":"https:\/\/www.bjultrasonic.com\/tr\/shop\/ultrasonic-welding-machine\/","title":{"rendered":"Ultrasonik Plastik ve Metal Kaynak Makinesi"},"content":{"rendered":"<p><img loading=\"lazy\" decoding=\"async\" class=\"alignnone size-full wp-image-24642\" src=\"https:\/\/www.bjultrasonic.com\/wp-content\/uploads\/2022\/08\/Ultrasonic-Welding-Machine-7.jpg\" alt=\"Ultrasonic Welding Machine 7\" width=\"700\" height=\"561\" \/><\/p>\n<h3>Uygulama<\/h3>\n<p>Plastik kaynak, dokusuz kuma\u015f kayna\u011f\u0131, metal kaynak vb.<\/p>\n<p>PSA Derecelendirme Kart\u0131 Plakalar\u0131 plastik ultrasonik kaynak makinesi, a\u00e7ma\/kapama darbeli zamanlay\u0131c\u0131, y\u00fcksek kaynak kalitesini sa\u011flamak i\u00e7in hassas g\u00fc\u00e7 ayar\u0131, ekipman aral\u0131kl\u0131 \u00e7al\u0131\u015fabilir, ayr\u0131ca y\u00fcks\u00fcz \u00e7al\u0131\u015fabilir, farkl\u0131 kaynak ihtiya\u00e7lar\u0131n\u0131 kar\u015f\u0131lamak i\u00e7in. D\u00fcz\/n95 en son ba\u015fl\u0131k tasar\u0131m\u0131, k\u00fc\u00e7\u00fck ve \u015f\u0131k, iyi operasyon g\u00f6r\u00fc\u015f hatt\u0131, yeni ultrasonik jenerat\u00f6r elektrik kutusu tasar\u0131m\u0131, ak\u0131ll\u0131 koruma, kararl\u0131 performans, g\u00fcvenilir ekipman, uzun hizmet \u00f6mr\u00fc.<\/p>\n<h3>\u00d6zellikler<\/h3>\n<ul>\n<li>Kendinden uyarmal\u0131 devre kullan\u0131m\u0131, \u00e7al\u0131\u015fma s\u0131ras\u0131nda transd\u00fcser parametrelerindeki de\u011fi\u015fiklikleri izleyerek, transd\u00fcser ve tak\u0131m ba\u015fl\u0131\u011f\u0131n\u0131n maksimum performans\u0131;<\/li>\n<li>\u0130thal y\u00fcksek g\u00fc\u00e7l\u00fc t\u00fcp, y\u00fcksek ak\u0131ma dayan\u0131kl\u0131 \u015fok, ultrasonik jenerat\u00f6r\u00fcn \u00e7al\u0131\u015fma kararl\u0131l\u0131\u011f\u0131n\u0131 art\u0131r\u0131r.<\/li>\n<li>Dijital frekans g\u00f6stergesi kullan\u0131m\u0131, frekans ince ayarlanabilir, jenerat\u00f6r\u00fcn \u00e7al\u0131\u015fma frekans\u0131n\u0131 do\u011fru \u015fekilde g\u00f6zlemleyebilirsiniz.<\/li>\n<li>Kullan\u0131m\u0131 kolay, farkl\u0131 \u00f6zelliklerdeki transd\u00fcser ve kal\u0131plara uygulanabilir. Geni\u015f malzeme yelpazesinde kaynak yapabilir<\/li>\n<\/ul>\n<h3>Video<\/h3>\n<p><iframe loading=\"lazy\" title=\"Ultrasonic Plastic Welding Machine Supplier\" width=\"500\" height=\"281\" src=\"https:\/\/www.youtube.com\/embed\/rSEf_GwBZQg?feature=oembed\" frameborder=\"0\" allow=\"accelerometer; autoplay; clipboard-write; encrypted-media; gyroscope; picture-in-picture; web-share\" referrerpolicy=\"strict-origin-when-cross-origin\" allowfullscreen><\/iframe><\/p>\n<p><iframe loading=\"lazy\" title=\"Plastic Ultrasonic Welding Machine Manufacturers\" width=\"500\" height=\"281\" src=\"https:\/\/www.youtube.com\/embed\/ntAp1KwSp-k?feature=oembed\" frameborder=\"0\" allow=\"accelerometer; autoplay; clipboard-write; encrypted-media; gyroscope; picture-in-picture; web-share\" referrerpolicy=\"strict-origin-when-cross-origin\" allowfullscreen><\/iframe><\/p>\n<p><iframe loading=\"lazy\" title=\"Ultrasonic Welding Machine\" width=\"500\" height=\"281\" src=\"https:\/\/www.youtube.com\/embed\/uB5-z1eBeCA?feature=oembed\" frameborder=\"0\" allow=\"accelerometer; autoplay; clipboard-write; encrypted-media; gyroscope; picture-in-picture; web-share\" referrerpolicy=\"strict-origin-when-cross-origin\" allowfullscreen><\/iframe><\/p>\n<p><strong>Model numaras\u0131\uff1aBJSU-15<\/strong><\/p>\n<ul>\n<li>Frekans\uff1a15K<\/li>\n<li>G\u00fc\u00e7\uff1a2600W<\/li>\n<li>\u00c7al\u0131\u015fma voltaj\u0131\uff1aAC220V\/50Hz<\/li>\n<li>Frekans Aral\u0131\u011f\u0131\uff1a15 Khz<\/li>\n<\/ul>\n<p><strong>Model numaras\u0131\uff1aBJSU-20<\/strong><\/p>\n<ul>\n<li>Frekans 20K<\/li>\n<li>G\u00fc\u00e7\uff1a2000W\/2600W<\/li>\n<li>\u00c7al\u0131\u015fma voltaj\u0131\uff1aAC220V\/50Hz<\/li>\n<li>Frekans Aral\u0131\u011f\u0131\uff1a20Khz<\/li>\n<\/ul>\n","protected":false},"excerpt":{"rendered":"<p data-sourcepos=\"1:1-1:237\">Ultrasonik kaynak makinesi, termoplastik malzemeleri birle\u015ftirmek i\u00e7in y\u00fcksek frekansl\u0131 ses dalgalar\u0131 kullanan \u00f6zel bir ara\u00e7t\u0131r. Is\u0131, yap\u0131\u015ft\u0131r\u0131c\u0131 veya \u00e7\u00f6z\u00fcc\u00fc gerektirmeyen, tahribats\u0131z, verimli ve hassas bir kaynak tekni\u011fidir.<\/p>\n","protected":false},"featured_media":24636,"comment_status":"closed","ping_status":"closed","template":"","meta":[],"product_brand":[],"product_cat":[5632],"product_tag":[],"class_list":{"0":"post-65327","1":"product","2":"type-product","3":"status-publish","4":"has-post-thumbnail","6":"product_cat-ultrasonic-welding-equipment-tr","8":"first","9":"instock","10":"shipping-taxable","11":"product-type-external","12":"prodpage-classic"},"aioseo_notices":[],"_links":{"self":[{"href":"https:\/\/www.bjultrasonic.com\/tr\/wp-json\/wp\/v2\/product\/65327","targetHints":{"allow":["GET"]}}],"collection":[{"href":"https:\/\/www.bjultrasonic.com\/tr\/wp-json\/wp\/v2\/product"}],"about":[{"href":"https:\/\/www.bjultrasonic.com\/tr\/wp-json\/wp\/v2\/types\/product"}],"replies":[{"embeddable":true,"href":"https:\/\/www.bjultrasonic.com\/tr\/wp-json\/wp\/v2\/comments?post=65327"}],"wp:featuredmedia":[{"embeddable":true,"href":"https:\/\/www.bjultrasonic.com\/tr\/wp-json\/wp\/v2\/media\/24636"}],"wp:attachment":[{"href":"https:\/\/www.bjultrasonic.com\/tr\/wp-json\/wp\/v2\/media?parent=65327"}],"wp:term":[{"taxonomy":"product_brand","embeddable":true,"href":"https:\/\/www.bjultrasonic.com\/tr\/wp-json\/wp\/v2\/product_brand?post=65327"},{"taxonomy":"product_cat","embeddable":true,"href":"https:\/\/www.bjultrasonic.com\/tr\/wp-json\/wp\/v2\/product_cat?post=65327"},{"taxonomy":"product_tag","embeddable":true,"href":"https:\/\/www.bjultrasonic.com\/tr\/wp-json\/wp\/v2\/product_tag?post=65327"}],"curies":[{"name":"wp","href":"https:\/\/api.w.org\/{rel}","templated":true}]}}