{"id":65387,"date":"2021-03-22T09:07:54","date_gmt":"2021-03-22T14:07:54","guid":{"rendered":"https:\/\/www.bjultrasonic.com\/shop\/1200ml-ultrasonic-mist-maker\/"},"modified":"2026-03-28T20:57:19","modified_gmt":"2026-03-29T01:57:19","slug":"1200ml-ultrasonic-mist-maker","status":"publish","type":"product","link":"https:\/\/www.bjultrasonic.com\/tr\/shop\/1200ml-ultrasonic-mist-maker\/","title":{"rendered":"1200ML Ultrasonik Sis Yap\u0131c\u0131"},"content":{"rendered":"<table class=\"table table-striped table-bordered\">\n<tbody>\n<tr>\n<td width=\"284\">Tip<\/td>\n<td width=\"284\">BJA1200<\/td>\n<\/tr>\n<tr>\n<td width=\"284\">Atomizasyon Miktar\u0131<\/td>\n<td width=\"284\">&gt;1200ML<\/td>\n<\/tr>\n<tr>\n<td width=\"284\">Boyut<\/td>\n<td width=\"284\">135*68*51mm U*G*Y<\/td>\n<\/tr>\n<tr>\n<td width=\"284\">\u00c7al\u0131\u015fma Frekans\u0131<\/td>\n<td width=\"284\">1700\u00b150(KHZ)<\/td>\n<\/tr>\n<tr>\n<td width=\"284\">Piezoseramik \u00c7ap\u0131<\/td>\n<td width=\"284\">20mm<\/td>\n<\/tr>\n<tr>\n<td width=\"284\">\u00c7al\u0131\u015fma S\u0131cakl\u0131\u011f\u0131<\/td>\n<td width=\"284\">1\uff5e45\u2103<\/td>\n<\/tr>\n<tr>\n<td width=\"284\">Su Seviyesi<\/td>\n<td width=\"284\">40mm-80mm<\/td>\n<\/tr>\n<tr>\n<td width=\"284\">\u00c7al\u0131\u015fma Voltaj\u0131<\/td>\n<td width=\"284\">36V AC<\/td>\n<\/tr>\n<tr>\n<td width=\"284\">\u00c7al\u0131\u015fma Ak\u0131m\u0131<\/td>\n<td width=\"284\">3.3A<\/td>\n<\/tr>\n<tr>\n<td width=\"284\">G\u00fc\u00e7:<\/td>\n<td width=\"284\">150W<\/td>\n<\/tr>\n<tr>\n<td width=\"284\">Malzeme<\/td>\n<td width=\"284\">Paslanmaz \u00c7elik<\/td>\n<\/tr>\n<tr>\n<td width=\"284\">Kablo<\/td>\n<td width=\"284\">Uzunluk 5m<\/td>\n<\/tr>\n<tr>\n<td width=\"284\">Giri\u015f Voltaj\u0131<\/td>\n<td width=\"284\">AC 220V\/50HZ<\/p>\n<p>120V\/60HZ<\/td>\n<\/tr>\n<\/tbody>\n<\/table>\n<h3>Ultrasonik Nemlendirici Videolar\u0131<\/h3>\n<p><iframe loading=\"lazy\" title=\"Ultrasonic Humidifier\" width=\"500\" height=\"281\" src=\"https:\/\/www.youtube.com\/embed\/videoseries?list=PLLrjMYkO0_NEpofnqW3MnsGQ-KMwpBJul\" frameborder=\"0\" allow=\"accelerometer; autoplay; clipboard-write; encrypted-media; gyroscope; picture-in-picture; web-share\" referrerpolicy=\"strict-origin-when-cross-origin\" allowfullscreen><\/iframe><\/p>\n","protected":false},"excerpt":{"rendered":"<p><a href=\"https:\/\/www.bjultrasonic.com\/tr\/category\/ultrasonic-atomizer-tr\/\">Ultrasonik nemlendirici<\/a>, s\u0131v\u0131lar\u0131 bulut benzeri par\u00e7ac\u0131klara d\u00f6n\u00fc\u015ft\u00fcrmek i\u00e7in ultrasonik enerji kullan\u0131r. Ultrasonik nemlendirici ayn\u0131 zamanda ultrasonik atomizer, <a href=\"https:\/\/www.bjultrasonic.com\/tr\/shop\/ultrasonic-atomizing-transducer\/\">ultrasonik sis \u00fcretici<\/a>, ultrasonik sis makinesi olarak da adland\u0131r\u0131l\u0131r.<\/p>\n","protected":false},"featured_media":23793,"comment_status":"open","ping_status":"closed","template":"","meta":[],"product_brand":[],"product_cat":[6191],"product_tag":[],"class_list":{"0":"post-65387","1":"product","2":"type-product","3":"status-publish","4":"has-post-thumbnail","6":"product_cat-ultrasonic-atomizer-tr","8":"first","9":"instock","10":"shipping-taxable","11":"purchasable","12":"product-type-simple","13":"prodpage-classic"},"aioseo_notices":[],"_links":{"self":[{"href":"https:\/\/www.bjultrasonic.com\/tr\/wp-json\/wp\/v2\/product\/65387","targetHints":{"allow":["GET"]}}],"collection":[{"href":"https:\/\/www.bjultrasonic.com\/tr\/wp-json\/wp\/v2\/product"}],"about":[{"href":"https:\/\/www.bjultrasonic.com\/tr\/wp-json\/wp\/v2\/types\/product"}],"replies":[{"embeddable":true,"href":"https:\/\/www.bjultrasonic.com\/tr\/wp-json\/wp\/v2\/comments?post=65387"}],"wp:featuredmedia":[{"embeddable":true,"href":"https:\/\/www.bjultrasonic.com\/tr\/wp-json\/wp\/v2\/media\/23793"}],"wp:attachment":[{"href":"https:\/\/www.bjultrasonic.com\/tr\/wp-json\/wp\/v2\/media?parent=65387"}],"wp:term":[{"taxonomy":"product_brand","embeddable":true,"href":"https:\/\/www.bjultrasonic.com\/tr\/wp-json\/wp\/v2\/product_brand?post=65387"},{"taxonomy":"product_cat","embeddable":true,"href":"https:\/\/www.bjultrasonic.com\/tr\/wp-json\/wp\/v2\/product_cat?post=65387"},{"taxonomy":"product_tag","embeddable":true,"href":"https:\/\/www.bjultrasonic.com\/tr\/wp-json\/wp\/v2\/product_tag?post=65387"}],"curies":[{"name":"wp","href":"https:\/\/api.w.org\/{rel}","templated":true}]}}