{"id":65407,"date":"2021-03-22T09:02:21","date_gmt":"2021-03-22T14:02:21","guid":{"rendered":"https:\/\/www.bjultrasonic.com\/shop\/700ml-ultrasonic-humidifier\/"},"modified":"2026-03-28T20:57:18","modified_gmt":"2026-03-29T01:57:18","slug":"700ml-ultrasonic-humidifier","status":"publish","type":"product","link":"https:\/\/www.bjultrasonic.com\/tr\/shop\/700ml-ultrasonic-humidifier\/","title":{"rendered":"700ML Ultrasonik Nemlendirici"},"content":{"rendered":"<table class=\"table table-striped table-bordered\">\n<tbody>\n<tr>\n<td width=\"343\">Tip<\/td>\n<td width=\"343\">BJA700<\/td>\n<\/tr>\n<tr>\n<td width=\"343\">Atomizasyon Miktar\u0131<\/td>\n<td width=\"343\">&gt;700ML<\/td>\n<\/tr>\n<tr>\n<td width=\"343\">Boyut<\/td>\n<td width=\"343\">115*44*51mm U*G*Y<\/td>\n<\/tr>\n<tr>\n<td width=\"343\">\u00c7al\u0131\u015fma Frekans\u0131<\/td>\n<td width=\"343\">1700\u00b150(KHZ)<\/td>\n<\/tr>\n<tr>\n<td width=\"343\">Piezoseramik \u00c7ap\u0131<\/td>\n<td width=\"343\">20mm<\/td>\n<\/tr>\n<tr>\n<td width=\"343\">\u00c7al\u0131\u015fma S\u0131cakl\u0131\u011f\u0131<\/td>\n<td width=\"343\">5\uff5e45\u2103<\/td>\n<\/tr>\n<tr>\n<td width=\"343\">Su Seviyesi<\/td>\n<td width=\"343\">Tank\u0131n taban\u0131ndan 40mm-60mm \u00fczerinde<\/td>\n<\/tr>\n<tr>\n<td width=\"343\">\u00c7al\u0131\u015fma Voltaj\u0131<\/td>\n<td width=\"343\">DC 36V<\/td>\n<\/tr>\n<tr>\n<td width=\"343\">G\u00fc\u00e7:<\/td>\n<td width=\"343\">80W<\/td>\n<\/tr>\n<tr>\n<td width=\"343\">Malzeme<\/td>\n<td width=\"343\">Paslanmaz \u00c7elik 304<\/td>\n<\/tr>\n<tr>\n<td width=\"343\">Kablo<\/td>\n<td width=\"343\">1.5M veya 3M<\/td>\n<\/tr>\n<\/tbody>\n<\/table>\n<p>&nbsp;<\/p>\n<h3>Ultrasonik Nemlendirici Videolar\u0131<\/h3>\n<p><iframe loading=\"lazy\" title=\"Ultrasonic Humidifier\" width=\"500\" height=\"281\" src=\"https:\/\/www.youtube.com\/embed\/videoseries?list=PLLrjMYkO0_NEpofnqW3MnsGQ-KMwpBJul\" frameborder=\"0\" allow=\"accelerometer; autoplay; clipboard-write; encrypted-media; gyroscope; picture-in-picture; web-share\" referrerpolicy=\"strict-origin-when-cross-origin\" allowfullscreen><\/iframe><\/p>\n","protected":false},"excerpt":{"rendered":"<p><a href=\"https:\/\/www.bjultrasonic.com\/tr\/category\/ultrasonic-atomizer-tr\/\">Ultrasonik nemlendirici<\/a>, s\u0131v\u0131lar\u0131 bulut benzeri par\u00e7ac\u0131klara d\u00f6n\u00fc\u015ft\u00fcrmek i\u00e7in ultrasonik enerji kullan\u0131r. Ultrasonik nemlendirici, ayn\u0131 zamanda ultrasonik atomizer, <a href=\"https:\/\/www.bjultrasonic.com\/tr\/shop\/ultrasonic-atomizing-transducer\/\">ultrasonik sis \u00fcretici<\/a>, ultrasonik sis cihaz\u0131 olarak da adland\u0131r\u0131l\u0131r.<\/p>\n","protected":false},"featured_media":23789,"comment_status":"open","ping_status":"closed","template":"","meta":[],"product_brand":[],"product_cat":[6191],"product_tag":[],"class_list":{"0":"post-65407","1":"product","2":"type-product","3":"status-publish","4":"has-post-thumbnail","6":"product_cat-ultrasonic-atomizer-tr","8":"first","9":"instock","10":"shipping-taxable","11":"purchasable","12":"product-type-simple","13":"prodpage-classic"},"aioseo_notices":[],"_links":{"self":[{"href":"https:\/\/www.bjultrasonic.com\/tr\/wp-json\/wp\/v2\/product\/65407","targetHints":{"allow":["GET"]}}],"collection":[{"href":"https:\/\/www.bjultrasonic.com\/tr\/wp-json\/wp\/v2\/product"}],"about":[{"href":"https:\/\/www.bjultrasonic.com\/tr\/wp-json\/wp\/v2\/types\/product"}],"replies":[{"embeddable":true,"href":"https:\/\/www.bjultrasonic.com\/tr\/wp-json\/wp\/v2\/comments?post=65407"}],"wp:featuredmedia":[{"embeddable":true,"href":"https:\/\/www.bjultrasonic.com\/tr\/wp-json\/wp\/v2\/media\/23789"}],"wp:attachment":[{"href":"https:\/\/www.bjultrasonic.com\/tr\/wp-json\/wp\/v2\/media?parent=65407"}],"wp:term":[{"taxonomy":"product_brand","embeddable":true,"href":"https:\/\/www.bjultrasonic.com\/tr\/wp-json\/wp\/v2\/product_brand?post=65407"},{"taxonomy":"product_cat","embeddable":true,"href":"https:\/\/www.bjultrasonic.com\/tr\/wp-json\/wp\/v2\/product_cat?post=65407"},{"taxonomy":"product_tag","embeddable":true,"href":"https:\/\/www.bjultrasonic.com\/tr\/wp-json\/wp\/v2\/product_tag?post=65407"}],"curies":[{"name":"wp","href":"https:\/\/api.w.org\/{rel}","templated":true}]}}