{"id":65527,"date":"2021-03-17T10:23:32","date_gmt":"2021-03-17T15:23:32","guid":{"rendered":"https:\/\/www.bjultrasonic.com\/shop\/40khz-80khz-40w-dual-frequency-ultrasonic-transducer-pzt-4\/"},"modified":"2026-03-28T20:55:58","modified_gmt":"2026-03-29T01:55:58","slug":"40khz-80khz-40w-dual-frequency-ultrasonic-transducer-pzt-4","status":"publish","type":"product","link":"https:\/\/www.bjultrasonic.com\/tr\/shop\/40khz-80khz-40w-dual-frequency-ultrasonic-transducer-pzt-4\/","title":{"rendered":"40KHz\/80KHz 40W \u00c7ift Frekansl\u0131 Ultrasonik Transd\u00fcser (PZT-4)"},"content":{"rendered":"<h2>40KHz\/80KHz 40W \u00c7ift Frekansl\u0131 Ultrasonik Transd\u00fcser (PZT-4) \u00d6zellikleri<\/h2>\n<table class=\"table table-striped table-bordered\">\n<tbody>\n<tr>\n<td width=\"220\">Tip<\/td>\n<td width=\"346\">BJC-4080T- 40HN PZT-4<\/td>\n<\/tr>\n<tr>\n<td width=\"220\">Frekans<\/td>\n<td width=\"346\">40\uff0880\uff09KHz +\/- 1KHz<\/td>\n<\/tr>\n<tr>\n<td width=\"220\">G\u00fc\u00e7<\/td>\n<td width=\"346\">40w<\/td>\n<\/tr>\n<tr>\n<td width=\"220\">Kapasite<\/td>\n<td width=\"346\">4800pf\u00b110%<\/td>\n<\/tr>\n<tr>\n<td width=\"220\">Yay\u0131c\u0131 Y\u00fczey<\/td>\n<td width=\"346\">40mm<\/td>\n<\/tr>\n<tr>\n<td width=\"220\">Rezonans Direnci<\/td>\n<td width=\"346\">10-20\u03a9\u00a0 &lt;35<\/td>\n<\/tr>\n<tr>\n<td width=\"220\">Uzunluk<\/td>\n<td width=\"346\">61mm<\/td>\n<\/tr>\n<tr>\n<td width=\"220\">G\u00fc\u00e7 Kayna\u011f\u0131<\/td>\n<td width=\"346\">100V~130V veya 220V~240V AC<\/td>\n<\/tr>\n<tr>\n<td width=\"220\">A\u011f\u0131rl\u0131k<\/td>\n<td width=\"346\">350g\/adet<\/td>\n<\/tr>\n<tr>\n<td width=\"220\">Tip<\/td>\n<td width=\"346\">Boynuz Tipi<\/td>\n<\/tr>\n<\/tbody>\n<\/table>\n<h2><a href=\"https:\/\/drive.google.com\/file\/d\/1pXEpP5HbetTukpQtZKV4hyTdlMm0aYkt\/view\" target=\"_blank\" rel=\"noopener\">\u0130ndir<\/a> T\u00fcm Ultrasonik Temizleme Transd\u00fcserlerinin \u00d6zellikleri ve teklifi.<\/h2>\n<h3>Ultrasonik Temizleme Transd\u00fcseri \u0130simlendirme Y\u00f6ntemleri<\/h3>\n<p><a href=\"https:\/\/www.bjultrasonic.com\/wp-content\/uploads\/2012\/10\/Naming-Methods-of-Ultrasonic-Cleaning-Transducer.jpg\" data-lightbox=\"image\"><img loading=\"lazy\" decoding=\"async\" title=\"Ultrasonik Temizleme Transd\u00fcseri \u0130simlendirme Y\u00f6ntemleri\" src=\"\/\/www.bjultrasonic.com\/wp-content\/uploads\/2012\/10\/Naming-Methods-of-Ultrasonic-Cleaning-Transducer.jpg\" alt=\"Ultrasonik Temizleme Transd\u00fcseri \u0130simlendirme Y\u00f6ntemleri\" width=\"442\" height=\"399\" \/><\/a><\/p>\n<h3>Ultrasonik Temizleme Transd\u00fcseri Yap\u0131s\u0131<\/h3>\n<p><a href=\"https:\/\/www.bjultrasonic.com\/wp-content\/uploads\/2012\/03\/2012319111.jpg\" data-lightbox=\"image\"><img loading=\"lazy\" decoding=\"async\" title=\"Ultrasonik Temizleme Transd\u00fcseri Yap\u0131s\u0131\" src=\"\/\/www.bjultrasonic.com\/wp-content\/uploads\/2012\/10\/Ultrasonik-Cleaning-Transducer-Structure.jpg\" alt=\"Ultrasonik Temizleme Transd\u00fcseri Yap\u0131s\u0131\" width=\"546\" height=\"203\" \/><\/a><\/p>\n<h3>Ana \u00d6zellikler<\/h3>\n<ul>\n<li>Y\u00fcksek verimlilik: y\u00fcksek mekanik parametre Q, elektrik ve ses aras\u0131ndaki d\u00f6n\u00fc\u015ft\u00fcrme verimlili\u011fi %95&#8217;in \u00fczerinde.<\/li>\n<li>Y\u00fcksek genlik: y\u00fcksek h\u0131zl\u0131 vibrat\u00f6r\u00fcn c\u0131vata ile y\u0131kama haznesinin taban\u0131na do\u011frudan sabitlenmesiyle transd\u00fcser mukavemeti art\u0131r\u0131lm\u0131\u015ft\u0131r. Manyetik genle\u015fmeli bir vibrat\u00f6rle kar\u015f\u0131la\u015ft\u0131r\u0131ld\u0131\u011f\u0131nda, genli\u011fi %50&#8217;nin \u00fczerinde art\u0131r\u0131labilir.<\/li>\n<li>\u0130yi \u0131s\u0131 direnci: geni\u015f bir \u00e7al\u0131\u015fma s\u0131cakl\u0131\u011f\u0131 aral\u0131\u011f\u0131, d\u00fc\u015f\u00fck rezonans empedans\u0131 ve \u0131s\u0131 \u00fcretimi.<\/li>\n<li>\u0130yi yap\u0131: c\u0131vata ile sabitlenmi\u015f, montaj\u0131 kolay, y\u00fcksek g\u00fcvenilirlik.<\/li>\n<\/ul>\n<h3>Video Oynatma Listesi: Ultrasonik Transd\u00fcserler<\/h3>\n<p><iframe loading=\"lazy\" title=\"Dual-frequency Piezoelectric Ultrasonic Transducer for Ultrasonic Cleaner\" width=\"500\" height=\"281\" src=\"https:\/\/www.youtube.com\/embed\/3zVdE1GihAE?list=PL2F5F3AB3579FB4A9\" frameborder=\"0\" allow=\"accelerometer; autoplay; clipboard-write; encrypted-media; gyroscope; picture-in-picture; web-share\" referrerpolicy=\"strict-origin-when-cross-origin\" allowfullscreen><\/iframe><\/p>\n<h3>Y\u00fcksek G\u00fc\u00e7l\u00fc Ultrasonik Transd\u00fcser<\/h3>\n<p><iframe loading=\"lazy\" title=\"High Power Piezoelectric Ultrasonic Transducer - Beijing Ultrasonic\" width=\"500\" height=\"281\" src=\"https:\/\/www.youtube.com\/embed\/TBLGTvZgOw4?feature=oembed\" frameborder=\"0\" allow=\"accelerometer; autoplay; clipboard-write; encrypted-media; gyroscope; picture-in-picture; web-share\" referrerpolicy=\"strict-origin-when-cross-origin\" allowfullscreen><\/iframe><\/p>\n<h3>\u00d6deme<\/h3>\n<p>\u015eu anda paypal, T\/T ve Western Union kabul ediyoruz.<\/p>\n<h3>Nakliye<\/h3>\n<p>Malzemeler, tam \u00f6deme al\u0131nd\u0131ktan sonra 48 saat i\u00e7inde sevk edilecektir.<\/p>\n<ul>\n<li>Malzemeleri, PayPal \u00f6demesinde verilen adrese g\u00f6nderiyoruz. L\u00fctfen PayPal&#8217;daki adresin do\u011fru oldu\u011fundan emin olun.<\/li>\n<li>Malzemeleri g\u00f6nderdikten sonra size takip numaras\u0131n\u0131 verece\u011fiz, genellikle malzemeleri be\u015f g\u00fcn i\u00e7inde alacaks\u0131n\u0131z.<\/li>\n<li>Herhangi bir sorunuz varsa, l\u00fctfen bizimle e-posta yoluyla ileti\u015fime ge\u00e7in (e-posta adresimiz <a href=\"mailto:support@bjultrasonic.com\">support@bjultrasonic.com<\/a>)<\/li>\n<\/ul>\n<h3 align=\"left\">\u00dcr\u00fcn Garantisi<\/h3>\n<p>\u00dcr\u00fcn garanti s\u00fcresi bir y\u0131ld\u0131r, garanti s\u00fcresi i\u00e7inde sat\u0131n al\u0131nan \u00fcr\u00fcnler \u00fccretsiz bak\u0131m veya de\u011fi\u015fimden yararlanabilir.<\/p>\n","protected":false},"excerpt":{"rendered":"<p><a href=\"https:\/\/www.bjultrasonic.com\/tr\/category\/ultrasonic-transducer-tr\/\">Piezoelektrik d\u00f6n\u00fc\u015ft\u00fcr\u00fcc\u00fc<\/a> ultrasonik temizleme i\u00e7in, bir <a href=\"https:\/\/www.bjultrasonic.com\/tr\/category\/ultrasonic-cleaning-system-tr\/\">ultrasonik temizleyici<\/a>nin \u00f6nemli bir par\u00e7as\u0131d\u0131r, ultrasonik d\u00f6n\u00fc\u015ft\u00fcr\u00fcc\u00fc <a href=\"https:\/\/www.bjultrasonic.com\/tr\/category\/ultrasonic-generator-tr\/\">ultrasonik jenerat\u00f6r<\/a>den gelen elektrik enerjisini <a href=\"https:\/\/www.bjultrasonic.com\/tr\/uses-of-ultrasonic-waves\/\">ultrasonik dalgalara<\/a> d\u00f6n\u00fc\u015ft\u00fcr\u00fcr.<\/p>\n","protected":false},"featured_media":23748,"comment_status":"open","ping_status":"closed","template":"","meta":[],"product_brand":[],"product_cat":[6327],"product_tag":[],"class_list":{"0":"post-65527","1":"product","2":"type-product","3":"status-publish","4":"has-post-thumbnail","6":"product_cat-ultrasonic-transducer-tr","8":"first","9":"instock","10":"shipping-taxable","11":"purchasable","12":"product-type-simple","13":"prodpage-classic"},"aioseo_notices":[],"_links":{"self":[{"href":"https:\/\/www.bjultrasonic.com\/tr\/wp-json\/wp\/v2\/product\/65527","targetHints":{"allow":["GET"]}}],"collection":[{"href":"https:\/\/www.bjultrasonic.com\/tr\/wp-json\/wp\/v2\/product"}],"about":[{"href":"https:\/\/www.bjultrasonic.com\/tr\/wp-json\/wp\/v2\/types\/product"}],"replies":[{"embeddable":true,"href":"https:\/\/www.bjultrasonic.com\/tr\/wp-json\/wp\/v2\/comments?post=65527"}],"wp:featuredmedia":[{"embeddable":true,"href":"https:\/\/www.bjultrasonic.com\/tr\/wp-json\/wp\/v2\/media\/23748"}],"wp:attachment":[{"href":"https:\/\/www.bjultrasonic.com\/tr\/wp-json\/wp\/v2\/media?parent=65527"}],"wp:term":[{"taxonomy":"product_brand","embeddable":true,"href":"https:\/\/www.bjultrasonic.com\/tr\/wp-json\/wp\/v2\/product_brand?post=65527"},{"taxonomy":"product_cat","embeddable":true,"href":"https:\/\/www.bjultrasonic.com\/tr\/wp-json\/wp\/v2\/product_cat?post=65527"},{"taxonomy":"product_tag","embeddable":true,"href":"https:\/\/www.bjultrasonic.com\/tr\/wp-json\/wp\/v2\/product_tag?post=65527"}],"curies":[{"name":"wp","href":"https:\/\/api.w.org\/{rel}","templated":true}]}}