{"id":65587,"date":"2021-03-16T02:47:49","date_gmt":"2021-03-16T07:47:49","guid":{"rendered":"https:\/\/www.bjultrasonic.com\/shop\/three-tanks-industrial-ultrasonic-cleaners\/"},"modified":"2026-03-28T20:55:32","modified_gmt":"2026-03-29T01:55:32","slug":"three-tanks-industrial-ultrasonic-cleaners","status":"publish","type":"product","link":"https:\/\/www.bjultrasonic.com\/tr\/shop\/three-tanks-industrial-ultrasonic-cleaners\/","title":{"rendered":"\u00dc\u00e7 Tankl\u0131 End\u00fcstriyel Ultrasonik Temizleyiciler"},"content":{"rendered":"<h3>\u00d6zellikler (\u0130stenilen herhangi bir boyutu \u00f6zelle\u015ftirebiliriz)<\/h3>\n<table class=\"table table-striped table-bordered\">\n<tbody>\n<tr>\n<td> Tip<\/td>\n<td>Frekans<\/p>\n<p>(KHz)<\/td>\n<td>Ultrasonik d\u00f6n\u00fc\u015ft\u00fcr\u00fcc\u00fc<\/p>\n<p>(Adet)<\/td>\n<td>Hacim<\/p>\n<p>(L)<\/td>\n<td>Ultrasonik G\u00fc\u00e7<\/p>\n<p>(W)<\/td>\n<td>Tank Boyutu<\/p>\n<p>(U*G*Y MM)<\/td>\n<td>Is\u0131tma G\u00fcc\u00fc<\/p>\n<p>(W)<\/td>\n<td>Zamanlay\u0131c\u0131<\/p>\n<p>(DK)<\/td>\n<td>Kurutma<\/td>\n<td>Filtre<\/td>\n<td>Durulama<\/td>\n<\/tr>\n<tr>\n<td>BJCTE38<\/td>\n<td>28 veya 40k veya di\u011fer<\/td>\n<td>12<\/td>\n<td>38<\/td>\n<td>600<\/td>\n<td>500*300*250<\/td>\n<td>1500<\/td>\n<td>1~99\uff08s\uff09<\/td>\n<td>VAR<\/td>\n<td>VAR<\/td>\n<td>VAR<\/td>\n<\/tr>\n<tr>\n<td>BJCTE53<\/td>\n<td>28 veya 40k veya di\u011fer<\/td>\n<td>18<\/td>\n<td>53<\/td>\n<td>900<\/td>\n<td>500*350*300<\/td>\n<td>1500<\/td>\n<td>1~99\uff08s\uff09<\/td>\n<td>VAR<\/td>\n<td>VAR<\/td>\n<td>VAR<\/td>\n<\/tr>\n<tr>\n<td>BJCTE78<\/td>\n<td>28 veya 40k veya di\u011fer<\/td>\n<td>24<\/td>\n<td>78<\/td>\n<td>1200<\/td>\n<td>550*400*350<\/td>\n<td>3000<\/td>\n<td>1~99\uff08s\uff09<\/td>\n<td>VAR<\/td>\n<td>VAR<\/td>\n<td>VAR<\/td>\n<\/tr>\n<tr>\n<td>BJCTE88<\/td>\n<td>28 veya 40k veya di\u011fer<\/td>\n<td>24<\/td>\n<td>88<\/td>\n<td>1200<\/td>\n<td>550*400*400<\/td>\n<td>3000<\/td>\n<td>1~99\uff08s\uff09<\/td>\n<td>VAR<\/td>\n<td>VAR<\/td>\n<td>VAR<\/td>\n<\/tr>\n<tr>\n<td>BJCTE99<\/td>\n<td>28 veya 40k veya di\u011fer<\/td>\n<td>30<\/td>\n<td>99<\/td>\n<td>1500<\/td>\n<td>550*450*400<\/td>\n<td>3000<\/td>\n<td>1~99\uff08s\uff09<\/td>\n<td>VAR<\/td>\n<td>VAR<\/td>\n<td>VAR<\/td>\n<\/tr>\n<tr>\n<td>BJCTE135<\/td>\n<td>28 veya 40k veya di\u011fer<\/td>\n<td>36<\/td>\n<td>135<\/td>\n<td>1800<\/td>\n<td>600*500*450<\/td>\n<td>4500<\/td>\n<td>1~99\uff08s\uff09<\/td>\n<td>VAR<\/td>\n<td>VAR<\/td>\n<td>VAR<\/td>\n<\/tr>\n<tr>\n<td>BJCTE175<\/td>\n<td>28 veya 40k veya di\u011fer<\/td>\n<td>48<\/td>\n<td>175<\/td>\n<td>2400<\/td>\n<td>700*500*550<\/td>\n<td>6000<\/td>\n<td>1~99\uff08s\uff09<\/td>\n<td>VAR<\/td>\n<td>VAR<\/td>\n<td>VAR<\/td>\n<\/tr>\n<tr>\n<td>BJCTE264<\/td>\n<td>28 veya 40k veya di\u011fer<\/td>\n<td>60<\/td>\n<td>264<\/td>\n<td>3000<\/td>\n<td>800*600*550<\/td>\n<td>9000<\/td>\n<td>1~99\uff08s\uff09<\/td>\n<td>VAR<\/td>\n<td>VAR<\/td>\n<td>VAR<\/td>\n<\/tr>\n<tr>\n<td>BJCTE360<\/td>\n<td>28 veya 40k veya di\u011fer<\/td>\n<td>72<\/td>\n<td>360<\/td>\n<td>3600<\/td>\n<td>1000*600*600<\/td>\n<td>12000<\/td>\n<td>1~99\uff08s\uff09<\/td>\n<td>VAR<\/td>\n<td>VAR<\/td>\n<td>VAR<\/td>\n<\/tr>\n<tr>\n<td>BJCTE540<\/td>\n<td>28 veya 40k veya di\u011fer<\/td>\n<td>108<\/td>\n<td>540<\/td>\n<td>5400<\/td>\n<td>1000*900*600<\/td>\n<td>18000<\/td>\n<td>1~99\uff08s\uff09<\/td>\n<td>VAR<\/td>\n<td>VAR<\/td>\n<td>VAR<\/td>\n<\/tr>\n<tr>\n<td>BJCTE960<\/td>\n<td>28 veya 40k veya di\u011fer<\/td>\n<td>144<\/td>\n<td>960<\/td>\n<td>7200<\/td>\n<td>1200*1000*800<\/td>\n<td>27000<\/td>\n<td>1~99\uff08s\uff09<\/td>\n<td>VAR<\/td>\n<td>VAR<\/td>\n<td>VAR<\/td>\n<\/tr>\n<\/tbody>\n<\/table>\n<p>Y\u00fcksek kaliteli epoksi yap\u0131\u015ft\u0131r\u0131c\u0131 kullan\u0131l\u0131r. Kolayca d\u00fc\u015fmez.<br \/>\nUltrasonik d\u00f6n\u00fc\u015ft\u00fcr\u00fcc\u00fc, damgalama kullan\u0131larak ba\u011flan\u0131r. Kumlama. Y\u0131kama ve kurutma. Di\u015f i\u015flemi<\/p>\n<p><img loading=\"lazy\" decoding=\"async\" class=\"alignnone size-full wp-image-23706\" src=\"https:\/\/www.bjultrasonic.com\/wp-content\/uploads\/2021\/03\/Bond-ultrasonic-transducer-by-using-stamping.jpg\" alt=\"Damgalama kullanarak ultrasonik d\u00f6n\u00fc\u015ft\u00fcr\u00fcc\u00fc ba\u011flama\" width=\"700\" height=\"398\" \/><\/p>\n","protected":false},"excerpt":{"rendered":"<h3>Ultrasonik Temizleme + Durulama + Kurutma + Filtre<\/h3>\n<ol>\n<li>Hazne Malzemesi: 304SS hazne. Kaynaks\u0131z a\u00e7\u0131k kal\u0131p damgalama \u015fekillendirme.<\/li>\n<li>Hazne Kal\u0131nl\u0131\u011f\u0131: 3mm Uzun \u00d6m\u00fcr<\/li>\n<li>\u00c7al\u0131\u015fma S\u00fcresi:0-90 dk ayarlanabilir<\/li>\n<li>S\u0131cakl\u0131k Kontrol\u00fc:0-80 Derece<\/li>\n<li>G\u00fc\u00e7: Ayarlanabilir<\/li>\n<li>Frekans: Talep edildi\u011fi gibi Kablo<\/li>\n<li>End\u00fcstriyel standart, kal\u0131n g\u00fc\u00e7 kablosu \u0131s\u0131ya dayan\u0131kl\u0131, yumu\u015famaya diren\u00e7li<\/li>\n<li>Y\u00fcksek hassasiyet: Ultrasonik enerji k\u00fc\u00e7\u00fck \u00e7atlak ve deliklerden ge\u00e7ebildi\u011fi i\u00e7in, herhangi bir par\u00e7a veya montajl\u0131 par\u00e7alar\u0131n temizli\u011finde uygulanabilir. Temizlenecek hassas par\u00e7alar veya montajl\u0131 par\u00e7alar i\u00e7in, ultrasonik temizleme genellikle \u00f6zel teknik gereksinimleri kar\u015f\u0131layan tek temizleme y\u00f6ntemi haline gelir;<\/li>\n<li>H\u0131zl\u0131: Ultrasonik temizleme, i\u015f par\u00e7as\u0131n\u0131n tozunu alma ve kirecini \u00e7\u00f6zme a\u00e7\u0131s\u0131ndan normal temizleme y\u00f6ntemlerine g\u00f6re \u00e7ok daha h\u0131zl\u0131d\u0131r. S\u00f6kmeden temizlik yap\u0131labilir. Ultrasonik temizli\u011fin bu avantaj\u0131 i\u015f g\u00fcc\u00fcnden tasarruf sa\u011flar ve onu en ekonomik temizleme yolu yapar;<\/li>\n<li>Tutarl\u0131l\u0131k: Temizlenecek par\u00e7a b\u00fcy\u00fck veya k\u00fc\u00e7\u00fck, basit veya karma\u015f\u0131k, tekli veya toplu ya da otomatik montaj hatt\u0131nda olsun, ultrasonik temizleme kullan\u0131m\u0131 elle temizlemenin sa\u011flayamayaca\u011f\u0131 d\u00fczg\u00fcn bir temizlik sa\u011flar.<\/li>\n<li>Tasar\u0131m: \u00dcr\u00fcn tasar\u0131m\u0131 g\u00fczel ve kolayd\u0131r, kasa kaliteli paslanmaz \u00e7elik kabartma ile yap\u0131lm\u0131\u015ft\u0131r. Paslanmaya kar\u015f\u0131 performans\u0131 iyidir; Temizleme haznesi kaliteli SUS304 paslanmaz \u00e7elik damgalanarak yap\u0131lm\u0131\u015ft\u0131r, kaynak yoktur, su ge\u00e7irmezlik performans\u0131 iyidir.<\/li>\n<li>Devre: G\u00fc\u00e7 devresi yeni OS osilat\u00f6rlerini kullan\u0131r, titre\u015fim frekans\u0131n\u0131 hassas bir \u015fekilde kontrol eder ve geri besleme toplama i\u015flevine sahiptir, ultrasonik \u00e7\u0131k\u0131\u015f daha kararl\u0131 ve g\u00fcvenilirdir.<\/li>\n<li>Ultrasonik Transd\u00fcser: Ultrasonik transd\u00fcser, daha uzun \u00f6m\u00fcrl\u00fc tam al\u00fcminyum yap\u0131 kullan\u0131r, \u0131s\u0131nmay\u0131 azalt\u0131r, kararl\u0131 \u00e7\u0131k\u0131\u015f sa\u011flar.<\/li>\n<\/ol>\n","protected":false},"featured_media":23712,"comment_status":"closed","ping_status":"closed","template":"","meta":[],"product_brand":[],"product_cat":[5957],"product_tag":[],"class_list":{"0":"post-65587","1":"product","2":"type-product","3":"status-publish","4":"has-post-thumbnail","6":"product_cat-big-ultrasonic-cleaning-machine-tr","8":"first","9":"instock","10":"shipping-taxable","11":"product-type-external","12":"prodpage-classic"},"aioseo_notices":[],"_links":{"self":[{"href":"https:\/\/www.bjultrasonic.com\/tr\/wp-json\/wp\/v2\/product\/65587","targetHints":{"allow":["GET"]}}],"collection":[{"href":"https:\/\/www.bjultrasonic.com\/tr\/wp-json\/wp\/v2\/product"}],"about":[{"href":"https:\/\/www.bjultrasonic.com\/tr\/wp-json\/wp\/v2\/types\/product"}],"replies":[{"embeddable":true,"href":"https:\/\/www.bjultrasonic.com\/tr\/wp-json\/wp\/v2\/comments?post=65587"}],"wp:featuredmedia":[{"embeddable":true,"href":"https:\/\/www.bjultrasonic.com\/tr\/wp-json\/wp\/v2\/media\/23712"}],"wp:attachment":[{"href":"https:\/\/www.bjultrasonic.com\/tr\/wp-json\/wp\/v2\/media?parent=65587"}],"wp:term":[{"taxonomy":"product_brand","embeddable":true,"href":"https:\/\/www.bjultrasonic.com\/tr\/wp-json\/wp\/v2\/product_brand?post=65587"},{"taxonomy":"product_cat","embeddable":true,"href":"https:\/\/www.bjultrasonic.com\/tr\/wp-json\/wp\/v2\/product_cat?post=65587"},{"taxonomy":"product_tag","embeddable":true,"href":"https:\/\/www.bjultrasonic.com\/tr\/wp-json\/wp\/v2\/product_tag?post=65587"}],"curies":[{"name":"wp","href":"https:\/\/api.w.org\/{rel}","templated":true}]}}