{"id":65627,"date":"2021-03-16T02:36:21","date_gmt":"2021-03-16T07:36:21","guid":{"rendered":"https:\/\/www.bjultrasonic.com\/shop\/single-tank-industrial-ultrasonic-cleaners\/"},"modified":"2026-03-28T20:55:03","modified_gmt":"2026-03-29T01:55:03","slug":"single-tank-industrial-ultrasonic-cleaners","status":"publish","type":"product","link":"https:\/\/www.bjultrasonic.com\/tr\/shop\/single-tank-industrial-ultrasonic-cleaners\/","title":{"rendered":"Tek Tankl\u0131 End\u00fcstriyel Ultrasonik Temizleyiciler"},"content":{"rendered":"<h3>Teknik \u00d6zellikler (Gerekti\u011finde herhangi bir boyutu \u00f6zelle\u015ftirebiliriz)<\/h3>\n<table class=\"table table-striped table-bordered\">\n<tbody>\n<tr>\n<td> Tip<\/td>\n<td>Frekans<\/p>\n<p>(KHz)<\/td>\n<td>Ultrasonik Transd\u00fcser<\/p>\n<p>(Adet)<\/td>\n<td>Hacim<\/p>\n<p>(L)<\/td>\n<td>Ultrasonik G\u00fc\u00e7<\/p>\n<p>(W)<\/td>\n<td>Tank Boyutu<\/p>\n<p>(U*G*Y MM)<\/td>\n<td>Makine Boyutu<\/p>\n<p>(U*G*Y MM)<\/td>\n<td>Is\u0131tma G\u00fcc\u00fc<\/p>\n<p>(W)<\/td>\n<td>Zamanlay\u0131c\u0131<\/p>\n<p>(DK)<\/td>\n<td>S\u0131cakl\u0131k<\/p>\n<p>(\u2103)<\/td>\n<\/tr>\n<tr>\n<td>BJCE2400<\/td>\n<td>28K 40K veya di\u011fer<\/td>\n<td>48<\/td>\n<td>175<\/td>\n<td>2400<\/td>\n<td>700*500*500<\/td>\n<td>880*680*750<\/td>\n<td>4500<\/td>\n<td>0~99\uff08s\uff09<\/td>\n<td>20~95<\/td>\n<\/tr>\n<tr>\n<td>BJCE3000<\/td>\n<td><\/td>\n<td>60<\/td>\n<td>264<\/td>\n<td>3000<\/td>\n<td>800*600*550<\/td>\n<td>980*780*800<\/td>\n<td>6000<\/td>\n<td>0~99\uff08s\uff09<\/td>\n<td>20~95<\/td>\n<\/tr>\n<tr>\n<td>BJCE3600<\/td>\n<td><\/td>\n<td>72<\/td>\n<td>330<\/td>\n<td>3600<\/td>\n<td>1000*600*550<\/td>\n<td>1180*780*800<\/td>\n<td>6000<\/td>\n<td>0~99\uff08s\uff09<\/td>\n<td>20~95<\/td>\n<\/tr>\n<tr>\n<td>BJCE4200<\/td>\n<td><\/td>\n<td>84<\/td>\n<td>385<\/td>\n<td>0-4200<\/td>\n<td>1000*700*550<\/td>\n<td>1180*880*800<\/td>\n<td>9000<\/td>\n<td>0~99\uff08s\uff09<\/td>\n<td>20~95<\/td>\n<\/tr>\n<tr>\n<td>BJCE4800<\/td>\n<td><\/td>\n<td>96<\/td>\n<td>450<\/td>\n<td>0-4800<\/td>\n<td>1000*750*600<\/td>\n<td>1180*930*850<\/td>\n<td>9000<\/td>\n<td>0~99\uff08s\uff09<\/td>\n<td>20~95<\/td>\n<\/tr>\n<tr>\n<td>BJCE5400<\/td>\n<td><\/td>\n<td>108<\/td>\n<td>540<\/td>\n<td>0-5400<\/td>\n<td>1000*900*600<\/td>\n<td>1180*1080*850<\/td>\n<td>10500<\/td>\n<td>0~99\uff08s\uff09<\/td>\n<td>20~95<\/td>\n<\/tr>\n<tr>\n<td>BJCE6000<\/td>\n<td><\/td>\n<td>120<\/td>\n<td>570<\/td>\n<td>0-6000<\/td>\n<td>1000*950*600<\/td>\n<td>1180*1130*850<\/td>\n<td>10500<\/td>\n<td>0~99\uff08s\uff09<\/td>\n<td>20~95<\/td>\n<\/tr>\n<tr>\n<td>BJCE6600<\/td>\n<td><\/td>\n<td>132<\/td>\n<td>650<\/td>\n<td>0-6600<\/td>\n<td>1000*1000*650<\/td>\n<td>1180*1180*900<\/td>\n<td>12000<\/td>\n<td>0~99\uff08s\uff09<\/td>\n<td>20~95<\/td>\n<\/tr>\n<tr>\n<td>BJCE7200<\/td>\n<td><\/td>\n<td>144<\/td>\n<td>715<\/td>\n<td>0-7200<\/td>\n<td>1100*1000*650<\/td>\n<td>1280*1180*900<\/td>\n<td>12000<\/td>\n<td>0~99\uff08s\uff09<\/td>\n<td>20~95<\/td>\n<\/tr>\n<tr>\n<td colspan=\"2\">BJCE10800<\/td>\n<td>216<\/td>\n<td>975<\/td>\n<td>0-10800<\/td>\n<td>1500*1000*650<\/td>\n<td>1680*1180*900<\/td>\n<td>12000<\/td>\n<td>0~99\uff08s\uff09<\/td>\n<td>20~95<\/td>\n<\/tr>\n<\/tbody>\n<\/table>\n<p>Y\u00fcksek kaliteli epoksi yap\u0131\u015ft\u0131r\u0131c\u0131 kullan\u0131l\u0131r. Kolay d\u00fc\u015fmez.<br \/>\nUltrasonik transd\u00fcserler, damgalama kullan\u0131larak ba\u011flan\u0131r. Kumlama. Y\u0131kama ve kurutma. Di\u015f i\u015flemi<\/p>\n<p><img loading=\"lazy\" decoding=\"async\" class=\"alignnone size-full wp-image-23706\" src=\"https:\/\/www.bjultrasonic.com\/wp-content\/uploads\/2021\/03\/Bond-ultrasonic-transducer-by-using-stamping.jpg\" alt=\"Damgalama kullan\u0131larak ultrasonik transd\u00fcser ba\u011flama\" width=\"700\" height=\"398\" \/><\/p>\n","protected":false},"excerpt":{"rendered":"<p>\u0130ste\u011fe ba\u011fl\u0131 olarak farkl\u0131 boyutlarda temizleme tank\u0131n\u0131 \u00f6zelle\u015ftirebiliriz.<\/p>\n<ol>\n<li>Tank Malzemesi: 304SS tank. Kaynak yok, a\u00e7\u0131k kal\u0131p damgalama \u015fekillendirme.<\/li>\n<li>Tank Kal\u0131nl\u0131\u011f\u0131: 3mm Uzun \u00d6m\u00fcr<\/li>\n<li>\u00c7al\u0131\u015fma S\u00fcresi: 0-90 dk ayarlanabilir<\/li>\n<li>S\u0131cakl\u0131k Kontrol\u00fc: 0-80 Derece<\/li>\n<li>G\u00fc\u00e7: Ayarlanabilir<\/li>\n<li>Frekans: \u0130ste\u011fe ba\u011fl\u0131 Kablo<\/li>\n<li>End\u00fcstriyel standart, kal\u0131n g\u00fc\u00e7 kablosu \u0131s\u0131ya dayan\u0131kl\u0131, yumu\u015famaya diren\u00e7li<\/li>\n<li>Y\u00fcksek hassasiyet: Ultrasonik enerji k\u00fc\u00e7\u00fck \u00e7atlaklar ve deliklerden ge\u00e7ebildi\u011fi i\u00e7in, herhangi bir par\u00e7a veya montajl\u0131 par\u00e7alar\u0131n temizli\u011finde uygulanabilir. Hassas par\u00e7alar veya montajl\u0131 par\u00e7alar\u0131n temizlenmesi gerekti\u011finde, ultrasonik temizleme genellikle \u00f6zel teknik gereksinimleri kar\u015f\u0131layan tek temizleme y\u00f6ntemi haline gelir;<\/li>\n<li>H\u0131zl\u0131: Ultrasonik temizleme, i\u015f par\u00e7as\u0131n\u0131n tozdan ar\u0131nd\u0131r\u0131lmas\u0131 ve kire\u00e7 \u00e7\u00f6zme a\u00e7\u0131s\u0131ndan d\u00fczenli temizleme y\u00f6ntemlerine g\u00f6re \u00e7ok daha h\u0131zl\u0131d\u0131r. Montaj\u0131 s\u00f6kmeye gerek kalmadan temizlenebilir. Ultrasonik temizlemenin avantaj\u0131, i\u015f g\u00fcc\u00fcnden tasarruf sa\u011flayarak onu en ekonomik temizleme y\u00f6ntemi yapma e\u011filimindedir;<\/li>\n<li>Tutarl\u0131l\u0131k: Temizlenecek par\u00e7a b\u00fcy\u00fck veya k\u00fc\u00e7\u00fck, basit veya karma\u015f\u0131k, tekli veya toplu veya otomatik montaj hatt\u0131nda olsun, ultrasonik temizleme kullan\u0131m\u0131, manuel temizlikle kar\u015f\u0131la\u015ft\u0131r\u0131lamayacak d\u00fczeyde bir temizlik tutarl\u0131l\u0131\u011f\u0131 sa\u011flar.<\/li>\n<li>Tasar\u0131m: \u00dcr\u00fcn tasar\u0131m\u0131 g\u00fczel ve kolay, kasa y\u00fcksek kaliteli paslanmaz \u00e7elik kabartma ile yap\u0131lm\u0131\u015ft\u0131r. paslanma \u00f6nleyici performans iyidir; Temizleme tank\u0131 y\u00fcksek kaliteli SUS304 paslanmaz \u00e7elik damgalamadan yap\u0131lm\u0131\u015ft\u0131r, kaynak yoktur, su ge\u00e7irmezlik performans\u0131 iyidir.<\/li>\n<li>Devre: G\u00fc\u00e7 devresi yeni OS osilat\u00f6rlerini kullan\u0131r, titre\u015fim frekans\u0131n\u0131 hassas bir \u015fekilde kontrol eder ve geri bildirim toplama i\u015flevine sahiptir, ultrasonik \u00e7\u0131k\u0131\u015f daha kararl\u0131 ve g\u00fcvenilirdir.<\/li>\n<li>Ultrasonik D\u00f6n\u00fc\u015ft\u00fcr\u00fcc\u00fc: Ultrasonik d\u00f6n\u00fc\u015ft\u00fcr\u00fcc\u00fc, daha uzun \u00f6m\u00fcrl\u00fc tam al\u00fcminyum yap\u0131 kullan\u0131r, \u0131s\u0131nmay\u0131 azalt\u0131r, kararl\u0131 \u00e7\u0131k\u0131\u015f sa\u011flar.<\/li>\n<\/ol>\n","protected":false},"featured_media":23715,"comment_status":"closed","ping_status":"closed","template":"","meta":[],"product_brand":[],"product_cat":[5957],"product_tag":[],"class_list":{"0":"post-65627","1":"product","2":"type-product","3":"status-publish","4":"has-post-thumbnail","6":"product_cat-big-ultrasonic-cleaning-machine-tr","8":"first","9":"instock","10":"shipping-taxable","11":"product-type-external","12":"prodpage-classic"},"aioseo_notices":[],"_links":{"self":[{"href":"https:\/\/www.bjultrasonic.com\/tr\/wp-json\/wp\/v2\/product\/65627","targetHints":{"allow":["GET"]}}],"collection":[{"href":"https:\/\/www.bjultrasonic.com\/tr\/wp-json\/wp\/v2\/product"}],"about":[{"href":"https:\/\/www.bjultrasonic.com\/tr\/wp-json\/wp\/v2\/types\/product"}],"replies":[{"embeddable":true,"href":"https:\/\/www.bjultrasonic.com\/tr\/wp-json\/wp\/v2\/comments?post=65627"}],"wp:featuredmedia":[{"embeddable":true,"href":"https:\/\/www.bjultrasonic.com\/tr\/wp-json\/wp\/v2\/media\/23715"}],"wp:attachment":[{"href":"https:\/\/www.bjultrasonic.com\/tr\/wp-json\/wp\/v2\/media?parent=65627"}],"wp:term":[{"taxonomy":"product_brand","embeddable":true,"href":"https:\/\/www.bjultrasonic.com\/tr\/wp-json\/wp\/v2\/product_brand?post=65627"},{"taxonomy":"product_cat","embeddable":true,"href":"https:\/\/www.bjultrasonic.com\/tr\/wp-json\/wp\/v2\/product_cat?post=65627"},{"taxonomy":"product_tag","embeddable":true,"href":"https:\/\/www.bjultrasonic.com\/tr\/wp-json\/wp\/v2\/product_tag?post=65627"}],"curies":[{"name":"wp","href":"https:\/\/api.w.org\/{rel}","templated":true}]}}