{"id":65827,"date":"2018-12-17T06:32:26","date_gmt":"2018-12-17T11:32:26","guid":{"rendered":"https:\/\/www.bjultrasonic.com\/shop\/1-3l-mechanical-ultrasonic-cleaner-with-time-and-temperature-control\/"},"modified":"2026-03-28T20:53:19","modified_gmt":"2026-03-29T01:53:19","slug":"1-3l-mechanical-ultrasonic-cleaner-with-time-and-temperature-control","status":"publish","type":"product","link":"https:\/\/www.bjultrasonic.com\/tr\/shop\/1-3l-mechanical-ultrasonic-cleaner-with-time-and-temperature-control\/","title":{"rendered":"Zaman ve S\u0131cakl\u0131k Kontroll\u00fc 1.3L Mekanik Ultrasonik Temizleyici"},"content":{"rendered":"<table class=\"table table-striped table-bordered\">\n<tbody>\n<tr>\n<td width=\"293\">\n<p>Tip<\/p>\n<\/td>\n<td width=\"356\">\n<p>BJUCMTH1.3<\/p>\n<\/td>\n<\/tr>\n<tr>\n<td width=\"293\">\n<p>Tank kapasitesi<\/p>\n<\/td>\n<td width=\"356\">\n<p>1.3L<\/p>\n<\/td>\n<\/tr>\n<tr>\n<td width=\"293\">\n<p>Ultrasonik G\u00fc\u00e7<\/p>\n<\/td>\n<td width=\"356\">\n<p>60W<\/p>\n<\/td>\n<\/tr>\n<tr>\n<td width=\"293\">\n<p>Frekans<\/p>\n<\/td>\n<td width=\"356\">\n<p>40KHz<\/p>\n<\/td>\n<\/tr>\n<tr>\n<td width=\"293\">\n<p>Is\u0131tma G\u00fcc\u00fc<\/p>\n<\/td>\n<td width=\"356\">\n<p>50w<\/p>\n<\/td>\n<\/tr>\n<tr>\n<td width=\"293\">\n<p>Tank boyutu(mm)<\/p>\n<\/td>\n<td width=\"356\">\n<p>150*140*65(U*G*Y)<\/p>\n<\/td>\n<\/tr>\n<tr>\n<td width=\"293\">\n<p>Makine boyutu(mm)<\/p>\n<\/td>\n<td width=\"356\">\n<p>180*170*140(U*G*Y)<\/p>\n<\/td>\n<\/tr>\n<tr>\n<td width=\"293\">\n<p>Voltaj<\/p>\n<\/td>\n<td width=\"356\">\n<p>110VAC\u2014240VAC<\/p>\n<\/td>\n<\/tr>\n<tr>\n<td width=\"293\">\n<p>Zamanlay\u0131c\u0131<\/p>\n<\/td>\n<td width=\"356\">\n<p>0-30dk<\/p>\n<\/td>\n<\/tr>\n<tr>\n<td width=\"293\">\n<p>S\u0131cakl\u0131k<\/p>\n<\/td>\n<td width=\"356\">\n<p>&lt; 80 derece C<\/p>\n<\/td>\n<\/tr>\n<tr>\n<td width=\"293\">\n<p>Kapak<\/p>\n<\/td>\n<td width=\"356\">\n<p>Var<\/p>\n<\/td>\n<\/tr>\n<tr>\n<td width=\"293\">\n<p>Bo\u015faltma<\/p>\n<\/td>\n<td width=\"356\">\n<p>YOK<\/p>\n<\/td>\n<\/tr>\n<tr>\n<td width=\"293\">\n<p>Birim a\u011f\u0131rl\u0131\u011f\u0131<\/p>\n<\/td>\n<td width=\"356\">\n<p>2.5kg<\/p>\n<\/td>\n<\/tr>\n<\/tbody>\n<\/table>\n<h3>Fonksiyonlar<\/h3>\n<ul>\n<li>Zamanlay\u0131c\u0131: 1-30 dakika aras\u0131 ayarlanabilir.<\/li>\n<li>S\u0131cakl\u0131k: 20-80\u2103 ayarlanabilir.<\/li>\n<li>Malzeme: Tank ve makine paslanmaz \u00e7elikten yap\u0131lm\u0131\u015ft\u0131r.<\/li>\n<li>\u00dcr\u00fcn avantajlar\u0131: Tank presleme ile temizlenir, kusursuz kaynak.<\/li>\n<li>Bile\u015fen kalitesi: Y\u00fcksek kaliteli <a href=\"https:\/\/www.bjultrasonic.com\/tr\/category\/ultrasonic-transducer-tr\/\">ultrasonik transd\u00fcser<\/a> kullan\u0131m\u0131. G\u00fc\u00e7l\u00fc performans.<\/li>\n<li>Y\u00fcksek kaliteli ba\u011flama i\u015flemi. Ultrasonik transd\u00fcser epoksi tutkal\u0131 kullan\u0131larak yap\u0131\u015ft\u0131r\u0131l\u0131r.<\/li>\n<li>Drenaj sistemi: 6L ve \u00fczeri modellerde drenaj k\u00fcresel vanas\u0131 bulunur.<\/li>\n<li>So\u011futma sistemi: 10L ve \u00fczeri modellerde y\u00fcksek verimli so\u011futma fan\u0131 bulunur.<\/li>\n<\/ul>\n<p><img loading=\"lazy\" decoding=\"async\" src=\"https:\/\/www.bjultrasonic.com\/wp-content\/uploads\/2018\/12\/Mechanical-Ultrasonic-Cleaner-With-Time-and-Temperature-Control-Package-2.jpg\" alt=\"Zaman ve S\u0131cakl\u0131k Kontroll\u00fc Mekanik Ultrasonik Temizleyici Paketi\" width=\"742\" height=\"309\" \/><\/p>\n","protected":false},"excerpt":{"rendered":"<p><a href=\"https:\/\/www.bjultrasonic.com\/tr\/category\/ultrasonic-cleaning-system-tr\/mechanical-ultrasonic-cleaner-tr\/\">Mekanik ultrasonik temizleyici<\/a> Beijing Ultrasonic taraf\u0131ndan \u00fcretilmi\u015ftir. Y\u00fcksek kaliteli ultrasonik transd\u00fcser kullan\u0131r. G\u00fc\u00e7l\u00fc performans.<\/p>\n","protected":false},"featured_media":20110,"comment_status":"open","ping_status":"closed","template":"","meta":[],"product_brand":[],"product_cat":[5981],"product_tag":[],"class_list":{"0":"post-65827","1":"product","2":"type-product","3":"status-publish","4":"has-post-thumbnail","6":"product_cat-mechanical-ultrasonic-cleaner-tr","8":"first","9":"instock","10":"shipping-taxable","11":"purchasable","12":"product-type-simple","13":"prodpage-classic"},"aioseo_notices":[],"_links":{"self":[{"href":"https:\/\/www.bjultrasonic.com\/tr\/wp-json\/wp\/v2\/product\/65827","targetHints":{"allow":["GET"]}}],"collection":[{"href":"https:\/\/www.bjultrasonic.com\/tr\/wp-json\/wp\/v2\/product"}],"about":[{"href":"https:\/\/www.bjultrasonic.com\/tr\/wp-json\/wp\/v2\/types\/product"}],"replies":[{"embeddable":true,"href":"https:\/\/www.bjultrasonic.com\/tr\/wp-json\/wp\/v2\/comments?post=65827"}],"wp:featuredmedia":[{"embeddable":true,"href":"https:\/\/www.bjultrasonic.com\/tr\/wp-json\/wp\/v2\/media\/20110"}],"wp:attachment":[{"href":"https:\/\/www.bjultrasonic.com\/tr\/wp-json\/wp\/v2\/media?parent=65827"}],"wp:term":[{"taxonomy":"product_brand","embeddable":true,"href":"https:\/\/www.bjultrasonic.com\/tr\/wp-json\/wp\/v2\/product_brand?post=65827"},{"taxonomy":"product_cat","embeddable":true,"href":"https:\/\/www.bjultrasonic.com\/tr\/wp-json\/wp\/v2\/product_cat?post=65827"},{"taxonomy":"product_tag","embeddable":true,"href":"https:\/\/www.bjultrasonic.com\/tr\/wp-json\/wp\/v2\/product_tag?post=65827"}],"curies":[{"name":"wp","href":"https:\/\/api.w.org\/{rel}","templated":true}]}}