{"id":65847,"date":"2018-12-17T06:18:56","date_gmt":"2018-12-17T11:18:56","guid":{"rendered":"https:\/\/www.bjultrasonic.com\/shop\/1-3l-mechanical-ultrasonic-cleaner-with-time-control\/"},"modified":"2026-03-28T20:53:18","modified_gmt":"2026-03-29T01:53:18","slug":"1-3l-mechanical-ultrasonic-cleaner-with-time-control","status":"publish","type":"product","link":"https:\/\/www.bjultrasonic.com\/tr\/shop\/1-3l-mechanical-ultrasonic-cleaner-with-time-control\/","title":{"rendered":"1.3L Mekanik Ultrasonik Temizleyici Zaman Kontroll\u00fc"},"content":{"rendered":"<table class=\"table table-striped table-bordered\">\n<tbody>\n<tr>\n<td width=\"293\">Tip<\/td>\n<td width=\"356\">BJUCMT1.3<\/td>\n<\/tr>\n<tr>\n<td width=\"293\">Tank kapasitesi<\/td>\n<td width=\"356\">1.3L<\/td>\n<\/tr>\n<tr>\n<td width=\"293\">Ultrasonik G\u00fc\u00e7<\/td>\n<td width=\"356\">60W<\/td>\n<\/tr>\n<tr>\n<td width=\"293\">Frekans<\/td>\n<td width=\"356\">40KHz<\/td>\n<\/tr>\n<tr>\n<td width=\"293\">Tank boyutu(mm)<\/td>\n<td width=\"356\">150*140*65(U*G*Y)<\/td>\n<\/tr>\n<tr>\n<td width=\"293\">Makine boyutu(mm)<\/td>\n<td width=\"356\">180*170*140(U*G*Y)<\/td>\n<\/tr>\n<tr>\n<td width=\"293\">Gerilim<\/td>\n<td width=\"356\">110VAC\u2014240VAC<\/td>\n<\/tr>\n<tr>\n<td width=\"293\">Zamanlay\u0131c\u0131<\/td>\n<td width=\"356\">0-30dk<\/td>\n<\/tr>\n<tr>\n<td width=\"293\">Kapak<\/td>\n<td width=\"356\">Var<\/td>\n<\/tr>\n<tr>\n<td width=\"293\">Drenaj<\/td>\n<td width=\"356\">YOK<\/td>\n<\/tr>\n<tr>\n<td width=\"293\">Birim a\u011f\u0131rl\u0131k<\/td>\n<td width=\"356\">2.5kg<\/td>\n<\/tr>\n<\/tbody>\n<\/table>\n<h3>\u0130\u015flevler<\/h3>\n<ul>\n<li>Zamanlay\u0131c\u0131: 1-30 dakika ayarlanabilir.<\/li>\n<li>Malzeme: Tank ve makine paslanmaz \u00e7eliktir.<\/li>\n<li>\u00dcr\u00fcn avantajlar\u0131: Tank, damgalama ile temizlenir, hatas\u0131z kaynak.<\/li>\n<li>Bile\u015fen kalitesi: Y\u00fcksek kaliteli <a href=\"https:\/\/www.bjultrasonic.com\/tr\/category\/ultrasonic-transducer-tr\/\">ultrasonik transd\u00fcser<\/a> kullan\u0131m\u0131. G\u00fc\u00e7l\u00fc g\u00fc\u00e7.<\/li>\n<li>Y\u00fcksek kaliteli yap\u0131\u015ft\u0131rma i\u015flemi. Ultrasonik transd\u00fcser epoksi yap\u0131\u015ft\u0131r\u0131c\u0131 kullan\u0131larak yap\u0131\u015ft\u0131r\u0131l\u0131r.<\/li>\n<li>Drenaj sistemi: 6L ve \u00fczeri modellere drenaj k\u00fcresel vanas\u0131 tak\u0131l\u0131d\u0131r.<\/li>\n<li>So\u011futma sistemi: 10L veya daha fazlas\u0131na y\u00fcksek verimli so\u011futma fan\u0131 tak\u0131l\u0131d\u0131r.<\/li>\n<\/ul>\n<p><img loading=\"lazy\" decoding=\"async\" src=\"https:\/\/www.bjultrasonic.com\/wp-content\/uploads\/2018\/12\/Mechanical-Ultrasonic-Cleaner-With-Time-Control-Package-1.jpg\" alt=\"Zaman Kontroll\u00fc Mekanik Ultrasonik Temizleyici Paketi\" width=\"742\" height=\"324\" \/><\/p>\n","protected":false},"excerpt":{"rendered":"<p><a href=\"https:\/\/www.bjultrasonic.com\/tr\/category\/ultrasonic-cleaning-system-tr\/mechanical-ultrasonic-cleaner-tr\/\">Mekanik ultrasonik temizleyici<\/a> Beijing Ultrasonic taraf\u0131ndan \u00fcretilmi\u015ftir. Y\u00fcksek kaliteli ultrasonik d\u00f6n\u00fc\u015ft\u00fcr\u00fcc\u00fc kullan\u0131r. G\u00fc\u00e7l\u00fc performans.<\/p>\n","protected":false},"featured_media":20027,"comment_status":"open","ping_status":"closed","template":"","meta":[],"product_brand":[],"product_cat":[5981],"product_tag":[],"class_list":{"0":"post-65847","1":"product","2":"type-product","3":"status-publish","4":"has-post-thumbnail","6":"product_cat-mechanical-ultrasonic-cleaner-tr","8":"first","9":"instock","10":"shipping-taxable","11":"purchasable","12":"product-type-simple","13":"prodpage-classic"},"aioseo_notices":[],"_links":{"self":[{"href":"https:\/\/www.bjultrasonic.com\/tr\/wp-json\/wp\/v2\/product\/65847","targetHints":{"allow":["GET"]}}],"collection":[{"href":"https:\/\/www.bjultrasonic.com\/tr\/wp-json\/wp\/v2\/product"}],"about":[{"href":"https:\/\/www.bjultrasonic.com\/tr\/wp-json\/wp\/v2\/types\/product"}],"replies":[{"embeddable":true,"href":"https:\/\/www.bjultrasonic.com\/tr\/wp-json\/wp\/v2\/comments?post=65847"}],"wp:featuredmedia":[{"embeddable":true,"href":"https:\/\/www.bjultrasonic.com\/tr\/wp-json\/wp\/v2\/media\/20027"}],"wp:attachment":[{"href":"https:\/\/www.bjultrasonic.com\/tr\/wp-json\/wp\/v2\/media?parent=65847"}],"wp:term":[{"taxonomy":"product_brand","embeddable":true,"href":"https:\/\/www.bjultrasonic.com\/tr\/wp-json\/wp\/v2\/product_brand?post=65847"},{"taxonomy":"product_cat","embeddable":true,"href":"https:\/\/www.bjultrasonic.com\/tr\/wp-json\/wp\/v2\/product_cat?post=65847"},{"taxonomy":"product_tag","embeddable":true,"href":"https:\/\/www.bjultrasonic.com\/tr\/wp-json\/wp\/v2\/product_tag?post=65847"}],"curies":[{"name":"wp","href":"https:\/\/api.w.org\/{rel}","templated":true}]}}