{"id":65927,"date":"2018-12-17T06:10:57","date_gmt":"2018-12-17T11:10:57","guid":{"rendered":"https:\/\/www.bjultrasonic.com\/shop\/30l-mechanical-ultrasonic-cleaner-with-time-control\/"},"modified":"2026-03-28T20:52:23","modified_gmt":"2026-03-29T01:52:23","slug":"30l-mechanical-ultrasonic-cleaner-with-time-control","status":"publish","type":"product","link":"https:\/\/www.bjultrasonic.com\/tr\/shop\/30l-mechanical-ultrasonic-cleaner-with-time-control\/","title":{"rendered":"Zaman Kontroll\u00fc 30L Mekanik Ultrasonik Temizleyici"},"content":{"rendered":"<table class=\"table table-striped table-bordered\">\n<tbody>\n<tr>\n<td width=\"284\">\n<p>Tip<\/p>\n<\/td>\n<td width=\"284\">\n<p>BJUCMT30<\/p>\n<\/td>\n<\/tr>\n<tr>\n<td width=\"284\">\n<p>Tank Kapasitesi<\/p>\n<\/td>\n<td width=\"284\">\n<p>30L<\/p>\n<\/td>\n<\/tr>\n<tr>\n<td width=\"284\">\n<p>Ultrasonik G\u00fc\u00e7<\/p>\n<\/td>\n<td width=\"284\">\n<p>600W<\/p>\n<\/td>\n<\/tr>\n<tr>\n<td width=\"284\">\n<p>Frekans<\/p>\n<\/td>\n<td width=\"284\">\n<p>40KHZ<\/p>\n<\/td>\n<\/tr>\n<tr>\n<td width=\"284\">\n<p>Zamanlay\u0131c\u0131<\/p>\n<\/td>\n<td width=\"284\">\n<p>0-30 dakika<\/p>\n<\/td>\n<\/tr>\n<tr>\n<td width=\"284\">\n<p>Tank Boyutu<\/p>\n<\/td>\n<td width=\"284\">\n<p>500*300*200 mm U*G*Y<\/p>\n<\/td>\n<\/tr>\n<tr>\n<td width=\"284\">\n<p>Makine Boyutu<\/p>\n<\/td>\n<td width=\"284\">\n<p>550*330*320 mm U*G*Y<\/p>\n<\/td>\n<\/tr>\n<tr>\n<td width=\"284\">\n<p>Bo\u015faltma<\/p>\n<\/td>\n<td width=\"284\">\n<p>Var<\/p>\n<\/td>\n<\/tr>\n<tr>\n<td width=\"284\">\n<p>Kapak<\/p>\n<\/td>\n<td width=\"284\">\n<p>Var<\/p>\n<\/td>\n<\/tr>\n<tr>\n<td width=\"284\">\n<p>Birim A\u011f\u0131rl\u0131\u011f\u0131<\/p>\n<\/td>\n<td width=\"284\">\n<p>18kg<\/p>\n<\/td>\n<\/tr>\n<\/tbody>\n<\/table>\n<h3>Fonksiyonlar<\/h3>\n<ul>\n<li>Zamanlay\u0131c\u0131: 1-30 dakika ayarlanabilir.<\/li>\n<li>Malzeme: Tank ve makine paslanmaz \u00e7eliktir.<\/li>\n<li>\u00dcr\u00fcn avantajlar\u0131: Tank\u0131n presleme ile temizlenmesi, kusursuz kaynak.<\/li>\n<li>Bile\u015fen kalitesi: Y\u00fcksek kaliteli <a href=\"https:\/\/www.bjultrasonic.com\/tr\/category\/ultrasonic-transducer-tr\/\">ultrasonik transd\u00fcser<\/a> kullan\u0131m\u0131. G\u00fc\u00e7l\u00fc g\u00fc\u00e7.<\/li>\n<li>Y\u00fcksek kaliteli yap\u0131\u015ft\u0131rma i\u015flemi. Ultrasonik transd\u00fcser epoksi tutkal kullan\u0131larak yap\u0131\u015ft\u0131r\u0131l\u0131r.<\/li>\n<li>Drenaj sistemi: 6L ve \u00fczeri modellerde drenaj top vanas\u0131 kuruludur.<\/li>\n<li>So\u011futma sistemi: 10L veya daha fazlas\u0131na y\u00fcksek verimli so\u011futma fan\u0131 kuruludur.<\/li>\n<\/ul>\n<p><img loading=\"lazy\" decoding=\"async\" src=\"https:\/\/www.bjultrasonic.com\/wp-content\/uploads\/2018\/12\/Mechanical-Ultrasonic-Cleaner-With-Time-Control-Package-2.jpg\" alt=\"Zaman Kontroll\u00fc Mekanik Ultrasonik Temizleyici Paketi\" width=\"742\" height=\"318\" \/><\/p>\n","protected":false},"excerpt":{"rendered":"<p><a href=\"https:\/\/www.bjultrasonic.com\/tr\/category\/ultrasonic-cleaning-system-tr\/mechanical-ultrasonic-cleaner-tr\/\">Mekanik ultrasonik temizleyici<\/a> Beijing Ultrasonic taraf\u0131ndan \u00fcretilmi\u015ftir. Y\u00fcksek kaliteli ultrasonik transd\u00fcser kullan\u0131r. G\u00fc\u00e7l\u00fc performans.<\/p>\n","protected":false},"featured_media":20054,"comment_status":"open","ping_status":"closed","template":"","meta":[],"product_brand":[],"product_cat":[5981],"product_tag":[],"class_list":{"0":"post-65927","1":"product","2":"type-product","3":"status-publish","4":"has-post-thumbnail","6":"product_cat-mechanical-ultrasonic-cleaner-tr","8":"first","9":"instock","10":"shipping-taxable","11":"purchasable","12":"product-type-simple","13":"prodpage-classic"},"aioseo_notices":[],"_links":{"self":[{"href":"https:\/\/www.bjultrasonic.com\/tr\/wp-json\/wp\/v2\/product\/65927","targetHints":{"allow":["GET"]}}],"collection":[{"href":"https:\/\/www.bjultrasonic.com\/tr\/wp-json\/wp\/v2\/product"}],"about":[{"href":"https:\/\/www.bjultrasonic.com\/tr\/wp-json\/wp\/v2\/types\/product"}],"replies":[{"embeddable":true,"href":"https:\/\/www.bjultrasonic.com\/tr\/wp-json\/wp\/v2\/comments?post=65927"}],"wp:featuredmedia":[{"embeddable":true,"href":"https:\/\/www.bjultrasonic.com\/tr\/wp-json\/wp\/v2\/media\/20054"}],"wp:attachment":[{"href":"https:\/\/www.bjultrasonic.com\/tr\/wp-json\/wp\/v2\/media?parent=65927"}],"wp:term":[{"taxonomy":"product_brand","embeddable":true,"href":"https:\/\/www.bjultrasonic.com\/tr\/wp-json\/wp\/v2\/product_brand?post=65927"},{"taxonomy":"product_cat","embeddable":true,"href":"https:\/\/www.bjultrasonic.com\/tr\/wp-json\/wp\/v2\/product_cat?post=65927"},{"taxonomy":"product_tag","embeddable":true,"href":"https:\/\/www.bjultrasonic.com\/tr\/wp-json\/wp\/v2\/product_tag?post=65927"}],"curies":[{"name":"wp","href":"https:\/\/api.w.org\/{rel}","templated":true}]}}