{"id":66007,"date":"2018-12-17T06:10:57","date_gmt":"2018-12-17T11:10:57","guid":{"rendered":"https:\/\/www.bjultrasonic.com\/shop\/14l-mechanical-ultrasonic-cleaner-with-time-control\/"},"modified":"2026-03-28T20:51:53","modified_gmt":"2026-03-29T01:51:53","slug":"14l-mechanical-ultrasonic-cleaner-with-time-control","status":"publish","type":"product","link":"https:\/\/www.bjultrasonic.com\/tr\/shop\/14l-mechanical-ultrasonic-cleaner-with-time-control\/","title":{"rendered":"14L Zaman Kontroll\u00fc Mekanik Ultrasonik Temizleyici"},"content":{"rendered":"<table class=\"table table-striped table-bordered\">\n<tbody>\n<tr>\n<td width=\"284\">\n<p>Tip<\/p>\n<\/td>\n<td width=\"284\">\n<p>BJUCMT14<\/p>\n<\/td>\n<\/tr>\n<tr>\n<td width=\"284\">\n<p>Tank Kapasitesi<\/p>\n<\/td>\n<td width=\"284\">\n<p>14L<\/p>\n<\/td>\n<\/tr>\n<tr>\n<td width=\"284\">\n<p>Ultrasonik G\u00fc\u00e7<\/p>\n<\/td>\n<td width=\"284\">\n<p>300W<\/p>\n<\/td>\n<\/tr>\n<tr>\n<td width=\"284\">\n<p>Frekans<\/p>\n<\/td>\n<td width=\"284\">\n<p>40KHZ<\/p>\n<\/td>\n<\/tr>\n<tr>\n<td width=\"284\">\n<p>Zamanlay\u0131c\u0131<\/p>\n<\/td>\n<td width=\"284\">\n<p>0-30 dakika<\/p>\n<\/td>\n<\/tr>\n<tr>\n<td width=\"284\">\n<p>Tank Boyutu<\/p>\n<\/td>\n<td width=\"284\">\n<p>300*240*200 mm U*G*Y<\/p>\n<\/td>\n<\/tr>\n<tr>\n<td width=\"284\">\n<p>Makine Boyutu<\/p>\n<\/td>\n<td width=\"284\">\n<p>330*270*270 mm U*G*Y<\/p>\n<\/td>\n<\/tr>\n<tr>\n<td width=\"284\">\n<p>Bo\u015faltma<\/p>\n<\/td>\n<td width=\"284\">\n<p>Var<\/p>\n<\/td>\n<\/tr>\n<tr>\n<td width=\"284\">\n<p>Kapak<\/p>\n<\/td>\n<td width=\"284\">\n<p>Var<\/p>\n<\/td>\n<\/tr>\n<tr>\n<td width=\"284\">\n<p>Birim A\u011f\u0131rl\u0131\u011f\u0131<\/p>\n<\/td>\n<td width=\"284\">\n<p>9kg<\/p>\n<\/td>\n<\/tr>\n<\/tbody>\n<\/table>\n<h3>\u0130\u015flevler<\/h3>\n<ul>\n<li>Zamanlay\u0131c\u0131: 1-30 dakika ayarlanabilir.<\/li>\n<li>Malzeme: Tank ve makine paslanmaz \u00e7eliktir.<\/li>\n<li>\u00dcr\u00fcn avantajlar\u0131: Tank, d\u00f6vme ile temizlenir, hatas\u0131z kaynak.<\/li>\n<li>Bile\u015fen kalitesi: Y\u00fcksek kaliteli <a href=\"https:\/\/www.bjultrasonic.com\/tr\/category\/ultrasonic-transducer-tr\/\">ultrasonik d\u00f6n\u00fc\u015ft\u00fcr\u00fcc\u00fc<\/a> kullan\u0131m\u0131. G\u00fc\u00e7l\u00fc performans.<\/li>\n<li>Y\u00fcksek kaliteli yap\u0131\u015ft\u0131rma i\u015flemi. Ultrasonik d\u00f6n\u00fc\u015ft\u00fcr\u00fcc\u00fc, epoksi yap\u0131\u015ft\u0131r\u0131c\u0131 kullan\u0131larak yap\u0131\u015ft\u0131r\u0131l\u0131r.<\/li>\n<li>Bo\u015faltma sistemi: 6L ve \u00fczeri modellerde bo\u015faltma k\u00fcresel vanas\u0131 bulunur.<\/li>\n<li>So\u011futma sistemi: 10L veya daha fazlas\u0131nda y\u00fcksek verimli so\u011futma fan\u0131 bulunur.<\/li>\n<\/ul>\n<p><img loading=\"lazy\" decoding=\"async\" src=\"https:\/\/www.bjultrasonic.com\/wp-content\/uploads\/2018\/12\/Mechanical-Ultrasonic-Cleaner-With-Time-Control-Package-2.jpg\" alt=\"Zaman Kontroll\u00fc Mekanik Ultrasonik Temizleyici Paketi\" width=\"742\" height=\"318\" \/><\/p>\n","protected":false},"excerpt":{"rendered":"<p>Beijing Ultrasonic taraf\u0131ndan \u00fcretilen <a href=\"https:\/\/www.bjultrasonic.com\/tr\/category\/ultrasonic-cleaning-system-tr\/mechanical-ultrasonic-cleaner-tr\/\">Mekanik ultrasonik temizleyici<\/a>. Y\u00fcksek kaliteli ultrasonik transd\u00fcser kullan\u0131r. G\u00fc\u00e7l\u00fc g\u00fc\u00e7.<\/p>\n","protected":false},"featured_media":20075,"comment_status":"open","ping_status":"closed","template":"","meta":[],"product_brand":[],"product_cat":[5981],"product_tag":[],"class_list":{"0":"post-66007","1":"product","2":"type-product","3":"status-publish","4":"has-post-thumbnail","6":"product_cat-mechanical-ultrasonic-cleaner-tr","8":"first","9":"instock","10":"shipping-taxable","11":"purchasable","12":"product-type-simple","13":"prodpage-classic"},"aioseo_notices":[],"_links":{"self":[{"href":"https:\/\/www.bjultrasonic.com\/tr\/wp-json\/wp\/v2\/product\/66007","targetHints":{"allow":["GET"]}}],"collection":[{"href":"https:\/\/www.bjultrasonic.com\/tr\/wp-json\/wp\/v2\/product"}],"about":[{"href":"https:\/\/www.bjultrasonic.com\/tr\/wp-json\/wp\/v2\/types\/product"}],"replies":[{"embeddable":true,"href":"https:\/\/www.bjultrasonic.com\/tr\/wp-json\/wp\/v2\/comments?post=66007"}],"wp:featuredmedia":[{"embeddable":true,"href":"https:\/\/www.bjultrasonic.com\/tr\/wp-json\/wp\/v2\/media\/20075"}],"wp:attachment":[{"href":"https:\/\/www.bjultrasonic.com\/tr\/wp-json\/wp\/v2\/media?parent=66007"}],"wp:term":[{"taxonomy":"product_brand","embeddable":true,"href":"https:\/\/www.bjultrasonic.com\/tr\/wp-json\/wp\/v2\/product_brand?post=66007"},{"taxonomy":"product_cat","embeddable":true,"href":"https:\/\/www.bjultrasonic.com\/tr\/wp-json\/wp\/v2\/product_cat?post=66007"},{"taxonomy":"product_tag","embeddable":true,"href":"https:\/\/www.bjultrasonic.com\/tr\/wp-json\/wp\/v2\/product_tag?post=66007"}],"curies":[{"name":"wp","href":"https:\/\/api.w.org\/{rel}","templated":true}]}}