{"id":66147,"date":"2018-12-17T04:12:01","date_gmt":"2018-12-17T09:12:01","guid":{"rendered":"https:\/\/www.bjultrasonic.com\/shop\/10l-40khz-ultrasonic-cleaner\/"},"modified":"2026-03-28T20:50:33","modified_gmt":"2026-03-29T01:50:33","slug":"10l-40khz-ultrasonic-cleaner","status":"publish","type":"product","link":"https:\/\/www.bjultrasonic.com\/tr\/shop\/10l-40khz-ultrasonic-cleaner\/","title":{"rendered":"Zaman ve S\u0131cakl\u0131k Kontroll\u00fc 10L 40kHz Dijital Ultrasonik Temizleyici"},"content":{"rendered":"<table class=\"table table-striped table-bordered\">\n<tbody>\n<tr>\n<td width=\"284\">\n<p>Model<\/p>\n<\/td>\n<td width=\"284\">\n<p>BJUCDTH10<\/p>\n<\/td>\n<\/tr>\n<tr>\n<td width=\"284\">\n<p>Tank Kapasitesi<\/p>\n<\/td>\n<td width=\"284\">\n<p>10L<\/p>\n<\/td>\n<\/tr>\n<tr>\n<td width=\"284\">\n<p>Ultrasonik G\u00fc\u00e7<\/p>\n<\/td>\n<td width=\"284\">\n<p>240W<\/p>\n<\/td>\n<\/tr>\n<tr>\n<td width=\"284\">\n<p>Is\u0131tma G\u00fcc\u00fc<\/p>\n<\/td>\n<td width=\"284\">\n<p>250W<\/p>\n<\/td>\n<\/tr>\n<tr>\n<td width=\"284\">\n<p>Frekans<\/p>\n<\/td>\n<td width=\"284\">\n<p>40KHZ<\/p>\n<\/td>\n<\/tr>\n<tr>\n<td width=\"284\">\n<p>Zamanlay\u0131c\u0131<\/p>\n<\/td>\n<td width=\"284\">\n<p>0-30 dakika<\/p>\n<\/td>\n<\/tr>\n<tr>\n<td width=\"284\">\n<p>S\u0131cakl\u0131k<\/p>\n<\/td>\n<td width=\"284\">\n<p>&lt; 80 Derece C<\/p>\n<\/td>\n<\/tr>\n<tr>\n<td width=\"284\">\n<p>Tank Boyutu<\/p>\n<\/td>\n<td width=\"284\">\n<p>300*240*150 mm U*G*Y<\/p>\n<\/td>\n<\/tr>\n<tr>\n<td width=\"284\">\n<p>Makine Boyutu<\/p>\n<\/td>\n<td width=\"284\">\n<p>330*270*270 mm U*G*Y<\/p>\n<\/td>\n<\/tr>\n<tr>\n<td width=\"284\">\n<p>Drenaj<\/p>\n<\/td>\n<td width=\"284\">\n<p>Var<\/p>\n<\/td>\n<\/tr>\n<tr>\n<td width=\"284\">\n<p>Kapak<\/p>\n<\/td>\n<td width=\"284\">\n<p>Var<\/p>\n<\/td>\n<\/tr>\n<tr>\n<td width=\"284\">\n<p>Birim A\u011f\u0131rl\u0131\u011f\u0131<\/p>\n<\/td>\n<td width=\"284\">\n<p>8kg<\/p>\n<\/td>\n<\/tr>\n<\/tbody>\n<\/table>\n<h3>\u0130\u015flev<\/h3>\n<ul>\n<li>Zamanlay\u0131c\u0131: 1-30 dakika ayarlanabilir.<\/li>\n<li>S\u0131cakl\u0131k: 20-80\u2103 ayarlanabilir\uff1b<\/li>\n<li>G\u00f6sterge Paneli: \u00c7al\u0131\u015fma s\u00fcresini ve s\u0131cakl\u0131\u011f\u0131 g\u00f6sterir.<\/li>\n<li>Malzeme: Tank ve makine paslanmaz \u00e7eliktir.<\/li>\n<li>\u00dcr\u00fcn avantajlar\u0131: Tank bask\u0131lama ile temizlenir, kusursuz kaynak.<\/li>\n<li>Bile\u015fen kalitesi: Y\u00fcksek kaliteli <a href=\"https:\/\/www.bjultrasonic.com\/tr\/category\/ultrasonic-transducer-tr\/\">ultrasonik transd\u00fcser<\/a> kullan\u0131r. G\u00fc\u00e7l\u00fc performans.<\/li>\n<li>Y\u00fcksek kaliteli yap\u0131\u015ft\u0131rma i\u015flemi. Ultrasonik transd\u00fcser epoksi yap\u0131\u015ft\u0131r\u0131c\u0131 kullan\u0131larak yap\u0131\u015ft\u0131r\u0131l\u0131r.<\/li>\n<li>Drenaj sistemi: 6L ve \u00fczeri modellere drenaj k\u00fcresel vanas\u0131 tak\u0131l\u0131d\u0131r.<\/li>\n<li>So\u011futma sistemi: 10L veya daha b\u00fcy\u00fck modellere y\u00fcksek verimli so\u011futma fan\u0131 tak\u0131l\u0131d\u0131r.<\/li>\n<\/ul>\n<p> <img loading=\"lazy\" decoding=\"async\" src=\"https:\/\/www.bjultrasonic.com\/wp-content\/uploads\/2018\/12\/40kHz-Digital-Ultrasonic-Cleaner-Package-1.jpg\" alt=\"40kHz Dijital Ultrasonik Temizleyici Paketi\" width=\"742\" height=\"309\" \/><\/p>\n","protected":false},"excerpt":{"rendered":"<p><a href=\"https:\/\/www.bjultrasonic.com\/tr\/category\/ultrasonic-cleaning-system-tr\/digital-ultrasonic-cleaner-tr\/\">40 kHz dijital ultrasonik temizleyici<\/a> zaman ve s\u0131cakl\u0131k kontrol\u00fc ile.<\/p>\n","protected":false},"featured_media":19962,"comment_status":"open","ping_status":"closed","template":"","meta":[],"product_brand":[],"product_cat":[5852],"product_tag":[],"class_list":{"0":"post-66147","1":"product","2":"type-product","3":"status-publish","4":"has-post-thumbnail","6":"product_cat-digital-ultrasonic-cleaner-tr","8":"first","9":"instock","10":"shipping-taxable","11":"purchasable","12":"product-type-simple","13":"prodpage-classic"},"aioseo_notices":[],"_links":{"self":[{"href":"https:\/\/www.bjultrasonic.com\/tr\/wp-json\/wp\/v2\/product\/66147","targetHints":{"allow":["GET"]}}],"collection":[{"href":"https:\/\/www.bjultrasonic.com\/tr\/wp-json\/wp\/v2\/product"}],"about":[{"href":"https:\/\/www.bjultrasonic.com\/tr\/wp-json\/wp\/v2\/types\/product"}],"replies":[{"embeddable":true,"href":"https:\/\/www.bjultrasonic.com\/tr\/wp-json\/wp\/v2\/comments?post=66147"}],"wp:featuredmedia":[{"embeddable":true,"href":"https:\/\/www.bjultrasonic.com\/tr\/wp-json\/wp\/v2\/media\/19962"}],"wp:attachment":[{"href":"https:\/\/www.bjultrasonic.com\/tr\/wp-json\/wp\/v2\/media?parent=66147"}],"wp:term":[{"taxonomy":"product_brand","embeddable":true,"href":"https:\/\/www.bjultrasonic.com\/tr\/wp-json\/wp\/v2\/product_brand?post=66147"},{"taxonomy":"product_cat","embeddable":true,"href":"https:\/\/www.bjultrasonic.com\/tr\/wp-json\/wp\/v2\/product_cat?post=66147"},{"taxonomy":"product_tag","embeddable":true,"href":"https:\/\/www.bjultrasonic.com\/tr\/wp-json\/wp\/v2\/product_tag?post=66147"}],"curies":[{"name":"wp","href":"https:\/\/api.w.org\/{rel}","templated":true}]}}