{"id":66427,"date":"2018-12-11T03:47:53","date_gmt":"2018-12-11T08:47:53","guid":{"rendered":"https:\/\/www.bjultrasonic.com\/shop\/3l-dual-frequency-ultrasonic-cleaner\/"},"modified":"2026-03-28T20:47:56","modified_gmt":"2026-03-29T01:47:56","slug":"3l-dual-frequency-ultrasonic-cleaner","status":"publish","type":"product","link":"https:\/\/www.bjultrasonic.com\/tr\/shop\/3l-dual-frequency-ultrasonic-cleaner\/","title":{"rendered":"3L 28kHz ve 40kHz \u00c7ift Frekansl\u0131 Dijital Ultrasonik Temizleyici Zaman ve S\u0131cakl\u0131k Kontroll\u00fc"},"content":{"rendered":"<table class=\"table table-striped table-bordered\">\n<tbody>\n<tr>\n<td width=\"284\">\n<p>Tip<\/p>\n<\/td>\n<td width=\"284\">\n<p>BJUCDTHD3<\/p>\n<\/td>\n<\/tr>\n<tr>\n<td width=\"284\">\n<p>Tank Kapasitesi<\/p>\n<\/td>\n<td width=\"284\">\n<p>3L<\/p>\n<\/td>\n<\/tr>\n<tr>\n<td width=\"284\">\n<p>Ultrasonik G\u00fc\u00e7<\/p>\n<\/td>\n<td width=\"284\">\n<p>120W<\/p>\n<\/td>\n<\/tr>\n<tr>\n<td width=\"284\">\n<p>Is\u0131tma G\u00fcc\u00fc<\/p>\n<\/td>\n<td width=\"284\">\n<p>100W<\/p>\n<\/td>\n<\/tr>\n<tr>\n<td width=\"284\">\n<p>Frekans<\/p>\n<\/td>\n<td width=\"284\">\n<p>28khz ve 40khz<\/p>\n<\/td>\n<\/tr>\n<tr>\n<td width=\"284\">\n<p>Zamanlay\u0131c\u0131<\/p>\n<\/td>\n<td width=\"284\">\n<p>0-30 dakika<\/p>\n<\/td>\n<\/tr>\n<tr>\n<td width=\"284\">\n<p>S\u0131cakl\u0131k<\/p>\n<\/td>\n<td width=\"284\">\n<p>&lt; 80 Derece C<\/p>\n<\/td>\n<\/tr>\n<tr>\n<td width=\"284\">\n<p>Tank Boyutu<\/p>\n<\/td>\n<td width=\"284\">\n<p>240*135*100 mm U*G*Y<\/p>\n<\/td>\n<\/tr>\n<tr>\n<td width=\"284\">\n<p>Makine Boyutu<\/p>\n<\/td>\n<td width=\"284\">\n<p>270*170*240 mm U*G*Y<\/p>\n<\/td>\n<\/tr>\n<tr>\n<td width=\"284\">\n<p>Drenaj<\/p>\n<\/td>\n<td width=\"284\">\n<p>YOK<\/p>\n<\/td>\n<\/tr>\n<tr>\n<td width=\"284\">\n<p>Kapak<\/p>\n<\/td>\n<td width=\"284\">\n<p>VAR<\/p>\n<\/td>\n<\/tr>\n<tr>\n<td width=\"284\">\n<p>Birim A\u011f\u0131rl\u0131\u011f\u0131<\/p>\n<\/td>\n<td width=\"284\">\n<p>4kg<\/p>\n<\/td>\n<\/tr>\n<\/tbody>\n<\/table>\n<h3>Ana Fonksiyonlar<\/h3>\n<ul>\n<li>Zamanlay\u0131c\u0131: 1-30 dakika ayarlanabilir.<\/li>\n<li>S\u0131cakl\u0131k: 20-80\u2103 ayarlanabilir;<\/li>\n<li>G\u00f6sterge Paneli: \u00c7al\u0131\u015fma s\u00fcresini ve s\u0131cakl\u0131\u011f\u0131 g\u00f6sterir.<\/li>\n<li>Malzeme: Tank ve makine tamamen paslanmaz \u00e7eliktir.<\/li>\n<li>\u00dcr\u00fcn avantajlar\u0131: Tank, d\u00f6k\u00fcmle temizlenir, kusursuz kaynak.<\/li>\n<li>Bile\u015fen kalitesi: Y\u00fcksek kaliteli <a href=\"https:\/\/www.bjultrasonic.com\/tr\/category\/ultrasonic-transducer-tr\/\">ultrasonik d\u00f6n\u00fc\u015ft\u00fcr\u00fcc\u00fc<\/a> kullan\u0131r. G\u00fc\u00e7l\u00fc performans.<\/li>\n<li>Y\u00fcksek kaliteli ba\u011flama i\u015flemi. Ultrasonik d\u00f6n\u00fc\u015ft\u00fcr\u00fcc\u00fc epoksi yap\u0131\u015ft\u0131r\u0131c\u0131 kullan\u0131larak yap\u0131\u015ft\u0131r\u0131l\u0131r.<\/li>\n<li>Bo\u015faltma sistemi: 6 litre ve \u00fczeri modellere bo\u015faltma k\u00fcresel vanas\u0131 tak\u0131l\u0131d\u0131r.<\/li>\n<li>So\u011futma sistemi: 10 litre veya daha fazlas\u0131na y\u00fcksek verimli so\u011futma fan\u0131 tak\u0131l\u0131d\u0131r.<\/li>\n<\/ul>\n<p><img loading=\"lazy\" decoding=\"async\" src=\"https:\/\/www.bjultrasonic.com\/wp-content\/uploads\/2018\/12\/Dual-Frequency-Ultrasonic-Cleaner-Package-1.jpg\" alt=\"Dual Frequency Ultrasonic Cleaner Package-1\" width=\"600\" height=\"868\" \/><\/p>\n","protected":false},"excerpt":{"rendered":"<p><a href=\"https:\/\/www.bjultrasonic.com\/tr\/category\/ultrasonic-cleaning-system-tr\/dual-frequency-ultrasonic-cleaner-tr\/\">\u00c7ift frekansl\u0131 dijital ultrasonik temizleyici<\/a> zaman ve s\u0131cakl\u0131k kontrol\u00fcne sahiptir.<\/p>\n","protected":false},"featured_media":19807,"comment_status":"open","ping_status":"closed","template":"","meta":[],"product_brand":[],"product_cat":[5920],"product_tag":[],"class_list":{"0":"post-66427","1":"product","2":"type-product","3":"status-publish","4":"has-post-thumbnail","6":"product_cat-dual-frequency-ultrasonic-cleaner-tr","8":"first","9":"instock","10":"shipping-taxable","11":"purchasable","12":"product-type-simple","13":"prodpage-classic"},"aioseo_notices":[],"_links":{"self":[{"href":"https:\/\/www.bjultrasonic.com\/tr\/wp-json\/wp\/v2\/product\/66427","targetHints":{"allow":["GET"]}}],"collection":[{"href":"https:\/\/www.bjultrasonic.com\/tr\/wp-json\/wp\/v2\/product"}],"about":[{"href":"https:\/\/www.bjultrasonic.com\/tr\/wp-json\/wp\/v2\/types\/product"}],"replies":[{"embeddable":true,"href":"https:\/\/www.bjultrasonic.com\/tr\/wp-json\/wp\/v2\/comments?post=66427"}],"wp:featuredmedia":[{"embeddable":true,"href":"https:\/\/www.bjultrasonic.com\/tr\/wp-json\/wp\/v2\/media\/19807"}],"wp:attachment":[{"href":"https:\/\/www.bjultrasonic.com\/tr\/wp-json\/wp\/v2\/media?parent=66427"}],"wp:term":[{"taxonomy":"product_brand","embeddable":true,"href":"https:\/\/www.bjultrasonic.com\/tr\/wp-json\/wp\/v2\/product_brand?post=66427"},{"taxonomy":"product_cat","embeddable":true,"href":"https:\/\/www.bjultrasonic.com\/tr\/wp-json\/wp\/v2\/product_cat?post=66427"},{"taxonomy":"product_tag","embeddable":true,"href":"https:\/\/www.bjultrasonic.com\/tr\/wp-json\/wp\/v2\/product_tag?post=66427"}],"curies":[{"name":"wp","href":"https:\/\/api.w.org\/{rel}","templated":true}]}}