{"id":66607,"date":"2018-12-11T02:37:13","date_gmt":"2018-12-11T07:37:13","guid":{"rendered":"https:\/\/www.bjultrasonic.com\/shop\/10l-120khz-ultrasonic-cleaner\/"},"modified":"2026-03-28T20:46:35","modified_gmt":"2026-03-29T01:46:35","slug":"10l-120khz-ultrasonic-cleaner","status":"publish","type":"product","link":"https:\/\/www.bjultrasonic.com\/tr\/shop\/10l-120khz-ultrasonic-cleaner\/","title":{"rendered":"10L 120kHz Zaman, S\u0131cakl\u0131k ve G\u00fc\u00e7 Kontroll\u00fc Dijital Ultrasonik Temizleyici"},"content":{"rendered":"<table class=\"table table-striped table-bordered\">\n<tbody>\n<tr>\n<td width=\"284\">Tip<\/td>\n<td width=\"284\">BJUCDPTH210<\/td>\n<\/tr>\n<tr>\n<td width=\"284\">Tank Kapasitesi<\/td>\n<td width=\"284\">10L<\/td>\n<\/tr>\n<tr>\n<td width=\"284\">Ultrasonik G\u00fc\u00e7<\/td>\n<td width=\"284\">240W<\/td>\n<\/tr>\n<tr>\n<td width=\"284\">Is\u0131tma G\u00fcc\u00fc<\/td>\n<td width=\"284\">500W<\/td>\n<\/tr>\n<tr>\n<td width=\"284\">Frekans<\/td>\n<td width=\"284\">120KHZ<\/td>\n<\/tr>\n<tr>\n<td width=\"284\">Zamanlay\u0131c\u0131<\/td>\n<td width=\"284\">0-30 dk<\/td>\n<\/tr>\n<tr>\n<td width=\"284\">S\u0131cakl\u0131k<\/td>\n<td width=\"284\">&lt; 80 Derece C<\/td>\n<\/tr>\n<tr>\n<td width=\"284\">Tank Boyutu<\/td>\n<td width=\"284\">300*240*150 mm U*G*Y<\/td>\n<\/tr>\n<tr>\n<td width=\"284\">Makine Boyutu<\/td>\n<td width=\"284\">400*300*330 mm U*G*Y<\/td>\n<\/tr>\n<tr>\n<td width=\"284\">Drenaj<\/td>\n<td width=\"284\">Var<\/td>\n<\/tr>\n<tr>\n<td width=\"284\">Kapak<\/td>\n<td width=\"284\">Var<\/td>\n<\/tr>\n<tr>\n<td width=\"284\">\u00dcnite A\u011f\u0131rl\u0131\u011f\u0131<\/td>\n<td width=\"284\">13kg<\/td>\n<\/tr>\n<\/tbody>\n<\/table>\n<h3>Ana Fonksiyonlar<\/h3>\n<ul>\n<li>Zamanlay\u0131c\u0131: 1-30 dk ayarlama.<\/li>\n<li>S\u0131cakl\u0131k: 20-80\u2103 ayarlama.<\/li>\n<li>Zaman: S\u0131cakl\u0131k ve g\u00fc\u00e7 ayarlama.<\/li>\n<li>G\u00f6r\u00fcnt\u00fc paneli: \u00c7al\u0131\u015fma s\u00fcresi ve s\u0131cakl\u0131\u011f\u0131n\u0131 g\u00f6sterir.<\/li>\n<li>Malzeme: Tank ve makine tamamen paslanmaz \u00e7eliktir.<\/li>\n<li>\u00dcr\u00fcn Avantajlar\u0131: Tank presleme ile temizlenir, kusursuz kaynak.<\/li>\n<li>Bile\u015fen kalitesi: Y\u00fcksek kaliteli ultrasonik transd\u00fcser kullan\u0131m\u0131. G\u00fc\u00e7l\u00fc g\u00fc\u00e7.<\/li>\n<li>Ba\u011flama i\u015fleminin y\u00fcksek kalitesi. Ultrasonik transd\u00fcseri epoksi tutkal\u0131 kullanarak yap\u0131\u015ft\u0131rma.<\/li>\n<li>So\u011futma sistemi: 10L veya daha fazlas\u0131 y\u00fcksek verimli so\u011futma fan\u0131 ile donat\u0131lm\u0131\u015ft\u0131r.<\/li>\n<\/ul>\n<p><img loading=\"lazy\" decoding=\"async\" src=\"https:\/\/www.bjultrasonic.com\/wp-content\/uploads\/2018\/12\/120kHz-Ultrasonic-Cleaner-Package.jpg\" alt=\"120kHz Ultrasonic Cleaner Package\" width=\"600\" height=\"863\" \/><\/p>\n","protected":false},"excerpt":{"rendered":"<p><a href=\"https:\/\/www.bjultrasonic.com\/tr\/category\/ultrasonic-cleaning-system-tr\/120khz-ultrasonic-cleaner-tr\/\">120kHz dijital ultrasonik temizleyici<\/a> zaman, s\u0131cakl\u0131k ve g\u00fc\u00e7 kontrol\u00fc ile.<\/p>\n","protected":false},"featured_media":19740,"comment_status":"open","ping_status":"closed","template":"","meta":[],"product_brand":[],"product_cat":[5893],"product_tag":[],"class_list":{"0":"post-66607","1":"product","2":"type-product","3":"status-publish","4":"has-post-thumbnail","6":"product_cat-120khz-ultrasonic-cleaner-tr","8":"first","9":"instock","10":"shipping-taxable","11":"purchasable","12":"product-type-simple","13":"prodpage-classic"},"aioseo_notices":[],"_links":{"self":[{"href":"https:\/\/www.bjultrasonic.com\/tr\/wp-json\/wp\/v2\/product\/66607","targetHints":{"allow":["GET"]}}],"collection":[{"href":"https:\/\/www.bjultrasonic.com\/tr\/wp-json\/wp\/v2\/product"}],"about":[{"href":"https:\/\/www.bjultrasonic.com\/tr\/wp-json\/wp\/v2\/types\/product"}],"replies":[{"embeddable":true,"href":"https:\/\/www.bjultrasonic.com\/tr\/wp-json\/wp\/v2\/comments?post=66607"}],"wp:featuredmedia":[{"embeddable":true,"href":"https:\/\/www.bjultrasonic.com\/tr\/wp-json\/wp\/v2\/media\/19740"}],"wp:attachment":[{"href":"https:\/\/www.bjultrasonic.com\/tr\/wp-json\/wp\/v2\/media?parent=66607"}],"wp:term":[{"taxonomy":"product_brand","embeddable":true,"href":"https:\/\/www.bjultrasonic.com\/tr\/wp-json\/wp\/v2\/product_brand?post=66607"},{"taxonomy":"product_cat","embeddable":true,"href":"https:\/\/www.bjultrasonic.com\/tr\/wp-json\/wp\/v2\/product_cat?post=66607"},{"taxonomy":"product_tag","embeddable":true,"href":"https:\/\/www.bjultrasonic.com\/tr\/wp-json\/wp\/v2\/product_tag?post=66607"}],"curies":[{"name":"wp","href":"https:\/\/api.w.org\/{rel}","templated":true}]}}