{"id":66647,"date":"2018-12-09T21:34:12","date_gmt":"2018-12-10T02:34:12","guid":{"rendered":"https:\/\/www.bjultrasonic.com\/shop\/78l-80khz-ultrasonic-cleaner\/"},"modified":"2026-03-28T20:46:10","modified_gmt":"2026-03-29T01:46:10","slug":"78l-80khz-ultrasonic-cleaner","status":"publish","type":"product","link":"https:\/\/www.bjultrasonic.com\/tr\/shop\/78l-80khz-ultrasonic-cleaner\/","title":{"rendered":"78L 80kHz Zaman, S\u0131cakl\u0131k ve G\u00fc\u00e7 Kontroll\u00fc Dijital Ultrasonik Temizleyici"},"content":{"rendered":"<table class=\"table table-striped table-bordered\">\n<tbody>\n<tr>\n<td width=\"284\">Tip<\/td>\n<td width=\"284\">BJUCDPTH878<\/td>\n<\/tr>\n<tr>\n<td width=\"284\">Tank Kapasitesi<\/td>\n<td width=\"284\">78L<\/td>\n<\/tr>\n<tr>\n<td width=\"284\">Ultrasonik G\u00fc\u00e7<\/td>\n<td width=\"284\">1440W<\/td>\n<\/tr>\n<tr>\n<td width=\"284\">Is\u0131tma G\u00fcc\u00fc<\/td>\n<td width=\"284\">2000W<\/td>\n<\/tr>\n<tr>\n<td width=\"284\">Frekans<\/td>\n<td width=\"284\">80KHZ<\/td>\n<\/tr>\n<tr>\n<td width=\"284\">Zamanlay\u0131c\u0131<\/td>\n<td width=\"284\">0-30 dakika<\/td>\n<\/tr>\n<tr>\n<td width=\"284\">S\u0131cakl\u0131k<\/td>\n<td width=\"284\">&lt; 80 Derece C<\/td>\n<\/tr>\n<tr>\n<td width=\"284\">Tank Boyutu<\/td>\n<td width=\"284\">550*400*350 mm U*G*Y<\/td>\n<\/tr>\n<tr>\n<td width=\"284\">Makine Boyutu<\/td>\n<td width=\"284\">650*450*620 mm U*G*Y<\/td>\n<\/tr>\n<tr>\n<td width=\"284\">Drenaj<\/td>\n<td width=\"284\">Var<\/td>\n<\/tr>\n<tr>\n<td width=\"284\">Kapak<\/td>\n<td width=\"284\">Var<\/td>\n<\/tr>\n<tr>\n<td width=\"284\">Birim A\u011f\u0131rl\u0131k<\/td>\n<td width=\"284\">85kg<\/td>\n<\/tr>\n<\/tbody>\n<\/table>\n<h3>80kHz Ultrasonik Temizleyicinin Ana Fonksiyonlar\u0131<\/h3>\n<ul>\n<li>Zamanlay\u0131c\u0131: 1-30 dakika ayarlanabilir.<\/li>\n<li>S\u0131cakl\u0131k: 20-80\u2103 ayarlanabilir;<\/li>\n<li>Zaman, s\u0131cakl\u0131k ve g\u00fc\u00e7 ayar\u0131<\/li>\n<li>G\u00f6sterge Paneli: \u00c7al\u0131\u015fma s\u00fcresini ve s\u0131cakl\u0131\u011f\u0131 g\u00f6sterir.<\/li>\n<li>Malzeme: Tank ve Makine tamamen paslanmaz \u00e7eliktir.<\/li>\n<li>\u00dcr\u00fcn avantajlar\u0131: Temizleme tank\u0131 preslenerek yap\u0131l\u0131r, kaynak hatas\u0131 yoktur.<\/li>\n<li>Bile\u015fen kalitesi: Y\u00fcksek kaliteli ultrasonik transd\u00fcser kullan\u0131r. G\u00fc\u00e7l\u00fc g\u00fc\u00e7.<\/li>\n<li>Y\u00fcksek kaliteli ba\u011flama i\u015flemi. Ultrasonik transd\u00fcser epoksi yap\u0131\u015ft\u0131r\u0131c\u0131 kullan\u0131larak yap\u0131\u015ft\u0131r\u0131l\u0131r.<\/li>\n<li>Drenaj sistemi: 6 litre ve \u00fczeri modeller drenaj k\u00fcresel vanas\u0131 ile donat\u0131lm\u0131\u015ft\u0131r.<\/li>\n<li>So\u011futma sistemi: 10L veya daha fazlas\u0131 y\u00fcksek verimli so\u011futma fan\u0131 ile donat\u0131lm\u0131\u015ft\u0131r.<\/li>\n<\/ul>\n<p><img loading=\"lazy\" decoding=\"async\" src=\"https:\/\/www.bjultrasonic.com\/wp-content\/uploads\/2018\/12\/80kHz-Ultrasonic-Cleaner-Package.jpg\" alt=\"80kHz Ultrasonik Temizleyici\" width=\"600\" height=\"868\" \/><\/p>\n","protected":false},"excerpt":{"rendered":"<p><a href=\"https:\/\/www.bjultrasonic.com\/tr\/category\/ultrasonic-cleaning-system-tr\/80khz-ultrasonic-cleaner-tr\/\">80kHz dijital ultrasonik temizleyici<\/a> zaman, s\u0131cakl\u0131k ve g\u00fc\u00e7 kontrol\u00fc ile donat\u0131lm\u0131\u015f olup, tak\u0131, saat, kolye, k\u00fcpe, y\u00fcz\u00fck, bilezik, madeni para, saat kay\u0131\u015f\u0131, g\u00f6zl\u00fck, g\u00fcne\u015f g\u00f6zl\u00fc\u011f\u00fc, kontakt lens aksesuarlar\u0131, takma di\u015f, tarak, di\u015f f\u0131r\u00e7as\u0131, sofra tak\u0131m\u0131 vb. temizli\u011finde yayg\u0131n olarak kullan\u0131l\u0131r.<\/p>\n","protected":false},"featured_media":19718,"comment_status":"open","ping_status":"closed","template":"","meta":[],"product_brand":[],"product_cat":[5871],"product_tag":[],"class_list":{"0":"post-66647","1":"product","2":"type-product","3":"status-publish","4":"has-post-thumbnail","6":"product_cat-80khz-ultrasonic-cleaner-tr","8":"first","9":"instock","10":"shipping-taxable","11":"purchasable","12":"product-type-simple","13":"prodpage-classic"},"aioseo_notices":[],"_links":{"self":[{"href":"https:\/\/www.bjultrasonic.com\/tr\/wp-json\/wp\/v2\/product\/66647","targetHints":{"allow":["GET"]}}],"collection":[{"href":"https:\/\/www.bjultrasonic.com\/tr\/wp-json\/wp\/v2\/product"}],"about":[{"href":"https:\/\/www.bjultrasonic.com\/tr\/wp-json\/wp\/v2\/types\/product"}],"replies":[{"embeddable":true,"href":"https:\/\/www.bjultrasonic.com\/tr\/wp-json\/wp\/v2\/comments?post=66647"}],"wp:featuredmedia":[{"embeddable":true,"href":"https:\/\/www.bjultrasonic.com\/tr\/wp-json\/wp\/v2\/media\/19718"}],"wp:attachment":[{"href":"https:\/\/www.bjultrasonic.com\/tr\/wp-json\/wp\/v2\/media?parent=66647"}],"wp:term":[{"taxonomy":"product_brand","embeddable":true,"href":"https:\/\/www.bjultrasonic.com\/tr\/wp-json\/wp\/v2\/product_brand?post=66647"},{"taxonomy":"product_cat","embeddable":true,"href":"https:\/\/www.bjultrasonic.com\/tr\/wp-json\/wp\/v2\/product_cat?post=66647"},{"taxonomy":"product_tag","embeddable":true,"href":"https:\/\/www.bjultrasonic.com\/tr\/wp-json\/wp\/v2\/product_tag?post=66647"}],"curies":[{"name":"wp","href":"https:\/\/api.w.org\/{rel}","templated":true}]}}