{"id":66707,"date":"2018-12-09T21:33:56","date_gmt":"2018-12-10T02:33:56","guid":{"rendered":"https:\/\/www.bjultrasonic.com\/shop\/30l-80khz-ultrasonic-cleaner\/"},"modified":"2026-03-28T20:45:38","modified_gmt":"2026-03-29T01:45:38","slug":"30l-80khz-ultrasonic-cleaner","status":"publish","type":"product","link":"https:\/\/www.bjultrasonic.com\/tr\/shop\/30l-80khz-ultrasonic-cleaner\/","title":{"rendered":"30L 80kHz Dijital Ultrasonik Temizleyici, Zaman, S\u0131cakl\u0131k ve G\u00fc\u00e7 Kontroll\u00fc"},"content":{"rendered":"<table class=\"table table-striped table-bordered\">\n<tbody>\n<tr>\n<td width=\"284\">Tip<\/td>\n<td width=\"284\">BJUCDPTH830<\/td>\n<\/tr>\n<tr>\n<td width=\"284\">Tank Kapasitesi<\/td>\n<td width=\"284\">30L<\/td>\n<\/tr>\n<tr>\n<td width=\"284\">Ultrasonik G\u00fc\u00e7<\/td>\n<td width=\"284\">600W<\/td>\n<\/tr>\n<tr>\n<td width=\"284\">Is\u0131tma G\u00fcc\u00fc<\/td>\n<td width=\"284\">800W<\/td>\n<\/tr>\n<tr>\n<td width=\"284\">Frekans<\/td>\n<td width=\"284\">80KHZ<\/td>\n<\/tr>\n<tr>\n<td width=\"284\">Zamanlay\u0131c\u0131<\/td>\n<td width=\"284\">0-30 dk<\/td>\n<\/tr>\n<tr>\n<td width=\"284\">S\u0131cakl\u0131k<\/td>\n<td width=\"284\">&lt; 80 Derece C<\/td>\n<\/tr>\n<tr>\n<td width=\"284\">Tank Boyutu<\/td>\n<td width=\"284\">500*300*200 mm U*G*Y<\/td>\n<\/tr>\n<tr>\n<td width=\"284\">Makine Boyutu<\/td>\n<td width=\"284\">600*350*380 mm U*G*Y<\/td>\n<\/tr>\n<tr>\n<td width=\"284\">Drenaj<\/td>\n<td width=\"284\">Var<\/td>\n<\/tr>\n<tr>\n<td width=\"284\">Kapak<\/td>\n<td width=\"284\">Var<\/td>\n<\/tr>\n<tr>\n<td width=\"284\">Birim A\u011f\u0131rl\u0131k<\/td>\n<td width=\"284\">32kg<\/td>\n<\/tr>\n<\/tbody>\n<\/table>\n<h3>80kHz Ultrasonik Temizleyicinin Ana \u0130\u015flevleri<\/h3>\n<ul>\n<li>Zamanlay\u0131c\u0131: 1-30 dk ayarlama.<\/li>\n<li>S\u0131cakl\u0131k: 20-80\u2103 ayarlama;<\/li>\n<li>Zaman, s\u0131cakl\u0131k ve g\u00fc\u00e7 ayarlama<\/li>\n<li>G\u00f6r\u00fcnt\u00fc Paneli: \u00c7al\u0131\u015fma s\u00fcresini ve s\u0131cakl\u0131\u011f\u0131 g\u00f6sterir.<\/li>\n<li>Malzeme: Tank ve Makine tamam\u0131 paslanmaz \u00e7eliktir.<\/li>\n<li>\u00dcr\u00fcn avantajlar\u0131: Temizleme tank\u0131 presleme ile yap\u0131l\u0131r, kaynak hatas\u0131 yoktur.<\/li>\n<li>Bile\u015fen kalitesi: Y\u00fcksek kaliteli ultrasonik transd\u00fcser kullan\u0131lm\u0131\u015ft\u0131r. G\u00fc\u00e7l\u00fc g\u00fc\u00e7.<\/li>\n<li>Y\u00fcksek kaliteli yap\u0131\u015ft\u0131rma i\u015flemi. Ultrasonik transd\u00fcser epoksi tutkal\u0131 kullan\u0131larak yap\u0131\u015ft\u0131r\u0131l\u0131r.<\/li>\n<li>Drenaj sistemi: 6 l ve \u00fczeri modellere drenaj k\u00fcresel vanas\u0131 monte edilmi\u015ftir.<\/li>\n<li>So\u011futma sistemi: 10L veya daha fazlas\u0131na y\u00fcksek verimli so\u011futma fan\u0131 monte edilmi\u015ftir.<\/li>\n<\/ul>\n<p><img loading=\"lazy\" decoding=\"async\" src=\"https:\/\/www.bjultrasonic.com\/wp-content\/uploads\/2018\/12\/80kHz-Ultrasonic-Cleaner-Package.jpg\" alt=\"80kHz Ultrasonik Temizleyici\" width=\"600\" height=\"868\" \/><\/p>\n","protected":false},"excerpt":{"rendered":"<p><a href=\"https:\/\/www.bjultrasonic.com\/tr\/category\/ultrasonic-cleaning-system-tr\/80khz-ultrasonic-cleaner-tr\/\">80kHz dijital ultrasonik temizleyici<\/a> zaman, s\u0131cakl\u0131k ve g\u00fc\u00e7 kontrol\u00fc ile donat\u0131lm\u0131\u015f olup, m\u00fccevherler, saatler, kolyeler, k\u00fcpeler, y\u00fcz\u00fckler, bilezikler, madeni paralar, saat kay\u0131\u015flar\u0131, g\u00f6zl\u00fckler, g\u00fcne\u015f g\u00f6zl\u00fckleri, kontakt lens aksesuarlar\u0131, protez di\u015fler, taraklar, di\u015f f\u0131r\u00e7alar\u0131, sofra tak\u0131mlar\u0131 ve benzeri \u00fcr\u00fcnlerin temizli\u011finde yayg\u0131n olarak kullan\u0131l\u0131r.<\/p>\n","protected":false},"featured_media":19697,"comment_status":"open","ping_status":"closed","template":"","meta":[],"product_brand":[],"product_cat":[5871],"product_tag":[],"class_list":{"0":"post-66707","1":"product","2":"type-product","3":"status-publish","4":"has-post-thumbnail","6":"product_cat-80khz-ultrasonic-cleaner-tr","8":"first","9":"instock","10":"shipping-taxable","11":"purchasable","12":"product-type-simple","13":"prodpage-classic"},"aioseo_notices":[],"_links":{"self":[{"href":"https:\/\/www.bjultrasonic.com\/tr\/wp-json\/wp\/v2\/product\/66707","targetHints":{"allow":["GET"]}}],"collection":[{"href":"https:\/\/www.bjultrasonic.com\/tr\/wp-json\/wp\/v2\/product"}],"about":[{"href":"https:\/\/www.bjultrasonic.com\/tr\/wp-json\/wp\/v2\/types\/product"}],"replies":[{"embeddable":true,"href":"https:\/\/www.bjultrasonic.com\/tr\/wp-json\/wp\/v2\/comments?post=66707"}],"wp:featuredmedia":[{"embeddable":true,"href":"https:\/\/www.bjultrasonic.com\/tr\/wp-json\/wp\/v2\/media\/19697"}],"wp:attachment":[{"href":"https:\/\/www.bjultrasonic.com\/tr\/wp-json\/wp\/v2\/media?parent=66707"}],"wp:term":[{"taxonomy":"product_brand","embeddable":true,"href":"https:\/\/www.bjultrasonic.com\/tr\/wp-json\/wp\/v2\/product_brand?post=66707"},{"taxonomy":"product_cat","embeddable":true,"href":"https:\/\/www.bjultrasonic.com\/tr\/wp-json\/wp\/v2\/product_cat?post=66707"},{"taxonomy":"product_tag","embeddable":true,"href":"https:\/\/www.bjultrasonic.com\/tr\/wp-json\/wp\/v2\/product_tag?post=66707"}],"curies":[{"name":"wp","href":"https:\/\/api.w.org\/{rel}","templated":true}]}}