{"id":66827,"date":"2018-08-16T05:43:28","date_gmt":"2018-08-16T10:43:28","guid":{"rendered":"https:\/\/www.bjultrasonic.com\/shop\/ultrasonic-atomizing-transducer-bja-900\/"},"modified":"2026-03-28T20:44:19","modified_gmt":"2026-03-29T01:44:19","slug":"ultrasonic-atomizing-transducer-bja-900","status":"publish","type":"product","link":"https:\/\/www.bjultrasonic.com\/tr\/shop\/ultrasonic-atomizing-transducer-bja-900\/","title":{"rendered":"900ML 3 Ba\u015fl\u0131 Ultrasonik Sis \u00dcreticisi Puslu Su \u00c7e\u015fmesi"},"content":{"rendered":"<table class=\"table table-striped table-bordered\">\n<tbody>\n<tr>\n<td width=\"284\">Tip<\/td>\n<td width=\"284\">BJA900<\/td>\n<\/tr>\n<tr>\n<td width=\"284\">P\u00fcsk\u00fcrtme Miktar\u0131<\/td>\n<td width=\"284\">&gt;900ML<\/td>\n<\/tr>\n<tr>\n<td width=\"284\">Boyut<\/td>\n<td width=\"284\">68mm \u00e7ap \u00a0 27mm y\u00fckseklik<\/td>\n<\/tr>\n<tr>\n<td width=\"284\">\u00c7al\u0131\u015fma Frekans\u0131<\/td>\n<td width=\"284\">1700\u00b150(KHZ)<\/td>\n<\/tr>\n<tr>\n<td width=\"284\">Piezoseramik \u00c7ap\u0131<\/td>\n<td width=\"284\">20mm<\/td>\n<\/tr>\n<tr>\n<td width=\"284\">\u00c7al\u0131\u015fma S\u0131cakl\u0131\u011f\u0131<\/td>\n<td width=\"284\">1\uff5e45\u2103<\/td>\n<\/tr>\n<tr>\n<td width=\"284\">Su Seviyesi<\/td>\n<td width=\"284\">40mm-80mm<\/td>\n<\/tr>\n<tr>\n<td width=\"284\">\u00c7al\u0131\u015fma Voltaj\u0131<\/td>\n<td width=\"284\">36V AC<\/td>\n<\/tr>\n<tr>\n<td width=\"284\">\u00c7al\u0131\u015fma Ak\u0131m\u0131<\/td>\n<td width=\"284\">2.2A<\/td>\n<\/tr>\n<tr>\n<td width=\"284\">G\u00fc\u00e7:<\/td>\n<td width=\"284\">60W<\/td>\n<\/tr>\n<tr>\n<td width=\"284\">Malzeme<\/td>\n<td width=\"284\">Bak\u0131r ve paslanmaz \u00e7elik<\/td>\n<\/tr>\n<tr>\n<td width=\"284\">LED<\/td>\n<td width=\"284\">bir<\/td>\n<\/tr>\n<tr>\n<td width=\"284\">Su Seviyesi Sens\u00f6r\u00fc<\/td>\n<td width=\"284\">Y\u00fckseklik 12mm<\/td>\n<\/tr>\n<tr>\n<td width=\"284\">Kablo<\/td>\n<td width=\"284\">Uzunluk 5m<\/td>\n<\/tr>\n<tr>\n<td width=\"284\">Giri\u015f Voltaj\u0131<\/td>\n<td width=\"284\">AC 220V\/50HZ<\/p>\n<p>120V\/60HZ<\/td>\n<\/tr>\n<\/tbody>\n<\/table>\n<h3>Ana \u0130\u015flevler<\/h3>\n<ul>\n<li>Bak\u0131r g\u00f6vde, nikel ve kadmiyum kaplama, iyi \u0131s\u0131 da\u011f\u0131l\u0131m\u0131.<\/li>\n<li>Su eksikli\u011fi koruma fonksiyonu ve su \u00fczerinde y\u00fczme, otomatik olarak su \u00fczerinde y\u00fczer.<\/li>\n<li>End\u00fcstriyel, tar\u0131msal, peyzaj sis olu\u015fturma vb. i\u00e7in uygundur.<\/li>\n<li>Renkli \u0131\u015f\u0131klar ve tek \u0131\u015f\u0131k ile.<\/li>\n<li>B\u00fcy\u00fck p\u00fcsk\u00fcrtme miktar\u0131; Kararl\u0131 performans; Uzun \u00f6m\u00fcrl\u00fcd\u00fcr;<\/li>\n<\/ul>\n<h3>Video<\/h3>\n<p><iframe loading=\"lazy\" title=\"900ml 3 Head Ultrasonic Mist Maker Fogger Water Fountain\" width=\"500\" height=\"281\" src=\"https:\/\/www.youtube.com\/embed\/Zc07JpAh8ic?feature=oembed\" frameborder=\"0\" allow=\"accelerometer; autoplay; clipboard-write; encrypted-media; gyroscope; picture-in-picture; web-share\" referrerpolicy=\"strict-origin-when-cross-origin\" allowfullscreen><\/iframe><\/p>\n<p><iframe loading=\"lazy\" title=\"Ultrasonic Humidifier\" width=\"500\" height=\"281\" src=\"https:\/\/www.youtube.com\/embed\/videoseries?list=PLLrjMYkO0_NEpofnqW3MnsGQ-KMwpBJul\" frameborder=\"0\" allow=\"accelerometer; autoplay; clipboard-write; encrypted-media; gyroscope; picture-in-picture; web-share\" referrerpolicy=\"strict-origin-when-cross-origin\" allowfullscreen><\/iframe><\/p>\n<h3>SSS<\/h3>\n<p><strong>1. P\u00fcsk\u00fcrtme miktar\u0131n\u0131 ayarlayabilir miyiz?<\/strong><\/p>\n<p>Hay\u0131r, sadece su seviyesi ile de\u011fi\u015ftirilebilir.<\/p>\n<p><strong>2. LED&#8217;i kapatabilir miyiz (varsa)?<\/strong><\/p>\n<p>Hay\u0131r. Kapal\u0131 alanlarda LED&#8217;siz ultrasonik atomizer se\u00e7mek daha iyidir.<\/p>\n<p><strong>3. G\u00fcr\u00fclt\u00fcs\u00fc var m\u0131?<\/strong><\/p>\n<p>Hay\u0131r. \u00c7o\u011fu <a href=\"https:\/\/www.bjultrasonic.com\/tr\/category\/ultrasonic-atomizer-tr\/\">ultrasonik nemlendirici<\/a> di\u011fer modellere g\u00f6re daha sessiz \u00e7al\u0131\u015fma e\u011filimindedir. Bunun nedeni, evaporatif nemlendiricilerde genellikle oldu\u011fu gibi bir fanlar\u0131n\u0131n olmamas\u0131d\u0131r. Bu, g\u00fcr\u00fclt\u00fc seviyelerini d\u00fc\u015f\u00fck tutar.<\/p>\n<p><strong>4. Elektrik ka\u00e7a\u011f\u0131 olur mu?<\/strong><\/p>\n<p>Ultrasonik atomizerin prensibi, ultrasonik titre\u015fimin sis olu\u015fturmas\u0131d\u0131r, \u00e7al\u0131\u015f\u0131rken el ile atomizere dokunmay\u0131n, kar\u0131ncalanma hissi olabilir ama bu elektrik de\u011fildir.<\/p>\n<h3>Genel Hususlar<\/h3>\n<ol>\n<li>L\u00fctfen g\u00fcc\u00fc a\u00e7t\u0131ktan sonra atomizeri ters \u00e7evirmeyin, bu atomizere zarar verir.<\/li>\n<li>L\u00fctfen uzun s\u00fcre veya 10 saatten fazla kullanmay\u0131n.<\/li>\n<li>Atomizer \u00e7al\u0131\u015f\u0131rken p\u00fcsk\u00fcrtme plakas\u0131na dokunmay\u0131n.<\/li>\n<li>Su kalitesini sa\u011flay\u0131n. L\u00fctfen temiz musluk suyu kullan\u0131n. (su kalitesinin bozulmas\u0131 hizmet \u00f6mr\u00fcn\u00fc etkiler)<\/li>\n<li>Ta\u015f\u0131madan veya tamir etmeden \u00f6nce l\u00fctfen g\u00fcc\u00fc kesin.<\/li>\n<li>Atomize edilmi\u015f <a href=\"https:\/\/www.bjultrasonic.com\/tr\/category\/piezoelectric-ceramic-tr\/\">piezoseramikler<\/a>, hizmet \u00f6mr\u00fc 3600 saatten fazla olan sarf malzemeleridir. Atomizerin sisleme kapasitesi belirgin \u015fekilde azal\u0131rsa, l\u00fctfen atomize edilmi\u015f piezoyu (herhangi bir deterjan kullanmadan) pamuklu \u00e7ubukla temizleyerek temiz tutun. Temizledikten sonra atomizasyon miktar\u0131 hala azsa, l\u00fctfen bir atomizasyon piezosunu de\u011fi\u015ftirin. (atomize edilmi\u015f piezoyu birlikte sat\u0131n alman\u0131z \u00f6nerilir)<\/li>\n<\/ol>\n<p><img loading=\"lazy\" decoding=\"async\" src=\"https:\/\/www.bjultrasonic.com\/wp-content\/uploads\/2018\/08\/Ultrasonic-Humidifier-with-LED.jpg\" alt=\"Ultrasonic-Humidifier-with-LED\" width=\"670\" height=\"925\" \/><\/p>\n","protected":false},"excerpt":{"rendered":"<p><a href=\"https:\/\/www.bjultrasonic.com\/tr\/category\/ultrasonic-atomizer-tr\/\">Ultrasonik nemlendirici<\/a>, s\u0131v\u0131lar\u0131 bulut benzeri par\u00e7ac\u0131klara d\u00f6n\u00fc\u015ft\u00fcrmek i\u00e7in ultrasonik enerji kullan\u0131r. Ultrasonik nemlendirici ayr\u0131ca <a href=\"https:\/\/www.bjultrasonic.com\/tr\/shop\/ultrasonic-atomizing-transducer\/\">ultrasonik atomizer<\/a>, ultrasonik sis \u00fcreticisi, ultrasonik sis cihaz\u0131 olarak da adland\u0131r\u0131l\u0131r.<\/p>\n","protected":false},"featured_media":19512,"comment_status":"open","ping_status":"closed","template":"","meta":[],"product_brand":[],"product_cat":[6191],"product_tag":[],"class_list":{"0":"post-66827","1":"product","2":"type-product","3":"status-publish","4":"has-post-thumbnail","6":"product_cat-ultrasonic-atomizer-tr","8":"first","9":"instock","10":"shipping-taxable","11":"purchasable","12":"product-type-simple","13":"prodpage-classic"},"aioseo_notices":[],"_links":{"self":[{"href":"https:\/\/www.bjultrasonic.com\/tr\/wp-json\/wp\/v2\/product\/66827","targetHints":{"allow":["GET"]}}],"collection":[{"href":"https:\/\/www.bjultrasonic.com\/tr\/wp-json\/wp\/v2\/product"}],"about":[{"href":"https:\/\/www.bjultrasonic.com\/tr\/wp-json\/wp\/v2\/types\/product"}],"replies":[{"embeddable":true,"href":"https:\/\/www.bjultrasonic.com\/tr\/wp-json\/wp\/v2\/comments?post=66827"}],"wp:featuredmedia":[{"embeddable":true,"href":"https:\/\/www.bjultrasonic.com\/tr\/wp-json\/wp\/v2\/media\/19512"}],"wp:attachment":[{"href":"https:\/\/www.bjultrasonic.com\/tr\/wp-json\/wp\/v2\/media?parent=66827"}],"wp:term":[{"taxonomy":"product_brand","embeddable":true,"href":"https:\/\/www.bjultrasonic.com\/tr\/wp-json\/wp\/v2\/product_brand?post=66827"},{"taxonomy":"product_cat","embeddable":true,"href":"https:\/\/www.bjultrasonic.com\/tr\/wp-json\/wp\/v2\/product_cat?post=66827"},{"taxonomy":"product_tag","embeddable":true,"href":"https:\/\/www.bjultrasonic.com\/tr\/wp-json\/wp\/v2\/product_tag?post=66827"}],"curies":[{"name":"wp","href":"https:\/\/api.w.org\/{rel}","templated":true}]}}