{"id":66987,"date":"2018-08-16T01:49:48","date_gmt":"2018-08-16T06:49:48","guid":{"rendered":"https:\/\/www.bjultrasonic.com\/shop\/500w-ultrasonic-immersible-transducer\/"},"modified":"2026-03-28T20:42:54","modified_gmt":"2026-03-29T01:42:54","slug":"500w-ultrasonic-immersible-transducer","status":"publish","type":"product","link":"https:\/\/www.bjultrasonic.com\/tr\/shop\/500w-ultrasonic-immersible-transducer\/","title":{"rendered":"500W Dald\u0131rma Ultrasonik Temizleyici Paslanmaz \u00c7elik Malzeme"},"content":{"rendered":"<ul>\n<li><strong>G\u00fc\u00e7<\/strong>: 500w (9 adet 60w <a href=\"https:\/\/www.bjultrasonic.com\/tr\/category\/ultrasonic-transducer-tr\/\">ultrasonik temizleme transd\u00fcseri<\/a> dahil)<\/li>\n<li><strong>Boyut<\/strong>: 250*250*100mm U*G*Y<\/li>\n<li><strong>Malzeme<\/strong>: 304 paslanmaz \u00e7elik.<\/li>\n<li>Titre\u015fim y\u00fczeyi sert krom kapl\u0131d\u0131r.<\/li>\n<li><strong>Frekans<\/strong>: 25khz, 28khz veya 40khz, di\u011fer frekanslara ihtiyac\u0131n\u0131z varsa l\u00fctfen bizimle ileti\u015fime ge\u00e7in.<\/li>\n<\/ul>\n<p><img loading=\"lazy\" decoding=\"async\" src=\"https:\/\/www.bjultrasonic.com\/wp-content\/uploads\/2018\/08\/Waterproof-ultrasonic-immersible-transducers.jpg\" alt=\"\" width=\"600\" height=\"600\" \/><\/p>\n<h3>A\u00e7\u0131klamalar<\/h3>\n<ul>\n<li>Ultrasonik Dald\u0131r\u0131labilir Transd\u00fcserler \u00f6zel \u00fcretim \u00fcr\u00fcnlerdir. Bu nedenle fiyat i\u00e7in l\u00fctfen Sat\u0131\u015f Temsilcimizle ileti\u015fime ge\u00e7in(<a href=\"https:\/\/www.bjultrasonic.com\/contact\/\" target=\"_blank\" rel=\"noopener\">\u0130leti\u015fim Formu<\/a>). Size k\u0131sa s\u00fcrede d\u00f6n\u00fc\u015f yapaca\u011f\u0131z.<\/li>\n<li>\u0130htiya\u00e7lar\u0131n\u0131za g\u00f6re \u00e7e\u015fitli ultrasonik dald\u0131r\u0131labilir transd\u00fcserler tasarlay\u0131p \u00f6zelle\u015ftirebiliriz.<\/li>\n<\/ul>\n<h3>Ultrasonik Dald\u0131r\u0131labilir Transd\u00fcser Videosu<\/h3>\n<p><iframe loading=\"lazy\" title=\"Submersible Ultrasonic Transducer - Beijing Ultrasonic\" width=\"500\" height=\"281\" src=\"https:\/\/www.youtube.com\/embed\/7zQnWPu-HG4?feature=oembed\" frameborder=\"0\" allow=\"accelerometer; autoplay; clipboard-write; encrypted-media; gyroscope; picture-in-picture; web-share\" referrerpolicy=\"strict-origin-when-cross-origin\" allowfullscreen><\/iframe><\/p>\n<h3>Ultrasonik Dald\u0131r\u0131labilir Transd\u00fcserin \u00d6zellikleri<\/h3>\n<ul>\n<li>Tamamen paslanmaz \u00e7elik yap\u0131: aside dayan\u0131kl\u0131 ve alkaliye kar\u015f\u0131 dayan\u0131kl\u0131, estetik ve uzun \u00f6m\u00fcrl\u00fc.<\/li>\n<li>B\u00f6l\u00fcnm\u00fc\u015f yap\u0131 benimsenmi\u015ftir: ultrasonik dald\u0131r\u0131labilir transd\u00fcser ile ultrasonik jenerat\u00f6r aras\u0131nda jak \u00fczerinde y\u00fcksek frekans ba\u011flant\u0131s\u0131 kullan\u0131l\u0131r, kullan\u0131\u015fl\u0131 ve bak\u0131m\u0131 kolay.<\/li>\n<li>Ultrasonik dald\u0131r\u0131labilir transd\u00fcseri kurman\u0131n bir\u00e7ok yolu vard\u0131r: ihtiyaca g\u00f6re temizleme tank\u0131n\u0131n <strong>dibine<\/strong>, <strong>y\u00fczeyine<\/strong>, <strong>yan\u0131na<\/strong> veya <strong>\u00fcst\u00fcne<\/strong> yerle\u015ftirilebilir.\n<div id=\"attachment_853\" style=\"width: 252px\" class=\"wp-caption alignnone\"><img loading=\"lazy\" decoding=\"async\" aria-describedby=\"caption-attachment-853\" class=\"size-full wp-image-853\" title=\"Ultrasonik Dald\u0131r\u0131labilir Transd\u00fcser Kurulum T\u00fcrleri\" src=\"\/\/www.bjultrasonic.com\/wp-content\/uploads\/2012\/04\/20124274.jpg\" alt=\"ultrasonik dald\u0131r\u0131labilir transd\u00fcser kurulum t\u00fcrleri\" width=\"242\" height=\"155\" \/><p id=\"caption-attachment-853\" class=\"wp-caption-text\">Ultrasonik Dald\u0131r\u0131labilir Transd\u00fcser Kurulum T\u00fcrleri<\/p><\/div><\/li>\n<\/ul>\n<h3>Ultrasonik Dald\u0131r\u0131labilir Transd\u00fcserin Uygulamalar\u0131<\/h3>\n<ul>\n<li>Kaplanacak par\u00e7alar i\u00e7in \u00f6n kaplama temizli\u011fi, metal mekanik par\u00e7alar i\u00e7in ya\u011f ve kir giderme, yar\u0131 iletken Si-\u00e7iplerin temizli\u011fi, g\u00f6zl\u00fck \u00e7er\u00e7eveleri ve cam kaplar.<\/li>\n<li>Lensler, g\u00fcne\u015f g\u00f6zl\u00fckleri, miyop aynalar ve prizmalar, mikroskop, kamera, cam ekipmanlar vb.<\/li>\n<\/ul>\n<h3>Ultrasonik Dald\u0131r\u0131labilir Transd\u00fcserin Daha Fazla Resmi<\/h3>\n<div id=\"attachment_856\" style=\"width: 460px\" class=\"wp-caption alignnone\"><a href=\"https:\/\/www.bjultrasonic.com\/wp-content\/uploads\/2012\/04\/20124272.jpg\" data-lightbox=\"image\"><img loading=\"lazy\" decoding=\"async\" aria-describedby=\"caption-attachment-856\" class=\"size-full wp-image-856 \" title=\"ultrasonik dald\u0131r\u0131labilir transd\u00fcserin titre\u015fim etkileri\" src=\"\/\/www.bjultrasonic.com\/wp-content\/uploads\/2012\/04\/20124272.jpg\" alt=\"ultrasonik dald\u0131r\u0131labilir transd\u00fcserin titre\u015fim etkileri\" width=\"450\" height=\"337\" srcset=\"https:\/\/www.bjultrasonic.com\/wp-content\/uploads\/2012\/04\/20124272.jpg 1500w, https:\/\/www.bjultrasonic.com\/wp-content\/uploads\/2012\/04\/20124272-1170x878.jpg 1170w\" sizes=\"auto, (max-width: 450px) 100vw, 450px\" \/><\/a><p id=\"caption-attachment-856\" class=\"wp-caption-text\">Ultrasonik Dald\u0131r\u0131labilir Transd\u00fcserin Titre\u015fim Etkileri<\/p><\/div>\n<hr \/>\n<div id=\"attachment_857\" style=\"width: 460px\" class=\"wp-caption alignnone\"><a href=\"https:\/\/www.bjultrasonic.com\/wp-content\/uploads\/2012\/04\/20124273.jpg\" data-lightbox=\"image\"><img loading=\"lazy\" decoding=\"async\" aria-describedby=\"caption-attachment-857\" class=\"size-full wp-image-857 \" title=\"Ultrasonik Dald\u0131r\u0131labilir Transd\u00fcserin \u0130\u00e7i\" src=\"\/\/www.bjultrasonic.com\/wp-content\/uploads\/2012\/04\/20124273.jpg\" alt=\"Ultrasonik Dald\u0131r\u0131labilir Transd\u00fcserin \u0130\u00e7i\" width=\"450\" height=\"350\" \/><\/a><p id=\"caption-attachment-857\" class=\"wp-caption-text\">Ultrasonik Dald\u0131r\u0131labilir Transd\u00fcserin \u0130\u00e7i<\/p><\/div>\n<h3>\u00d6deme<\/h3>\n<p>\u015eu anda PayPal, T\/T ve Western Union kabul ediyoruz.<\/p>\n<h3 class=\"shipping-methods\">Nakliye<\/h3>\n<p>Tam \u00f6deme al\u0131nd\u0131ktan sonra 48 saat i\u00e7inde mallar sevk edilir.<\/p>\n<ul>\n<li>Mallar\u0131, PayPal \u00f6demesinde verilen adrese g\u00f6ndeririz. L\u00fctfen PayPal&#8217;daki adresin do\u011fru oldu\u011fundan emin olun.<\/li>\n<li>Mallar\u0131 g\u00f6nderdikten sonra size takip numaras\u0131n\u0131 verece\u011fiz, genellikle mallar\u0131 be\u015f g\u00fcn i\u00e7inde al\u0131rs\u0131n\u0131z.<\/li>\n<li>Herhangi bir sorunuz varsa l\u00fctfen bize e-posta yoluyla ula\u015f\u0131n (e-posta adresimiz <a href=\"mailto:support@bjultrasonic.com\">support@bjultrasonic.com<\/a>)<\/li>\n<\/ul>\n<h3 align=\"left\">\u00dcr\u00fcn Garantisi<\/h3>\n<p>\u00dcr\u00fcn garanti s\u00fcresi bir y\u0131ld\u0131r, garanti s\u00fcresi i\u00e7inde sat\u0131n al\u0131nan \u00fcr\u00fcnler \u00fccretsiz bak\u0131m veya de\u011fi\u015fim hizmetinden yararlanabilir.<\/p>\n","protected":false},"excerpt":{"rendered":"<ul>\n<li>500W Dald\u0131rmal\u0131 Ultrasonik Temizleyici<\/li>\n<li>500W Dald\u0131rmal\u0131 Dizi D\u00f6n\u00fc\u015ft\u00fcr\u00fcc\u00fc<\/li>\n<li>500W Dald\u0131r\u0131labilir Ultrasonik Temizleme D\u00f6n\u00fc\u015ft\u00fcr\u00fcc\u00fcleri<\/li>\n<li>500W Dald\u0131r\u0131labilir Ultrason D\u00f6n\u00fc\u015ft\u00fcr\u00fcc\u00fc Sistemi<\/li>\n<li>500W Faz Dizili Ultrasonik D\u00f6n\u00fc\u015ft\u00fcr\u00fcc\u00fc<\/li>\n<li>500W Suya Dayan\u0131kl\u0131 Ultrasonik Temizleyici<\/li>\n<li>500W Ultrasonik Dald\u0131r\u0131labilir D\u00f6n\u00fc\u015ft\u00fcr\u00fcc\u00fc<\/li>\n<li>500W Sualt\u0131 Ultrasonik Piezoelektrik D\u00f6n\u00fc\u015ft\u00fcr\u00fcc\u00fc<\/li>\n<li>500W Ultrasonik Dald\u0131r\u0131lm\u0131\u015f D\u00f6n\u00fc\u015ft\u00fcr\u00fcc\u00fc Plakas\u0131<\/li>\n<li>500W Su Ge\u00e7irmez Ultrasonik Dald\u0131r\u0131labilir D\u00f6n\u00fc\u015ft\u00fcr\u00fcc\u00fc<\/li>\n<li>500W Su Ge\u00e7irmez Piezo Ultrasonik D\u00f6n\u00fc\u015ft\u00fcr\u00fcc\u00fc<\/li>\n<\/ul>\n","protected":false},"featured_media":19472,"comment_status":"open","ping_status":"closed","template":"","meta":[],"product_brand":[],"product_cat":[5945],"product_tag":[],"class_list":{"0":"post-66987","1":"product","2":"type-product","3":"status-publish","4":"has-post-thumbnail","6":"product_cat-ultrasonic-immersible-transducer-tr","8":"first","9":"instock","10":"shipping-taxable","11":"purchasable","12":"product-type-simple","13":"prodpage-classic"},"aioseo_notices":[],"_links":{"self":[{"href":"https:\/\/www.bjultrasonic.com\/tr\/wp-json\/wp\/v2\/product\/66987","targetHints":{"allow":["GET"]}}],"collection":[{"href":"https:\/\/www.bjultrasonic.com\/tr\/wp-json\/wp\/v2\/product"}],"about":[{"href":"https:\/\/www.bjultrasonic.com\/tr\/wp-json\/wp\/v2\/types\/product"}],"replies":[{"embeddable":true,"href":"https:\/\/www.bjultrasonic.com\/tr\/wp-json\/wp\/v2\/comments?post=66987"}],"wp:featuredmedia":[{"embeddable":true,"href":"https:\/\/www.bjultrasonic.com\/tr\/wp-json\/wp\/v2\/media\/19472"}],"wp:attachment":[{"href":"https:\/\/www.bjultrasonic.com\/tr\/wp-json\/wp\/v2\/media?parent=66987"}],"wp:term":[{"taxonomy":"product_brand","embeddable":true,"href":"https:\/\/www.bjultrasonic.com\/tr\/wp-json\/wp\/v2\/product_brand?post=66987"},{"taxonomy":"product_cat","embeddable":true,"href":"https:\/\/www.bjultrasonic.com\/tr\/wp-json\/wp\/v2\/product_cat?post=66987"},{"taxonomy":"product_tag","embeddable":true,"href":"https:\/\/www.bjultrasonic.com\/tr\/wp-json\/wp\/v2\/product_tag?post=66987"}],"curies":[{"name":"wp","href":"https:\/\/api.w.org\/{rel}","templated":true}]}}