{"id":67127,"date":"2018-08-04T01:32:39","date_gmt":"2018-08-04T06:32:39","guid":{"rendered":"https:\/\/www.bjultrasonic.com\/shop\/1800w-ultrasonic-generator-pcb-below-45-khz\/"},"modified":"2026-03-28T20:41:31","modified_gmt":"2026-03-29T01:41:31","slug":"1800w-ultrasonic-generator-pcb-below-45-khz","status":"publish","type":"product","link":"https:\/\/www.bjultrasonic.com\/tr\/shop\/1800w-ultrasonic-generator-pcb-below-45-khz\/","title":{"rendered":"1800W Ultrasonik Transd\u00fckt\u00f6r S\u00fcr\u00fcc\u00fc 45 KHz Alt\u0131"},"content":{"rendered":"<ul>\n<li>\u00c7al\u0131\u015fma voltaj\u0131: AC 220V\/110V 50\/60Hz \u00b110%<\/li>\n<li>\u00c7al\u0131\u015fma ak\u0131m\u0131: l\u00fctfen ekipman\u0131n ak\u0131m\u0131 nominal ak\u0131m\u0131 a\u015ft\u0131\u011f\u0131nda, \u00e7al\u0131\u015fma durumunda uzun s\u00fcre \u00e7al\u0131\u015famayaca\u011f\u0131n\u0131 unutmay\u0131n.<\/li>\n<li>\u00c7al\u0131\u015fma ortam\u0131: s\u0131cakl\u0131k 0\u2103- 40 \u2103<\/li>\n<li>\u00c7al\u0131\u015fma nemi: %40- %90<\/li>\n<li>\u00c7al\u0131\u015fma frekans\u0131: 17khz ila 135khz aras\u0131<\/li>\n<li>S\u00fcre: 0-59 dakika ve 59 saniye<\/li>\n<\/ul>\n<p><strong>Notlar:<\/strong><\/p>\n<ul>\n<li><a href=\"https:\/\/www.bjultrasonic.com\/tr\/category\/ultrasonic-generator-tr\/\">Ultrasonik jenerat\u00f6r<\/a> y\u00fcks\u00fcz durumda \u00e7al\u0131\u015ft\u0131r\u0131lamaz<\/li>\n<li>Kurulumdan sonra, temizleme s\u0131v\u0131s\u0131 eklenene kadar \u00e7al\u0131\u015ft\u0131r\u0131lamaz<\/li>\n<li><a href=\"https:\/\/www.bjultrasonic.com\/tr\/category\/ultrasonic-transducer-tr\/\">Ultrasonik transd\u00fcser<\/a> iki kulak\u00e7\u0131\u011fa sahiptir. Pozitif olan, iki seramik par\u00e7as\u0131n\u0131n ortas\u0131ndad\u0131r. Negatif olan ise alt metal s\u00fctunun yak\u0131n\u0131ndad\u0131r. L\u00fctfen kablolama yaparken hata yapmay\u0131n.<\/li>\n<li>Vibrasyon i\u015flevi olan seramik transd\u00fcserdeki vida deli\u011fi bulunan daha b\u00fcy\u00fck taraf, temizleme makinesinin taban\u0131na tak\u0131labilir. L\u00fctfen temizleme makinesinin g\u00fcvenli bir \u015fekilde topraklanm\u0131\u015f oldu\u011fundan emin olun.<\/li>\n<li>Seramik transd\u00fcser, transd\u00fcser \u00f6zel yap\u0131\u015ft\u0131r\u0131c\u0131s\u0131 kullan\u0131larak veya AB yap\u0131\u015ft\u0131r\u0131c\u0131 \u00e7ubuk kullan\u0131larak temizleme makinesinin taban\u0131na yap\u0131\u015ft\u0131r\u0131lmal\u0131d\u0131r, ancak etkisi biraz daha d\u00fc\u015f\u00fckt\u00fcr, veya 10:4 oran\u0131nda epoksi re\u00e7ine kullan\u0131labilir.<\/li>\n<li>\u00c7al\u0131\u015fma devre kart\u0131 voltaj\u0131 600V&#8217;dur. Transd\u00fcsere \u00e7\u0131kt\u0131 voltaj\u0131 1100V&#8217;dur. L\u00fctfen temizleme makinesinin g\u00fcvenli bir \u015fekilde topraklanm\u0131\u015f oldu\u011fundan emin olun. G\u00fcvenlik sa\u011flamak i\u00e7in l\u00fctfen g\u00fc\u00e7 kayna\u011f\u0131na ka\u00e7ak ak\u0131m koruma anahtar\u0131n\u0131n monte edildi\u011finden emin olun.<\/li>\n<\/ul>\n<h3>Video Oynatma Listesi: Ultrasonik Transd\u00fcser S\u00fcr\u00fcc\u00fc<\/h3>\n<p><iframe loading=\"lazy\" width=\"560\" height=\"315\" src=\"https:\/\/www.youtube.com\/embed\/videoseries?list=PLLrjMYkO0_NG56zqmQN9W9F1Xf9eev6dc\" frameborder=\"0\" allow=\"autoplay; encrypted-media\" allowfullscreen><\/iframe><\/p>\n","protected":false},"excerpt":{"rendered":"<p>Ultrasonik jenerat\u00f6r devresi, ayn\u0131 zamanda <a href=\"https:\/\/www.bjultrasonic.com\/tr\/category\/ultrasonic-transducer-tr\/\">ultrasonik transd\u00fcser<\/a> s\u00fcr\u00fcc\u00fc devresi veya <a href=\"https:\/\/www.bjultrasonic.com\/tr\/category\/ultrasonic-generator-tr\/ultrasonic-generator-circuits-tr\/\">ultrasonik temizleyici g\u00fc\u00e7 s\u00fcr\u00fcc\u00fc kart\u0131<\/a> olarak da adland\u0131r\u0131l\u0131r. <a href=\"https:\/\/www.bjultrasonic.com\/tr\/category\/ultrasonic-cleaning-system-tr\/\">Ultrasonik temizleyicilerin<\/a> i\u00e7indeki ultrasonik transd\u00fcserleri s\u00fcrmek i\u00e7in bir <a href=\"https:\/\/www.bjultrasonic.com\/tr\/category\/ultrasonic-generator-tr\/\">ultrasonik frekans<\/a> sa\u011flar.<\/p>\n","protected":false},"featured_media":19348,"comment_status":"open","ping_status":"closed","template":"","meta":[],"product_brand":[],"product_cat":[6113],"product_tag":[],"class_list":{"0":"post-67127","1":"product","2":"type-product","3":"status-publish","4":"has-post-thumbnail","6":"product_cat-ultrasonic-generator-circuits-tr","8":"first","9":"instock","10":"shipping-taxable","11":"purchasable","12":"product-type-simple","13":"prodpage-classic"},"aioseo_notices":[],"_links":{"self":[{"href":"https:\/\/www.bjultrasonic.com\/tr\/wp-json\/wp\/v2\/product\/67127","targetHints":{"allow":["GET"]}}],"collection":[{"href":"https:\/\/www.bjultrasonic.com\/tr\/wp-json\/wp\/v2\/product"}],"about":[{"href":"https:\/\/www.bjultrasonic.com\/tr\/wp-json\/wp\/v2\/types\/product"}],"replies":[{"embeddable":true,"href":"https:\/\/www.bjultrasonic.com\/tr\/wp-json\/wp\/v2\/comments?post=67127"}],"wp:featuredmedia":[{"embeddable":true,"href":"https:\/\/www.bjultrasonic.com\/tr\/wp-json\/wp\/v2\/media\/19348"}],"wp:attachment":[{"href":"https:\/\/www.bjultrasonic.com\/tr\/wp-json\/wp\/v2\/media?parent=67127"}],"wp:term":[{"taxonomy":"product_brand","embeddable":true,"href":"https:\/\/www.bjultrasonic.com\/tr\/wp-json\/wp\/v2\/product_brand?post=67127"},{"taxonomy":"product_cat","embeddable":true,"href":"https:\/\/www.bjultrasonic.com\/tr\/wp-json\/wp\/v2\/product_cat?post=67127"},{"taxonomy":"product_tag","embeddable":true,"href":"https:\/\/www.bjultrasonic.com\/tr\/wp-json\/wp\/v2\/product_tag?post=67127"}],"curies":[{"name":"wp","href":"https:\/\/api.w.org\/{rel}","templated":true}]}}