{"id":67207,"date":"2018-08-04T01:06:48","date_gmt":"2018-08-04T06:06:48","guid":{"rendered":"https:\/\/www.bjultrasonic.com\/shop\/100khz-50w-ultrasonic-board-generator\/"},"modified":"2026-03-28T20:41:02","modified_gmt":"2026-03-29T01:41:02","slug":"100khz-50w-ultrasonic-board-generator","status":"publish","type":"product","link":"https:\/\/www.bjultrasonic.com\/tr\/shop\/100khz-50w-ultrasonic-board-generator\/","title":{"rendered":"100KHz 50W Ultrasonik Transd\u00fckt\u00f6r S\u00fcr\u00fcc\u00fc"},"content":{"rendered":"<h3>Not<\/h3>\n<ul>\n<li><a href=\"https:\/\/www.bjultrasonic.com\/tr\/category\/ultrasonic-generator-tr\/\">Ultrasonik jenerat\u00f6r<\/a> bo\u015fta \u00e7al\u0131\u015ft\u0131r\u0131lamaz.<\/li>\n<li>Kurulumdan sonra, temizleme s\u0131v\u0131s\u0131 eklenmeden \u00e7al\u0131\u015ft\u0131r\u0131lamaz.<\/li>\n<li><a href=\"https:\/\/www.bjultrasonic.com\/tr\/category\/ultrasonic-transducer-tr\/\">Ultrasonik transd\u00fcserin<\/a> iki ba\u011flant\u0131 pimi vard\u0131r. Pozitif olan, iki seramik par\u00e7as\u0131n\u0131n ortas\u0131ndad\u0131r. Negatif olan ise alt metal kolonun yak\u0131n\u0131ndad\u0131r. Ba\u011flant\u0131 yaparken hata yapmay\u0131n\u0131z.<\/li>\n<li>Vidal\u0131 deli\u011fi olan b\u00fcy\u00fck taraf\u0131 titre\u015fim i\u015flevi g\u00f6ren seramik transd\u00fcserin, temizleme makinesinin taban\u0131na s\u0131k\u0131\u015ft\u0131r\u0131labilir. L\u00fctfen temizleme makinesinin g\u00fcvenli bir \u015fekilde topraklanm\u0131\u015f oldu\u011fundan emin olun.<\/li>\n<li>Seramik transd\u00fcser, transd\u00fcser i\u00e7in \u00f6zel yap\u0131\u015ft\u0131r\u0131c\u0131 veya AB yap\u0131\u015ft\u0131r\u0131c\u0131 \u00e7ubu\u011fu kullan\u0131larak temizleme makinesinin taban\u0131na yap\u0131\u015ft\u0131r\u0131lmal\u0131d\u0131r, ancak bu y\u00f6ntemin etkisi biraz daha zay\u0131ft\u0131r. Alternatif olarak 10:4 oran\u0131nda epoksi re\u00e7ine de kullan\u0131labilir.<\/li>\n<li>\u00c7al\u0131\u015fma devre kart\u0131 voltaj\u0131 600V&#8217;dur. Transd\u00fcsere \u00e7\u0131k\u0131\u015f voltaj\u0131 1100V&#8217;dur. L\u00fctfen temizleme makinesinin g\u00fcvenli bir \u015fekilde topraklanm\u0131\u015f oldu\u011fundan emin olun. G\u00fcvenlik i\u00e7in l\u00fctfen g\u00fc\u00e7 kayna\u011f\u0131na bir ka\u00e7ak ak\u0131m koruma \u015falteri tak\u0131ld\u0131\u011f\u0131ndan emin olun.<\/li>\n<\/ul>\n<h3>Ultrasonik Transd\u00fcser Ultrasonik Jenerat\u00f6r Devresine Nas\u0131l Ba\u011flan\u0131r<\/h3>\n<p><img loading=\"lazy\" decoding=\"async\" class=\"alignnone size-full wp-image-19292\" src=\"https:\/\/www.bjultrasonic.com\/wp-content\/uploads\/2012\/12\/Connect-Ultrasonic-Transducer-with-Ultrasonic-Generator-Circuit.jpg\" sizes=\"auto, (max-width: 748px) 100vw, 748px\" srcset=\"https:\/\/www.bjultrasonic.com\/wp-content\/uploads\/2012\/12\/Connect-Ultrasonic-Transducer-with-Ultrasonic-Generator-Circuit.jpg 748w, https:\/\/www.bjultrasonic.com\/wp-content\/uploads\/2012\/12\/Connect-Ultrasonic-Transducer-with-Ultrasonic-Generator-Circuit-40x80.jpg 40w, https:\/\/www.bjultrasonic.com\/wp-content\/uploads\/2012\/12\/Connect-Ultrasonic-Transducer-with-Ultrasonic-Generator-Circuit-150x300.jpg 150w, https:\/\/www.bjultrasonic.com\/wp-content\/uploads\/2012\/12\/Connect-Ultrasonic-Transducer-with-Ultrasonic-Generator-Circuit-93x187.jpg 93w\" alt=\"\" width=\"748\" height=\"1500\" \/><\/p>\n<h3>\u00d6deme<\/h3>\n<p>\u015eu anda PayPal, T\/T ve Western Union kabul ediyoruz.<\/p>\n<h3 class=\"shipping-methods\">Nakliye<\/h3>\n<p>Tam \u00f6deme al\u0131nd\u0131ktan sonraki 48 saat i\u00e7inde mallar sevk edilecektir.<\/p>\n<ul>\n<li>Mallar\u0131, PayPal \u00f6demesinde belirtilen adrese g\u00f6nderiyoruz. L\u00fctfen PayPal&#8217;daki adresin do\u011fru oldu\u011fundan emin olun.<\/li>\n<li>Mallar\u0131 g\u00f6nderdikten sonra size takip numaras\u0131n\u0131 verece\u011fiz, genellikle mallar\u0131 be\u015f g\u00fcn i\u00e7inde alacaks\u0131n\u0131z.<\/li>\n<li>Herhangi bir sorunuz varsa, l\u00fctfen bize e-posta yoluyla ula\u015f\u0131n (e-posta adresimiz: <a href=\"mailto:support@bjultrasonic.com\">support@bjultrasonic.com<\/a>)<\/li>\n<\/ul>\n<h3 align=\"left\">\u00dcr\u00fcn Garantisi<\/h3>\n<p>\u00dcr\u00fcn garantisi bir y\u0131ld\u0131r. Garanti s\u00fcresi i\u00e7inde sat\u0131n al\u0131nan \u00fcr\u00fcnler \u00fccretsiz bak\u0131m veya de\u011fi\u015fim hakk\u0131ndan yararlanabilir.<\/p>\n<h3>Video Oynatma Listesi: Ultrasonik Transd\u00fcser S\u00fcr\u00fcc\u00fc<\/h3>\n<p><iframe loading=\"lazy\" width=\"560\" height=\"315\" src=\"https:\/\/www.youtube.com\/embed\/videoseries?list=PLLrjMYkO0_NG56zqmQN9W9F1Xf9eev6dc\" frameborder=\"0\" allow=\"autoplay; encrypted-media\" allowfullscreen><\/iframe><\/p>\n","protected":false},"excerpt":{"rendered":"<p>Ultrasonik jenerat\u00f6r devresi, ayn\u0131 zamanda <a href=\"https:\/\/www.bjultrasonic.com\/tr\/category\/ultrasonic-transducer-tr\/\">ultrasonik d\u00f6n\u00fc\u015ft\u00fcr\u00fcc\u00fc<\/a> s\u00fcr\u00fcc\u00fc devresi veya <a href=\"https:\/\/www.bjultrasonic.com\/tr\/category\/ultrasonic-generator-tr\/ultrasonic-generator-circuits-tr\/\">ultrasonik temizleyici g\u00fc\u00e7 s\u00fcr\u00fcc\u00fc kart\u0131<\/a> olarak da adland\u0131r\u0131l\u0131r. <a href=\"https:\/\/www.bjultrasonic.com\/tr\/category\/ultrasonic-cleaning-system-tr\/\">Ultrasonik temizleyicilerin<\/a> i\u00e7indeki ultrasonik d\u00f6n\u00fc\u015ft\u00fcr\u00fcc\u00fcleri s\u00fcrmek i\u00e7in bir <a href=\"https:\/\/www.bjultrasonic.com\/tr\/category\/ultrasonic-generator-tr\/\">ultrasonik frekans<\/a> sa\u011flar.<\/p>\n","protected":false},"featured_media":19314,"comment_status":"open","ping_status":"closed","template":"","meta":[],"product_brand":[],"product_cat":[6113],"product_tag":[],"class_list":{"0":"post-67207","1":"product","2":"type-product","3":"status-publish","4":"has-post-thumbnail","6":"product_cat-ultrasonic-generator-circuits-tr","8":"first","9":"instock","10":"shipping-taxable","11":"purchasable","12":"product-type-simple","13":"prodpage-classic"},"aioseo_notices":[],"_links":{"self":[{"href":"https:\/\/www.bjultrasonic.com\/tr\/wp-json\/wp\/v2\/product\/67207","targetHints":{"allow":["GET"]}}],"collection":[{"href":"https:\/\/www.bjultrasonic.com\/tr\/wp-json\/wp\/v2\/product"}],"about":[{"href":"https:\/\/www.bjultrasonic.com\/tr\/wp-json\/wp\/v2\/types\/product"}],"replies":[{"embeddable":true,"href":"https:\/\/www.bjultrasonic.com\/tr\/wp-json\/wp\/v2\/comments?post=67207"}],"wp:featuredmedia":[{"embeddable":true,"href":"https:\/\/www.bjultrasonic.com\/tr\/wp-json\/wp\/v2\/media\/19314"}],"wp:attachment":[{"href":"https:\/\/www.bjultrasonic.com\/tr\/wp-json\/wp\/v2\/media?parent=67207"}],"wp:term":[{"taxonomy":"product_brand","embeddable":true,"href":"https:\/\/www.bjultrasonic.com\/tr\/wp-json\/wp\/v2\/product_brand?post=67207"},{"taxonomy":"product_cat","embeddable":true,"href":"https:\/\/www.bjultrasonic.com\/tr\/wp-json\/wp\/v2\/product_cat?post=67207"},{"taxonomy":"product_tag","embeddable":true,"href":"https:\/\/www.bjultrasonic.com\/tr\/wp-json\/wp\/v2\/product_tag?post=67207"}],"curies":[{"name":"wp","href":"https:\/\/api.w.org\/{rel}","templated":true}]}}