{"id":67267,"date":"2018-07-27T05:08:00","date_gmt":"2018-07-27T10:08:00","guid":{"rendered":"https:\/\/www.bjultrasonic.com\/shop\/120w-220v-ultrasonic-pcb-generator\/"},"modified":"2026-03-28T20:40:33","modified_gmt":"2026-03-29T01:40:33","slug":"120w-220v-ultrasonic-pcb-generator","status":"publish","type":"product","link":"https:\/\/www.bjultrasonic.com\/tr\/shop\/120w-220v-ultrasonic-pcb-generator\/","title":{"rendered":"220V 120W Ultrasonik Piezoelektrik Transd\u00fckt\u00f6r S\u00fcr\u00fcc\u00fc Devresi"},"content":{"rendered":"<p><strong>Ultrasonik D\u00f6n\u00fc\u015ft\u00fcr\u00fcc\u00fc i\u00e7in Ultrasonik Devre Kart\u0131<\/strong><\/p>\n<p><strong>Not: L\u00fctfen hangi frekansa ihtiyac\u0131n\u0131z oldu\u011funu belirtiniz.<\/strong><\/p>\n<ul>\n<li><a href=\"https:\/\/www.bjultrasonic.com\/tr\/category\/ultrasonic-generator-tr\/\">Ultrasonik jenerat\u00f6r<\/a> bo\u015fta \u00e7al\u0131\u015ft\u0131r\u0131lamaz<\/li>\n<li>Kurulumdan sonra, temizleme s\u0131v\u0131s\u0131 d\u00f6k\u00fclmeden g\u00fc\u00e7 a\u00e7\u0131lmamal\u0131d\u0131r<\/li>\n<li><a href=\"https:\/\/www.bjultrasonic.com\/tr\/category\/ultrasonic-transducer-tr\/\">Ultrasonik d\u00f6n\u00fc\u015ft\u00fcr\u00fcc\u00fc<\/a> iki ba\u011flant\u0131 kulak\u00e7\u0131\u011f\u0131na sahiptir. Pozitif olan, iki seramik par\u00e7as\u0131n\u0131n ortas\u0131nda bulunur. Negatif olan ise alt metal kolonun yak\u0131n\u0131ndad\u0131r. L\u00fctfen kablolama yaparken hata yapmay\u0131n.<\/li>\n<li>Seramik d\u00f6n\u00fc\u015ft\u00fcr\u00fcc\u00fcdeki vida deli\u011fi bulunan daha b\u00fcy\u00fck taraf, titre\u015fim i\u015flevi g\u00f6r\u00fcr ve temizleme makinesinin taban\u0131na s\u0131k\u0131\u015ft\u0131r\u0131labilir. L\u00fctfen temizleme makinesinin g\u00fcvenli bir \u015fekilde topraklanm\u0131\u015f oldu\u011fundan emin olun.<\/li>\n<li>Seramik d\u00f6n\u00fc\u015ft\u00fcr\u00fcc\u00fc, d\u00f6n\u00fc\u015ft\u00fcr\u00fcc\u00fc i\u00e7in \u00f6zel yap\u0131\u015ft\u0131r\u0131c\u0131 kullan\u0131larak veya AB yap\u0131\u015ft\u0131r\u0131c\u0131 \u00e7ubu\u011fu ile temizleme makinesinin taban\u0131na yap\u0131\u015ft\u0131r\u0131lmal\u0131d\u0131r, ancak bu y\u00f6ntemin etkisi biraz daha d\u00fc\u015f\u00fckt\u00fcr; veya 10:4 oran\u0131nda epoksi re\u00e7ine kullan\u0131labilir.<\/li>\n<li>\u00c7al\u0131\u015fma devre kart\u0131 voltaj\u0131 600V&#8217;dur. D\u00f6n\u00fc\u015ft\u00fcr\u00fcc\u00fcye \u00e7\u0131kt\u0131 voltaj\u0131 1100V&#8217;dur. L\u00fctfen temizleme makinesinin g\u00fcvenli bir \u015fekilde topraklanm\u0131\u015f oldu\u011fundan emin olun. G\u00fcvenlik i\u00e7in, g\u00fc\u00e7 kayna\u011f\u0131na bir ka\u00e7ak ak\u0131m koruma anahtar\u0131n\u0131n tak\u0131l\u0131 oldu\u011fundan emin olun.<\/li>\n<\/ul>\n<h3>\u00d6deme<\/h3>\n<p>\u015eu anda Paypal, T\/T ve Western Union kabul ediyoruz.<\/p>\n<h3 class=\"shipping-methods\">Nakliye<\/h3>\n<p>\u00dcr\u00fcnler, \u00f6demenin tamam\u0131n\u0131n al\u0131nmas\u0131ndan sonraki 48 saat i\u00e7inde sevk edilecektir.<\/p>\n<ul>\n<li>\u00dcr\u00fcnleri, PayPal \u00f6demesinde verilen adrese g\u00f6nderiyoruz. L\u00fctfen PayPal&#8217;daki adresin do\u011fru oldu\u011fundan emin olun.<\/li>\n<li>\u00dcr\u00fcnleri g\u00f6nderdikten sonra size takip numaras\u0131n\u0131 verece\u011fiz, genellikle \u00fcr\u00fcnleri be\u015f g\u00fcn i\u00e7inde al\u0131rs\u0131n\u0131z.<\/li>\n<li>Herhangi bir sorunuz varsa, l\u00fctfen bize e-posta yoluyla ula\u015f\u0131n (e-posta adresimiz <a href=\"mailto:support@bjultrasonic.com\">support@bjultrasonic.com<\/a>)<\/li>\n<\/ul>\n<h3 align=\"left\">\u00dcr\u00fcn Garantisi<\/h3>\n<p>\u00dcr\u00fcn garanti s\u00fcresi bir y\u0131ld\u0131r. Garanti s\u00fcresi i\u00e7inde sat\u0131n al\u0131nan \u00fcr\u00fcnler \u00fccretsiz bak\u0131m veya de\u011fi\u015fim hakk\u0131ndan yararlanabilir.<\/p>\n<h3>Video Oynatma Listesi: Ultrasonik D\u00f6n\u00fc\u015ft\u00fcr\u00fcc\u00fc S\u00fcr\u00fcc\u00fc<\/h3>\n<p><iframe loading=\"lazy\" width=\"560\" height=\"315\" src=\"https:\/\/www.youtube.com\/embed\/videoseries?list=PLLrjMYkO0_NG56zqmQN9W9F1Xf9eev6dc\" frameborder=\"0\" allow=\"autoplay; encrypted-media\" allowfullscreen><\/iframe><\/p>\n","protected":false},"excerpt":{"rendered":"<p>Ultrasonik jenerat\u00f6r devresi, ayn\u0131 zamanda <a href=\"https:\/\/www.bjultrasonic.com\/tr\/category\/ultrasonic-transducer-tr\/\">ultrasonik transd\u00fcser<\/a> s\u00fcr\u00fcc\u00fc devresi veya <a href=\"https:\/\/www.bjultrasonic.com\/tr\/category\/ultrasonic-generator-tr\/ultrasonic-generator-circuits-tr\/\">ultrasonik temizleyici g\u00fc\u00e7 s\u00fcr\u00fcc\u00fc kart\u0131<\/a> olarak da adland\u0131r\u0131l\u0131r. <a href=\"https:\/\/www.bjultrasonic.com\/tr\/category\/ultrasonic-generator-tr\/\">Ultrasonik frekans<\/a> sa\u011flayarak <a href=\"https:\/\/www.bjultrasonic.com\/tr\/category\/ultrasonic-cleaning-system-tr\/\">ultrasonik temizleyicilerin<\/a> i\u00e7indeki ultrasonik transd\u00fcserleri s\u00fcrer.<\/p>\n","protected":false},"featured_media":19280,"comment_status":"open","ping_status":"closed","template":"","meta":[],"product_brand":[],"product_cat":[6113],"product_tag":[],"class_list":{"0":"post-67267","1":"product","2":"type-product","3":"status-publish","4":"has-post-thumbnail","6":"product_cat-ultrasonic-generator-circuits-tr","8":"first","9":"instock","10":"shipping-taxable","11":"purchasable","12":"product-type-simple","13":"prodpage-classic"},"aioseo_notices":[],"_links":{"self":[{"href":"https:\/\/www.bjultrasonic.com\/tr\/wp-json\/wp\/v2\/product\/67267","targetHints":{"allow":["GET"]}}],"collection":[{"href":"https:\/\/www.bjultrasonic.com\/tr\/wp-json\/wp\/v2\/product"}],"about":[{"href":"https:\/\/www.bjultrasonic.com\/tr\/wp-json\/wp\/v2\/types\/product"}],"replies":[{"embeddable":true,"href":"https:\/\/www.bjultrasonic.com\/tr\/wp-json\/wp\/v2\/comments?post=67267"}],"wp:featuredmedia":[{"embeddable":true,"href":"https:\/\/www.bjultrasonic.com\/tr\/wp-json\/wp\/v2\/media\/19280"}],"wp:attachment":[{"href":"https:\/\/www.bjultrasonic.com\/tr\/wp-json\/wp\/v2\/media?parent=67267"}],"wp:term":[{"taxonomy":"product_brand","embeddable":true,"href":"https:\/\/www.bjultrasonic.com\/tr\/wp-json\/wp\/v2\/product_brand?post=67267"},{"taxonomy":"product_cat","embeddable":true,"href":"https:\/\/www.bjultrasonic.com\/tr\/wp-json\/wp\/v2\/product_cat?post=67267"},{"taxonomy":"product_tag","embeddable":true,"href":"https:\/\/www.bjultrasonic.com\/tr\/wp-json\/wp\/v2\/product_tag?post=67267"}],"curies":[{"name":"wp","href":"https:\/\/api.w.org\/{rel}","templated":true}]}}