{"id":67825,"date":"2013-07-21T03:55:03","date_gmt":"2013-07-21T08:55:03","guid":{"rendered":"https:\/\/www.bjultrasonic.com\/shop\/120khz-60w-ultrasonic-transducer-120khz-60w-digital-ultrasonic-pcb-generator\/"},"modified":"2026-03-28T20:34:55","modified_gmt":"2026-03-29T01:34:55","slug":"120khz-60w-ultrasonic-transducer-120khz-60w-digital-ultrasonic-pcb-generator","status":"publish","type":"product","link":"https:\/\/www.bjultrasonic.com\/tr\/shop\/120khz-60w-ultrasonic-transducer-120khz-60w-digital-ultrasonic-pcb-generator\/","title":{"rendered":"120kHz 60W Ultrasonik Transd\u00fcser ve 120kHz 60W Dijital Ultrasonik Transd\u00fcser S\u00fcr\u00fcc\u00fcs\u00fc"},"content":{"rendered":"<p><strong>Not: Sipari\u015f verdi\u011finizde.<\/strong><\/p>\n<ol>\n<li>L\u00fctfen tam voltaj standard\u0131 hakk\u0131nda bir mesaj b\u0131rak\u0131n<\/li>\n<li>L\u00fctfen bize tam teslimat adresini ve \u0130leti\u015fim Telefon Numaras\u0131n\u0131 verin<\/li>\n<li>L\u00fctfen g\u00fcmr\u00fc\u011fe d\u00fc\u015f\u00fck de\u011fer beyan etmemizi isteyip istemedi\u011finizi bize bildirin<\/li>\n<li>L\u00fctfen bize ge\u00e7erli bir e-posta adresi b\u0131rak\u0131n. Mal\u0131 g\u00f6nderir g\u00f6ndermez size takip numaras\u0131n\u0131 e-posta ile verece\u011fiz.<\/li>\n<\/ol>\n<p><strong>\u00d6zellikler:<\/strong><\/p>\n<table class=\"table table-striped table-bordered\">\n<tbody>\n<tr>\n<td colspan=\"2\" width=\"568\">Bir adet 120khz60w Dijital Ultrasonik PCB Jenerat\u00f6r\u00fc, bir adet 120khz60w Ultrasonik Transd\u00fcseri s\u00fcrer<\/td>\n<\/tr>\n<tr>\n<td colspan=\"2\" width=\"568\">Ultrasonik Transd\u00fcser:<\/td>\n<\/tr>\n<tr>\n<td width=\"163\">Frekans<\/td>\n<td width=\"405\">120khz\u00b11 KHz<\/td>\n<\/tr>\n<tr>\n<td width=\"163\">G\u00fc\u00e7<\/td>\n<td width=\"405\">60w<\/td>\n<\/tr>\n<tr>\n<td width=\"163\">Kapasite<\/td>\n<td width=\"405\">5400pf (pzt4)<\/td>\n<\/tr>\n<tr>\n<td width=\"163\">Yay\u0131c\u0131 y\u00fczey<\/td>\n<td width=\"405\">40mm<\/td>\n<\/tr>\n<tr>\n<td width=\"163\">Rezonans Direnci<\/td>\n<td width=\"405\">10-20\u03a9<\/td>\n<\/tr>\n<tr>\n<td width=\"163\">Piezoseramik boyutu<\/td>\n<td width=\"405\">38*15*5<\/td>\n<\/tr>\n<tr>\n<td width=\"163\">Uzunluk<\/td>\n<td width=\"405\">56mm<\/td>\n<\/tr>\n<tr>\n<td colspan=\"2\" width=\"568\">Ultrasonik PCB Jenerat\u00f6r\u00fc<\/td>\n<\/tr>\n<tr>\n<td width=\"163\">G\u00fc\u00e7 Kayna\u011f\u0131<\/td>\n<td width=\"405\">Giri\u015f: 200v-240v\/ 100v-120v<\/td>\n<\/tr>\n<tr>\n<td width=\"163\">Frekans<\/td>\n<td width=\"405\">120khz\u00b11 KHz<\/td>\n<\/tr>\n<tr>\n<td width=\"163\">G\u00fc\u00e7<\/td>\n<td width=\"405\">60w<\/td>\n<\/tr>\n<tr>\n<td width=\"163\">Kapasite<\/td>\n<td width=\"405\">5400pf<\/td>\n<\/tr>\n<tr>\n<td width=\"163\">Boyut<\/td>\n<td width=\"405\">18cm*13cm*6cm(uzunluk*geni\u015flik*y\u00fckseklik)<\/td>\n<\/tr>\n<tr>\n<td colspan=\"2\" width=\"568\">Toplam br\u00fct a\u011f\u0131rl\u0131k: 4kg<\/td>\n<\/tr>\n<tr>\n<td colspan=\"2\" width=\"568\">Not: dijital ultrasonik pcb jenerat\u00f6r\u00fcn\u00fcn s\u00fcresi ve g\u00fcc\u00fc ihtiya\u00e7lar\u0131n\u0131za g\u00f6re ayarlanabilir.<\/td>\n<\/tr>\n<\/tbody>\n<\/table>\n<p>A\u015fa\u011f\u0131daki resimler bunlar\u0131n nas\u0131l ba\u011flanaca\u011f\u0131n\u0131 g\u00f6stermektedir:<\/p>\n<p><a href=\"https:\/\/www.bjultrasonic.com\/wp-content\/uploads\/2014\/05\/120kHz-60W-Ultrasonic-Transducer-120kHz-60W-Digital-Ultrasonic-PCB-Generator-4.jpg\"><img loading=\"lazy\" decoding=\"async\" class=\"alignnone wp-image-5665\" src=\"\/\/www.bjultrasonic.com\/wp-content\/uploads\/2014\/05\/120kHz-60W-Ultrasonic-Transducer-120kHz-60W-Digital-Ultrasonic-PCB-Generator-4.jpg\" alt=\"120kHz 60W Ultrasonic Transducer &amp; 120kHz 60W Digital Ultrasonic PCB Generator (4)\" width=\"582\" height=\"322\" \/><\/a> <a href=\"https:\/\/www.bjultrasonic.com\/wp-content\/uploads\/2014\/05\/120kHz-60W-Ultrasonic-Transducer-120kHz-60W-Digital-Ultrasonic-PCB-Generator-3.jpg\"><img loading=\"lazy\" decoding=\"async\" class=\"alignnone wp-image-5664\" src=\"\/\/www.bjultrasonic.com\/wp-content\/uploads\/2014\/05\/120kHz-60W-Ultrasonic-Transducer-120kHz-60W-Digital-Ultrasonic-PCB-Generator-3.jpg\" alt=\"120kHz 60W Ultrasonic Transducer &amp; 120kHz 60W Digital Ultrasonic PCB Generator (3)\" width=\"585\" height=\"295\" \/><\/a> <a href=\"https:\/\/www.bjultrasonic.com\/wp-content\/uploads\/2014\/05\/120kHz-60W-Ultrasonic-Transducer-120kHz-60W-Digital-Ultrasonic-PCB-Generator-2.jpg\"><img loading=\"lazy\" decoding=\"async\" class=\"alignnone wp-image-5663\" src=\"\/\/www.bjultrasonic.com\/wp-content\/uploads\/2014\/05\/120kHz-60W-Ultrasonic-Transducer-120kHz-60W-Digital-Ultrasonic-PCB-Generator-2.jpg\" alt=\"120kHz 60W Ultrasonic Transducer &amp; 120kHz 60W Digital Ultrasonic PCB Generator (2)\" width=\"579\" height=\"524\" \/><\/a> <a href=\"https:\/\/www.bjultrasonic.com\/wp-content\/uploads\/2014\/05\/120kHz-60W-Ultrasonic-Transducer-120kHz-60W-Digital-Ultrasonic-PCB-Generator-1.jpg\"><img loading=\"lazy\" decoding=\"async\" class=\"alignnone wp-image-5662\" src=\"\/\/www.bjultrasonic.com\/wp-content\/uploads\/2014\/05\/120kHz-60W-Ultrasonic-Transducer-120kHz-60W-Digital-Ultrasonic-PCB-Generator-1.jpg\" alt=\"120kHz 60W Ultrasonic Transducer &amp; 120kHz 60W Digital Ultrasonic PCB Generator (1)\" width=\"584\" height=\"323\" \/><\/a> <a href=\"https:\/\/www.bjultrasonic.com\/wp-content\/uploads\/2014\/05\/120kHz-60W-Ultrasonic-Transducer-120kHz-60W-Digital-Ultrasonic-PCB-Generator-6.jpg\"><img loading=\"lazy\" decoding=\"async\" class=\"alignnone wp-image-5667\" src=\"\/\/www.bjultrasonic.com\/wp-content\/uploads\/2014\/05\/120kHz-60W-Ultrasonic-Transducer-120kHz-60W-Digital-Ultrasonic-PCB-Generator-6.jpg\" alt=\"120kHz 60W Ultrasonic Transducer &amp; 120kHz 60W Digital Ultrasonic PCB Generator (6)\" width=\"580\" height=\"321\" \/><\/a> <a href=\"https:\/\/www.bjultrasonic.com\/wp-content\/uploads\/2014\/05\/120kHz-60W-Ultrasonic-Transducer-120kHz-60W-Digital-Ultrasonic-PCB-Generator-5.jpg\"><img loading=\"lazy\" decoding=\"async\" class=\"alignnone wp-image-5666\" src=\"\/\/www.bjultrasonic.com\/wp-content\/uploads\/2014\/05\/120kHz-60W-Ultrasonic-Transducer-120kHz-60W-Digital-Ultrasonic-PCB-Generator-5.jpg\" alt=\"120kHz 60W Ultrasonic Transducer &amp; 120kHz 60W Digital Ultrasonic PCB Generator (5)\" width=\"576\" height=\"319\" \/><\/a><\/p>\n","protected":false},"excerpt":{"rendered":"<p>Dijital ekranl\u0131 <a href=\"https:\/\/www.bjultrasonic.com\/tr\/category\/ultrasonic-generator-tr\/ultrasonic-generator-circuits-tr\/\">ultrasonik temizleme g\u00fc\u00e7 s\u00fcr\u00fcc\u00fc kart\u0131<\/a> ve <a href=\"https:\/\/www.bjultrasonic.com\/tr\/category\/ultrasonic-transducer-tr\/\">ultrasonik temizleme transd\u00fcserleri<\/a> ile birlikte paketler.<\/p>\n","protected":false},"featured_media":24655,"comment_status":"open","ping_status":"closed","template":"","meta":[],"product_brand":[],"product_cat":[6071],"product_tag":[],"class_list":{"0":"post-67825","1":"product","2":"type-product","3":"status-publish","4":"has-post-thumbnail","6":"product_cat-digital-ultrasonic-pcb-generator-transducer-tr","8":"first","9":"instock","10":"shipping-taxable","11":"purchasable","12":"product-type-simple","13":"prodpage-classic"},"aioseo_notices":[],"_links":{"self":[{"href":"https:\/\/www.bjultrasonic.com\/tr\/wp-json\/wp\/v2\/product\/67825","targetHints":{"allow":["GET"]}}],"collection":[{"href":"https:\/\/www.bjultrasonic.com\/tr\/wp-json\/wp\/v2\/product"}],"about":[{"href":"https:\/\/www.bjultrasonic.com\/tr\/wp-json\/wp\/v2\/types\/product"}],"replies":[{"embeddable":true,"href":"https:\/\/www.bjultrasonic.com\/tr\/wp-json\/wp\/v2\/comments?post=67825"}],"wp:featuredmedia":[{"embeddable":true,"href":"https:\/\/www.bjultrasonic.com\/tr\/wp-json\/wp\/v2\/media\/24655"}],"wp:attachment":[{"href":"https:\/\/www.bjultrasonic.com\/tr\/wp-json\/wp\/v2\/media?parent=67825"}],"wp:term":[{"taxonomy":"product_brand","embeddable":true,"href":"https:\/\/www.bjultrasonic.com\/tr\/wp-json\/wp\/v2\/product_brand?post=67825"},{"taxonomy":"product_cat","embeddable":true,"href":"https:\/\/www.bjultrasonic.com\/tr\/wp-json\/wp\/v2\/product_cat?post=67825"},{"taxonomy":"product_tag","embeddable":true,"href":"https:\/\/www.bjultrasonic.com\/tr\/wp-json\/wp\/v2\/product_tag?post=67825"}],"curies":[{"name":"wp","href":"https:\/\/api.w.org\/{rel}","templated":true}]}}