{"id":68045,"date":"2013-06-21T02:00:57","date_gmt":"2013-06-21T07:00:57","guid":{"rendered":"https:\/\/www.bjultrasonic.com\/shop\/30khz-100w-ultrasonic-transducer-30khz-100w-ultrasonic-pcb-generator\/"},"modified":"2026-03-28T20:33:09","modified_gmt":"2026-03-29T01:33:09","slug":"30khz-100w-ultrasonic-transducer-30khz-100w-ultrasonic-pcb-generator","status":"publish","type":"product","link":"https:\/\/www.bjultrasonic.com\/tr\/shop\/30khz-100w-ultrasonic-transducer-30khz-100w-ultrasonic-pcb-generator\/","title":{"rendered":"30kHz 100W Ultrasonik D\u00f6n\u00fc\u015ft\u00fcr\u00fcc\u00fc &#038; 30kHz 100W Ultrasonik D\u00f6n\u00fc\u015ft\u00fcr\u00fcc\u00fc S\u00fcr\u00fcc\u00fcs\u00fc"},"content":{"rendered":"<p><strong>Not: Sipari\u015f verirken.<\/strong><\/p>\n<ol>\n<li>L\u00fctfen kesin voltaj standard\u0131 hakk\u0131nda bir mesaj b\u0131rak\u0131n<\/li>\n<li>L\u00fctfen bize kesin teslimat adresini ve \u0130leti\u015fim Telefon Numaras\u0131n\u0131 verin<\/li>\n<li>L\u00fctfen g\u00fcmr\u00fc\u011fe d\u00fc\u015f\u00fck de\u011fer beyan etmemizi isteyip istemedi\u011finizi bize bildirin<\/li>\n<li>L\u00fctfen bize ge\u00e7erli bir e-posta adresi b\u0131rak\u0131n. Mallar\u0131 g\u00f6nderir g\u00f6ndermez size e-posta ile takip numaras\u0131n\u0131 verece\u011fiz.<\/li>\n<\/ol>\n<p><strong>\u00d6zellikler:<\/strong><\/p>\n<table class=\"table table-striped table-bordered\">\n<tbody>\n<tr>\n<td colspan=\"2\" width=\"568\">Bir adet 30khz100w Ultrasonik PCB Jenerat\u00f6r, bir adet 30khz100w Ultrasonik Transd\u00fcseri s\u00fcrer<\/td>\n<\/tr>\n<tr>\n<td colspan=\"2\" width=\"568\"><strong>Ultrasonik Transd\u00fcser:<\/strong><\/td>\n<\/tr>\n<tr>\n<td width=\"163\">Frekans<\/td>\n<td width=\"405\">30khz\u00b11 KHz<\/td>\n<\/tr>\n<tr>\n<td width=\"163\">G\u00fc\u00e7<\/td>\n<td width=\"405\">100w<\/td>\n<\/tr>\n<tr>\n<td width=\"163\">Kapasite<\/td>\n<td width=\"405\">5200pf (pzt8)<\/td>\n<\/tr>\n<tr>\n<td width=\"163\">Yay\u0131c\u0131 y\u00fczey<\/td>\n<td width=\"405\">68mm<\/td>\n<\/tr>\n<tr>\n<td width=\"163\">Rezonans Direnci<\/td>\n<td width=\"405\">10-20\u03a9<\/td>\n<\/tr>\n<tr>\n<td width=\"163\">Piezoseramik boyutu<\/td>\n<td width=\"405\">45*15*5<\/td>\n<\/tr>\n<tr>\n<td width=\"163\">Uzunluk<\/td>\n<td width=\"405\">61mm<\/td>\n<\/tr>\n<tr>\n<td colspan=\"2\" width=\"568\"><strong>Ultrasonik PCB Jenerat\u00f6r<\/strong><\/td>\n<\/tr>\n<tr>\n<td width=\"163\">G\u00fc\u00e7 Kayna\u011f\u0131<\/td>\n<td width=\"405\">Giri\u015f: 200v-240v\/ 100v-120v<\/td>\n<\/tr>\n<tr>\n<td width=\"163\">Frekans<\/td>\n<td width=\"405\">30khz\u00b11 KHz<\/td>\n<\/tr>\n<tr>\n<td width=\"163\">G\u00fc\u00e7<\/td>\n<td width=\"405\">100w<\/td>\n<\/tr>\n<tr>\n<td width=\"163\">Kapasite<\/td>\n<td width=\"405\">5200pf<\/td>\n<\/tr>\n<tr>\n<td width=\"163\">Boyut<\/td>\n<td width=\"405\">18cm*13cm*6cm(uzunluk*geni\u015flik*y\u00fckseklik)<\/td>\n<\/tr>\n<tr>\n<td colspan=\"2\" width=\"568\">Toplam br\u00fct a\u011f\u0131rl\u0131k: 4kg<\/td>\n<\/tr>\n<\/tbody>\n<\/table>\n<p>A\u015fa\u011f\u0131daki resimler bunlar\u0131n nas\u0131l ba\u011flanaca\u011f\u0131n\u0131 g\u00f6stermektedir:<\/p>\n<p><a href=\"https:\/\/www.bjultrasonic.com\/wp-content\/uploads\/2013\/06\/30kHz-100W-Ultrasonic-Transducer-30kHz-100W-Ultrasonic-PCB-Generator-4.jpg\"><img loading=\"lazy\" decoding=\"async\" class=\"alignnone  wp-image-5601\" src=\"\/\/www.bjultrasonic.com\/wp-content\/uploads\/2013\/06\/30kHz-100W-Ultrasonic-Transducer-30kHz-100W-Ultrasonic-PCB-Generator-4.jpg\" alt=\"30kHz 100W Ultrasonic Transducer &amp; 30kHz 100W Ultrasonic PCB Generator (4)\" width=\"587\" height=\"325\" \/><\/a> <a href=\"https:\/\/www.bjultrasonic.com\/wp-content\/uploads\/2013\/06\/30kHz-100W-Ultrasonic-Transducer-30kHz-100W-Ultrasonic-PCB-Generator-3.jpg\"><img loading=\"lazy\" decoding=\"async\" class=\"alignnone  wp-image-5600\" src=\"\/\/www.bjultrasonic.com\/wp-content\/uploads\/2013\/06\/30kHz-100W-Ultrasonic-Transducer-30kHz-100W-Ultrasonic-PCB-Generator-3.jpg\" alt=\"30kHz 100W Ultrasonic Transducer &amp; 30kHz 100W Ultrasonic PCB Generator (3)\" width=\"582\" height=\"455\" \/><\/a> <a href=\"https:\/\/www.bjultrasonic.com\/wp-content\/uploads\/2013\/06\/30kHz-100W-Ultrasonic-Transducer-30kHz-100W-Ultrasonic-PCB-Generator-2.jpg\"><img loading=\"lazy\" decoding=\"async\" class=\"alignnone  wp-image-5599\" src=\"\/\/www.bjultrasonic.com\/wp-content\/uploads\/2013\/06\/30kHz-100W-Ultrasonic-Transducer-30kHz-100W-Ultrasonic-PCB-Generator-2.jpg\" alt=\"30kHz 100W Ultrasonic Transducer &amp; 30kHz 100W Ultrasonic PCB Generator (2)\" width=\"582\" height=\"322\" \/><\/a> <a href=\"https:\/\/www.bjultrasonic.com\/wp-content\/uploads\/2013\/06\/30kHz-100W-Ultrasonic-Transducer-30kHz-100W-Ultrasonic-PCB-Generator-1.jpg\"><img loading=\"lazy\" decoding=\"async\" class=\"alignnone  wp-image-5598\" src=\"\/\/www.bjultrasonic.com\/wp-content\/uploads\/2013\/06\/30kHz-100W-Ultrasonic-Transducer-30kHz-100W-Ultrasonic-PCB-Generator-1.jpg\" alt=\"30kHz 100W Ultrasonic Transducer &amp; 30kHz 100W Ultrasonic PCB Generator (1)\" width=\"578\" height=\"449\" \/><\/a><\/p>\n","protected":false},"excerpt":{"rendered":"<p>Y\u00fcksek kaliteli [100-120V\/200-240V] <a href=\"https:\/\/www.bjultrasonic.com\/tr\/category\/ultrasonic-generator-tr\/ultrasonic-generator-circuits-tr\/\">ultrasonik temizleme g\u00fc\u00e7 s\u00fcr\u00fcc\u00fc kart\u0131<\/a> ve <a href=\"https:\/\/www.bjultrasonic.com\/tr\/category\/ultrasonic-transducer-tr\/\">ultrasonik temizleme d\u00f6n\u00fc\u015ft\u00fcr\u00fcc\u00fcleri<\/a> paketleri.<\/p>\n","protected":false},"featured_media":42289,"comment_status":"open","ping_status":"closed","template":"","meta":[],"product_brand":[],"product_cat":[6138],"product_tag":[],"class_list":{"0":"post-68045","1":"product","2":"type-product","3":"status-publish","4":"has-post-thumbnail","6":"product_cat-100-120v-200-240v-ultrasonic-generator-transducer-tr","8":"first","9":"instock","10":"shipping-taxable","11":"purchasable","12":"product-type-simple","13":"prodpage-classic"},"aioseo_notices":[],"_links":{"self":[{"href":"https:\/\/www.bjultrasonic.com\/tr\/wp-json\/wp\/v2\/product\/68045","targetHints":{"allow":["GET"]}}],"collection":[{"href":"https:\/\/www.bjultrasonic.com\/tr\/wp-json\/wp\/v2\/product"}],"about":[{"href":"https:\/\/www.bjultrasonic.com\/tr\/wp-json\/wp\/v2\/types\/product"}],"replies":[{"embeddable":true,"href":"https:\/\/www.bjultrasonic.com\/tr\/wp-json\/wp\/v2\/comments?post=68045"}],"wp:featuredmedia":[{"embeddable":true,"href":"https:\/\/www.bjultrasonic.com\/tr\/wp-json\/wp\/v2\/media\/42289"}],"wp:attachment":[{"href":"https:\/\/www.bjultrasonic.com\/tr\/wp-json\/wp\/v2\/media?parent=68045"}],"wp:term":[{"taxonomy":"product_brand","embeddable":true,"href":"https:\/\/www.bjultrasonic.com\/tr\/wp-json\/wp\/v2\/product_brand?post=68045"},{"taxonomy":"product_cat","embeddable":true,"href":"https:\/\/www.bjultrasonic.com\/tr\/wp-json\/wp\/v2\/product_cat?post=68045"},{"taxonomy":"product_tag","embeddable":true,"href":"https:\/\/www.bjultrasonic.com\/tr\/wp-json\/wp\/v2\/product_tag?post=68045"}],"curies":[{"name":"wp","href":"https:\/\/api.w.org\/{rel}","templated":true}]}}