{"id":68105,"date":"2013-05-20T09:32:10","date_gmt":"2013-05-20T14:32:10","guid":{"rendered":"https:\/\/www.bjultrasonic.com\/shop\/200-240v-25khz-60w-ultrasonic-transducer-25khz-60w-ultrasonic-generator\/"},"modified":"2026-03-28T20:32:41","modified_gmt":"2026-03-29T01:32:41","slug":"200-240v-25khz-60w-ultrasonic-transducer-25khz-60w-ultrasonic-generator","status":"publish","type":"product","link":"https:\/\/www.bjultrasonic.com\/tr\/shop\/200-240v-25khz-60w-ultrasonic-transducer-25khz-60w-ultrasonic-generator\/","title":{"rendered":"[200-240V] 25kHz 60W Ultrasonic Transd\u00fcser &#038; 25kHz 60W Piezo Transd\u00fcser S\u00fcr\u00fcc\u00fc Devresi"},"content":{"rendered":"<p><strong>Not: Sipari\u015f verirken.<\/strong><\/p>\n<ol>\n<li>L\u00fctfen kesin voltaj standard\u0131 hakk\u0131nda bir mesaj b\u0131rak\u0131n<\/li>\n<li>L\u00fctfen bize kesin teslimat adresini ve \u0130leti\u015fim Telefon Numaras\u0131n\u0131 verin<\/li>\n<li>L\u00fctfen g\u00fcmr\u00fc\u011fe d\u00fc\u015f\u00fck de\u011fer beyan etmemizi isteyip istemedi\u011finizi bize bildirin<\/li>\n<li>L\u00fctfen bize ge\u00e7erli bir e-posta adresi b\u0131rak\u0131n. Mallar\u0131 g\u00f6nderir g\u00f6ndermez size takip numaras\u0131n\u0131 e-posta ile verece\u011fiz.<\/li>\n<\/ol>\n<p><strong>\u00d6zellikler:<\/strong><\/p>\n<table class=\"table table-striped table-bordered\">\n<tbody>\n<tr>\n<td colspan=\"2\" width=\"568\">Bir adet 25kHz 60W Ultrasonik PCB Jenerat\u00f6r, bir adet 25kHz 60W Ultrasonik Transd\u00fcseri <strong>s\u00fcrer<\/strong><\/td>\n<\/tr>\n<tr>\n<td colspan=\"2\" width=\"568\">Ultrasonik Transd\u00fcser:<\/td>\n<\/tr>\n<tr>\n<td width=\"163\">Frekans<\/td>\n<td width=\"405\">25khz \u00b1 1 KHz<\/td>\n<\/tr>\n<tr>\n<td width=\"163\">G\u00fc\u00e7<\/td>\n<td width=\"405\">60w<\/td>\n<\/tr>\n<tr>\n<td width=\"163\">Kapasite<\/td>\n<td width=\"405\">5400pf (pzt4)<\/td>\n<\/tr>\n<tr>\n<td width=\"163\">Yay\u0131l\u0131m y\u00fczeyi<\/td>\n<td width=\"405\">59mm<\/td>\n<\/tr>\n<tr>\n<td width=\"163\">Rezonans Direnci<\/td>\n<td width=\"405\">10-20 \u03a9<\/td>\n<\/tr>\n<tr>\n<td width=\"163\">Piezoseramik boyutu<\/td>\n<td width=\"405\">38*15*5 mm<\/td>\n<\/tr>\n<tr>\n<td width=\"163\">Uzunluk<\/td>\n<td width=\"405\">77mm<\/td>\n<\/tr>\n<tr>\n<td colspan=\"2\" width=\"568\">Ultrasonik PCB Jenerat\u00f6r\u00fc:<\/td>\n<\/tr>\n<tr>\n<td width=\"163\">G\u00fc\u00e7 Kayna\u011f\u0131<\/td>\n<td width=\"405\">Giri\u015f: 200v-240v<\/td>\n<\/tr>\n<tr>\n<td width=\"163\">Frekans<\/td>\n<td width=\"405\">25khz \u00b1 1 KHz<\/td>\n<\/tr>\n<tr>\n<td width=\"163\">G\u00fc\u00e7<\/td>\n<td width=\"405\">60w<\/td>\n<\/tr>\n<tr>\n<td width=\"163\">Kapasite<\/td>\n<td width=\"405\">5400pf (pzt4)<\/td>\n<\/tr>\n<tr>\n<td width=\"163\">Boyutlar<\/td>\n<td width=\"405\">52cm*34.5cm*17cm (uzunluk*geni\u015flik*y\u00fckseklik)<\/td>\n<\/tr>\n<tr>\n<td colspan=\"2\" width=\"568\">Toplam br\u00fct a\u011f\u0131rl\u0131k: 1.5kg<\/td>\n<\/tr>\n<\/tbody>\n<\/table>\n<p><strong>A\u015fa\u011f\u0131daki resimler bunlar\u0131n nas\u0131l ba\u011flanaca\u011f\u0131n\u0131 g\u00f6stermektedir.<\/strong><\/p>\n<p><a href=\"https:\/\/www.bjultrasonic.com\/wp-content\/uploads\/2013\/05\/Connection-Method-200V-240V-Ultrasonic-Transducer-Ultrasonic-Generator-1.jpg\"><img loading=\"lazy\" decoding=\"async\" class=\"alignnone wp-image-5581\" src=\"\/\/www.bjultrasonic.com\/wp-content\/uploads\/2013\/05\/Connection-Method-200V-240V-Ultrasonic-Transducer-Ultrasonic-Generator-1.jpg\" alt=\"200V 240V Ultrasonic Transducer &amp; Ultrasonic Generator (1)\" width=\"588\" height=\"373\" \/><\/a><\/p>\n<p><a href=\"https:\/\/www.bjultrasonic.com\/wp-content\/uploads\/2013\/05\/Connection-Method-200V-240V-Ultrasonic-Transducer-Ultrasonic-Generator-2.jpg\"><img loading=\"lazy\" decoding=\"async\" class=\"alignnone wp-image-5582\" src=\"\/\/www.bjultrasonic.com\/wp-content\/uploads\/2013\/05\/Connection-Method-200V-240V-Ultrasonic-Transducer-Ultrasonic-Generator-2.jpg\" alt=\"200V 240V Ultrasonic Transducer &amp; Ultrasonic Generator (2)\" width=\"592\" height=\"344\" \/><\/a><\/p>\n<p><a href=\"https:\/\/www.bjultrasonic.com\/wp-content\/uploads\/2013\/05\/Connection-Method-200V-240V-Ultrasonic-Transducer-Ultrasonic-Generator-3.jpg\"><img loading=\"lazy\" decoding=\"async\" class=\"alignnone wp-image-5583\" src=\"\/\/www.bjultrasonic.com\/wp-content\/uploads\/2013\/05\/Connection-Method-200V-240V-Ultrasonic-Transducer-Ultrasonic-Generator-3.jpg\" alt=\"200V 240V Ultrasonic Transducer &amp; Ultrasonic Generator (3)\" width=\"591\" height=\"388\" \/><\/a><\/p>\n","protected":false},"excerpt":{"rendered":"<p>Y\u00fcksek kaliteli 200-240V <a href=\"https:\/\/www.bjultrasonic.com\/tr\/category\/ultrasonic-generator-tr\/ultrasonic-generator-circuits-tr\/\">ultrasonik temizleyici g\u00fc\u00e7 s\u00fcr\u00fcc\u00fc kart\u0131<\/a> ve <a href=\"https:\/\/www.bjultrasonic.com\/tr\/category\/ultrasonic-transducer-tr\/\">ultrasonik temizleme transd\u00fcserleri<\/a> paketleri.<\/p>\n","protected":false},"featured_media":5583,"comment_status":"open","ping_status":"closed","template":"","meta":[],"product_brand":[],"product_cat":[6183],"product_tag":[],"class_list":{"0":"post-68105","1":"product","2":"type-product","3":"status-publish","4":"has-post-thumbnail","6":"product_cat-200-240v-ultrasonic-generator-transducer-tr","8":"first","9":"instock","10":"shipping-taxable","11":"purchasable","12":"product-type-simple","13":"prodpage-classic"},"aioseo_notices":[],"_links":{"self":[{"href":"https:\/\/www.bjultrasonic.com\/tr\/wp-json\/wp\/v2\/product\/68105","targetHints":{"allow":["GET"]}}],"collection":[{"href":"https:\/\/www.bjultrasonic.com\/tr\/wp-json\/wp\/v2\/product"}],"about":[{"href":"https:\/\/www.bjultrasonic.com\/tr\/wp-json\/wp\/v2\/types\/product"}],"replies":[{"embeddable":true,"href":"https:\/\/www.bjultrasonic.com\/tr\/wp-json\/wp\/v2\/comments?post=68105"}],"wp:featuredmedia":[{"embeddable":true,"href":"https:\/\/www.bjultrasonic.com\/tr\/wp-json\/wp\/v2\/media\/5583"}],"wp:attachment":[{"href":"https:\/\/www.bjultrasonic.com\/tr\/wp-json\/wp\/v2\/media?parent=68105"}],"wp:term":[{"taxonomy":"product_brand","embeddable":true,"href":"https:\/\/www.bjultrasonic.com\/tr\/wp-json\/wp\/v2\/product_brand?post=68105"},{"taxonomy":"product_cat","embeddable":true,"href":"https:\/\/www.bjultrasonic.com\/tr\/wp-json\/wp\/v2\/product_cat?post=68105"},{"taxonomy":"product_tag","embeddable":true,"href":"https:\/\/www.bjultrasonic.com\/tr\/wp-json\/wp\/v2\/product_tag?post=68105"}],"curies":[{"name":"wp","href":"https:\/\/api.w.org\/{rel}","templated":true}]}}