{"id":68345,"date":"2013-05-14T17:09:47","date_gmt":"2013-05-14T22:09:47","guid":{"rendered":"https:\/\/www.bjultrasonic.com\/shop\/ultrasonic-horn\/"},"modified":"2026-03-28T20:30:23","modified_gmt":"2026-03-29T01:30:23","slug":"ultrasonic-horn","status":"publish","type":"product","link":"https:\/\/www.bjultrasonic.com\/tr\/shop\/ultrasonic-horn\/","title":{"rendered":"Ultrasonik Kaynak Hortumu"},"content":{"rendered":"<p>Ultrasonik Kaynak \u00dcfleyicisi \/ Ultrasonik Sonotrode \/ Ultrasonik Kaynak Kal\u0131b\u0131, <a href=\"https:\/\/www.bjultrasonic.com\/tr\/shop\/ultrasonic-welding-machine\/\">ultrasonik kaynak makinesi<\/a>nde yayg\u0131n olarak kullan\u0131l\u0131r. \u00c7e\u015fitli plastik \u00fcr\u00fcnler, metal \u00fcr\u00fcnler veya kuma\u015f \u00fcr\u00fcnlerinin kayna\u011f\u0131 i\u00e7in anahtar bile\u015fendir. Ayn\u0131 zamanda, Ultrasonik Kaynak Makinesi, \u00e7e\u015fitli plastiklerin (ABS, PVC, PP, PE, PC, PS, HDPE, LDPE, PET, PMMA, Asetal vb.) ve kuma\u015flar\u0131n (Polyester, dokumas\u0131z, Naylon vb.) kayna\u011f\u0131 i\u00e7in tasarlanm\u0131\u015f bir ultrasonik kaynak cihaz\u0131d\u0131r. Herhangi bir frekansta \u00e7elik ve titanyum kaynak ba\u015fl\u0131klar\u0131 ve u\u00e7lar\u0131 \u00fcretebiliriz ve di\u011fer firmalar\u0131n \u00fcr\u00fcnleriyle uyumlu olabilir. \u0130htiya\u00e7lar\u0131n\u0131za g\u00f6re \u00f6zel kal\u0131p sa\u011flayabiliriz.<\/p>\n<p><img loading=\"lazy\" decoding=\"async\" class=\"alignnone size-full wp-image-24647\" src=\"https:\/\/www.bjultrasonic.com\/wp-content\/uploads\/2013\/05\/Ultrasonic-Welding-Horn-4.jpg\" alt=\"Ultrasonik Kaynak \u00dcfleyicisi (4)\" width=\"559\" height=\"578\" \/><\/p>\n<h3>Avantajlar\u0131m\u0131z<\/h3>\n<ul>\n<li>Farkl\u0131 t\u00fcrde ultrasonik kaynak ekipmanlar\u0131 i\u00e7in \u00e7e\u015fitli \u00f6zellikler.<\/li>\n<li>Daha y\u00fcksek kaynak hassasiyeti<\/li>\n<li>Daha iyi kullan\u0131c\u0131 deneyimi<\/li>\n<li>Kararl\u0131 performans<\/li>\n<li>Daha y\u00fcksek \u00fcretim kapasitesi<\/li>\n<li>Verimli ve kararl\u0131, uzun garanti ve h\u0131zl\u0131 teslimat<\/li>\n<\/ul>\n<p>&nbsp;<\/p>\n<p><iframe loading=\"lazy\" title=\"Ultrasonic Welding Machine for Face Mask Manufacturing\" width=\"500\" height=\"375\" src=\"https:\/\/www.youtube.com\/embed\/6luA2gpAZdU?feature=oembed\" frameborder=\"0\" allow=\"accelerometer; autoplay; clipboard-write; encrypted-media; gyroscope; picture-in-picture; web-share\" referrerpolicy=\"strict-origin-when-cross-origin\" allowfullscreen><\/iframe><\/p>\n<p><iframe loading=\"lazy\" title=\"Ultrasonic Plastic Welder | Ultrasonic Plastic Welding\" width=\"500\" height=\"281\" src=\"https:\/\/www.youtube.com\/embed\/3H2GRdGeOGM?feature=oembed\" frameborder=\"0\" allow=\"accelerometer; autoplay; clipboard-write; encrypted-media; gyroscope; picture-in-picture; web-share\" referrerpolicy=\"strict-origin-when-cross-origin\" allowfullscreen><\/iframe><\/p>\n<h3>Ultrasonik \u0130\u015fleme Prensipleri<\/h3>\n<p>Ultrasonik i\u015fleme, i\u015f par\u00e7as\u0131 ile ultrasonik frekansta titre\u015fen bir alet aras\u0131ndaki bo\u015flu\u011fa sa\u011flanan bir a\u015f\u0131nd\u0131r\u0131c\u0131 s\u00fcspansiyon kullanan bir i\u015fleme tekni\u011fidir. Ultrasonik i\u015fleme ekipman\u0131, <a href=\"https:\/\/www.bjultrasonic.com\/tr\/shop\/ultrasonic-welding-generator\/\" target=\"_blank\" rel=\"noopener noreferrer\">Ultrasonik Kaynak Jenerat\u00f6r\u00fc<\/a>, <a href=\"https:\/\/www.bjultrasonic.com\/tr\/category\/ultrasonic-transducer-tr\/\" target=\"_blank\" rel=\"noopener noreferrer\">Ultrasonik Transd\u00fcserler<\/a> ve <strong>Ultrasonik \u00dcfleyici<\/strong>&#8216;den olu\u015fur.<\/p>\n<p><img loading=\"lazy\" decoding=\"async\" class=\"size-full wp-image-1577 alignnone\" title=\"Ultrasonik \u0130\u015fleme Prensipleri\" src=\"\/\/www.bjultrasonic.com\/wp-content\/uploads\/2013\/05\/Principles-of-Ultrasonic-Machining.jpg\" alt=\"Ultrasonik \u0130\u015fleme Prensipleri\" width=\"650\" height=\"371\" \/><\/p>\n<h3>\u00d6deme<\/h3>\n<p>\u015eu anda Paypal, T\/T ve Western Union&#8217;\u0131 kabul ediyoruz.<\/p>\n<h3 class=\"shipping-methods\">Nakliye<\/h3>\n<p>Tam \u00f6deme al\u0131nd\u0131ktan sonraki 48 saat i\u00e7inde mallar sevk edilir.<\/p>\n<ul>\n<li>Mallar\u0131, PayPal \u00f6demesinde verilen adrese g\u00f6nderiyoruz. L\u00fctfen PayPal&#8217;daki adresin do\u011fru oldu\u011fundan emin olun.<\/li>\n<li>Mallar\u0131 g\u00f6nderdikten sonra size takip numaras\u0131n\u0131 verece\u011fiz, genellikle mallar\u0131 be\u015f g\u00fcn i\u00e7inde alacaks\u0131n\u0131z.<\/li>\n<li>Herhangi bir sorunuz varsa, l\u00fctfen bizimle e-posta yoluyla ileti\u015fime ge\u00e7in (e-posta adresimiz <a href=\"mailto:support@bjultrasonic.com\">support@bjultrasonic.com<\/a>)<\/li>\n<\/ul>\n<h3 align=\"left\">\u00dcr\u00fcn Garantisi<\/h3>\n<p>\u00dcr\u00fcn garanti s\u00fcresi bir y\u0131ld\u0131r, garanti s\u00fcresi i\u00e7inde sat\u0131n al\u0131nan \u00fcr\u00fcnler \u00fccretsiz bak\u0131m veya de\u011fi\u015fim hizmetinden yararlanabilir.<\/p>\n","protected":false},"excerpt":{"rendered":"<p>Ultrasonik kaynak boynuzu (akustik boynuz, sonotrod, akustik dalga k\u0131lavuzu, ultrasonik prob olarak da bilinir), genellikle <strong>Ultrasonik kaynak<\/strong> ve <strong>ultrasonik i\u015fleme<\/strong> s\u0131ras\u0131nda <strong>sal\u0131n\u0131m yer de\u011fi\u015ftirmesinin genli\u011fini art\u0131rmak<\/strong> i\u00e7in kullan\u0131lan, ucu daralan bir metal \u00e7ubuktur.<\/p>\n<p>\u0130htiya\u00e7lara g\u00f6re farkl\u0131 boyut ve frekanslarda ultrasonik boynuzlar\u0131 \u00f6zelle\u015ftirebiliriz.<\/p>\n","protected":false},"featured_media":42269,"comment_status":"open","ping_status":"closed","template":"","meta":[],"product_brand":[],"product_cat":[5632],"product_tag":[],"class_list":{"0":"post-68345","1":"product","2":"type-product","3":"status-publish","4":"has-post-thumbnail","6":"product_cat-ultrasonic-welding-equipment-tr","8":"first","9":"instock","10":"shipping-taxable","11":"product-type-external","12":"prodpage-classic"},"aioseo_notices":[],"_links":{"self":[{"href":"https:\/\/www.bjultrasonic.com\/tr\/wp-json\/wp\/v2\/product\/68345","targetHints":{"allow":["GET"]}}],"collection":[{"href":"https:\/\/www.bjultrasonic.com\/tr\/wp-json\/wp\/v2\/product"}],"about":[{"href":"https:\/\/www.bjultrasonic.com\/tr\/wp-json\/wp\/v2\/types\/product"}],"replies":[{"embeddable":true,"href":"https:\/\/www.bjultrasonic.com\/tr\/wp-json\/wp\/v2\/comments?post=68345"}],"wp:featuredmedia":[{"embeddable":true,"href":"https:\/\/www.bjultrasonic.com\/tr\/wp-json\/wp\/v2\/media\/42269"}],"wp:attachment":[{"href":"https:\/\/www.bjultrasonic.com\/tr\/wp-json\/wp\/v2\/media?parent=68345"}],"wp:term":[{"taxonomy":"product_brand","embeddable":true,"href":"https:\/\/www.bjultrasonic.com\/tr\/wp-json\/wp\/v2\/product_brand?post=68345"},{"taxonomy":"product_cat","embeddable":true,"href":"https:\/\/www.bjultrasonic.com\/tr\/wp-json\/wp\/v2\/product_cat?post=68345"},{"taxonomy":"product_tag","embeddable":true,"href":"https:\/\/www.bjultrasonic.com\/tr\/wp-json\/wp\/v2\/product_tag?post=68345"}],"curies":[{"name":"wp","href":"https:\/\/api.w.org\/{rel}","templated":true}]}}