{"id":68365,"date":"2013-05-14T02:32:29","date_gmt":"2013-05-14T07:32:29","guid":{"rendered":"https:\/\/www.bjultrasonic.com\/shop\/ultrasonic-welding-generator\/"},"modified":"2026-03-28T20:30:22","modified_gmt":"2026-03-29T01:30:22","slug":"ultrasonic-welding-generator","status":"publish","type":"product","link":"https:\/\/www.bjultrasonic.com\/tr\/shop\/ultrasonic-welding-generator\/","title":{"rendered":"Ultrasonik Kaynak Jenerat\u00f6r\u00fc"},"content":{"rendered":"<p><iframe loading=\"lazy\" title=\"Ultrasonic Welding Generator\" width=\"500\" height=\"281\" src=\"https:\/\/www.youtube.com\/embed\/AieAouAI6i4?feature=oembed\" frameborder=\"0\" allow=\"accelerometer; autoplay; clipboard-write; encrypted-media; gyroscope; picture-in-picture; web-share\" referrerpolicy=\"strict-origin-when-cross-origin\" allowfullscreen><\/iframe><\/p>\n<p><iframe loading=\"lazy\" title=\"Ultrasonic Welding Machine for Face Mask Manufacturing\" width=\"500\" height=\"375\" src=\"https:\/\/www.youtube.com\/embed\/6luA2gpAZdU?feature=oembed\" frameborder=\"0\" allow=\"accelerometer; autoplay; clipboard-write; encrypted-media; gyroscope; picture-in-picture; web-share\" referrerpolicy=\"strict-origin-when-cross-origin\" allowfullscreen><\/iframe><\/p>\n<p><strong>Ultrasonik Kaynak Jenerat\u00f6r\u00fc<\/strong>, \u00e7e\u015fitli kaliteli \u00fcr\u00fcnler taraf\u0131ndan kullan\u0131l\u0131r, \u00f6rne\u011fin, <strong>termoplastik kaynak makinesi, nokta kayna\u011f\u0131, metal ve plastik par\u00e7alar aras\u0131ndaki mozaik makineleri, ultrasonik makine, ultrasonik ta\u015flama makinesi ve ultrasonik plastik i\u015flemci.<\/strong><\/p>\n<h3>Ultrasonik Kaynak Jenerat\u00f6r\u00fc \u00d6zellikleri<\/h3>\n<table class=\"table table-striped table-bordered\">\n<tbody>\n<tr>\n<td valign=\"top\" width=\"194\">Standart \u00c7\u0131k\u0131\u015f G\u00fcc\u00fc<\/td>\n<td valign=\"top\" width=\"420\">500W 1000W 1400W, 1800W,2200W, 2600W,<\/td>\n<\/tr>\n<tr>\n<td valign=\"top\" width=\"194\">Giri\u015f Voltaj\u0131<\/td>\n<td valign=\"top\" width=\"420\">220V ~ 230Vac \u00b110%\/  110v~ 130Vac \u00b110%<\/td>\n<\/tr>\n<tr>\n<td valign=\"top\" width=\"194\">\u00c7al\u0131\u015fma Frekans\u0131<\/td>\n<td valign=\"top\" width=\"420\">15KHz, 20KHz, 30KHZ.35KHZ,38KHZ.<\/td>\n<\/tr>\n<tr>\n<td valign=\"top\" width=\"194\">G\u00f6stergeler<\/td>\n<td valign=\"top\" width=\"420\">\n<ul>\n<li>G\u00fc\u00e7 genlik kayb\u0131 g\u00f6stergesi. Genlik a\u015f\u0131r\u0131 y\u00fck g\u00f6stergesi.<\/li>\n<li>G\u00fc\u00e7 A\u00c7IK\/KAPALI g\u00f6stergesi.<\/li>\n<\/ul>\n<\/td>\n<\/tr>\n<tr>\n<td valign=\"top\" width=\"194\">A\u015f\u0131r\u0131 Y\u00fck Korumas\u0131<\/td>\n<td valign=\"top\" width=\"420\">\n<ul>\n<li>Termal a\u015f\u0131r\u0131 y\u00fck<\/li>\n<li>Ak\u0131m a\u015f\u0131r\u0131 y\u00fck\u00fc<\/li>\n<li>A\u015f\u0131r\u0131 Voltaj<\/li>\n<\/ul>\n<\/td>\n<\/tr>\n<tr>\n<td valign=\"top\" width=\"194\">Kontrol Ayarlar\u0131<\/td>\n<td valign=\"top\" width=\"420\">\n<ul>\n<li>Kaynak s\u00fcresi kontrol\u00fc i\u00e7in dijital zamanlay\u0131c\u0131. Bekleme s\u00fcresi kontrol\u00fc i\u00e7in dijital zamanlay\u0131c\u0131.<\/li>\n<li>Gecikme s\u00fcresi kontrol\u00fc i\u00e7in dijital zamanlay\u0131c\u0131. Frekans kontrol d\u00fc\u011fmesi.<\/li>\n<li>Frekans ayar d\u00fc\u011fmesi.<\/li>\n<\/ul>\n<\/td>\n<\/tr>\n<tr>\n<td valign=\"top\" width=\"194\">\u00c7al\u0131\u015fma S\u0131cakl\u0131\u011f\u0131<\/td>\n<td valign=\"top\" width=\"420\">0 ~ 50\u2103<\/td>\n<\/tr>\n<tr>\n<td valign=\"top\" width=\"194\">\u00c7al\u0131\u015fma Nem Oran\u0131<\/td>\n<td valign=\"top\" width=\"420\">0 ~ 80%<\/td>\n<\/tr>\n<tr>\n<td valign=\"top\" width=\"194\">A\u011f\u0131rl\u0131k<\/td>\n<td valign=\"top\" width=\"420\">32kg<\/td>\n<\/tr>\n<\/tbody>\n<\/table>\n<p><img loading=\"lazy\" decoding=\"async\" class=\"alignnone size-full wp-image-5271\" src=\"\/\/www.bjultrasonic.com\/wp-content\/uploads\/2013\/05\/Ultrasonic-Welding-Generator1.jpg\" alt=\"Ultrasonik Kaynak Jenerat\u00f6r\u00fc\" width=\"558\" height=\"334\" \/><\/p>\n<p>End\u00fcstriyel d\u00fczeydeki \u00fcnl\u00fc tekniklerden biri, birle\u015ftirilmesi veya s\u0131k\u0131 bir \u015fekilde bir araya getirilmesi gereken malzeme par\u00e7alar\u0131na y\u00fcksek bas\u0131n\u00e7 alt\u0131nda y\u00fcksek frekansl\u0131 titre\u015fimler uygulanan ultrasonik kaynakt\u0131r. Bu \u015fekilde yeni bir kaynak haz\u0131rlan\u0131r. Bu y\u00f6ntem plastikler ve farkl\u0131 do\u011fadaki malzemeler i\u00e7in kullan\u0131l\u0131r. Bu modern teknikte, par\u00e7alar\u0131 kaynaklamak i\u00e7in somun, c\u0131vata veya lehim malzemelerine ihtiya\u00e7 duyulmaz.<\/p>\n<p><iframe loading=\"lazy\" title=\"Ultrasonic Metal Welding - Beijing Ultrasonic\" width=\"500\" height=\"281\" src=\"https:\/\/www.youtube.com\/embed\/vjeLMI_nqdA?feature=oembed\" frameborder=\"0\" allow=\"accelerometer; autoplay; clipboard-write; encrypted-media; gyroscope; picture-in-picture; web-share\" referrerpolicy=\"strict-origin-when-cross-origin\" allowfullscreen><\/iframe><\/p>\n<p>Ultrasonik kaynak becerisi \u00e7e\u015fitli alanlarda yayg\u0131n olarak kullan\u0131lmaktad\u0131r. Ba\u015fl\u0131ca kullan\u0131mlar\u0131ndan biri, g\u0131da, tekstil, kimyasallar, petrol ve su end\u00fcstrisinde termoplastikleri kaynaklamakt\u0131r. Ayr\u0131ca malzeme at\u0131klar\u0131nda, metal kaynak ve delme i\u015flemlerinde de geni\u015f kullan\u0131m alan\u0131 vard\u0131r. Ultrasonik g\u00fc\u00e7 cihazlar\u0131 invert\u00f6rlerde de kullan\u0131lmaktad\u0131r. G\u00fcn\u00fcm\u00fczde devre tasar\u0131mlar\u0131 geli\u015ftirilmi\u015ftir; yeni topolojiler geli\u015ftirilmi\u015f ve ultrasonik g\u00fc\u00e7 cihazlar\u0131 daha g\u00fcvenilir hale getirilmi\u015ftir. Y\u00fck uyumlulu\u011fu iyile\u015ftirilmi\u015f ve \u00fcr\u00fcn tutarl\u0131l\u0131\u011f\u0131 da daha iyi hale gelmi\u015ftir. G\u00fc\u00e7 verimlili\u011fi, cihazlar\u0131n hacminin azalt\u0131lmas\u0131yla birlikte unutulmaz bir d\u00f6n\u00fcm noktas\u0131d\u0131r. Frekans\u0131n otomatik taramas\u0131, tespiti ve izlenmesi de sa\u011flanm\u0131\u015ft\u0131r. Hata korumas\u0131 ve tespiti de otomatikle\u015ftirilmi\u015ftir. G\u00fc\u00e7 ve empedans ayar\u0131 da m\u00fcmk\u00fcn k\u0131l\u0131nm\u0131\u015ft\u0131r. \u0130nsan-makine diyalo\u011fu, yaz\u0131l\u0131m g\u00fcncellemeleri ve di\u011fer i\u015flevler de geli\u015ftirilmi\u015ftir.<\/p>\n<h3>Ultrasonik Kaynak Prensipleri<\/h3>\n<p><img loading=\"lazy\" decoding=\"async\" class=\"size-full wp-image-1578 alignnone\" title=\"Ultrasonik Kaynak Prensipleri\" src=\"\/\/www.bjultrasonic.com\/wp-content\/uploads\/2012\/08\/Principles-of-Ultrasonic-Welding.jpg\" alt=\"Ultrasonik Kaynak Prensipleri\" width=\"573\" height=\"266\" \/><\/p>\n<p><strong>Ultrasonik kaynak ekipman\u0131<\/strong> bir makine presi, <strong>Ultrasonik Kaynak Jenerat\u00f6r\u00fc<\/strong>, <a href=\"https:\/\/www.bjultrasonic.com\/tr\/shop\/ultrasonic-welding-transducer\/\" target=\"_blank\" rel=\"noopener\">Ultrasonik Kaynak Transd\u00fcseri<\/a>, <a href=\"https:\/\/www.bjultrasonic.com\/tr\/shop\/ultrasonic-horn\/\" target=\"_blank\" rel=\"noopener\">Ultrasonik Boynuz<\/a> ve bile\u015fen destek tak\u0131mlar\u0131 ve g\u00fc\u00e7lendiriciden olu\u015fur.<\/p>\n<h3>Ultrasonik Kaynak Jenerat\u00f6r\u00fc \u00d6zellikleri:<\/h3>\n<ul>\n<li>Otomatik frekans takibi (Manuel ayar da mevcuttur)<\/li>\n<li>A\u015f\u0131r\u0131 y\u00fck ve transd\u00fcser ar\u0131zas\u0131 i\u00e7in \u00e7ift koruma i\u015flevi.<\/li>\n<li>\u00c7\u0131k\u0131\u015f g\u00fcc\u00fc y\u00fcke g\u00f6re ayarlan\u0131r<\/li>\n<li>Farkl\u0131 parametreli transd\u00fcserler de entegre edilmi\u015ftir<\/li>\n<li>\u00c7ift ya\u011flama ve dikey organizasyon<\/li>\n<\/ul>\n<h3>\u00d6deme<\/h3>\n<p>\u015eu anda Paypal, T\/T ve Western Union kabul ediyoruz.<\/p>\n<h3 class=\"shipping-methods\">Nakliye<\/h3>\n<p>Malzemeler, tam \u00f6deme al\u0131nd\u0131ktan sonra 48 saat i\u00e7inde sevk edilecektir.<\/p>\n<ul>\n<li>Malzemeleri, PayPal \u00f6demesinde verilen adrese g\u00f6nderiyoruz. L\u00fctfen PayPal&#8217;daki adresin do\u011fru oldu\u011fundan emin olun.<\/li>\n<li>Malzemeleri g\u00f6nderdikten sonra size takip numaras\u0131n\u0131 verece\u011fiz, genellikle malzemeleri be\u015f g\u00fcn i\u00e7inde alacaks\u0131n\u0131z.<\/li>\n<li>Herhangi bir sorunuz varsa, l\u00fctfen bize e-posta yoluyla ula\u015f\u0131n (e-posta adresimiz <a href=\"mailto:support@bjultrasonic.com\">support@bjultrasonic.com<\/a>)<\/li>\n<\/ul>\n<h3 align=\"left\">\u00dcr\u00fcn Garantisi<\/h3>\n<p>\u00dcr\u00fcn garanti s\u00fcresi bir y\u0131ld\u0131r, garanti s\u00fcresi i\u00e7inde sat\u0131n al\u0131nan \u00fcr\u00fcnler \u00fccretsiz bak\u0131m veya de\u011fi\u015fimden yararlanabilir.<\/p>\n","protected":false},"excerpt":{"rendered":"<p>Ultrasonik Kaynak Jenerat\u00f6r\u00fc, \u00e7e\u015fitli kaliteli \u00fcr\u00fcnler taraf\u0131ndan kullan\u0131l\u0131r, \u00f6rne\u011fin, termoplastik kaynak makinesi, nokta kayna\u011f\u0131, metal ve plastik par\u00e7alar aras\u0131ndaki mozaik makineleri, ultrasonik makine, ultrasonik ta\u015flama makinesi ve ultrasonik plastik i\u015flemci. Ultrasonik Kaynak Jenerat\u00f6r\u00fc \u00d6zellikleri Standart \u00c7\u0131k\u0131\u015f G\u00fcc\u00fc 500W 1000W 1400W, 1800W,2200W, 2600W, Giri\u015f Voltaj\u0131 220V ~ 230Vac \u00b110%\/ 110v~ 130Vac \u00b110% \u00c7al\u0131\u015fma Frekans\u0131 15KHz, 20KHz,<\/p>\n","protected":false},"featured_media":42271,"comment_status":"open","ping_status":"closed","template":"","meta":[],"product_brand":[],"product_cat":[5632],"product_tag":[],"class_list":{"0":"post-68365","1":"product","2":"type-product","3":"status-publish","4":"has-post-thumbnail","6":"product_cat-ultrasonic-welding-equipment-tr","8":"first","9":"instock","10":"shipping-taxable","11":"product-type-external","12":"prodpage-classic"},"aioseo_notices":[],"_links":{"self":[{"href":"https:\/\/www.bjultrasonic.com\/tr\/wp-json\/wp\/v2\/product\/68365","targetHints":{"allow":["GET"]}}],"collection":[{"href":"https:\/\/www.bjultrasonic.com\/tr\/wp-json\/wp\/v2\/product"}],"about":[{"href":"https:\/\/www.bjultrasonic.com\/tr\/wp-json\/wp\/v2\/types\/product"}],"replies":[{"embeddable":true,"href":"https:\/\/www.bjultrasonic.com\/tr\/wp-json\/wp\/v2\/comments?post=68365"}],"wp:featuredmedia":[{"embeddable":true,"href":"https:\/\/www.bjultrasonic.com\/tr\/wp-json\/wp\/v2\/media\/42271"}],"wp:attachment":[{"href":"https:\/\/www.bjultrasonic.com\/tr\/wp-json\/wp\/v2\/media?parent=68365"}],"wp:term":[{"taxonomy":"product_brand","embeddable":true,"href":"https:\/\/www.bjultrasonic.com\/tr\/wp-json\/wp\/v2\/product_brand?post=68365"},{"taxonomy":"product_cat","embeddable":true,"href":"https:\/\/www.bjultrasonic.com\/tr\/wp-json\/wp\/v2\/product_cat?post=68365"},{"taxonomy":"product_tag","embeddable":true,"href":"https:\/\/www.bjultrasonic.com\/tr\/wp-json\/wp\/v2\/product_tag?post=68365"}],"curies":[{"name":"wp","href":"https:\/\/api.w.org\/{rel}","templated":true}]}}