{"id":68905,"date":"2013-02-18T00:25:07","date_gmt":"2013-02-18T05:25:07","guid":{"rendered":"https:\/\/www.bjultrasonic.com\/shop\/ultrasonic-atomizing-transducer-bja-350\/"},"modified":"2026-03-28T20:25:18","modified_gmt":"2026-03-29T01:25:18","slug":"ultrasonic-atomizing-transducer-bja-350","status":"publish","type":"product","link":"https:\/\/www.bjultrasonic.com\/tr\/shop\/ultrasonic-atomizing-transducer-bja-350\/","title":{"rendered":"350ML LED&#8217;siz Ultrasonik Sis Yap\u0131c\u0131 Sisle\u015ftirici Nemlendirici"},"content":{"rendered":"<table class=\"table table-striped table-bordered\">\n<tbody>\n<tr>\n<td width=\"273\">Tip<\/td>\n<td width=\"273\">BJA350-0<\/td>\n<\/tr>\n<tr>\n<td width=\"273\">P\u00fcsk\u00fcrtme Miktar\u0131<\/td>\n<td width=\"273\">&gt;350ML<\/td>\n<\/tr>\n<tr>\n<td width=\"273\">Boyut<\/td>\n<td width=\"273\">45mm \u00e7ap, 35mm y\u00fckseklik<\/td>\n<\/tr>\n<tr>\n<td width=\"273\">\u00c7al\u0131\u015fma Frekans\u0131<\/td>\n<td width=\"273\">1700\u00b150(KHZ)<\/td>\n<\/tr>\n<tr>\n<td width=\"273\">\u00c7al\u0131\u015fma S\u0131cakl\u0131\u011f\u0131<\/td>\n<td width=\"273\">5\uff5e45\u2103<\/td>\n<\/tr>\n<tr>\n<td width=\"273\">Su Seviyesi<\/td>\n<td width=\"273\">40mm&#8211;90mm<\/td>\n<\/tr>\n<tr>\n<td width=\"273\">G\u00fc\u00e7:<\/td>\n<td width=\"273\">20W<\/td>\n<\/tr>\n<tr>\n<td width=\"273\">LED<\/td>\n<td width=\"273\">0<\/td>\n<\/tr>\n<tr>\n<td width=\"273\">Su Seviyesi Sens\u00f6r\u00fc<\/td>\n<td width=\"273\">Y\u00fckseklik 12mm<\/td>\n<\/tr>\n<tr>\n<td width=\"273\">Kablo<\/td>\n<td width=\"273\">Siyah 3.8mm PVC, Uzunluk 1400\u00b120mm<\/td>\n<\/tr>\n<tr>\n<td width=\"273\">Piezoseramik \u00c7ap\u0131<\/td>\n<td width=\"273\">20MM<\/td>\n<\/tr>\n<tr>\n<td width=\"273\">\u00c7al\u0131\u015fma Voltaj\u0131<\/td>\n<td width=\"273\">24V AC\/DC 700MA<\/td>\n<\/tr>\n<tr>\n<td width=\"273\">Fi\u015f<\/td>\n<td width=\"273\">5.5*2.5mm soket<\/td>\n<\/tr>\n<\/tbody>\n<\/table>\n<h3>Video<\/h3>\n<p><iframe loading=\"lazy\" title=\"350ML Ultrasonic Mist Maker Fogger Humidifier Working Video\" width=\"500\" height=\"281\" src=\"https:\/\/www.youtube.com\/embed\/0lOOppw7CfI?feature=oembed\" frameborder=\"0\" allow=\"accelerometer; autoplay; clipboard-write; encrypted-media; gyroscope; picture-in-picture; web-share\" referrerpolicy=\"strict-origin-when-cross-origin\" allowfullscreen><\/iframe><\/p>\n<p><iframe loading=\"lazy\" title=\"350ML Ultrasonic Mist Maker Fogger Humidifier Without LED\" width=\"500\" height=\"281\" src=\"https:\/\/www.youtube.com\/embed\/iuCKwd_tImI?feature=oembed\" frameborder=\"0\" allow=\"accelerometer; autoplay; clipboard-write; encrypted-media; gyroscope; picture-in-picture; web-share\" referrerpolicy=\"strict-origin-when-cross-origin\" allowfullscreen><\/iframe><\/p>\n<p><iframe loading=\"lazy\" title=\"Ultrasonic Humidifier\" width=\"500\" height=\"281\" src=\"https:\/\/www.youtube.com\/embed\/videoseries?list=PLLrjMYkO0_NEpofnqW3MnsGQ-KMwpBJul\" frameborder=\"0\" allow=\"accelerometer; autoplay; clipboard-write; encrypted-media; gyroscope; picture-in-picture; web-share\" referrerpolicy=\"strict-origin-when-cross-origin\" allowfullscreen><\/iframe><\/p>\n<h3>SSS<\/h3>\n<p><strong>1. P\u00fcsk\u00fcrtme miktar\u0131n\u0131 ayarlayabilir miyiz?<\/strong><\/p>\n<p>Hay\u0131r, sadece su seviyesi de\u011fi\u015ftirilerek de\u011fi\u015ftirilebilir.<\/p>\n<p><strong>2. LED&#8217;i kapatabilir miyiz (varsa)?<\/strong><\/p>\n<p>Hay\u0131r. Kapal\u0131 mekanlarda LED&#8217;siz ultrasonik atomizer se\u00e7mek daha iyidir.<\/p>\n<p><strong>3. G\u00fcr\u00fclt\u00fc yapar m\u0131?<\/strong><\/p>\n<p>Hay\u0131r. \u00c7o\u011fu <a href=\"https:\/\/www.bjultrasonic.com\/tr\/category\/ultrasonic-atomizer-tr\/\">ultrasonik nemlendirici<\/a>, di\u011fer modellere g\u00f6re daha sessiz \u00e7al\u0131\u015fma e\u011filimindedir. Bunun nedeni, evaporatif nemlendiricilerde genellikle oldu\u011fu gibi bir fana sahip olmamalar\u0131d\u0131r. Bu, g\u00fcr\u00fclt\u00fc seviyelerini d\u00fc\u015f\u00fck tutar.<\/p>\n<p><strong>4. Elektrik ka\u00e7a\u011f\u0131 olur mu?<\/strong><\/p>\n<p>Ultrasonik atomizerin prensibi, ultrasonik titre\u015fimin sis olu\u015fturmas\u0131d\u0131r, \u00e7al\u0131\u015f\u0131rken elle atomizere dokunmay\u0131n, kar\u0131ncalanma hissi olabilir ancak bu elektrik de\u011fildir.<\/p>\n<h3>Genel Hususlar<\/h3>\n<ol>\n<li>L\u00fctfen g\u00fcc\u00fc a\u00e7t\u0131ktan sonra atomizeri ters \u00e7evirmeyin, bu atomizere zarar verecektir.<\/li>\n<li>L\u00fctfen uzun s\u00fcre veya 10 saatten fazla kullanmay\u0131n.<\/li>\n<li>Atomizer \u00e7al\u0131\u015f\u0131rken p\u00fcsk\u00fcrtme plakas\u0131na dokunmay\u0131n.<\/li>\n<li>Su kalitesini sa\u011flay\u0131n. L\u00fctfen temiz musluk suyu kullan\u0131n. (su kalitesinin bozulmas\u0131 hizmet \u00f6mr\u00fcn\u00fc etkiler)<\/li>\n<li>Ta\u015f\u0131madan veya tamir etmeden \u00f6nce l\u00fctfen g\u00fcc\u00fc kesin.<\/li>\n<li>Atomize edilmi\u015f <a href=\"https:\/\/www.bjultrasonic.com\/tr\/category\/piezoelectric-ceramic-tr\/\">piezoseramikler<\/a>, hizmet \u00f6mr\u00fc 3600 saatten fazla olan sarf malzemeleridir. Atomizerin sisleme kapasitesi belirgin \u015fekilde azal\u0131rsa, l\u00fctfen atomize piezoyu (herhangi bir deterjan kullanmadan) pamuklu \u00e7ubukla temizleyerek temiz tutun. Temizledikten sonra atomizasyon miktar\u0131 hala azsa, l\u00fctfen bir atomizasyon piezosunu de\u011fi\u015ftirin. (atomize piezoyu birlikte sat\u0131n alman\u0131z \u00f6nerilir)<\/li>\n<\/ol>\n<p><img loading=\"lazy\" decoding=\"async\" src=\"https:\/\/www.bjultrasonic.com\/wp-content\/uploads\/2018\/08\/Ultrasonic-Humidifier-without-LED.jpg\" alt=\"Ultrasonic-Humidifier-without-LED\" width=\"670\" height=\"925\" \/><\/p>\n","protected":false},"excerpt":{"rendered":"<p><a href=\"https:\/\/www.bjultrasonic.com\/tr\/category\/ultrasonic-atomizer-tr\/\">Ultrasonik nemlendirici<\/a>, s\u0131v\u0131lar\u0131 bulut benzeri par\u00e7ac\u0131klara d\u00f6n\u00fc\u015ft\u00fcrmek i\u00e7in ultrasonik enerji kullan\u0131r. Ultrasonik nemlendirici ayn\u0131 zamanda <a href=\"https:\/\/www.bjultrasonic.com\/tr\/shop\/ultrasonic-atomizing-transducer\/\">ultrasonik atomizer<\/a>, ultrasonik sis \u00fcreticisi, ultrasonik sis makinesi olarak da adland\u0131r\u0131l\u0131r.<\/p>\n","protected":false},"featured_media":19490,"comment_status":"open","ping_status":"closed","template":"","meta":[],"product_brand":[],"product_cat":[6191],"product_tag":[],"class_list":{"0":"post-68905","1":"product","2":"type-product","3":"status-publish","4":"has-post-thumbnail","6":"product_cat-ultrasonic-atomizer-tr","8":"first","9":"instock","10":"shipping-taxable","11":"purchasable","12":"product-type-simple","13":"prodpage-classic"},"aioseo_notices":[],"_links":{"self":[{"href":"https:\/\/www.bjultrasonic.com\/tr\/wp-json\/wp\/v2\/product\/68905","targetHints":{"allow":["GET"]}}],"collection":[{"href":"https:\/\/www.bjultrasonic.com\/tr\/wp-json\/wp\/v2\/product"}],"about":[{"href":"https:\/\/www.bjultrasonic.com\/tr\/wp-json\/wp\/v2\/types\/product"}],"replies":[{"embeddable":true,"href":"https:\/\/www.bjultrasonic.com\/tr\/wp-json\/wp\/v2\/comments?post=68905"}],"wp:featuredmedia":[{"embeddable":true,"href":"https:\/\/www.bjultrasonic.com\/tr\/wp-json\/wp\/v2\/media\/19490"}],"wp:attachment":[{"href":"https:\/\/www.bjultrasonic.com\/tr\/wp-json\/wp\/v2\/media?parent=68905"}],"wp:term":[{"taxonomy":"product_brand","embeddable":true,"href":"https:\/\/www.bjultrasonic.com\/tr\/wp-json\/wp\/v2\/product_brand?post=68905"},{"taxonomy":"product_cat","embeddable":true,"href":"https:\/\/www.bjultrasonic.com\/tr\/wp-json\/wp\/v2\/product_cat?post=68905"},{"taxonomy":"product_tag","embeddable":true,"href":"https:\/\/www.bjultrasonic.com\/tr\/wp-json\/wp\/v2\/product_tag?post=68905"}],"curies":[{"name":"wp","href":"https:\/\/api.w.org\/{rel}","templated":true}]}}