{"id":68945,"date":"2013-02-17T23:03:09","date_gmt":"2013-02-18T04:03:09","guid":{"rendered":"https:\/\/www.bjultrasonic.com\/shop\/biologics-ultrasonic-homogenizer-bjed-20950\/"},"modified":"2026-03-28T20:24:52","modified_gmt":"2026-03-29T01:24:52","slug":"biologics-ultrasonic-homogenizer-bjed-20950","status":"publish","type":"product","link":"https:\/\/www.bjultrasonic.com\/tr\/shop\/biologics-ultrasonic-homogenizer-bjed-20950\/","title":{"rendered":"Ultrasonik H\u00fccre Par\u00e7alay\u0131c\u0131 Homojenizat\u00f6r BJED-20950"},"content":{"rendered":"<table class=\"table table-striped table-bordered\" border=\"0\" cellspacing=\"0\" cellpadding=\"0\">\n<tbody>\n<tr>\n<td valign=\"top\" width=\"158\">T\u0130P<\/td>\n<td valign=\"top\" width=\"145\">Frekans (Khz)<\/td>\n<td valign=\"top\" width=\"136\">G\u00fc\u00e7 (W)<\/td>\n<td valign=\"top\" width=\"130\">Perakende Fiyat\u0131 (USD)<\/td>\n<\/tr>\n<tr>\n<td valign=\"top\" width=\"158\">BJED-20950<\/td>\n<td valign=\"top\" width=\"145\">20<\/td>\n<td valign=\"top\" width=\"136\">950<\/td>\n<td valign=\"top\" width=\"130\">$2750<\/td>\n<\/tr>\n<\/tbody>\n<\/table>\n<p>Biyolojik Ultrasonik Homojenizat\u00f6r \u00f6zelle\u015ftirme ve OEM \u00fcretimi i\u00e7in \u015fu adrese gidin:<\/p>\n<blockquote class=\"wp-embedded-content\" data-secret=\"61puQwxfJm\"><p><a href=\"https:\/\/www.bjultrasonic.com\/shop\/ultrasonic-cell-disruptor\/\">Ultrasonic Cell Disruptors &#038; Homogenizers<\/a><\/p><\/blockquote>\n<p><iframe loading=\"lazy\" class=\"wp-embedded-content\" sandbox=\"allow-scripts\" security=\"restricted\" style=\"position: absolute; visibility: hidden;\" title=\"&#8220;Ultrasonic Cell Disruptors &#038; Homogenizers&#8221; &#8212; Beijing Ultrasonic\" src=\"https:\/\/www.bjultrasonic.com\/shop\/ultrasonic-cell-disruptor\/embed\/#?secret=BGjyyNbDHr#?secret=61puQwxfJm\" data-secret=\"61puQwxfJm\" width=\"500\" height=\"282\" frameborder=\"0\" marginwidth=\"0\" marginheight=\"0\" scrolling=\"no\"><\/iframe><\/p>\n<p><strong>Biyolojik Ultrasonik Homojenizat\u00f6r\u00fcn Tipik Uygulamalar\u0131<\/strong><\/p>\n<ul>\n<li>Bir\u00e7ok hayvan ve bitki h\u00fccresi, vir\u00fcs h\u00fccresi par\u00e7alanmas\u0131nda kullan\u0131l\u0131r.<\/li>\n<li>Em\u00fclsifikasyon, ay\u0131rma, eritme, \u00e7ekme, uzun s\u00fcreli bekletme, y\u0131kama ve kimyasal reaksiyonlar\u0131 h\u0131zland\u0131rma vb.<\/li>\n<li>Biyokimya, mikrobiyoloji, t\u0131bbi kimya, y\u00fczey kimyas\u0131, fizik, zooloji gibi alanlarda yayg\u0131n olarak kullan\u0131l\u0131r.<\/li>\n<\/ul>\n<p><iframe loading=\"lazy\" title=\"Ultrasonic Liquid Processor Systems Manufacturers &amp; Suppliers\" width=\"500\" height=\"281\" src=\"https:\/\/www.youtube.com\/embed\/D4drd2L5wrk?feature=oembed\" frameborder=\"0\" allow=\"accelerometer; autoplay; clipboard-write; encrypted-media; gyroscope; picture-in-picture; web-share\" referrerpolicy=\"strict-origin-when-cross-origin\" allowfullscreen><\/iframe><\/p>\n<p><iframe loading=\"lazy\" title=\"Ultrasonic Processor | Biologics Ultrasonic Homogenizer\" width=\"500\" height=\"375\" src=\"https:\/\/www.youtube.com\/embed\/T0snVNfFYIs?feature=oembed\" frameborder=\"0\" allow=\"accelerometer; autoplay; clipboard-write; encrypted-media; gyroscope; picture-in-picture; web-share\" referrerpolicy=\"strict-origin-when-cross-origin\" allowfullscreen><\/iframe><\/p>\n<p>&nbsp;<\/p>\n","protected":false},"excerpt":{"rendered":"<p><a href=\"https:\/\/www.bjultrasonic.com\/tr\/category\/ultrasonic-processors-tr\/cell-tr\/\">Ultrasonik h\u00fccre par\u00e7alay\u0131c\u0131lar<\/a>, s\u0131v\u0131lardaki partik\u00fcl boyutlar\u0131n\u0131 k\u00fc\u00e7\u00fclterek kar\u0131\u015f\u0131mlar\u0131n genel d\u00fczg\u00fcnl\u00fc\u011f\u00fcn\u00fc ve kararl\u0131l\u0131\u011f\u0131n\u0131 art\u0131r\u0131r. Ultrasonik h\u00fccre par\u00e7alay\u0131c\u0131lar, DNA\/RNA par\u00e7alama, homojenizasyon, h\u00fccre lizi, nanopartik\u00fcl da\u011f\u0131l\u0131m\u0131, protein ekstraksiyonu ve genel numune haz\u0131rlama i\u00e7in etkilidir.<\/p>\n","protected":false},"featured_media":5355,"comment_status":"open","ping_status":"closed","template":"","meta":[],"product_brand":[],"product_cat":[6295,6254],"product_tag":[],"class_list":{"0":"post-68945","1":"product","2":"type-product","3":"status-publish","4":"has-post-thumbnail","6":"product_cat-cell-tr","7":"product_cat-ultrasonic-processors-tr","9":"first","10":"instock","11":"shipping-taxable","12":"purchasable","13":"product-type-simple","14":"prodpage-classic"},"aioseo_notices":[],"_links":{"self":[{"href":"https:\/\/www.bjultrasonic.com\/tr\/wp-json\/wp\/v2\/product\/68945","targetHints":{"allow":["GET"]}}],"collection":[{"href":"https:\/\/www.bjultrasonic.com\/tr\/wp-json\/wp\/v2\/product"}],"about":[{"href":"https:\/\/www.bjultrasonic.com\/tr\/wp-json\/wp\/v2\/types\/product"}],"replies":[{"embeddable":true,"href":"https:\/\/www.bjultrasonic.com\/tr\/wp-json\/wp\/v2\/comments?post=68945"}],"wp:featuredmedia":[{"embeddable":true,"href":"https:\/\/www.bjultrasonic.com\/tr\/wp-json\/wp\/v2\/media\/5355"}],"wp:attachment":[{"href":"https:\/\/www.bjultrasonic.com\/tr\/wp-json\/wp\/v2\/media?parent=68945"}],"wp:term":[{"taxonomy":"product_brand","embeddable":true,"href":"https:\/\/www.bjultrasonic.com\/tr\/wp-json\/wp\/v2\/product_brand?post=68945"},{"taxonomy":"product_cat","embeddable":true,"href":"https:\/\/www.bjultrasonic.com\/tr\/wp-json\/wp\/v2\/product_cat?post=68945"},{"taxonomy":"product_tag","embeddable":true,"href":"https:\/\/www.bjultrasonic.com\/tr\/wp-json\/wp\/v2\/product_tag?post=68945"}],"curies":[{"name":"wp","href":"https:\/\/api.w.org\/{rel}","templated":true}]}}