{"id":69185,"date":"2013-02-16T01:46:01","date_gmt":"2013-02-16T06:46:01","guid":{"rendered":"https:\/\/www.bjultrasonic.com\/shop\/ultrasonic-biodiesel-reactor-bjr-500\/"},"modified":"2026-03-28T20:22:36","modified_gmt":"2026-03-29T01:22:36","slug":"ultrasonic-biodiesel-reactor-bjr-500","status":"publish","type":"product","link":"https:\/\/www.bjultrasonic.com\/tr\/shop\/ultrasonic-biodiesel-reactor-bjr-500\/","title":{"rendered":"Ultrasonik Biyodizel Reakt\u00f6r\u00fc BJR-500"},"content":{"rendered":"<p>Ultrasonik reakt\u00f6r \u00f6zelle\u015ftirme ve OEM \u00fcretimi i\u00e7in \u015fu adrese gidin:<\/p>\n<blockquote class=\"wp-embedded-content\" data-secret=\"4sRDmcAbo1\"><p><a href=\"https:\/\/www.bjultrasonic.com\/shop\/ultrasonic-biodiesel-reactor\/\">Ultrasonic Biodiesel Reactor<\/a><\/p><\/blockquote>\n<p><iframe loading=\"lazy\" class=\"wp-embedded-content\" sandbox=\"allow-scripts\" security=\"restricted\" style=\"position: absolute; visibility: hidden;\" title=\"&#8220;Ultrasonic Biodiesel Reactor&#8221; &#8212; Beijing Ultrasonic\" src=\"https:\/\/www.bjultrasonic.com\/shop\/ultrasonic-biodiesel-reactor\/embed\/#?secret=MGD6rp1mzN#?secret=4sRDmcAbo1\" data-secret=\"4sRDmcAbo1\" width=\"500\" height=\"282\" frameborder=\"0\" marginwidth=\"0\" marginheight=\"0\" scrolling=\"no\"><\/iframe><\/p>\n<p><strong>Ultrasonik Biyodizel Reakt\u00f6r BJR-500<\/strong> perakende fiyat\u0131, <strong>Ultrasonik Reakt\u00f6r<\/strong> ve <strong>Dijital Ultrasonik Jenerat\u00f6r<\/strong> i\u00e7erir.<\/p>\n<table class=\"table table-striped table-bordered\" border=\"0\" cellspacing=\"0\" cellpadding=\"0\">\n<tbody>\n<tr>\n<td valign=\"top\" width=\"82\">Tip<\/td>\n<td valign=\"top\" width=\"81\">Frekans<br \/>\n(KHz)<\/td>\n<td valign=\"top\" width=\"60\">G\u00fc\u00e7<\/td>\n<td valign=\"top\" width=\"60\">\u00c7ap<br \/>\n(mm)<\/td>\n<td valign=\"top\" width=\"63\">Uzunluk<br \/>\n(mm)<\/td>\n<td valign=\"top\" width=\"90\">Statik Kapasite (pF\u00b1%10)<\/td>\n<\/tr>\n<tr>\n<td valign=\"top\" width=\"82\">BJR-500<\/td>\n<td valign=\"top\" width=\"81\">27<\/td>\n<td valign=\"top\" width=\"68\">500<\/td>\n<td valign=\"top\" width=\"90\">\u03a673<\/td>\n<td valign=\"top\" width=\"63\">323<\/td>\n<td valign=\"top\" width=\"80\">68000<\/td>\n<\/tr>\n<\/tbody>\n<\/table>\n<p><img loading=\"lazy\" decoding=\"async\" class=\"alignnone size-full wp-image-5340\" alt=\"Ultrasonik Reakt\u00f6r ve Dijital Ultrasonik Jenerat\u00f6r\" src=\"\/\/www.bjultrasonic.com\/wp-content\/uploads\/2013\/02\/Ultrasonic-Reactor-and-Digital-Ultrasonic-Generator.jpg\" width=\"600\" height=\"400\" \/><\/p>\n<p>Ultrasonik biyodizel reakt\u00f6r\u00fc, biyodizeli m\u00fcmk\u00fcn olan en k\u0131sa s\u00fcrede ve en verimli \u015fekilde \u00fcretir. Ultrasonik dalgalar kar\u0131\u015ft\u0131r\u0131lm\u0131\u015f malzemeler \u00fczerinde etki ederek bir\u00e7ok k\u00fc\u00e7\u00fck kabarc\u0131\u011f\u0131n olu\u015fmas\u0131na ve \u00e7\u00f6kmesine neden olur. Buna kavitasyon denir. Kavitasyon, kar\u0131\u015f\u0131m\u0131 hem kar\u0131\u015ft\u0131r\u0131r hem de \u0131s\u0131t\u0131r. Bu iki i\u015flem, transesterifikasyona yol a\u00e7ar. Ultrasonik bir biyodizel reakt\u00f6r\u00fc kar\u0131\u015f\u0131m\u0131 ayn\u0131 anda kar\u0131\u015ft\u0131rd\u0131\u011f\u0131 ve \u0131s\u0131tt\u0131\u011f\u0131 i\u00e7in biyodizel \u00fcretmek i\u00e7in gereken s\u00fcre \u00f6nemli \u00f6l\u00e7\u00fcde azal\u0131r. B\u00f6ylece, \u00e7ok zaman alan toplu i\u015flem yerine, kar\u0131\u015f\u0131mlar hat i\u00e7i transesterifikasyon yoluyla i\u015flenir.<\/p>\n<p><iframe loading=\"lazy\" title=\"Ultrasonic Reactor for Biodiesel Production - Beijing Ultrasonic\" width=\"500\" height=\"281\" src=\"https:\/\/www.youtube.com\/embed\/hE7vesbbphk?feature=oembed\" frameborder=\"0\" allow=\"accelerometer; autoplay; clipboard-write; encrypted-media; gyroscope; picture-in-picture; web-share\" referrerpolicy=\"strict-origin-when-cross-origin\" allowfullscreen><\/iframe><\/p>\n","protected":false},"excerpt":{"rendered":"<p>Biyodizel \u00fcretimi i\u00e7in <a href=\"https:\/\/www.bjultrasonic.com\/tr\/category\/ultrasonic-processors-tr\/\">Ultrasonik i\u015flemciler<\/a>. <a href=\"https:\/\/www.bjultrasonic.com\/tr\/category\/ultrasonic-processors-tr\/biodiesel-tr\/\">Ultrasonik biyodizel reakt\u00f6r\u00fc<\/a>, biyodizeli m\u00fcmk\u00fcn olan en h\u0131zl\u0131 s\u00fcrede ve en verimli \u015fekilde \u00fcretir.<\/p>\n","protected":false},"featured_media":5341,"comment_status":"open","ping_status":"closed","template":"","meta":[],"product_brand":[],"product_cat":[6277,6254],"product_tag":[],"class_list":{"0":"post-69185","1":"product","2":"type-product","3":"status-publish","4":"has-post-thumbnail","6":"product_cat-biodiesel-tr","7":"product_cat-ultrasonic-processors-tr","9":"first","10":"instock","11":"shipping-taxable","12":"purchasable","13":"product-type-simple","14":"prodpage-classic"},"aioseo_notices":[],"_links":{"self":[{"href":"https:\/\/www.bjultrasonic.com\/tr\/wp-json\/wp\/v2\/product\/69185","targetHints":{"allow":["GET"]}}],"collection":[{"href":"https:\/\/www.bjultrasonic.com\/tr\/wp-json\/wp\/v2\/product"}],"about":[{"href":"https:\/\/www.bjultrasonic.com\/tr\/wp-json\/wp\/v2\/types\/product"}],"replies":[{"embeddable":true,"href":"https:\/\/www.bjultrasonic.com\/tr\/wp-json\/wp\/v2\/comments?post=69185"}],"wp:featuredmedia":[{"embeddable":true,"href":"https:\/\/www.bjultrasonic.com\/tr\/wp-json\/wp\/v2\/media\/5341"}],"wp:attachment":[{"href":"https:\/\/www.bjultrasonic.com\/tr\/wp-json\/wp\/v2\/media?parent=69185"}],"wp:term":[{"taxonomy":"product_brand","embeddable":true,"href":"https:\/\/www.bjultrasonic.com\/tr\/wp-json\/wp\/v2\/product_brand?post=69185"},{"taxonomy":"product_cat","embeddable":true,"href":"https:\/\/www.bjultrasonic.com\/tr\/wp-json\/wp\/v2\/product_cat?post=69185"},{"taxonomy":"product_tag","embeddable":true,"href":"https:\/\/www.bjultrasonic.com\/tr\/wp-json\/wp\/v2\/product_tag?post=69185"}],"curies":[{"name":"wp","href":"https:\/\/api.w.org\/{rel}","templated":true}]}}