{"id":69265,"date":"2013-01-08T13:02:22","date_gmt":"2013-01-08T18:02:22","guid":{"rendered":"https:\/\/www.bjultrasonic.com\/shop\/power-adjustable-ultrasonic-cleaner-30l\/"},"modified":"2026-03-28T20:22:06","modified_gmt":"2026-03-29T01:22:06","slug":"power-adjustable-ultrasonic-cleaner-30l","status":"publish","type":"product","link":"https:\/\/www.bjultrasonic.com\/tr\/shop\/power-adjustable-ultrasonic-cleaner-30l\/","title":{"rendered":"30L G\u00fc\u00e7 Ayarlanabilir Dijital Ultrasonik Temizleyici"},"content":{"rendered":"<table class=\"table table-striped table-bordered\">\n<tbody>\n<tr>\n<td width=\"284\">\n<p>T\u00fcr<\/p>\n<\/td>\n<td width=\"284\">\n<p>BJUCDPTH30<\/p>\n<\/td>\n<\/tr>\n<tr>\n<td width=\"284\">\n<p>Tank Kapasitesi<\/p>\n<\/td>\n<td width=\"284\">\n<p>30L<\/p>\n<\/td>\n<\/tr>\n<tr>\n<td width=\"284\">\n<p>Ultrasonik G\u00fc\u00e7<\/p>\n<\/td>\n<td width=\"284\">\n<p>600W<\/p>\n<\/td>\n<\/tr>\n<tr>\n<td width=\"284\">\n<p>Is\u0131tma G\u00fcc\u00fc<\/p>\n<\/td>\n<td width=\"284\">\n<p>800W<\/p>\n<\/td>\n<\/tr>\n<tr>\n<td width=\"284\">\n<p>Frekans<\/p>\n<\/td>\n<td width=\"284\">\n<p>40KHZ\/28KHZ<\/p>\n<\/td>\n<\/tr>\n<tr>\n<td width=\"284\">\n<p>Zamanlay\u0131c\u0131<\/p>\n<\/td>\n<td width=\"284\">\n<p>0-30 dakika<\/p>\n<\/td>\n<\/tr>\n<tr>\n<td width=\"284\">\n<p>S\u0131cakl\u0131k<\/p>\n<\/td>\n<td width=\"284\">\n<p>&lt; 80 Derece C<\/p>\n<\/td>\n<\/tr>\n<tr>\n<td width=\"284\">\n<p>Tank Boyutu<\/p>\n<\/td>\n<td width=\"284\">\n<p>500*300*200 mm U*G*Y<\/p>\n<\/td>\n<\/tr>\n<tr>\n<td width=\"284\">\n<p>Makine Boyutu<\/p>\n<\/td>\n<td width=\"284\">\n<p>600*350*380 mm U*G*Y<\/p>\n<\/td>\n<\/tr>\n<tr>\n<td width=\"284\">\n<p>Bo\u015faltma<\/p>\n<\/td>\n<td width=\"284\">\n<p>Var<\/p>\n<\/td>\n<\/tr>\n<tr>\n<td width=\"284\">\n<p>Kapak<\/p>\n<\/td>\n<td width=\"284\">\n<p>Var<\/p>\n<\/td>\n<\/tr>\n<tr>\n<td width=\"284\">\n<p>Birim A\u011f\u0131rl\u0131\u011f\u0131<\/p>\n<\/td>\n<td width=\"284\">\n<p>25kg<\/p>\n<\/td>\n<\/tr>\n<\/tbody>\n<\/table>\n<h3>\u0130\u015flevler<\/h3>\n<ul>\n<li>Zamanlay\u0131c\u0131: 1-30 dakika ayarlanabilir.<\/li>\n<li>S\u0131cakl\u0131k: 20-80\u2103 ayarlanabilir;<\/li>\n<li>Zaman: S\u0131cakl\u0131k ve g\u00fc\u00e7 ayarlanabilir<\/li>\n<li>G\u00f6r\u00fcnt\u00fc Paneli: \u00c7al\u0131\u015fma s\u00fcresini ve s\u0131cakl\u0131\u011f\u0131 g\u00f6sterir.<\/li>\n<li>Malzeme: Tank ve Makine tamamen paslanmaz \u00e7eliktir.<\/li>\n<li>\u00dcr\u00fcn avantajlar\u0131: Tank, damgalama ile temizlenir, kusursuz kaynak.<\/li>\n<li>Bile\u015fen kalitesi: Y\u00fcksek kaliteli <a href=\"https:\/\/www.bjultrasonic.com\/tr\/category\/ultrasonic-transducer-tr\/\">ultrasonik transd\u00fcser<\/a> kullan\u0131m\u0131. G\u00fc\u00e7l\u00fc performans.<\/li>\n<li>Y\u00fcksek kaliteli yap\u0131\u015ft\u0131rma i\u015flemi. Ultrasonik transd\u00fcser epoksi tutkal\u0131 kullan\u0131larak yap\u0131\u015ft\u0131r\u0131l\u0131r.<\/li>\n<li>Bo\u015faltma sistemi: 6 litre ve \u00fczeri modellerde bo\u015faltma k\u00fcresel vanas\u0131 kuruludur.<\/li>\n<li>So\u011futma sistemi: 10L veya daha fazlas\u0131 y\u00fcksek verimli so\u011futma fan\u0131 ile donat\u0131lm\u0131\u015ft\u0131r.<\/li>\n<\/ul>\n<p><img loading=\"lazy\" decoding=\"async\" class=\"alignnone size-full wp-image-19933\" src=\"https:\/\/www.bjultrasonic.com\/wp-content\/uploads\/2013\/01\/Power-Adjustable-Ultrasonic-Cleaner-Package-1.jpg\" alt=\"G\u00fc\u00e7 Ayarlanabilir Ultrasonik Temizleyici Paketi\" width=\"742\" height=\"318\" \/><\/p>\n","protected":false},"excerpt":{"rendered":"<p><a href=\"https:\/\/www.bjultrasonic.com\/tr\/category\/ultrasonic-cleaning-system-tr\/power-adjustable-ultrasonic-cleaner-tr\/\">Ayarlanabilir G\u00fc\u00e7l\u00fc Ultrasonik Temizleyici<\/a>, Beijing Ultrasonic <a href=\"https:\/\/www.bjultrasonic.com\/tr\/category\/ultrasonic-cleaning-system-tr\/\">ultrasonik temizleme makinesi<\/a> \u00fcreticisi ve tedarik\u00e7isinden ayarlanabilir g\u00fc\u00e7, zamanlay\u0131c\u0131 ve s\u0131cakl\u0131k \u00f6zelliklerine sahiptir.<\/p>\n","protected":false},"featured_media":19902,"comment_status":"open","ping_status":"closed","template":"","meta":[],"product_brand":[],"product_cat":[6014],"product_tag":[],"class_list":{"0":"post-69265","1":"product","2":"type-product","3":"status-publish","4":"has-post-thumbnail","6":"product_cat-power-adjustable-ultrasonic-cleaner-tr","8":"first","9":"instock","10":"shipping-taxable","11":"purchasable","12":"product-type-simple","13":"prodpage-classic"},"aioseo_notices":[],"_links":{"self":[{"href":"https:\/\/www.bjultrasonic.com\/tr\/wp-json\/wp\/v2\/product\/69265","targetHints":{"allow":["GET"]}}],"collection":[{"href":"https:\/\/www.bjultrasonic.com\/tr\/wp-json\/wp\/v2\/product"}],"about":[{"href":"https:\/\/www.bjultrasonic.com\/tr\/wp-json\/wp\/v2\/types\/product"}],"replies":[{"embeddable":true,"href":"https:\/\/www.bjultrasonic.com\/tr\/wp-json\/wp\/v2\/comments?post=69265"}],"wp:featuredmedia":[{"embeddable":true,"href":"https:\/\/www.bjultrasonic.com\/tr\/wp-json\/wp\/v2\/media\/19902"}],"wp:attachment":[{"href":"https:\/\/www.bjultrasonic.com\/tr\/wp-json\/wp\/v2\/media?parent=69265"}],"wp:term":[{"taxonomy":"product_brand","embeddable":true,"href":"https:\/\/www.bjultrasonic.com\/tr\/wp-json\/wp\/v2\/product_brand?post=69265"},{"taxonomy":"product_cat","embeddable":true,"href":"https:\/\/www.bjultrasonic.com\/tr\/wp-json\/wp\/v2\/product_cat?post=69265"},{"taxonomy":"product_tag","embeddable":true,"href":"https:\/\/www.bjultrasonic.com\/tr\/wp-json\/wp\/v2\/product_tag?post=69265"}],"curies":[{"name":"wp","href":"https:\/\/api.w.org\/{rel}","templated":true}]}}