{"id":69745,"date":"2012-08-07T22:44:18","date_gmt":"2012-08-08T03:44:18","guid":{"rendered":"https:\/\/www.bjultrasonic.com\/shop\/ultrasonic-beauty-transducer\/"},"modified":"2026-03-28T20:17:32","modified_gmt":"2026-03-29T01:17:32","slug":"ultrasonic-beauty-transducer","status":"publish","type":"product","link":"https:\/\/www.bjultrasonic.com\/tr\/shop\/ultrasonic-beauty-transducer\/","title":{"rendered":"Ultrasonik G\u00fczellik Transd\u00fcseri"},"content":{"rendered":"<h2>Ultrasonik G\u00fczellik Transd\u00fcseri \u00d6zellikleri<\/h2>\n<table class=\"table table-striped table-bordered\" border=\"0\" cellspacing=\"0\" cellpadding=\"0\">\n<tbody>\n<tr>\n<td valign=\"top\" width=\"85\"><strong>T\u00fcr<\/strong><\/td>\n<td valign=\"top\" width=\"112\"><strong>Kapasitans (pF)<\/strong><\/td>\n<td valign=\"top\" width=\"113\"><strong>Frekans (MHz)<\/strong><\/td>\n<td valign=\"top\" width=\"96\"><strong>Diren\u00e7 (Q)<\/strong><\/td>\n<\/tr>\n<tr>\n<td valign=\"top\" width=\"85\">BJB-1 P4<\/td>\n<td valign=\"top\" width=\"112\">3300<\/td>\n<td valign=\"top\" width=\"113\">1MHZ<\/td>\n<td valign=\"top\" width=\"96\">10<\/td>\n<\/tr>\n<tr>\n<td valign=\"top\" width=\"85\">BJB-3 P4<\/td>\n<td valign=\"top\" width=\"112\">8000<\/td>\n<td valign=\"top\" width=\"113\">3MHZ<\/td>\n<td valign=\"top\" width=\"96\">4<\/td>\n<\/tr>\n<tr>\n<td valign=\"top\" width=\"85\">BJB-5 P4<\/td>\n<td valign=\"top\" width=\"112\">2100<\/td>\n<td valign=\"top\" width=\"113\">5MHZ<\/td>\n<td valign=\"top\" width=\"96\">4<\/td>\n<\/tr>\n<tr>\n<td valign=\"top\" width=\"85\">BJB-33 P4<\/td>\n<td valign=\"top\" width=\"112\">3200<\/td>\n<td valign=\"top\" width=\"113\">33KHZ<\/td>\n<td valign=\"top\" width=\"96\">15<\/td>\n<\/tr>\n<tr>\n<td valign=\"top\" width=\"85\">BJB-40 P4<\/td>\n<td valign=\"top\" width=\"112\">5400<\/td>\n<td valign=\"top\" width=\"113\">40KHZ<\/td>\n<td valign=\"top\" width=\"96\">16<\/td>\n<\/tr>\n<tr>\n<td valign=\"top\" width=\"85\">BJB-80 P4<\/td>\n<td valign=\"top\" width=\"112\">3800<\/td>\n<td valign=\"top\" width=\"113\">80KHZ<\/td>\n<td valign=\"top\" width=\"96\">15<\/td>\n<\/tr>\n<tr>\n<td valign=\"top\" width=\"85\">BJB-28 P4<\/td>\n<td valign=\"top\" width=\"112\">3800<\/td>\n<td valign=\"top\" width=\"113\">28KHZ<\/td>\n<td valign=\"top\" width=\"96\">15<\/td>\n<\/tr>\n<\/tbody>\n<\/table>\n<p><strong>Ultrasonik G\u00fczellik Transd\u00fcseri<\/strong>, g\u00fczellik ve fitness, kilo verme i\u00e7in kullan\u0131l\u0131r. Geleneksel temizleme serilerine benzer \u015fekil ve boyutu kontrol edebilir, paslanmaz \u00e7elik kapak ba\u011flama i\u00e7in uygundur.<\/p>\n<p><img loading=\"lazy\" decoding=\"async\" class=\" alignnone\" title=\"Ultrasonic Beauty Transducer\" src=\"\/\/www.bjultrasonic.com\/wp-content\/uploads\/2012\/08\/Ultrasonic-Beauty-Transducer.jpg\" alt=\"Ultrasonik G\u00fczellik Transd\u00fcseri\" width=\"600\" height=\"359\" \/><\/p>\n<h3>Ultrasonik g\u00fczellik transd\u00fcserine ba\u011fl\u0131 1MHZ <a href=\"https:\/\/www.bjultrasonic.com\/tr\/category\/ultrasonic-generator-tr\/\">ultrasonik jenerat\u00f6r<\/a><\/h3>\n<p><img loading=\"lazy\" decoding=\"async\" class=\"size-full wp-image-1274 alignnone\" title=\"1MHZ ultrasonik jenerat\u00f6r\" src=\"\/\/www.bjultrasonic.com\/wp-content\/uploads\/2012\/08\/1MHz-ultrasonic-generator.jpg\" alt=\"1MHZ ultrasonik jenerat\u00f6r\" width=\"360\" height=\"270\" \/><\/p>\n<ul>\n<li>\u00c7al\u0131\u015fma voltaj\u0131: 15V<\/li>\n<li>\u00c7al\u0131\u015fma ak\u0131m\u0131: 80MA<\/li>\n<li>\u00c7al\u0131\u015fma frekans\u0131: 1MHZ<\/li>\n<li>G\u00fc\u00e7l\u00fc ultrasonik etki ve D\u00fc\u015f\u00fck Is\u0131.<\/li>\n<\/ul>\n<h3>Ultrasonik g\u00fczellik transd\u00fcserine ba\u011fl\u0131 3Mhz ultrasonik jenerat\u00f6r<\/h3>\n<p><img loading=\"lazy\" decoding=\"async\" class=\"alignnone size-full wp-image-1275\" title=\"3Mhz ultrasonik jenerat\u00f6r\" src=\"\/\/www.bjultrasonic.com\/wp-content\/uploads\/2012\/08\/3Mhz-ultrasonic-generator.jpg\" alt=\"3Mhz ultrasonik jenerat\u00f6r\" width=\"360\" height=\"270\" \/><\/p>\n<ul>\n<li>\u00c7al\u0131\u015fma voltaj\u0131: 12V<\/li>\n<li>\u00c7al\u0131\u015fma ak\u0131m\u0131: 80MA<\/li>\n<li>\u00c7al\u0131\u015fma frekans\u0131: 3MHZ<\/li>\n<li>G\u00fc\u00e7l\u00fc ultrasonik etki ve D\u00fc\u015f\u00fck Is\u0131<\/li>\n<\/ul>\n<h3>Ultrasonik g\u00fczellik transd\u00fcserine ba\u011fl\u0131 5MHZ ultrasonik jenerat\u00f6r<\/h3>\n<p><img loading=\"lazy\" decoding=\"async\" class=\"alignnone size-full wp-image-1276\" title=\"5MHZ ultrasonik jenerat\u00f6r\" src=\"\/\/www.bjultrasonic.com\/wp-content\/uploads\/2012\/08\/5MHZ-ultrasonic-generator.jpg\" alt=\"5MHZ ultrasonik jenerat\u00f6r\" width=\"360\" height=\"270\" \/><\/p>\n<ul>\n<li>\u00c7al\u0131\u015fma voltaj\u0131: 220V<\/li>\n<li>\u00c7al\u0131\u015fma ak\u0131m\u0131: 200MA<\/li>\n<li>\u00c7al\u0131\u015fma frekans\u0131: 5MHZ<\/li>\n<li> G\u00fc\u00e7l\u00fc ultrasonik etki ve D\u00fc\u015f\u00fck Is\u0131.<\/li>\n<\/ul>\n<p><iframe loading=\"lazy\" title=\"Ultrasonic Beauty Transducer Manufacturer &amp; Supplier\" width=\"500\" height=\"375\" src=\"https:\/\/www.youtube.com\/embed\/SC3o3baxfvU?feature=oembed\" frameborder=\"0\" allow=\"accelerometer; autoplay; clipboard-write; encrypted-media; gyroscope; picture-in-picture; web-share\" referrerpolicy=\"strict-origin-when-cross-origin\" allowfullscreen><\/iframe><\/p>\n<h3>\u00d6deme<\/h3>\n<p>\u015eu anda PayPal, T\/T ve Western Union kabul ediyoruz.<\/p>\n<h3 class=\"shipping-methods\">Nakliye<\/h3>\n<p>\u00dcr\u00fcnler, tam \u00f6deme al\u0131nd\u0131ktan sonra 48 saat i\u00e7inde g\u00f6nderilir.<\/p>\n<ul>\n<li>\u00dcr\u00fcnleri, PayPal \u00f6demesinde verilen adrese g\u00f6ndeririz. L\u00fctfen PayPal&#8217;daki adresin do\u011fru oldu\u011fundan emin olun.<\/li>\n<li>\u00dcr\u00fcnleri g\u00f6nderdikten sonra size takip numaras\u0131n\u0131 verece\u011fiz, genellikle \u00fcr\u00fcnleri be\u015f g\u00fcn i\u00e7inde al\u0131rs\u0131n\u0131z.<\/li>\n<li>Herhangi bir sorunuz varsa, l\u00fctfen bize e-posta yoluyla ula\u015f\u0131n (e-posta adresimiz <a href=\"mailto:support@bjultrasonic.com\">support@bjultrasonic.com<\/a>)<\/li>\n<\/ul>\n<h3>\u00dcr\u00fcn Garantisi<\/h3>\n<p>\u00dcr\u00fcn garanti s\u00fcresi bir y\u0131ld\u0131r, garanti s\u00fcresi i\u00e7inde sat\u0131n al\u0131nan \u00fcr\u00fcnler \u00fccretsiz bak\u0131m veya de\u011fi\u015fim hakk\u0131na sahiptir.<\/p>\n","protected":false},"excerpt":{"rendered":"<p>Ultrasonik G\u00fczellik Transd\u00fcseri, g\u00fczellik ve fitness, kilo kayb\u0131 i\u00e7in kullan\u0131l\u0131r. Paslanmaz \u00e7elik kapak ba\u011flant\u0131s\u0131 i\u00e7in geleneksel temizleme serisine benzer \u015fekil ve boyut kontrol\u00fc sa\u011flayabilir.<\/p>\n","protected":false},"featured_media":42434,"comment_status":"open","ping_status":"closed","template":"","meta":[],"product_brand":[],"product_cat":[6327],"product_tag":[],"class_list":{"0":"post-69745","1":"product","2":"type-product","3":"status-publish","4":"has-post-thumbnail","6":"product_cat-ultrasonic-transducer-tr","8":"first","9":"instock","10":"shipping-taxable","11":"product-type-external","12":"prodpage-classic"},"aioseo_notices":[],"_links":{"self":[{"href":"https:\/\/www.bjultrasonic.com\/tr\/wp-json\/wp\/v2\/product\/69745","targetHints":{"allow":["GET"]}}],"collection":[{"href":"https:\/\/www.bjultrasonic.com\/tr\/wp-json\/wp\/v2\/product"}],"about":[{"href":"https:\/\/www.bjultrasonic.com\/tr\/wp-json\/wp\/v2\/types\/product"}],"replies":[{"embeddable":true,"href":"https:\/\/www.bjultrasonic.com\/tr\/wp-json\/wp\/v2\/comments?post=69745"}],"wp:featuredmedia":[{"embeddable":true,"href":"https:\/\/www.bjultrasonic.com\/tr\/wp-json\/wp\/v2\/media\/42434"}],"wp:attachment":[{"href":"https:\/\/www.bjultrasonic.com\/tr\/wp-json\/wp\/v2\/media?parent=69745"}],"wp:term":[{"taxonomy":"product_brand","embeddable":true,"href":"https:\/\/www.bjultrasonic.com\/tr\/wp-json\/wp\/v2\/product_brand?post=69745"},{"taxonomy":"product_cat","embeddable":true,"href":"https:\/\/www.bjultrasonic.com\/tr\/wp-json\/wp\/v2\/product_cat?post=69745"},{"taxonomy":"product_tag","embeddable":true,"href":"https:\/\/www.bjultrasonic.com\/tr\/wp-json\/wp\/v2\/product_tag?post=69745"}],"curies":[{"name":"wp","href":"https:\/\/api.w.org\/{rel}","templated":true}]}}