{"id":69765,"date":"2012-08-06T10:57:33","date_gmt":"2012-08-06T15:57:33","guid":{"rendered":"https:\/\/www.bjultrasonic.com\/shop\/ultrasonic-cell-disruptor-transducer\/"},"modified":"2026-03-28T20:17:31","modified_gmt":"2026-03-29T01:17:31","slug":"ultrasonic-cell-disruptor-transducer","status":"publish","type":"product","link":"https:\/\/www.bjultrasonic.com\/tr\/shop\/ultrasonic-cell-disruptor-transducer\/","title":{"rendered":"Ultrasonik H\u00fccre Par\u00e7alay\u0131c\u0131 Homojenle\u015ftirici D\u00f6n\u00fc\u015ft\u00fcr\u00fcc\u00fc"},"content":{"rendered":"<p>Ultrasonik H\u00fccre Par\u00e7alay\u0131c\u0131 Transd\u00fckt\u00f6r, <a href=\"https:\/\/www.bjultrasonic.com\/tr\/shop\/ultrasonic-cell-disruptor\/\" target=\"_blank\" rel=\"noopener\">ultrasonik h\u00fccre par\u00e7alay\u0131c\u0131<\/a>n\u0131n ana par\u00e7as\u0131d\u0131r, biyokimyasal ve fiziksel reaksiyonlar\u0131 h\u0131zland\u0131rabilir ve s\u0131v\u0131y\u0131 gazdan ay\u0131rabilir. Biyokimya, mikrobiyoloji, farmas\u00f6tik kimya, fizik, kimya ve benzeri alanlarda yayg\u0131n olarak kullan\u0131l\u0131r.<\/p>\n<p><img loading=\"lazy\" decoding=\"async\" class=\"alignnone size-full wp-image-42278\" src=\"https:\/\/www.bjultrasonic.com\/wp-content\/uploads\/2012\/08\/Ultrasonic-Cell-Disruptor-Homogenizer-Transducer-1.png\" alt=\"\" width=\"750\" height=\"455\" \/><\/p>\n<h3>Ultrasonik H\u00fccre Par\u00e7alay\u0131c\u0131 Videosu<\/h3>\n<p><iframe loading=\"lazy\" title=\"Lab Ultrasonic Homogenizer Ultrasonic Herbal Extraction\" width=\"500\" height=\"281\" src=\"https:\/\/www.youtube.com\/embed\/dOtgf6eTl9w?feature=oembed\" frameborder=\"0\" allow=\"accelerometer; autoplay; clipboard-write; encrypted-media; gyroscope; picture-in-picture; web-share\" referrerpolicy=\"strict-origin-when-cross-origin\" allowfullscreen><\/iframe><\/p>\n<p><iframe loading=\"lazy\" title=\"Ultrasonic Processor | Biologics Ultrasonic Homogenizer\" width=\"500\" height=\"375\" src=\"https:\/\/www.youtube.com\/embed\/T0snVNfFYIs?feature=oembed\" frameborder=\"0\" allow=\"accelerometer; autoplay; clipboard-write; encrypted-media; gyroscope; picture-in-picture; web-share\" referrerpolicy=\"strict-origin-when-cross-origin\" allowfullscreen><\/iframe><\/p>\n<h2>Ultrasonik H\u00fccre Par\u00e7alay\u0131c\u0131 Transd\u00fckt\u00f6r \u00d6zellikleri<\/h2>\n<table id=\"wp-table-reloaded-id-123-no-1\" class=\"table table-striped table-bordered\">\n<tbody>\n<tr>\n<td>T\u0130P<\/td>\n<td>Uzunluk(mm)<\/td>\n<td>Frekans<\/td>\n<td>G\u00fc\u00e7<\/td>\n<\/tr>\n<tr>\n<td>Model<\/td>\n<td>Uzunluk(mm)<\/td>\n<td>Frekans(KHZ)<\/td>\n<td>G\u00fc\u00e7(W)<\/td>\n<\/tr>\n<tr>\n<td>BJ-20100<\/td>\n<td>310<\/td>\n<td>20<\/td>\n<td>100<\/td>\n<\/tr>\n<tr>\n<td>BJ-20150<\/td>\n<td>310<\/td>\n<td>20<\/td>\n<td>150<\/td>\n<\/tr>\n<tr>\n<td>BJ-20250<\/td>\n<td>310<\/td>\n<td>20<\/td>\n<td>250<\/td>\n<\/tr>\n<tr>\n<td>BJ-20500<\/td>\n<td>310<\/td>\n<td>20<\/td>\n<td>500<\/td>\n<\/tr>\n<tr>\n<td>BJ-20800<\/td>\n<td>310<\/td>\n<td>20<\/td>\n<td>800<\/td>\n<\/tr>\n<\/tbody>\n<\/table>\n<h3>\u00d6deme<\/h3>\n<p>\u015eu anda Paypal, T\/T &#038; Western Union kabul ediyoruz.<\/p>\n<h3 class=\"shipping-methods\">Nakliye<\/h3>\n<p>Mallar, tam \u00f6deme al\u0131nd\u0131ktan sonra 48 saat i\u00e7inde g\u00f6nderilir.<\/p>\n<ul>\n<li>Mallar\u0131 PayPal \u00f6demesinde verilen adrese g\u00f6nderiyoruz. L\u00fctfen PayPal&#8217;daki adresin do\u011fru oldu\u011fundan emin olun.<\/li>\n<li>Mallar\u0131 g\u00f6nderdikten sonra size takip numaras\u0131n\u0131 verece\u011fiz, genellikle mallar\u0131 be\u015f g\u00fcn i\u00e7inde alacaks\u0131n\u0131z.<\/li>\n<li>Herhangi bir sorunuz varsa, l\u00fctfen bize e-posta ile ileti\u015fime ge\u00e7in (e-posta adresimiz <a href=\"mailto:support@bjultrasonic.com\">support@bjultrasonic.com<\/a>)<\/li>\n<\/ul>\n<h3>\u00dcr\u00fcn Garantisi<\/h3>\n<p>\u00dcr\u00fcn garanti s\u00fcresi bir y\u0131ld\u0131r, garanti s\u00fcresi i\u00e7inde sat\u0131n al\u0131nan \u00fcr\u00fcnler \u00fccretsiz bak\u0131m veya de\u011fi\u015ftirme hakk\u0131ndan yararlanabilir.<\/p>\n","protected":false},"excerpt":{"rendered":"<p><a href=\"https:\/\/www.bjultrasonic.com\/tr\/category\/ultrasonic-processors-tr\/cell-tr\/\">Ultrasonik h\u00fccre par\u00e7alay\u0131c\u0131lar<\/a>, s\u0131v\u0131lardaki partik\u00fcl boyutlar\u0131n\u0131 azaltarak kar\u0131\u015f\u0131mlar\u0131n genel d\u00fczg\u00fcnl\u00fc\u011f\u00fcn\u00fc ve kararl\u0131l\u0131\u011f\u0131n\u0131 art\u0131r\u0131r. Ultrasonik h\u00fccre par\u00e7alay\u0131c\u0131lar, DNA\/RNA par\u00e7alama, homojenizasyon, h\u00fccre lizi, nanopartik\u00fcl dispersiyonu, protein ekstraksiyonu ve genel numune haz\u0131rlama i\u00e7in etkilidir.<\/p>\n","protected":false},"featured_media":1224,"comment_status":"open","ping_status":"closed","template":"","meta":[],"product_brand":[],"product_cat":[6295,6254],"product_tag":[],"class_list":{"0":"post-69765","1":"product","2":"type-product","3":"status-publish","4":"has-post-thumbnail","6":"product_cat-cell-tr","7":"product_cat-ultrasonic-processors-tr","9":"first","10":"instock","11":"shipping-taxable","12":"product-type-external","13":"prodpage-classic"},"aioseo_notices":[],"_links":{"self":[{"href":"https:\/\/www.bjultrasonic.com\/tr\/wp-json\/wp\/v2\/product\/69765","targetHints":{"allow":["GET"]}}],"collection":[{"href":"https:\/\/www.bjultrasonic.com\/tr\/wp-json\/wp\/v2\/product"}],"about":[{"href":"https:\/\/www.bjultrasonic.com\/tr\/wp-json\/wp\/v2\/types\/product"}],"replies":[{"embeddable":true,"href":"https:\/\/www.bjultrasonic.com\/tr\/wp-json\/wp\/v2\/comments?post=69765"}],"wp:featuredmedia":[{"embeddable":true,"href":"https:\/\/www.bjultrasonic.com\/tr\/wp-json\/wp\/v2\/media\/1224"}],"wp:attachment":[{"href":"https:\/\/www.bjultrasonic.com\/tr\/wp-json\/wp\/v2\/media?parent=69765"}],"wp:term":[{"taxonomy":"product_brand","embeddable":true,"href":"https:\/\/www.bjultrasonic.com\/tr\/wp-json\/wp\/v2\/product_brand?post=69765"},{"taxonomy":"product_cat","embeddable":true,"href":"https:\/\/www.bjultrasonic.com\/tr\/wp-json\/wp\/v2\/product_cat?post=69765"},{"taxonomy":"product_tag","embeddable":true,"href":"https:\/\/www.bjultrasonic.com\/tr\/wp-json\/wp\/v2\/product_tag?post=69765"}],"curies":[{"name":"wp","href":"https:\/\/api.w.org\/{rel}","templated":true}]}}