{"id":69785,"date":"2012-08-06T10:13:16","date_gmt":"2012-08-06T15:13:16","guid":{"rendered":"https:\/\/www.bjultrasonic.com\/shop\/ultrasonic-biodiesel-reactor\/"},"modified":"2026-03-28T20:17:04","modified_gmt":"2026-03-29T01:17:04","slug":"ultrasonic-biodiesel-reactor","status":"publish","type":"product","link":"https:\/\/www.bjultrasonic.com\/tr\/shop\/ultrasonic-biodiesel-reactor\/","title":{"rendered":"Ultrasonik Biyodizel Reakt\u00f6r\u00fc"},"content":{"rendered":"<table class=\"table table-striped table-bordered\" border=\"0\" cellspacing=\"0\" cellpadding=\"0\">\n<tbody>\n<tr>\n<td valign=\"top\" width=\"82\">Tip<\/td>\n<td valign=\"top\" width=\"81\">Frekans<br \/>\n(KHz)<\/td>\n<td valign=\"top\" width=\"60\">G\u00fc\u00e7<\/td>\n<td valign=\"top\" width=\"60\">\u00c7ap<br \/>\n(mm)<\/td>\n<td valign=\"top\" width=\"63\">Uzunluk<br \/>\n(mm)<\/td>\n<td valign=\"top\" width=\"90\">Statik Kapasite (pF\u00b110%)<\/td>\n<\/tr>\n<tr>\n<td valign=\"top\" width=\"82\"><a href=\"https:\/\/www.bjultrasonic.com\/tr\/shop\/ultrasonic-biodiesel-reactor-bjr-500\/\">BJR-500<\/a><\/td>\n<td valign=\"top\" width=\"81\">27<\/td>\n<td valign=\"top\" width=\"68\">500<\/td>\n<td valign=\"top\" width=\"90\">\u03a673<\/td>\n<td valign=\"top\" width=\"63\">323<\/td>\n<td valign=\"top\" width=\"80\">68000<\/td>\n<\/tr>\n<tr>\n<td valign=\"top\" width=\"82\"><a href=\"https:\/\/www.bjultrasonic.com\/tr\/shop\/ultrasonic-biodiesel-reactor-bjr-1000\/\">BJR-1000<\/a><\/td>\n<td valign=\"top\" width=\"81\">27<\/td>\n<td valign=\"top\" width=\"68\">1000<\/td>\n<td valign=\"top\" width=\"90\">\u03a673<\/td>\n<td valign=\"top\" width=\"63\">458<\/td>\n<td valign=\"top\" width=\"80\">68000<\/td>\n<\/tr>\n<tr>\n<td valign=\"top\" width=\"82\"><a href=\"https:\/\/www.bjultrasonic.com\/tr\/shop\/ultrasonic-biodiesel-reactor-bjr-1100\/\">BJR-1100<\/a><\/td>\n<td valign=\"top\" width=\"81\">27<\/td>\n<td valign=\"top\" width=\"68\">1100<\/td>\n<td valign=\"top\" width=\"90\">\u03a673<\/td>\n<td valign=\"top\" width=\"63\">624<\/td>\n<td valign=\"top\" width=\"80\">68000<\/td>\n<\/tr>\n<tr>\n<td valign=\"top\" width=\"82\"><a href=\"https:\/\/www.bjultrasonic.com\/tr\/shop\/ultrasonic-biodiesel-reactor-bjr-1200\/\">BJR-1200<\/a><\/td>\n<td valign=\"top\" width=\"81\">27<\/td>\n<td valign=\"top\" width=\"68\">1200<\/td>\n<td valign=\"top\" width=\"90\">\u03a673<\/td>\n<td valign=\"top\" width=\"63\">790<\/td>\n<td valign=\"top\" width=\"80\">68000<\/td>\n<\/tr>\n<tr>\n<td valign=\"top\" width=\"82\"><a href=\"https:\/\/www.bjultrasonic.com\/tr\/shop\/ultrasonic-biodiesel-reactor-bjr-1300\/\">BJR-1300<\/a><\/td>\n<td valign=\"top\" width=\"81\">27<\/td>\n<td valign=\"top\" width=\"68\">1300<\/td>\n<td valign=\"top\" width=\"90\">\u03a673<\/td>\n<td valign=\"top\" width=\"63\">957<\/td>\n<td valign=\"top\" width=\"80\">68000<\/td>\n<\/tr>\n<tr>\n<td valign=\"top\" width=\"82\"><a href=\"https:\/\/www.bjultrasonic.com\/tr\/shop\/ultrasonic-biodiesel-reactor-bjr-1500\/\">BJR-1500<\/a><\/td>\n<td valign=\"top\" width=\"81\">27<\/td>\n<td valign=\"top\" width=\"68\">1500<\/td>\n<td valign=\"top\" width=\"90\">\u03a673<\/td>\n<td valign=\"top\" width=\"63\">1123<\/td>\n<td valign=\"top\" width=\"80\">68000<\/td>\n<\/tr>\n<tr>\n<td valign=\"top\" width=\"82\"><a href=\"https:\/\/www.bjultrasonic.com\/tr\/shop\/ultrasonic-biodiesel-reactor-bjr-2000\/\">BJR-2000<\/a><\/td>\n<td valign=\"top\" width=\"81\">27<\/td>\n<td valign=\"top\" width=\"68\">2000<\/td>\n<td valign=\"top\" width=\"90\">\u03a673<\/td>\n<td valign=\"top\" width=\"63\">910<\/td>\n<td valign=\"top\" width=\"80\">132000<\/td>\n<\/tr>\n<\/tbody>\n<\/table>\n<h3>En \u0130yi Biyodizel \u0130\u015flemci Kitleri Neden Ultrasonik Biyodizel Reakt\u00f6r\u00fc Kullan\u0131r<\/h3>\n<p>Biyodizel i\u015flemci kitlerine olan ilgi son y\u0131llarda b\u00fcy\u00fck \u00f6l\u00e7\u00fcde artt\u0131. Kendi biyodizelinizi \u00fcretebilmek b\u00fcy\u00fck bir avantajd\u0131r, \u00f6zellikle petrol yak\u0131t fiyatlar\u0131n\u0131n \u00e7ok y\u00fcksek oldu\u011fu \u015fu g\u00fcnlerde. Biyodizel, sadece nispeten daha d\u00fc\u015f\u00fck fiyat\u0131 nedeniyle de\u011fil, ayn\u0131 zamanda \u00e7evre dostu olmas\u0131 nedeniyle de petrol yak\u0131t\u0131n\u0131n en iyi alternatifi olarak kabul edilir. Biyodizel toksik de\u011fildir ve biyolojik olarak par\u00e7alanabilir.<\/p>\n<p>Biyodizel i\u015flemci kitlerini kullanarak, neredeyse t\u00fcm dizel motorlarda kullan\u0131labilecek yak\u0131t\u0131 evde kolayca yapabilirsiniz. Biyodizel \u00fcretiminde kullan\u0131lan malzemeler kolayca bulunabilir ve ana malzeme muhtemelen zaten evinizde mevcuttur. Biyodizelin ana malzemesi bitkisel ya\u011fd\u0131r. Mutfa\u011f\u0131n\u0131zdaki bitkisel ya\u011f yeni veya kullan\u0131lm\u0131\u015f olsun, biyodizele d\u00f6n\u00fc\u015ft\u00fcr\u00fclebilir.<\/p>\n<p>Malzemeler birka\u00e7 i\u015flemden ge\u00e7er. Birbirine kar\u0131\u015ft\u0131r\u0131l\u0131r, ayr\u0131l\u0131r, \u0131s\u0131t\u0131l\u0131r, y\u0131kan\u0131r, kurutulur ve filtrelenir. T\u00fcm bu i\u015flemler biyodizel i\u015flemcisi taraf\u0131ndan yap\u0131l\u0131r. Sadece malzemeleri i\u015flemciye d\u00f6kmeniz ve makineyi \u00e7al\u0131\u015ft\u0131rman\u0131z yeterlidir. Biyodizel haz\u0131r oldu\u011funda, ya ihtiyac\u0131n\u0131z varsa \u00e7\u0131kar\u0131rs\u0131n\u0131z ya da kullanmak i\u00e7in ihtiyac\u0131n\u0131z olana kadar i\u015flemcide b\u0131rak\u0131rs\u0131n\u0131z. Biyodizeli bir biyodizel i\u015flemcisinde saklamak, yak\u0131t\u0131 depolaman\u0131n iyi bir yoludur. \u0130\u015flemci, \u00fcretilen biyodizelin kalitesini koruyabilme yetene\u011fine sahiptir.<\/p>\n<p><img loading=\"lazy\" decoding=\"async\" title=\"Biyodizel \u0130\u015flemci Kitleri\" src=\"\/\/www.bjultrasonic.com\/wp-content\/uploads\/2012\/08\/Biodiesel-Processor-Kits.jpg\" alt=\"Biyodizel \u0130\u015flemci Kitleri\" width=\"628\" height=\"295\" \/><\/p>\n<p>Biyodizel \u00fcretmek korkulacak bir \u015fey de\u011fildir. Kolay ve g\u00fcvenlidir. T\u00fcm malzemeler toksik de\u011fildir ve t\u00fcm i\u015flemler biyodizel i\u015flemcisi taraf\u0131ndan g\u00fcvenli ve verimli bir \u015fekilde ger\u00e7ekle\u015ftirilir. Biyodizel \u00fcretimi devam ederken i\u015flemcinin kapa\u011f\u0131n\u0131 a\u00e7mad\u0131\u011f\u0131n\u0131z s\u00fcrece, herhangi bir olumsuz olay meydana gelmeyecektir. Is\u0131tma i\u015flemi s\u0131ras\u0131nda, i\u015flemcinin i\u00e7indeki s\u0131cakl\u0131k olduk\u00e7a y\u00fcksektir. Ya\u011f d\u00f6k\u00fcl\u00fcr veya cildinize temas ederse, cildiniz yanabilir.<\/p>\n<p>Biyodizel i\u015flemci kitleri pahal\u0131 de\u011fildir. Bin dolardan daha az maliyetleri vard\u0131r. Bir\u00e7o\u011fu sadece birka\u00e7 y\u00fcz dolar fiyatland\u0131r\u0131lm\u0131\u015ft\u0131r. Bir biyodizel i\u015flemcisinin fiyat\u0131, tasarruf edece\u011finiz para ile kar\u015f\u0131la\u015ft\u0131r\u0131ld\u0131\u011f\u0131nda hi\u00e7bir \u015feydir. Petrol yak\u0131t\u0131n\u0131n fiyatlar\u0131 y\u00fcksektir ve sadece daha da y\u00fckselecektir. \u00d6te yandan, biyodizel \u00fcretmek i\u00e7in gereken malzemeler ucuzdur. Kullanaca\u011f\u0131n\u0131z bitkisel ya\u011f yeni de\u011filse, tasarruflar\u0131n\u0131z daha da b\u00fcy\u00fck olacakt\u0131r. \u00dcretece\u011finiz biyodizelin fiyat\u0131 litre ba\u015f\u0131na sadece birka\u00e7 senttir. Bu, petrol yak\u0131t fiyatlar\u0131ndan \u00e7ok daha d\u00fc\u015f\u00fckt\u00fcr.<\/p>\n<p>Her biyodizel i\u015flemcisi bir biyodizel reakt\u00f6r\u00fc i\u00e7erir. Biyodizel \u00fcretimini h\u0131zland\u0131ran biyodizel reakt\u00f6r\u00fcd\u00fcr. Malzemeleri biyodizele d\u00f6n\u00fc\u015ft\u00fcren kimyasal reaksiyonlar olan esterle\u015fme ve transesterifikasyonu sa\u011flar. \u0130ki t\u00fcr biyodizel reakt\u00f6r\u00fc vard\u0131r. Bunlar ultrasonik biyodizel reakt\u00f6r\u00fc ve kesme biyodizel reakt\u00f6r\u00fcd\u00fcr. \u0130ki biyodizel reakt\u00f6r\u00fc t\u00fcr\u00fc aras\u0131nda, ultrasonik biyodizel reakt\u00f6r\u00fc daha iyidir.<\/p>\n<p>Ultrasonik biyodizel reakt\u00f6r\u00fc, biyodizeli m\u00fcmk\u00fcn olan en k\u0131sa s\u00fcrede ve en verimli \u015fekilde \u00fcretir. Ultrasonik dalgalar kar\u0131\u015ft\u0131r\u0131lm\u0131\u015f malzemeler \u00fczerinde etki ederek, bir\u00e7ok k\u00fc\u00e7\u00fck baloncu\u011fun olu\u015fmas\u0131na ve patlamas\u0131na neden olur. Buna kavitasyon denir. Kavitasyon, kar\u0131\u015f\u0131m\u0131 ayn\u0131 anda kar\u0131\u015ft\u0131r\u0131r ve \u0131s\u0131t\u0131r. Bu iki i\u015flem transesterifikasyonu sa\u011flar. Ultrasonik biyodizel reakt\u00f6r\u00fc kar\u0131\u015f\u0131m\u0131 ayn\u0131 anda kar\u0131\u015ft\u0131rd\u0131\u011f\u0131 ve \u0131s\u0131tt\u0131\u011f\u0131 i\u00e7in, biyodizel \u00fcretmek i\u00e7in gereken s\u00fcre \u00f6nemli \u00f6l\u00e7\u00fcde azal\u0131r. Bu nedenle, \u00e7ok zaman alan parti parti i\u015flemek yerine, kar\u0131\u015f\u0131mlar hat i\u00e7i transesterifikasyon ile i\u015flenir.<\/p>\n<p>Ultrasonik dalgalar, biyodizel \u00fcretiminde \u00e7ok \u00f6nemli bir rol oynar. Birle\u015ftirilmesi zor olan malzemeleri kar\u0131\u015ft\u0131rmada \u00e7ok etkilidirler. Biyodizel \u00fcretmek i\u00e7in, malzemelerin iyice kar\u0131\u015ft\u0131r\u0131lmas\u0131 gerekir. Malzemeler d\u00fczg\u00fcn bir \u015fekilde kar\u0131\u015ft\u0131r\u0131lmazsa, ya biyodizel \u00fcretilmeyecek ya da \u00fcretilecek biyodizel d\u00fc\u015f\u00fck kalitede olacakt\u0131r.<\/p>\n<p>Ultrasonik dalgalar malzemeleri kar\u0131\u015ft\u0131r\u0131r ve \u0131s\u0131t\u0131r. Dalgalar malzemelerle temas etti\u011finde, malzemelerin \u015fiddetli bir \u015fekilde titre\u015fmesine neden olurlar. Bu titre\u015fimler kavitasyon baloncuklar\u0131n\u0131n olu\u015fmas\u0131na neden olur. Baloncuklar patlad\u0131\u011f\u0131nda, malzemeler b\u00fcz\u00fcl\u00fcr ve birbirine kar\u0131\u015f\u0131r. Bu aktivite kar\u0131\u015f\u0131m\u0131n s\u0131cakl\u0131\u011f\u0131n\u0131 art\u0131r\u0131r. S\u0131cakl\u0131k art\u0131\u015f\u0131 \u00e7ok fazla olmasa da, kar\u0131\u015f\u0131m\u0131n reaksiyona girmesi ve reaksiyon s\u00fcresinin normalden daha k\u0131sa olmas\u0131 i\u00e7in yeterlidir. Ultrasonik dalgalar\u0131n yard\u0131m\u0131yla, s\u0131cakl\u0131\u011f\u0131n art\u0131r\u0131lmas\u0131 gerekmedi\u011fi i\u00e7in enerji tasarrufu sa\u011flan\u0131r.<\/p>\n<p>Ultrasonik biyodizel reakt\u00f6r\u00fcne sahip bir biyodizel i\u015flemcisi, milyonlarca galon biyodizel yapmaya ihtiya\u00e7 duymayan herkes i\u00e7in m\u00fckemmeldir. E\u011fer sadece bir seferde birka\u00e7 galon biyodizel yapman\u0131z gerekiyorsa, sizin i\u00e7in m\u00fckemmel bir i\u015flemcidir.<\/p>\n<h3>Avantajlar<\/h3>\n<p><b>1. Reaksiyon S\u00fcresi Azalt\u0131l\u0131r<\/b><\/p>\n<p>Bir ultrasonik biyodizel reakt\u00f6r\u00fc, bile\u015fenlerin reaksiyon s\u00fcresini b\u00fcy\u00fck \u00f6l\u00e7\u00fcde azalt\u0131r. Bunu, bile\u015fenleri kar\u0131\u015ft\u0131rarak yapar. Bile\u015fenler kar\u0131\u015ft\u0131r\u0131ld\u0131\u011f\u0131nda, metanol azal\u0131r. Bu, bile\u015fenlerin birbirine yap\u0131\u015fmas\u0131na ve uygun \u015fekilde kar\u0131\u015fmas\u0131na neden olur. Genellikle, bile\u015fenlerin iyice kar\u0131\u015ft\u0131r\u0131lmas\u0131 i\u00e7in bir saat gerekir. Ultrasonik dalgalar\u0131n yard\u0131m\u0131yla, gereken s\u00fcre bir dakikadan daha az bir s\u00fcreye indirilir. Uygun kar\u0131\u015ft\u0131rma yap\u0131ld\u0131\u011f\u0131nda, reaksiyon ger\u00e7ekle\u015fir. Ultrasonik dalgalar nedeniyle olu\u015fan kar\u0131\u015ft\u0131rma, ayn\u0131 zamanda \u00fcretilen biyodizelin kalitesini ve miktar\u0131n\u0131 art\u0131r\u0131r.<\/p>\n<p>Beijing Ultrasonic&#8217;te sahip oldu\u011fumuz her ultrasonik biyodizel reakt\u00f6r\u00fc, esterifikasyon ve transesterifikasyon i\u015flemlerini ger\u00e7ekle\u015ftirebilme kapasitesine sahiptir. Ultrasonik reakt\u00f6rlerimiz molek\u00fcler kavitasyona neden olur. Bu, bile\u015fenleri tamamen kar\u0131\u015ft\u0131r\u0131r ve eksiksiz bir reaksiyona yol a\u00e7ar. Uygun kar\u0131\u015ft\u0131rma ve reaksiyon, daha fazla miktarda biyodizel \u00fcretimiyle sonu\u00e7lan\u0131r.<\/p>\n<p><b>2. Hat \u0130\u00e7i Reakt\u00f6rler Ayarlanabilir<\/b><\/p>\n<p>Bir hat i\u00e7i ultrasonik biyodizel reakt\u00f6r\u00fc, zaman alan kesikli i\u015fleme yerine s\u00fcrekli ak\u0131\u015f i\u015flemi kullanarak \u00fcretilen biyodizel miktar\u0131n\u0131 art\u0131r\u0131r. S\u00fcrekli ak\u0131\u015f i\u015flemi daha verimlidir. Daha d\u00fc\u015f\u00fck i\u015fletme maliyeti gerektirir.<\/p>\n<p>\u0130htiya\u00e7lar\u0131n\u0131za uygun olarak, hat i\u00e7i ultrasonik biyodizel reakt\u00f6rlerimizin boyutu ve kapasitesi ayarlanabilir. Ba\u011flanacak reakt\u00f6r say\u0131s\u0131, \u00fcretilecek biyodizel miktar\u0131na ba\u011fl\u0131 olacakt\u0131r. Birden fazla ultrasonik reakt\u00f6re ihtiya\u00e7 duyulursa, reakt\u00f6rler seri olarak ba\u011flan\u0131r.<\/p>\n<h3>Uygulamalar<\/h3>\n<p>Bir ultrasonik biyodizel reakt\u00f6r\u00fcn\u00fcn \u00e7e\u015fitli kullan\u0131mlar\u0131 vard\u0131r. Ba\u015fl\u0131ca \u00fc\u00e7 kullan\u0131m\u0131 \u015funlard\u0131r:<\/p>\n<ul>\n<li>Biyodizel \u00fcretmek i\u00e7in bitkisel ya\u011f, alkol ve bir kataliz\u00f6r\u00fc i\u015flemek<\/li>\n<li>Tanklar\u0131 ve boru hatlar\u0131n\u0131 temizlemek<\/li>\n<li>Sentez ve ay\u0131rma gibi kimyasal reaksiyonlar \u00fcretmek<\/li>\n<\/ul>\n<h3>Video<\/h3>\n<p><iframe loading=\"lazy\" title=\"Ultrasonic Reactors for Biodiesel Production\" width=\"500\" height=\"281\" src=\"https:\/\/www.youtube.com\/embed\/oe1tAvpuUjw?feature=oembed\" frameborder=\"0\" allow=\"accelerometer; autoplay; clipboard-write; encrypted-media; gyroscope; picture-in-picture; web-share\" referrerpolicy=\"strict-origin-when-cross-origin\" allowfullscreen><\/iframe><\/p>\n<p><iframe loading=\"lazy\" title=\"Biodiesel Processor Kits - Beijing Ultrasonic\" width=\"500\" height=\"281\" src=\"https:\/\/www.youtube.com\/embed\/OpgcM3CcI90?feature=oembed\" frameborder=\"0\" allow=\"accelerometer; autoplay; clipboard-write; encrypted-media; gyroscope; picture-in-picture; web-share\" referrerpolicy=\"strict-origin-when-cross-origin\" allowfullscreen><\/iframe><\/p>\n<h3>\u0130lgili Makaleler<\/h3>\n<ul>\n<li><a href=\"https:\/\/www.bjultrasonic.com\/tr\/learn-to-design-a-packed-bed-tubular-reactor\/\" target=\"_blank\" rel=\"noopener\">Dolgulu Yatakl\u0131 T\u00fcp Reakt\u00f6r Tasarlamay\u0131 \u00d6\u011frenin<\/a><\/li>\n<li><a href=\"https:\/\/www.bjultrasonic.com\/tr\/how-to-grow-algae-cheap-biodiesel-fuel\/\" target=\"_blank\" rel=\"noopener\">Alg Nas\u0131l Yeti\u015ftirilir \u2013 Ucuz Biyodizel Yak\u0131t\u0131<\/a><\/li>\n<li><a href=\"https:\/\/www.bjultrasonic.com\/tr\/what-is-the-difference-between-diesel-and-biodiesel\/\" target=\"_blank\" rel=\"noopener\">Dizel ve Biyodizel Aras\u0131ndaki Fark <\/a><\/li>\n<li><a href=\"https:\/\/www.bjultrasonic.com\/tr\/what-is-a-biodiesel-reactor\/\" target=\"_blank\" rel=\"noopener\">Biyodizel Reakt\u00f6r\u00fc Nedir <\/a><\/li>\n<li><a href=\"https:\/\/www.bjultrasonic.com\/tr\/15-easy-steps-to-make-your-own-biodiesel-processor\/\" target=\"_blank\" rel=\"noopener\">Kendi Biyodizel \u0130\u015flemcinizi Yapmak \u0130\u00e7in 15 Kolay Ad\u0131m<\/a><\/li>\n<\/ul>\n<h3>\u00d6deme<\/h3>\n<p>\u015eu anda paypal, T\/T &amp; Western Union kabul ediyoruz.<\/p>\n<h3 class=\"shipping-methods\">Nakliye<\/h3>\n<p>Malzemeler, tam \u00f6deme al\u0131nd\u0131ktan sonra 48 saat i\u00e7inde g\u00f6nderilecektir.<\/p>\n<ul>\n<li>Malzemeleri, PayPal \u00f6demesinde verilen adrese g\u00f6ndeririz. L\u00fctfen PayPal&#8217;daki adresin do\u011fru oldu\u011fundan emin olun.<\/li>\n<li>Malzemeleri g\u00f6nderdikten sonra size takip numaras\u0131n\u0131 verece\u011fiz, genellikle malzemeleri be\u015f g\u00fcn i\u00e7inde alacaks\u0131n\u0131z.<\/li>\n<li>Herhangi bir sorunuz varsa, l\u00fctfen bize e-posta yoluyla ula\u015f\u0131n (e-posta adresimiz <a href=\"mailto:support@bjultrasonic.com\">support@bjultrasonic.com<\/a>)<\/li>\n<\/ul>\n<h3>\u00dcr\u00fcn Garantisi<\/h3>\n<p>\u00dcr\u00fcn garanti s\u00fcresi bir y\u0131ld\u0131r, garanti s\u00fcresi i\u00e7inde sat\u0131n al\u0131nan \u00fcr\u00fcnler \u00fccretsiz bak\u0131m veya de\u011fi\u015ftirme hakk\u0131ndan yararlanabilir.<\/p>\n","protected":false},"excerpt":{"rendered":"<p>Biyodizel \u00fcretimi i\u00e7in ultrasonik i\u015flemciler. Ultrasonik biyodizel reakt\u00f6r\u00fc, biyodizeli m\u00fcmk\u00fcn olan en k\u0131sa s\u00fcrede ve en verimli \u015fekilde \u00fcretir.<\/p>\n","protected":false},"featured_media":42435,"comment_status":"open","ping_status":"closed","template":"","meta":[],"product_brand":[],"product_cat":[6277,6254],"product_tag":[],"class_list":{"0":"post-69785","1":"product","2":"type-product","3":"status-publish","4":"has-post-thumbnail","6":"product_cat-biodiesel-tr","7":"product_cat-ultrasonic-processors-tr","9":"first","10":"instock","11":"shipping-taxable","12":"product-type-external","13":"prodpage-classic"},"aioseo_notices":[],"_links":{"self":[{"href":"https:\/\/www.bjultrasonic.com\/tr\/wp-json\/wp\/v2\/product\/69785","targetHints":{"allow":["GET"]}}],"collection":[{"href":"https:\/\/www.bjultrasonic.com\/tr\/wp-json\/wp\/v2\/product"}],"about":[{"href":"https:\/\/www.bjultrasonic.com\/tr\/wp-json\/wp\/v2\/types\/product"}],"replies":[{"embeddable":true,"href":"https:\/\/www.bjultrasonic.com\/tr\/wp-json\/wp\/v2\/comments?post=69785"}],"wp:featuredmedia":[{"embeddable":true,"href":"https:\/\/www.bjultrasonic.com\/tr\/wp-json\/wp\/v2\/media\/42435"}],"wp:attachment":[{"href":"https:\/\/www.bjultrasonic.com\/tr\/wp-json\/wp\/v2\/media?parent=69785"}],"wp:term":[{"taxonomy":"product_brand","embeddable":true,"href":"https:\/\/www.bjultrasonic.com\/tr\/wp-json\/wp\/v2\/product_brand?post=69785"},{"taxonomy":"product_cat","embeddable":true,"href":"https:\/\/www.bjultrasonic.com\/tr\/wp-json\/wp\/v2\/product_cat?post=69785"},{"taxonomy":"product_tag","embeddable":true,"href":"https:\/\/www.bjultrasonic.com\/tr\/wp-json\/wp\/v2\/product_tag?post=69785"}],"curies":[{"name":"wp","href":"https:\/\/api.w.org\/{rel}","templated":true}]}}