{"id":69805,"date":"2012-07-13T00:13:13","date_gmt":"2012-07-13T05:13:13","guid":{"rendered":"https:\/\/www.bjultrasonic.com\/shop\/ball-hemisphere-piezoelectric-ceramics\/"},"modified":"2026-03-28T20:17:03","modified_gmt":"2026-03-29T01:17:03","slug":"ball-hemisphere-piezoelectric-ceramics","status":"publish","type":"product","link":"https:\/\/www.bjultrasonic.com\/tr\/shop\/ball-hemisphere-piezoelectric-ceramics\/","title":{"rendered":"Piezoseramik Top\/Yar\u0131m K\u00fcre"},"content":{"rendered":"<p><iframe loading=\"lazy\" title=\"Piezoelectric Ceramics | Piezoceramics\" width=\"500\" height=\"281\" src=\"https:\/\/www.youtube.com\/embed\/1Z8-9WdJKhQ?feature=oembed\" frameborder=\"0\" allow=\"accelerometer; autoplay; clipboard-write; encrypted-media; gyroscope; picture-in-picture; web-share\" referrerpolicy=\"strict-origin-when-cross-origin\" allowfullscreen><\/iframe><\/p>\n<h3>\u00c7e\u015fitli piezoelektrik seramikleri ihtiyaca g\u00f6re \u00f6zelle\u015ftirebiliriz.<\/h3>\n<p>Piezoelektrik Seramik Top\/Yar\u0131m K\u00fcre Malzemesi: PZT4, PZT5, PZT8 veya di\u011fer istenen piezoelektrik malzeme.<\/p>\n<p><img loading=\"lazy\" decoding=\"async\" class=\"alignnone wp-image-5012\" title=\"Piezoelectric Ceramic Ball Hemisphere\" src=\"\/\/www.bjultrasonic.com\/wp-content\/uploads\/2012\/07\/Piezoelectric-Ceramic-Ball-Hemisphere-2.jpg\" alt=\"Piezoelectric Ceramic Ball Hemisphere\" width=\"600\" height=\"359\" \/><\/p>\n<h2>Piezoelektrik Seramik Top\/Yar\u0131m K\u00fcre Uygulamalar\u0131<\/h2>\n<table id=\"wp-table-reloaded-id-120-no-1\" class=\"table table-striped table-bordered\">\n<tbody>\n<tr>\n<td>ultrasonik tespit<\/td>\n<td>tedavi kunb<\/td>\n<td>S\u0131k\u0131\u015ft\u0131rma sens\u00f6r\u00fc<\/td>\n<\/tr>\n<tr>\n<td>biyomedikal sonar,<\/td>\n<td>Titre\u015fim Sens\u00f6r\u00fc<\/td>\n<td>akt\u00fcat\u00f6rler<\/td>\n<\/tr>\n<tr>\n<td>madde da\u011f\u0131l\u0131m\u0131<\/td>\n<td>Bas\u0131n\u00e7 sens\u00f6r\u00fc<\/td>\n<td>trombozu ortadan kald\u0131rma<\/td>\n<\/tr>\n<tr>\n<td>Ultrasonik bas\u0131n\u00e7 sens\u00f6r\u00fc<\/td>\n<td>Y\u00fcksek g\u00fc\u00e7l\u00fc akt\u00fcat\u00f6rler<\/td>\n<td>di\u011fer uygulamalar<\/td>\n<\/tr>\n<\/tbody>\n<\/table>\n<h2>Piezoelektrik Seramik Top\/Yar\u0131m K\u00fcre Standart \u00d6zellikleri<\/h2>\n<table id=\"wp-table-reloaded-id-121-no-1\" class=\"table table-striped table-bordered\">\n<tbody>\n<tr>\n<td>K\u00fcre \u00c7ap\u0131 (mm)<\/td>\n<td>Kulu\u00e7ka \u00c7ap\u0131(mm)<\/td>\n<td>kal\u0131nl\u0131k<\/td>\n<td>fr(MHz)<\/td>\n<td>Kr<\/td>\n<td>C(nf)<\/td>\n<td><\/td>\n<td><\/td>\n<\/tr>\n<tr>\n<td>P-33<\/td>\n<td>P-52<\/td>\n<td>P-81<\/td>\n<td><\/td>\n<td><\/td>\n<td><\/td>\n<td><\/td>\n<td><\/td>\n<\/tr>\n<tr>\n<td>5<\/td>\n<td>1.5<\/td>\n<td>0.5<\/td>\n<td>320<\/td>\n<td>0.4<\/td>\n<td>1.8<\/td>\n<td>3.5<\/td>\n<td><\/td>\n<\/tr>\n<tr>\n<td>10<\/td>\n<td>3<\/td>\n<td>0.8<\/td>\n<td>160<\/td>\n<td>0.4<\/td>\n<td>4.7<\/td>\n<td>8.8<\/td>\n<td><\/td>\n<\/tr>\n<tr>\n<td>15<\/td>\n<td>4<\/td>\n<td>1<\/td>\n<td>113<\/td>\n<td>0.4<\/td>\n<td>9.2<\/td>\n<td>17.3<\/td>\n<td><\/td>\n<\/tr>\n<tr>\n<td>20<\/td>\n<td>5<\/td>\n<td>1\uff5e1.5<\/td>\n<td>77<\/td>\n<td>0.4<\/td>\n<td>17.0<\/td>\n<td>32.0<\/td>\n<td><\/td>\n<\/tr>\n<tr>\n<td>25<\/td>\n<td>5<\/td>\n<td>1\uff5e1.5<\/td>\n<td>61<\/td>\n<td>0.4<\/td>\n<td>17.4<\/td>\n<td>32.8<\/td>\n<td><\/td>\n<\/tr>\n<tr>\n<td>30<\/td>\n<td>6<\/td>\n<td>1.5\uff5e3<\/td>\n<td>50<\/td>\n<td>0.4<\/td>\n<td>23.5<\/td>\n<td>44.3<\/td>\n<td><\/td>\n<\/tr>\n<tr>\n<td>40<\/td>\n<td>7<\/td>\n<td>2\uff5e4<\/td>\n<td>38<\/td>\n<td>0.4<\/td>\n<td>34.3<\/td>\n<td>64.6<\/td>\n<td><\/td>\n<\/tr>\n<tr>\n<td>50<\/td>\n<td>8<\/td>\n<td>2\uff5e4<\/td>\n<td>30<\/td>\n<td>0.4<\/td>\n<td>54.8<\/td>\n<td>103.2<\/td>\n<td><\/td>\n<\/tr>\n<tr>\n<td>12.5<\/td>\n<td>3.5<\/td>\n<td>2\uff5e5<\/td>\n<td>83<\/td>\n<td><\/td>\n<td>6.2<\/td>\n<td><\/td>\n<td>3.7<\/td>\n<\/tr>\n<tr>\n<td>25<\/td>\n<td>8<\/td>\n<td>2\uff5e5<\/td>\n<td><\/td>\n<td><\/td>\n<td>26.2<\/td>\n<td><\/td>\n<td>15.6<\/td>\n<\/tr>\n<tr>\n<td>37.5<\/td>\n<td>10<\/td>\n<td>2\uff5e5<\/td>\n<td><\/td>\n<td><\/td>\n<td><\/td>\n<td><\/td>\n<td>17.7<\/td>\n<\/tr>\n<tr>\n<td>50<\/td>\n<td>12<\/td>\n<td>3\uff5e6<\/td>\n<td><\/td>\n<td><\/td>\n<td><\/td>\n<td><\/td>\n<td>25.5<\/td>\n<\/tr>\n<tr>\n<td>Top Piezoelektrik Seramik:<br \/>\nD\u0131\u015f \u00e7ap: 12mm\u2014100mm<br \/>\nKal\u0131nl\u0131k aral\u0131\u011f\u0131: 0.3mm\u20146mmYar\u0131m K\u00fcre Piezoelektrik Seramik:D\u0131\u015f \u00e7ap: 10mm\u2014160mm<br \/>\nKal\u0131nl\u0131k aral\u0131\u011f\u0131: 0.6mm\u20146mmNot: \u0130ste\u011fe ba\u011fl\u0131 olarak \u00e7e\u015fitli boyutlarda Piezoelektrik Seramik Top\/Yar\u0131m K\u00fcre tasarlay\u0131p \u00f6zelle\u015ftirebiliriz.<\/td>\n<td><\/td>\n<td><\/td>\n<td><\/td>\n<td><\/td>\n<td><\/td>\n<td><\/td>\n<td><\/td>\n<\/tr>\n<\/tbody>\n<\/table>\n<p><iframe loading=\"lazy\" title=\"Piezoceramic Ball\/ Hemisphere - Beijing Ultrasonic\" width=\"500\" height=\"281\" src=\"https:\/\/www.youtube.com\/embed\/cplC1OHVqNA?feature=oembed\" frameborder=\"0\" allow=\"accelerometer; autoplay; clipboard-write; encrypted-media; gyroscope; picture-in-picture; web-share\" referrerpolicy=\"strict-origin-when-cross-origin\" allowfullscreen><\/iframe><\/p>\n<h3>\u00d6deme<\/h3>\n<p>\u015eu anda paypal, T\/T ve Western Union&#8217;\u0131 kabul ediyoruz.<\/p>\n<h3 class=\"shipping-methods\">Nakliye<\/h3>\n<p>Malzemeler, tam \u00f6deme al\u0131nd\u0131ktan sonra 48 saat i\u00e7inde sevk edilecektir.<\/p>\n<ul>\n<li>Malzemeleri PayPal \u00f6demesinde verilen adrese g\u00f6nderiyoruz. L\u00fctfen PayPal&#8217;daki adresin do\u011fru oldu\u011fundan emin olun.<\/li>\n<li>Malzemeleri g\u00f6nderdikten sonra size takip numaras\u0131n\u0131 verece\u011fiz, genellikle be\u015f g\u00fcn i\u00e7inde malzemeleri alacaks\u0131n\u0131z.<\/li>\n<li>Herhangi bir sorunuz varsa, l\u00fctfen bize e-posta ile ileti\u015fime ge\u00e7in (e-posta adresimiz <a href=\"mailto:support@bjultrasonic.com\">support@bjultrasonic.com<\/a>)<\/li>\n<\/ul>\n<h3>\u00dcr\u00fcn Garantisi<\/h3>\n<p>\u00dcr\u00fcn garanti s\u00fcresi bir y\u0131ld\u0131r, garanti s\u00fcresi i\u00e7inde sat\u0131n al\u0131nan \u00fcr\u00fcnler \u00fccretsiz bak\u0131m veya de\u011fi\u015fim hakk\u0131ndan yararlanabilir.<\/p>\n","protected":false},"excerpt":{"rendered":"<p>\u00c7e\u015fitli piezoelektrik seramikleri ihtiyaca g\u00f6re \u00f6zelle\u015ftirebiliriz. Piezoelektrik Seramik Top\/Yar\u0131m K\u00fcre Malzemesi: PZT4, PZT5, PZT8 veya di\u011fer istenen piezoelektrik malzeme. Piezoelektrik Seramik Top\/Yar\u0131m K\u00fcre Uygulamalar\u0131 ultrasonik tespit tedavi kunb S\u0131k\u0131\u015ft\u0131rma sens\u00f6r\u00fc biyomedikal sonar, Titre\u015fim Sens\u00f6r\u00fc akt\u00fcat\u00f6rler madde da\u011f\u0131l\u0131m\u0131 Bas\u0131n\u00e7 sens\u00f6r\u00fc trombozu ortadan kald\u0131rma Ultrasonik bas\u0131n\u00e7 sens\u00f6r\u00fc Y\u00fcksek g\u00fc\u00e7l\u00fc akt\u00fcat\u00f6rler di\u011fer uygulamalar Piezoelektrik Seramik Top\/Yar\u0131m K\u00fcre Standart<\/p>\n","protected":false},"featured_media":23761,"comment_status":"open","ping_status":"closed","template":"","meta":[],"product_brand":[],"product_cat":[5683,5657],"product_tag":[],"class_list":{"0":"post-69805","1":"product","2":"type-product","3":"status-publish","4":"has-post-thumbnail","6":"product_cat-ball-hemisphere-piezoelectric-ceramics-tr","7":"product_cat-piezoelectric-ceramic-tr","9":"first","10":"instock","11":"shipping-taxable","12":"product-type-external","13":"prodpage-classic"},"aioseo_notices":[],"_links":{"self":[{"href":"https:\/\/www.bjultrasonic.com\/tr\/wp-json\/wp\/v2\/product\/69805","targetHints":{"allow":["GET"]}}],"collection":[{"href":"https:\/\/www.bjultrasonic.com\/tr\/wp-json\/wp\/v2\/product"}],"about":[{"href":"https:\/\/www.bjultrasonic.com\/tr\/wp-json\/wp\/v2\/types\/product"}],"replies":[{"embeddable":true,"href":"https:\/\/www.bjultrasonic.com\/tr\/wp-json\/wp\/v2\/comments?post=69805"}],"wp:featuredmedia":[{"embeddable":true,"href":"https:\/\/www.bjultrasonic.com\/tr\/wp-json\/wp\/v2\/media\/23761"}],"wp:attachment":[{"href":"https:\/\/www.bjultrasonic.com\/tr\/wp-json\/wp\/v2\/media?parent=69805"}],"wp:term":[{"taxonomy":"product_brand","embeddable":true,"href":"https:\/\/www.bjultrasonic.com\/tr\/wp-json\/wp\/v2\/product_brand?post=69805"},{"taxonomy":"product_cat","embeddable":true,"href":"https:\/\/www.bjultrasonic.com\/tr\/wp-json\/wp\/v2\/product_cat?post=69805"},{"taxonomy":"product_tag","embeddable":true,"href":"https:\/\/www.bjultrasonic.com\/tr\/wp-json\/wp\/v2\/product_tag?post=69805"}],"curies":[{"name":"wp","href":"https:\/\/api.w.org\/{rel}","templated":true}]}}