{"id":69825,"date":"2012-07-12T23:52:11","date_gmt":"2012-07-13T04:52:11","guid":{"rendered":"https:\/\/www.bjultrasonic.com\/shop\/cylinder-piezoelectric-ceramics\/"},"modified":"2026-03-28T20:16:39","modified_gmt":"2026-03-29T01:16:39","slug":"cylinder-piezoelectric-ceramics","status":"publish","type":"product","link":"https:\/\/www.bjultrasonic.com\/tr\/shop\/cylinder-piezoelectric-ceramics\/","title":{"rendered":"Piezoseramik Silindir"},"content":{"rendered":"<p><iframe loading=\"lazy\" title=\"Piezoelectric Ceramics | Piezoceramics\" width=\"500\" height=\"281\" src=\"https:\/\/www.youtube.com\/embed\/1Z8-9WdJKhQ?feature=oembed\" frameborder=\"0\" allow=\"accelerometer; autoplay; clipboard-write; encrypted-media; gyroscope; picture-in-picture; web-share\" referrerpolicy=\"strict-origin-when-cross-origin\" allowfullscreen><\/iframe><\/p>\n<h3>\u00c7e\u015fitli piezoelektrik seramikleri ihtiyaca g\u00f6re \u00f6zelle\u015ftirebiliriz.<\/h3>\n<p>Piezo Seramik Silindir Malzemesi: PZT4, PZT5, PZT8 veya di\u011fer istenen piezoelektrik malzeme.<\/p>\n<p><img loading=\"lazy\" decoding=\"async\" class=\"alignnone size-full wp-image-23760\" src=\"https:\/\/www.bjultrasonic.com\/wp-content\/uploads\/2012\/07\/Piezoceramic-Cylinder.jpg\" alt=\"Piezoceramic Cylinder\" width=\"700\" height=\"700\" srcset=\"https:\/\/www.bjultrasonic.com\/wp-content\/uploads\/2012\/07\/Piezoceramic-Cylinder.jpg 700w, https:\/\/www.bjultrasonic.com\/wp-content\/uploads\/2012\/07\/Piezoceramic-Cylinder-600x600.jpg 600w, https:\/\/www.bjultrasonic.com\/wp-content\/uploads\/2012\/07\/Piezoceramic-Cylinder-100x100.jpg 100w\" sizes=\"auto, (max-width: 700px) 100vw, 700px\" \/><\/p>\n<h2>Piezoelektrik Seramik Silindirin Uygulamalar\u0131<\/h2>\n<table id=\"wp-table-reloaded-id-117-no-1\" class=\"table table-striped table-bordered\">\n<tbody>\n<tr>\n<td>Hidrofon<\/td>\n<td>Ultrasonik Sens\u00f6r<\/td>\n<td>S\u0131k\u0131\u015ft\u0131rma sens\u00f6r\u00fc<\/td>\n<\/tr>\n<tr>\n<td>biyomedikal sonar,<\/td>\n<td>Titre\u015fim Sens\u00f6r\u00fc<\/td>\n<td>akt\u00fcat\u00f6rler<\/td>\n<\/tr>\n<tr>\n<td>madde da\u011f\u0131l\u0131m\u0131<\/td>\n<td>Bas\u0131n\u00e7 sens\u00f6r\u00fc<\/td>\n<td>Ultrasonik kar\u0131\u015ft\u0131rma<\/td>\n<\/tr>\n<tr>\n<td>Ultrasonik bas\u0131n\u00e7 sens\u00f6r\u00fc<\/td>\n<td>Y\u00fcksek g\u00fc\u00e7l\u00fc akt\u00fcat\u00f6rler<\/td>\n<td>di\u011fer bir\u00e7ok uygulama<\/td>\n<\/tr>\n<\/tbody>\n<\/table>\n<p>Silindir Piezoelektrik Seramikler Boyut Aral\u0131\u011f\u0131:<\/p>\n<ul>\n<li>\u00c7ap Aral\u0131\u011f\u0131: 2mm&#8212;20mm<\/li>\n<li>Y\u00fckseklik Aral\u0131\u011f\u0131: 3mm\u201440mm<\/li>\n<\/ul>\n<h3>\u00d6deme<\/h3>\n<p>\u015eu anda paypal, T\/T ve Western Union kabul ediyoruz.<\/p>\n<h3 class=\"shipping-methods\">Nakliye<\/h3>\n<p>Malzemeler, tam \u00f6deme al\u0131nd\u0131ktan sonra 48 saat i\u00e7inde sevk edilecektir.<\/p>\n<ul>\n<li>\u00dcr\u00fcnleri PayPal \u00f6demesinde verilen adrese g\u00f6nderiyoruz. L\u00fctfen PayPal&#8217;daki adresin do\u011fru oldu\u011fundan emin olun.<\/li>\n<li>\u00dcr\u00fcnleri g\u00f6nderdikten sonra size takip numaras\u0131n\u0131 verece\u011fiz, genellikle \u00fcr\u00fcnleri be\u015f g\u00fcn i\u00e7inde alacaks\u0131n\u0131z.<\/li>\n<li>Herhangi bir sorunuz varsa, l\u00fctfen bize e-posta ile ula\u015f\u0131n (e-posta adresimiz <a href=\"mailto:support@bjultrasonic.com\">support@bjultrasonic.com<\/a>)<\/li>\n<\/ul>\n<h3>\u00dcr\u00fcn Garantisi<\/h3>\n<p>\u00dcr\u00fcn garanti s\u00fcresi bir y\u0131ld\u0131r, garanti s\u00fcresi i\u00e7inde sat\u0131n al\u0131nan \u00fcr\u00fcnler \u00fccretsiz bak\u0131m veya de\u011fi\u015fim hizmetinden yararlanabilir.<\/p>\n","protected":false},"excerpt":{"rendered":"<p>\u00c7e\u015fitli piezoelektrik seramikleri ihtiyaca g\u00f6re \u00f6zelle\u015ftirebiliriz. Piezo Seramik Silindir Malzemesi: PZT4, PZT5, PZT8 veya di\u011fer istenen piezoelektrik malzeme. Piezoelektrik Seramik Silindirin Uygulamalar\u0131 Hidrofon Ultrasonik Sens\u00f6r S\u0131k\u0131\u015ft\u0131rma sens\u00f6r\u00fc biyomedikal sonar, Titre\u015fim Sens\u00f6r\u00fc akt\u00fcat\u00f6rler madde da\u011f\u0131l\u0131m\u0131 Bas\u0131n\u00e7 sens\u00f6r\u00fc Ultrasonik kar\u0131\u015ft\u0131rma Ultrasonik bas\u0131n\u00e7 sens\u00f6r\u00fc Y\u00fcksek g\u00fc\u00e7l\u00fc akt\u00fcat\u00f6rler di\u011fer bir\u00e7ok uygulama Silindir Piezoelektrik Seramikler Boyut Aral\u0131\u011f\u0131: \u00c7ap Aral\u0131\u011f\u0131: 2mm&#8212;20mm<\/p>\n","protected":false},"featured_media":23760,"comment_status":"open","ping_status":"closed","template":"","meta":[],"product_brand":[],"product_cat":[5693,5657],"product_tag":[],"class_list":{"0":"post-69825","1":"product","2":"type-product","3":"status-publish","4":"has-post-thumbnail","6":"product_cat-cylinder-piezoelectric-ceramics-tr","7":"product_cat-piezoelectric-ceramic-tr","9":"first","10":"instock","11":"shipping-taxable","12":"product-type-external","13":"prodpage-classic"},"aioseo_notices":[],"_links":{"self":[{"href":"https:\/\/www.bjultrasonic.com\/tr\/wp-json\/wp\/v2\/product\/69825","targetHints":{"allow":["GET"]}}],"collection":[{"href":"https:\/\/www.bjultrasonic.com\/tr\/wp-json\/wp\/v2\/product"}],"about":[{"href":"https:\/\/www.bjultrasonic.com\/tr\/wp-json\/wp\/v2\/types\/product"}],"replies":[{"embeddable":true,"href":"https:\/\/www.bjultrasonic.com\/tr\/wp-json\/wp\/v2\/comments?post=69825"}],"wp:featuredmedia":[{"embeddable":true,"href":"https:\/\/www.bjultrasonic.com\/tr\/wp-json\/wp\/v2\/media\/23760"}],"wp:attachment":[{"href":"https:\/\/www.bjultrasonic.com\/tr\/wp-json\/wp\/v2\/media?parent=69825"}],"wp:term":[{"taxonomy":"product_brand","embeddable":true,"href":"https:\/\/www.bjultrasonic.com\/tr\/wp-json\/wp\/v2\/product_brand?post=69825"},{"taxonomy":"product_cat","embeddable":true,"href":"https:\/\/www.bjultrasonic.com\/tr\/wp-json\/wp\/v2\/product_cat?post=69825"},{"taxonomy":"product_tag","embeddable":true,"href":"https:\/\/www.bjultrasonic.com\/tr\/wp-json\/wp\/v2\/product_tag?post=69825"}],"curies":[{"name":"wp","href":"https:\/\/api.w.org\/{rel}","templated":true}]}}