{"id":69845,"date":"2012-07-12T22:49:31","date_gmt":"2012-07-13T03:49:31","guid":{"rendered":"https:\/\/www.bjultrasonic.com\/shop\/disc-piezoelectric-ceramics\/"},"modified":"2026-03-28T20:16:37","modified_gmt":"2026-03-29T01:16:37","slug":"disc-piezoelectric-ceramics","status":"publish","type":"product","link":"https:\/\/www.bjultrasonic.com\/tr\/shop\/disc-piezoelectric-ceramics\/","title":{"rendered":"Piezoseramik Disk"},"content":{"rendered":"<p><iframe loading=\"lazy\" title=\"Piezoelectric Ceramics | Piezoceramics\" width=\"500\" height=\"281\" src=\"https:\/\/www.youtube.com\/embed\/1Z8-9WdJKhQ?feature=oembed\" frameborder=\"0\" allow=\"accelerometer; autoplay; clipboard-write; encrypted-media; gyroscope; picture-in-picture; web-share\" referrerpolicy=\"strict-origin-when-cross-origin\" allowfullscreen><\/iframe><\/p>\n<h3>\u00c7e\u015fitli Piezoseramik Diskleri iste\u011fe ba\u011fl\u0131 olarak \u00f6zelle\u015ftirebiliriz.<\/h3>\n<p>8&#215;2 Piezoseramik Disklerin malzemesi: <strong>PZT5<\/strong><\/p>\n<p><img loading=\"lazy\" decoding=\"async\" class=\"alignnone wp-image-23759 size-full\" src=\"https:\/\/www.bjultrasonic.com\/wp-content\/uploads\/2012\/07\/Piezoceramic-Disc-2.jpg\" alt=\"Piezoseramik Disk 2\" width=\"700\" height=\"525\" \/><\/p>\n<p><img loading=\"lazy\" decoding=\"async\" class=\"alignnone size-full wp-image-5007\" src=\"\/\/www.bjultrasonic.com\/wp-content\/uploads\/2012\/07\/Piezoelectric-Ceramic-Disc-4.jpg\" alt=\"Piezoelektrik Seramik Disk (4)\" width=\"600\" height=\"359\" \/><\/p>\n<h2>Piezoseramik Diskin Uygulamalar\u0131<\/h2>\n<table id=\"wp-table-reloaded-id-115-no-1\" class=\"table table-striped table-bordered\">\n<tbody>\n<tr>\n<td>Piezo d\u00f6n\u00fc\u015ft\u00fcr\u00fcc\u00fc titre\u015fim<\/td>\n<td>atomizer d\u00f6n\u00fc\u015ft\u00fcr\u00fcc\u00fc<\/td>\n<td>madde da\u011f\u0131l\u0131m\u0131<\/td>\n<\/tr>\n<tr>\n<td>sonar d\u00f6n\u00fc\u015ft\u00fcr\u00fcc\u00fc<\/td>\n<td>Ultrasonik Sens\u00f6r<\/td>\n<td>duvar kal\u0131nl\u0131k sens\u00f6r\u00fc<\/td>\n<\/tr>\n<tr>\n<td>malzeme stres sens\u00f6r\u00fc<\/td>\n<td>bas\u0131n\u00e7 sens\u00f6r\u00fc,<\/td>\n<td>biyomedikal prob<\/td>\n<\/tr>\n<tr>\n<td>piezoelektrik enerji hasad\u0131<\/td>\n<td>bal\u0131k bulucu d\u00f6n\u00fc\u015ft\u00fcr\u00fcc\u00fc<\/td>\n<td>s\u0131k\u0131\u015ft\u0131rma sens\u00f6r\u00fc<\/td>\n<\/tr>\n<tr>\n<td>piezo genle\u015fme sens\u00f6r\u00fc<\/td>\n<td>g\u00fczellik d\u00f6n\u00fc\u015ft\u00fcr\u00fcc\u00fc<\/td>\n<td>Ultrasonik kar\u0131\u015ft\u0131rma<\/td>\n<\/tr>\n<tr>\n<td>ultrasonik t\u0131bbi<\/td>\n<td>Ultrasonik temizleme<\/td>\n<td>Di\u011fer uygulamalar<\/td>\n<\/tr>\n<\/tbody>\n<\/table>\n<h2>Piezoseramik Diskin Standart \u00d6zellikleri<\/h2>\n<table id=\"wp-table-reloaded-id-116-no-1\" class=\"table table-striped table-bordered\">\n<tbody>\n<tr>\n<td>Boyut<br \/>\n(mm)<\/td>\n<td>Kal\u0131nl\u0131k Frekans\u0131<br \/>\nft(MHz)(\u00b1%5)<\/td>\n<td>KapasitansC<br \/>\n(pf)(\u00b1%15)<\/td>\n<td>EmpedansZt<br \/>\n(\u03a9)<\/td>\n<td>Elektromekanik<br \/>\nKuplaj Katsay\u0131s\u0131Kt (%)<\/td>\n<td>Piezoelektrik<br \/>\nMalzeme<\/td>\n<\/tr>\n<tr>\n<td>8\u00d71<\/td>\n<td>2.0<\/td>\n<td>530<\/td>\n<td><\/td>\n<td>\u226543<\/td>\n<td>PZT5<\/td>\n<\/tr>\n<tr>\n<td>8\u00d72<\/td>\n<td>1.0<\/td>\n<td>263<\/td>\n<td><\/td>\n<td>\u226543<\/td>\n<td>PZT5<\/td>\n<\/tr>\n<tr>\n<td>10\u00d71<\/td>\n<td>2.0<\/td>\n<td>840<\/td>\n<td><\/td>\n<td>\u226544<\/td>\n<td>PZT5<\/td>\n<\/tr>\n<tr>\n<td>10\u00d72<\/td>\n<td>1.0<\/td>\n<td>420<\/td>\n<td><\/td>\n<td>\u226544<\/td>\n<td>PZT5<\/td>\n<\/tr>\n<tr>\n<td>15\u00d71<\/td>\n<td>2.0<\/td>\n<td>1970<\/td>\n<td><\/td>\n<td>\u226543<\/td>\n<td>PZT5<\/td>\n<\/tr>\n<tr>\n<td>15\u00d72<\/td>\n<td>1.0<\/td>\n<td>980<\/td>\n<td><\/td>\n<td>\u226543<\/td>\n<td>PZT5<\/td>\n<\/tr>\n<tr>\n<td>16\u00d71<\/td>\n<td>2.0<\/td>\n<td>2200<\/td>\n<td><\/td>\n<td>\u226545<\/td>\n<td>PZT5<\/td>\n<\/tr>\n<tr>\n<td>16\u00d72<\/td>\n<td>1.0<\/td>\n<td>1100<\/td>\n<td><\/td>\n<td>\u226545<\/td>\n<td>PZT5<\/td>\n<\/tr>\n<tr>\n<td>20\u00d71<\/td>\n<td>2.0<\/td>\n<td>3560<\/td>\n<td><\/td>\n<td>\u226543<\/td>\n<td>PZT5<\/td>\n<\/tr>\n<tr>\n<td>20\u00d72<\/td>\n<td>1.0<\/td>\n<td>1780<\/td>\n<td><\/td>\n<td>\u226543<\/td>\n<td>PZT5<\/td>\n<\/tr>\n<tr>\n<td>25\u00d71<\/td>\n<td>2.0<\/td>\n<td>4600<\/td>\n<td><\/td>\n<td>\u226543<\/td>\n<td>PZT5<\/td>\n<\/tr>\n<tr>\n<td>25\u00d72<\/td>\n<td>1.0<\/td>\n<td>2300<\/td>\n<td><\/td>\n<td>\u226543<\/td>\n<td>PZT5<\/td>\n<\/tr>\n<tr>\n<td>16\u00d70.4<\/td>\n<td>5.0<\/td>\n<td>5400<\/td>\n<td>\u22645<\/td>\n<td>\u226545<\/td>\n<td>PZT4<\/td>\n<\/tr>\n<tr>\n<td>16\u00d72.1<\/td>\n<td>1.0<\/td>\n<td>1000<\/td>\n<td>\u22644<\/td>\n<td>\u226545<\/td>\n<td>PZT4<\/td>\n<\/tr>\n<tr>\n<td>20\u00d72.0<\/td>\n<td>1.0<\/td>\n<td>1650<\/td>\n<td>\u22644<\/td>\n<td>\u226545<\/td>\n<td>PZT4<\/td>\n<\/tr>\n<tr>\n<td>25\u00d70.4<\/td>\n<td>5.0<\/td>\n<td>12800<\/td>\n<td>\u22644<\/td>\n<td>\u226545<\/td>\n<td>PZT4<\/td>\n<\/tr>\n<tr>\n<td>25\u00d71.0<\/td>\n<td>2.0<\/td>\n<td>5800<\/td>\n<td>\u22644<\/td>\n<td>\u226545<\/td>\n<td>PZT4<\/td>\n<\/tr>\n<tr>\n<td>25\u00d72.0<\/td>\n<td>1.0<\/td>\n<td>2700<\/td>\n<td>\u22644<\/td>\n<td>\u226545<\/td>\n<td>PZT4<\/td>\n<\/tr>\n<tr>\n<td>28\u00d71.0<\/td>\n<td>1.0<\/td>\n<td>6940<\/td>\n<td>\u22644<\/td>\n<td>\u226545<\/td>\n<td>PZT4<\/td>\n<\/tr>\n<tr>\n<td>28\u00d71.7<\/td>\n<td>1.2<\/td>\n<td>3880<\/td>\n<td>\u22643<\/td>\n<td>\u226545<\/td>\n<td>PZT4<\/td>\n<\/tr>\n<tr>\n<td>28\u00d72.0<\/td>\n<td>1.0<\/td>\n<td>3300<\/td>\n<td>\u22643<\/td>\n<td>\u226545<\/td>\n<td>PZT4<\/td>\n<\/tr>\n<tr>\n<td>50\u00d72.0<\/td>\n<td>1.0<\/td>\n<td>10000<\/td>\n<td>\u22643<\/td>\n<td>\u226545<\/td>\n<td>PZT4<\/td>\n<\/tr>\n<tr>\n<td>60\u00d72.0<\/td>\n<td>1.0<\/td>\n<td>14500<\/td>\n<td>\u22643<\/td>\n<td>\u226545<\/td>\n<td>PZT4<\/td>\n<\/tr>\n<tr>\n<td>D\u0131\u015f \u00e7ap aral\u0131\u011f\u0131: 3mm&#8212;80mm<br \/>\nKal\u0131nl\u0131k aral\u0131\u011f\u0131: 0.1mm&#8212;20mmNot:<br \/>\n\u0130ste\u011fe ba\u011fl\u0131 olarak \u00e7e\u015fitli boyutlarda Disk Piezoelektrik Seramikler tasarlay\u0131p \u00f6zelle\u015ftirebiliriz.<\/td>\n<td><\/td>\n<td><\/td>\n<td><\/td>\n<td><\/td>\n<td><\/td>\n<\/tr>\n<\/tbody>\n<\/table>\n<p><iframe loading=\"lazy\" title=\"Piezoelectric Ceramic Discs | Piezoceramic Disk\" width=\"500\" height=\"281\" src=\"https:\/\/www.youtube.com\/embed\/jV2Q1wB3p-k?feature=oembed\" frameborder=\"0\" allow=\"accelerometer; autoplay; clipboard-write; encrypted-media; gyroscope; picture-in-picture; web-share\" referrerpolicy=\"strict-origin-when-cross-origin\" allowfullscreen><\/iframe><\/p>\n<h3>\u00d6deme<\/h3>\n<p>\u015eu anda paypal, T\/T ve Western Union&#8217;\u0131 kabul ediyoruz.<\/p>\n<h3 class=\"shipping-methods\">Nakliye<\/h3>\n<p>Tam \u00f6deme al\u0131nd\u0131ktan sonra mallar 48 saat i\u00e7inde sevk edilecektir.<\/p>\n<ul>\n<li>Mal\u0131, PayPal \u00f6demesinde belirtilen adrese g\u00f6nderiyoruz. L\u00fctfen PayPal&#8217;daki adresin do\u011fru oldu\u011fundan emin olun.<\/li>\n<li>mallar\u0131 g\u00f6nderdikten sonra size takip numaras\u0131n\u0131 verece\u011fiz, genellikle mallar\u0131 be\u015f g\u00fcn i\u00e7inde alacaks\u0131n\u0131z.<\/li>\n<li>Herhangi bir sorunuz varsa, l\u00fctfen bize e-posta yoluyla ula\u015f\u0131n (e-posta adresimiz <a href=\"mailto:support@bjultrasonic.com\">support@bjultrasonic.com<\/a>)<\/li>\n<\/ul>\n<h3>\u00dcr\u00fcn Garantisi<\/h3>\n<p>\u00dcr\u00fcn garanti s\u00fcresi bir y\u0131ld\u0131r, garanti s\u00fcresi i\u00e7inde sat\u0131n al\u0131nan \u00fcr\u00fcnler \u00fccretsiz bak\u0131m veya de\u011fi\u015fimden yararlanabilir.<\/p>\n","protected":false},"excerpt":{"rendered":"<p><a href=\"https:\/\/www.bjultrasonic.com\/tr\/category\/piezoelectric-ceramic-tr\/piezoceramic-discs-tr\/\">Piezoseramik diskler<\/a> <a href=\"https:\/\/www.bjultrasonic.com\/tr\/shop\/ultrasonic-beauty-transducer\/\">g\u00fczellik transd\u00fcseri<\/a>, <a href=\"https:\/\/www.bjultrasonic.com\/tr\/category\/ultrasonic-atomizer-tr\/\">ultrasonik atomizer<\/a>, <a href=\"https:\/\/www.bjultrasonic.com\/tr\/category\/ultrasonic-cleaning-system-tr\/\">ultrasonik temizleyici<\/a> ve di\u011fer uygulamalar i\u00e7in.<\/p>\n","protected":false},"featured_media":23764,"comment_status":"open","ping_status":"closed","template":"","meta":[],"product_brand":[],"product_cat":[5715,5657],"product_tag":[],"class_list":{"0":"post-69845","1":"product","2":"type-product","3":"status-publish","4":"has-post-thumbnail","6":"product_cat-piezoceramic-discs-tr","7":"product_cat-piezoelectric-ceramic-tr","9":"first","10":"instock","11":"shipping-taxable","12":"product-type-external","13":"prodpage-classic"},"aioseo_notices":[],"_links":{"self":[{"href":"https:\/\/www.bjultrasonic.com\/tr\/wp-json\/wp\/v2\/product\/69845","targetHints":{"allow":["GET"]}}],"collection":[{"href":"https:\/\/www.bjultrasonic.com\/tr\/wp-json\/wp\/v2\/product"}],"about":[{"href":"https:\/\/www.bjultrasonic.com\/tr\/wp-json\/wp\/v2\/types\/product"}],"replies":[{"embeddable":true,"href":"https:\/\/www.bjultrasonic.com\/tr\/wp-json\/wp\/v2\/comments?post=69845"}],"wp:featuredmedia":[{"embeddable":true,"href":"https:\/\/www.bjultrasonic.com\/tr\/wp-json\/wp\/v2\/media\/23764"}],"wp:attachment":[{"href":"https:\/\/www.bjultrasonic.com\/tr\/wp-json\/wp\/v2\/media?parent=69845"}],"wp:term":[{"taxonomy":"product_brand","embeddable":true,"href":"https:\/\/www.bjultrasonic.com\/tr\/wp-json\/wp\/v2\/product_brand?post=69845"},{"taxonomy":"product_cat","embeddable":true,"href":"https:\/\/www.bjultrasonic.com\/tr\/wp-json\/wp\/v2\/product_cat?post=69845"},{"taxonomy":"product_tag","embeddable":true,"href":"https:\/\/www.bjultrasonic.com\/tr\/wp-json\/wp\/v2\/product_tag?post=69845"}],"curies":[{"name":"wp","href":"https:\/\/api.w.org\/{rel}","templated":true}]}}