{"id":69865,"date":"2012-07-12T22:36:05","date_gmt":"2012-07-13T03:36:05","guid":{"rendered":"https:\/\/www.bjultrasonic.com\/shop\/square-rectangular-piezoelectric-ceramics\/"},"modified":"2026-03-28T20:16:36","modified_gmt":"2026-03-29T01:16:36","slug":"square-rectangular-piezoelectric-ceramics","status":"publish","type":"product","link":"https:\/\/www.bjultrasonic.com\/tr\/shop\/square-rectangular-piezoelectric-ceramics\/","title":{"rendered":"Piezoseramik Kare\/ Dikd\u00f6rtgen"},"content":{"rendered":"<p><iframe loading=\"lazy\" title=\"Piezoelectric Ceramics | Piezoceramics\" width=\"500\" height=\"281\" src=\"https:\/\/www.youtube.com\/embed\/1Z8-9WdJKhQ?feature=oembed\" frameborder=\"0\" allow=\"accelerometer; autoplay; clipboard-write; encrypted-media; gyroscope; picture-in-picture; web-share\" referrerpolicy=\"strict-origin-when-cross-origin\" allowfullscreen><\/iframe><\/p>\n<h3>\u00c7e\u015fitli piezoelektrik seramikleri ihtiya\u00e7lar\u0131n\u0131za g\u00f6re \u00f6zelle\u015ftirebiliriz.<\/h3>\n<p>Kare\/Dikd\u00f6rtgen Piezoelektrik Seramiklerin Malzemesi: PZT4, PZT5, PZT8 veya di\u011fer istenen piezoelektrik malzeme.<\/p>\n<div id=\"attachment_5014\" style=\"width: 610px\" class=\"wp-caption alignnone\"><img loading=\"lazy\" decoding=\"async\" aria-describedby=\"caption-attachment-5014\" class=\" wp-image-5014 \" title=\"Piezoelektrik Seramik Dikd\u00f6rtgen\" src=\"\/\/www.bjultrasonic.com\/wp-content\/uploads\/2012\/07\/Piezoelectric-Ceramic-Square-Rectangular-1.jpg\" alt=\"Piezoelektrik Seramik Dikd\u00f6rtgen\" width=\"600\" height=\"359\" \/><p id=\"caption-attachment-5014\" class=\"wp-caption-text\">Piezoelektrik Seramik Dikd\u00f6rtgen<\/p><\/div>\n<h2>Kare\/Dikd\u00f6rtgen Piezoelektrik Seramiklerin Uygulama Alanlar\u0131<\/h2>\n<table id=\"wp-table-reloaded-id-113-no-1\" class=\"table table-striped table-bordered\">\n<tbody>\n<tr>\n<td>t\u0131bbi B ultrasonik ekipmanlar<\/td>\n<td>Ultrasonik Sens\u00f6r<\/td>\n<td>S\u0131k\u0131\u015ft\u0131rma sens\u00f6r\u00fc<\/td>\n<\/tr>\n<tr>\n<td>Malzeme stres sens\u00f6r\u00fc<\/td>\n<td>Titre\u015fim Sens\u00f6r\u00fc<\/td>\n<td>Enerji\/Elektrik hasad\u0131<\/td>\n<\/tr>\n<tr>\n<td>C\u0131vatal\u0131 ultrasonik d\u00f6n\u00fc\u015ft\u00fcr\u00fcc\u00fc<\/td>\n<td>Bas\u0131n\u00e7 sens\u00f6r\u00fc<\/td>\n<td>Ultrasonik kar\u0131\u015ft\u0131rma<\/td>\n<\/tr>\n<tr>\n<td>Ultrasonik pres sens\u00f6r\u00fc<\/td>\n<td>Y\u00fcksek g\u00fc\u00e7l\u00fc akt\u00fcat\u00f6rler<\/td>\n<td>di\u011fer uygulamalar<\/td>\n<\/tr>\n<\/tbody>\n<\/table>\n<h2>Kare\/Dikd\u00f6rtgen Piezoelektrik Seramiklerin Standart \u00d6zellikleri<\/h2>\n<table id=\"wp-table-reloaded-id-114-no-1\" class=\"table table-striped table-bordered\">\n<tbody>\n<tr>\n<td>BoyutUzunluk*geni\u015flik*y\u00fckseklik(mm)<\/td>\n<td>Fr(MHZ)<\/td>\n<td>K31<\/td>\n<td>E T 3(r)<\/td>\n<\/tr>\n<tr>\n<td>(80&#8211;130)\u00d7(13&#8211;16)\u00d70.4<\/td>\n<td>3.5<\/td>\n<td>\u22650.37<\/td>\n<td>2200-3000<\/td>\n<\/tr>\n<tr>\n<td>(60-110)\u00d7(12-15)\u00d70.3<\/td>\n<td>5.0<\/td>\n<td>\u22650.36<\/td>\n<td>2200-3000<\/td>\n<\/tr>\n<tr>\n<td>(50-100)\u00d7(10-14)\u00d70.2<\/td>\n<td>7.5<\/td>\n<td>\u22650.35<\/td>\n<td>2200-3000<\/td>\n<\/tr>\n<tr>\n<td>Uzunluk aral\u0131\u011f\u0131: 5mm&#8212;140mm<br \/>\nGeni\u015flik aral\u0131\u011f\u0131: 1.5mm&#8212;80mm<br \/>\nY\u00fckseklik aral\u0131\u011f\u0131: 0.2mm&#8212;20mm<br \/>\nNot:<br \/>\n\u00c7e\u015fitli boyutlarda Kare\/Dikd\u00f6rtgen Piezoelektrik Seramikleri ihtiya\u00e7lar\u0131n\u0131za g\u00f6re tasarlayabilir ve \u00f6zelle\u015ftirebiliriz.<\/td>\n<td><\/td>\n<td><\/td>\n<td><\/td>\n<\/tr>\n<\/tbody>\n<\/table>\n<p><iframe loading=\"lazy\" title=\"Piezoceramic Square\/ Rectangular  - Beijing Ultrasonic\" width=\"500\" height=\"281\" src=\"https:\/\/www.youtube.com\/embed\/mZQfCd5CFV8?feature=oembed\" frameborder=\"0\" allow=\"accelerometer; autoplay; clipboard-write; encrypted-media; gyroscope; picture-in-picture; web-share\" referrerpolicy=\"strict-origin-when-cross-origin\" allowfullscreen><\/iframe><\/p>\n<h3>\u00d6deme<\/h3>\n<p>\u015eu anda PayPal, T\/T ve Western Union&#8217;\u0131 kabul ediyoruz.<\/p>\n<h3 class=\"shipping-methods\">Nakliye<\/h3>\n<p>Malzemeler, tam \u00f6deme al\u0131nd\u0131ktan sonra 48 saat i\u00e7inde sevk edilecektir.<\/p>\n<ul>\n<li>\u00dcr\u00fcnleri PayPal \u00f6demesinde belirtilen adrese g\u00f6nderiyoruz. L\u00fctfen PayPal&#8217;daki adresin do\u011fru oldu\u011fundan emin olun.<\/li>\n<li>\u00dcr\u00fcnleri g\u00f6nderdikten sonra size takip numaras\u0131n\u0131 verece\u011fiz, genellikle \u00fcr\u00fcnleri be\u015f g\u00fcn i\u00e7inde alacaks\u0131n\u0131z.<\/li>\n<li>Herhangi bir sorunuz olursa, l\u00fctfen bize e-posta yoluyla ula\u015f\u0131n (e-posta adresimiz: <a href=\"mailto:support@bjultrasonic.com\">support@bjultrasonic.com<\/a>)<\/li>\n<\/ul>\n<h3>\u00dcr\u00fcn Garantisi<\/h3>\n<p>\u00dcr\u00fcn garanti s\u00fcresi bir y\u0131ld\u0131r. Garanti s\u00fcresi i\u00e7inde sat\u0131n al\u0131nan \u00fcr\u00fcnler \u00fccretsiz bak\u0131m veya de\u011fi\u015fim hakk\u0131ndan yararlanabilir.<\/p>\n","protected":false},"excerpt":{"rendered":"<p>\u00c7e\u015fitli piezoelektrik seramikleri ihtiya\u00e7lar\u0131n\u0131za g\u00f6re \u00f6zelle\u015ftirebiliriz. Kare\/Dikd\u00f6rtgen Piezoelektrik Seramiklerin Malzemesi: PZT4, PZT5, PZT8 veya di\u011fer istenen piezoelektrik malzeme. Kare\/Dikd\u00f6rtgen Piezoelektrik Seramiklerin Uygulama Alanlar\u0131 t\u0131bbi B ultrasonik ekipmanlar Ultrasonik Sens\u00f6r S\u0131k\u0131\u015ft\u0131rma sens\u00f6r\u00fc Malzeme stres sens\u00f6r\u00fc Titre\u015fim Sens\u00f6r\u00fc Enerji\/Elektrik hasad\u0131 C\u0131vatal\u0131 ultrasonik d\u00f6n\u00fc\u015ft\u00fcr\u00fcc\u00fc Bas\u0131n\u00e7 sens\u00f6r\u00fc Ultrasonik kar\u0131\u015ft\u0131rma Ultrasonik pres sens\u00f6r\u00fc Y\u00fcksek g\u00fc\u00e7l\u00fc akt\u00fcat\u00f6rler di\u011fer uygulamalar Kare\/Dikd\u00f6rtgen Piezoelektrik<\/p>\n","protected":false},"featured_media":23762,"comment_status":"open","ping_status":"closed","template":"","meta":[],"product_brand":[],"product_cat":[5772,5657],"product_tag":[],"class_list":{"0":"post-69865","1":"product","2":"type-product","3":"status-publish","4":"has-post-thumbnail","6":"product_cat-square-rectangular-piezoelectric-ceramics-tr","7":"product_cat-piezoelectric-ceramic-tr","9":"first","10":"instock","11":"shipping-taxable","12":"product-type-external","13":"prodpage-classic"},"aioseo_notices":[],"_links":{"self":[{"href":"https:\/\/www.bjultrasonic.com\/tr\/wp-json\/wp\/v2\/product\/69865","targetHints":{"allow":["GET"]}}],"collection":[{"href":"https:\/\/www.bjultrasonic.com\/tr\/wp-json\/wp\/v2\/product"}],"about":[{"href":"https:\/\/www.bjultrasonic.com\/tr\/wp-json\/wp\/v2\/types\/product"}],"replies":[{"embeddable":true,"href":"https:\/\/www.bjultrasonic.com\/tr\/wp-json\/wp\/v2\/comments?post=69865"}],"wp:featuredmedia":[{"embeddable":true,"href":"https:\/\/www.bjultrasonic.com\/tr\/wp-json\/wp\/v2\/media\/23762"}],"wp:attachment":[{"href":"https:\/\/www.bjultrasonic.com\/tr\/wp-json\/wp\/v2\/media?parent=69865"}],"wp:term":[{"taxonomy":"product_brand","embeddable":true,"href":"https:\/\/www.bjultrasonic.com\/tr\/wp-json\/wp\/v2\/product_brand?post=69865"},{"taxonomy":"product_cat","embeddable":true,"href":"https:\/\/www.bjultrasonic.com\/tr\/wp-json\/wp\/v2\/product_cat?post=69865"},{"taxonomy":"product_tag","embeddable":true,"href":"https:\/\/www.bjultrasonic.com\/tr\/wp-json\/wp\/v2\/product_tag?post=69865"}],"curies":[{"name":"wp","href":"https:\/\/api.w.org\/{rel}","templated":true}]}}