{"id":69885,"date":"2012-07-12T22:20:52","date_gmt":"2012-07-13T03:20:52","guid":{"rendered":"https:\/\/www.bjultrasonic.com\/shop\/tube-piezoelectric-ceramics\/"},"modified":"2026-03-28T20:16:10","modified_gmt":"2026-03-29T01:16:10","slug":"tube-piezoelectric-ceramics","status":"publish","type":"product","link":"https:\/\/www.bjultrasonic.com\/tr\/shop\/tube-piezoelectric-ceramics\/","title":{"rendered":"Piezoseramik T\u00fcp"},"content":{"rendered":"<p><iframe loading=\"lazy\" title=\"Piezoceramic Tube\" width=\"500\" height=\"281\" src=\"https:\/\/www.youtube.com\/embed\/m1kSZ7ICcOQ?feature=oembed\" frameborder=\"0\" allow=\"accelerometer; autoplay; clipboard-write; encrypted-media; gyroscope; picture-in-picture; web-share\" referrerpolicy=\"strict-origin-when-cross-origin\" allowfullscreen><\/iframe><\/p>\n<h3>\u0130htiyaca g\u00f6re \u00e7e\u015fitli piezoelektrik seramikleri \u00f6zelle\u015ftirebiliriz.<\/h3>\n<p>Piezoelektrik Seramik T\u00fcp\u00fcn (Piezo Seramik T\u00fcp) malzemesi: PZT4, PZT5, PZT8 veya istenilen di\u011fer piezoelektrik malzemeler<\/p>\n<p><img loading=\"lazy\" decoding=\"async\" class=\" wp-image-1238 alignnone\" title=\"Tube Piezoelectric Ceramics\" src=\"\/\/www.bjultrasonic.com\/wp-content\/uploads\/2012\/07\/tube-piezoelectric-ceramics.jpg\" alt=\"Tube Piezoelectric Ceramics\" width=\"601\" height=\"459\" \/><\/p>\n<h2>Piezoelektrik Seramik T\u00fcp\u00fcn Uygulamalar\u0131<\/h2>\n<table id=\"wp-table-reloaded-id-111-no-1\" class=\"table table-striped table-bordered\">\n<tbody>\n<tr>\n<td>Piezo transd\u00fckt\u00f6r titre\u015fimi<\/td>\n<td>akustik<\/td>\n<td>madde da\u011f\u0131l\u0131m\u0131<\/td>\n<\/tr>\n<tr>\n<td>s\u0131v\u0131 iletim ortam\u0131<\/td>\n<td>gaz iletim ortam\u0131<\/td>\n<td>duvar kal\u0131nl\u0131\u011f\u0131 sens\u00f6r\u00fc<\/td>\n<\/tr>\n<tr>\n<td>malzeme stres sens\u00f6r\u00fc<\/td>\n<td>petrol kuyusu tarama<\/td>\n<td>biyomedikal prob<\/td>\n<\/tr>\n<tr>\n<td>piezoelektrik enerji hasad\u0131<\/td>\n<td>bal\u0131k bulucu transd\u00fckt\u00f6r<\/td>\n<td>bas\u0131n\u00e7 sens\u00f6r\u00fc<\/td>\n<\/tr>\n<tr>\n<td>su alt\u0131 hoparl\u00f6r\u00fc<\/td>\n<td>sonobuoy<\/td>\n<td>pasif sonar dizisi<\/td>\n<\/tr>\n<tr>\n<td>torpido<\/td>\n<td>petrol kuyusu dedekt\u00f6r\u00fc<\/td>\n<td>Di\u011fer uygulamalar<\/td>\n<\/tr>\n<\/tbody>\n<\/table>\n<h3>T\u00fcp Piezoseramik Video<\/h3>\n<p><iframe loading=\"lazy\" title=\"Piezoelectric Ceramic Tube | Piezoceramic Tube\" width=\"500\" height=\"281\" src=\"https:\/\/www.youtube.com\/embed\/ETIEN0YGcL8?feature=oembed\" frameborder=\"0\" allow=\"accelerometer; autoplay; clipboard-write; encrypted-media; gyroscope; picture-in-picture; web-share\" referrerpolicy=\"strict-origin-when-cross-origin\" allowfullscreen><\/iframe><\/p>\n<h2>Piezoelektrik Seramik T\u00fcp\u00fcn Standart \u00d6zellikleri<\/h2>\n<table id=\"wp-table-reloaded-id-112-no-1\" class=\"table table-striped table-bordered\">\n<tbody>\n<tr>\n<td>Boyut (mm) ODx ID xH<\/td>\n<td>fm (KHz)<\/td>\n<td>fn (KHz)<\/td>\n<td>kapasitans (pf)<\/td>\n<td>tg\u03b4 (%)<\/td>\n<\/tr>\n<tr>\n<td>12*9*6<\/td>\n<td>70<\/td>\n<td>72<\/td>\n<td>5860<\/td>\n<td>0.3<\/td>\n<\/tr>\n<tr>\n<td>15*13*3.2<\/td>\n<td>64<\/td>\n<td>68<\/td>\n<td>3700<\/td>\n<td>1.7<\/td>\n<\/tr>\n<tr>\n<td>18*15*15<\/td>\n<td>63<\/td>\n<td>64<\/td>\n<td>5940<\/td>\n<td>0.2<\/td>\n<\/tr>\n<tr>\n<td>18*15*20<\/td>\n<td>63<\/td>\n<td>64<\/td>\n<td>5836<\/td>\n<td>0.2<\/td>\n<\/tr>\n<tr>\n<td>20*17*15<\/td>\n<td>46.9<\/td>\n<td>50<\/td>\n<td>14109<\/td>\n<td>1.5<\/td>\n<\/tr>\n<tr>\n<td>24*20*20<\/td>\n<td>47<\/td>\n<td>49<\/td>\n<td>12830<\/td>\n<td>2.0<\/td>\n<\/tr>\n<tr>\n<td>34*30*20<\/td>\n<td>30<\/td>\n<td>32<\/td>\n<td>1510<\/td>\n<td>0.2<\/td>\n<\/tr>\n<tr>\n<td>40*32*37<\/td>\n<td>25<\/td>\n<td>25.3<\/td>\n<td>21200<\/td>\n<td>1.5<\/td>\n<\/tr>\n<tr>\n<td>44*38*29<\/td>\n<td>22.1<\/td>\n<td>24<\/td>\n<td>23120<\/td>\n<td>1.5<\/td>\n<\/tr>\n<tr>\n<td>51*45*36<\/td>\n<td>20<\/td>\n<td>20.5<\/td>\n<td>18010<\/td>\n<td>1.5<\/td>\n<\/tr>\n<tr>\n<td>53*45*41<\/td>\n<td>18<\/td>\n<td>22<\/td>\n<td>3060<\/td>\n<td>0.2<\/td>\n<\/tr>\n<tr>\n<td>69*63*25<\/td>\n<td>16<\/td>\n<td>18<\/td>\n<td>16040<\/td>\n<td>0.5<\/td>\n<\/tr>\n<tr>\n<td>76*68*40<\/td>\n<td>15<\/td>\n<td>15<\/td>\n<td>19730<\/td>\n<td>0.5<\/td>\n<\/tr>\n<tr>\n<td>80*60*150<\/td>\n<td>17<\/td>\n<td>18.5<\/td>\n<td>34420<\/td>\n<td>0.25<\/td>\n<\/tr>\n<tr>\n<td>142*132*80<\/td>\n<td>8<\/td>\n<td>8<\/td>\n<td>8636<\/td>\n<td>0.35<\/td>\n<\/tr>\n<tr>\n<td>D\u0131\u015f \u00e7ap aral\u0131\u011f\u0131: 6mm\u2014150mm<br \/>\n\u0130\u00e7 \u00e7ap aral\u0131\u011f\u0131: 5mm\u2014130mm<br \/>\nUzunluk aral\u0131\u011f\u0131: 5mm\u2014100mm<br \/>\nNot:<br \/>\n\u0130htiyaca g\u00f6re \u00e7e\u015fitli boyutlarda T\u00fcp Piezoelektrik Seramik tasarlayabilir ve \u00f6zelle\u015ftirebiliriz.<\/td>\n<td><\/td>\n<td><\/td>\n<td><\/td>\n<td><\/td>\n<\/tr>\n<\/tbody>\n<\/table>\n<h3>\u00d6deme<\/h3>\n<p>\u015eu anda paypal, T\/T ve Western Union&#8217;\u0131 kabul ediyoruz.<\/p>\n<h3 class=\"shipping-methods\">Nakliye<\/h3>\n<p>Malzemeler, tam \u00f6deme al\u0131nd\u0131ktan sonra 48 saat i\u00e7inde g\u00f6nderilecektir.<\/p>\n<ul>\n<li>Malzemeleri, PayPal \u00f6demesinde verilen adrese g\u00f6nderiyoruz. L\u00fctfen PayPal&#8217;daki adresin do\u011fru oldu\u011fundan emin olun.<\/li>\n<li>Malzemeleri g\u00f6nderdikten sonra size takip numaras\u0131n\u0131 verece\u011fiz, genellikle malzemeleri be\u015f g\u00fcn i\u00e7inde alacaks\u0131n\u0131z.<\/li>\n<li>Herhangi bir sorunuz varsa, l\u00fctfen bize e-posta yoluyla ula\u015f\u0131n (e-posta adresimiz <a href=\"mailto:support@bjultrasonic.com\">support@bjultrasonic.com<\/a>)<\/li>\n<\/ul>\n<h3>\u00dcr\u00fcn Garantisi<\/h3>\n<p>\u00dcr\u00fcn garanti s\u00fcresi bir y\u0131ld\u0131r, garanti s\u00fcresi i\u00e7inde sat\u0131n al\u0131nan \u00fcr\u00fcnler \u00fccretsiz bak\u0131m veya de\u011fi\u015ftirme hakk\u0131ndan yararlanabilir.<\/p>\n","protected":false},"excerpt":{"rendered":"<p>\u0130htiyaca g\u00f6re \u00e7e\u015fitli piezoelektrik seramikleri \u00f6zelle\u015ftirebiliriz. Piezoelektrik Seramik T\u00fcp\u00fcn (Piezo Seramik T\u00fcp) malzemesi: PZT4, PZT5, PZT8 veya istenilen di\u011fer piezoelektrik malzemeler Piezoelektrik Seramik T\u00fcp\u00fcn Uygulamalar\u0131 Piezo transd\u00fckt\u00f6r titre\u015fimi akustik madde da\u011f\u0131l\u0131m\u0131 s\u0131v\u0131 iletim ortam\u0131 gaz iletim ortam\u0131 duvar kal\u0131nl\u0131\u011f\u0131 sens\u00f6r\u00fc malzeme stres sens\u00f6r\u00fc petrol kuyusu tarama biyomedikal prob piezoelektrik enerji hasad\u0131 bal\u0131k bulucu transd\u00fckt\u00f6r bas\u0131n\u00e7<\/p>\n","protected":false},"featured_media":23756,"comment_status":"open","ping_status":"closed","template":"","meta":[],"product_brand":[],"product_cat":[5801,5657],"product_tag":[],"class_list":{"0":"post-69885","1":"product","2":"type-product","3":"status-publish","4":"has-post-thumbnail","6":"product_cat-tube-piezoelectric-ceramics-tr","7":"product_cat-piezoelectric-ceramic-tr","9":"first","10":"instock","11":"shipping-taxable","12":"product-type-external","13":"prodpage-classic"},"aioseo_notices":[],"_links":{"self":[{"href":"https:\/\/www.bjultrasonic.com\/tr\/wp-json\/wp\/v2\/product\/69885","targetHints":{"allow":["GET"]}}],"collection":[{"href":"https:\/\/www.bjultrasonic.com\/tr\/wp-json\/wp\/v2\/product"}],"about":[{"href":"https:\/\/www.bjultrasonic.com\/tr\/wp-json\/wp\/v2\/types\/product"}],"replies":[{"embeddable":true,"href":"https:\/\/www.bjultrasonic.com\/tr\/wp-json\/wp\/v2\/comments?post=69885"}],"wp:featuredmedia":[{"embeddable":true,"href":"https:\/\/www.bjultrasonic.com\/tr\/wp-json\/wp\/v2\/media\/23756"}],"wp:attachment":[{"href":"https:\/\/www.bjultrasonic.com\/tr\/wp-json\/wp\/v2\/media?parent=69885"}],"wp:term":[{"taxonomy":"product_brand","embeddable":true,"href":"https:\/\/www.bjultrasonic.com\/tr\/wp-json\/wp\/v2\/product_brand?post=69885"},{"taxonomy":"product_cat","embeddable":true,"href":"https:\/\/www.bjultrasonic.com\/tr\/wp-json\/wp\/v2\/product_cat?post=69885"},{"taxonomy":"product_tag","embeddable":true,"href":"https:\/\/www.bjultrasonic.com\/tr\/wp-json\/wp\/v2\/product_tag?post=69885"}],"curies":[{"name":"wp","href":"https:\/\/api.w.org\/{rel}","templated":true}]}}