{"id":69905,"date":"2012-07-12T16:42:35","date_gmt":"2012-07-12T21:42:35","guid":{"rendered":"https:\/\/www.bjultrasonic.com\/shop\/ultrasonic-vibrating-screen-transducer\/"},"modified":"2026-03-28T20:16:09","modified_gmt":"2026-03-29T01:16:09","slug":"ultrasonic-vibrating-screen-transducer","status":"publish","type":"product","link":"https:\/\/www.bjultrasonic.com\/tr\/shop\/ultrasonic-vibrating-screen-transducer\/","title":{"rendered":"Ultrasonik Titre\u015fim Transd\u00fcseri"},"content":{"rendered":"<p>Ultrasonik Titre\u015fim Transd\u00fcseri, salmastra, <a href=\"https:\/\/www.bjultrasonic.com\/tr\/category\/piezoelectric-ceramic-tr\/\">piezoelektrik seramik<\/a>, elektrot par\u00e7as\u0131, radyan ba\u015fl\u0131k, \u00f6n gerilmeli vidalar ve yal\u0131t\u0131m muhafazas\u0131ndan olu\u015fur.<\/p>\n<h3>\u0130nce Toz Ele\u011fi i\u00e7in Ultrasonik Titre\u015fim Transd\u00fcserinin \u00d6zellikleri<\/h3>\n<ul>\n<li>Y\u00fcksek hassasiyet ve y\u00fcksek g\u00f6zenek eleme ayn\u0131 anda ger\u00e7ekle\u015ftirilir, dar bir tane boyutu aral\u0131\u011f\u0131 kontrol edilir.<\/li>\n<li>Tek katmanl\u0131 ve \u00e7ok katmanl\u0131 olabilir.<\/li>\n<li>Eleme kendi kendini temizleme i\u015flevi: 500&#8217;den b\u00fcy\u00fck g\u00f6zenekli elek, g\u00f6zenek t\u0131kan\u0131kl\u0131\u011f\u0131 yok, eleme verimlili\u011finde azalma yok.<\/li>\n<li>G\u00fc\u00e7l\u00fc adsorpsiyon, kolayca yeniden birle\u015fme, statik elektrik, y\u00fcksek hassasiyet, y\u00fcksek yo\u011funluk, y\u00fcksek \u0131\u015f\u0131k \u00f6zg\u00fcl a\u011f\u0131rl\u0131\u011f\u0131 gibi eleme problemlerini \u00e7\u00f6zer.<\/li>\n<li>Eleme hassasiyeti %1-70 oran\u0131nda art\u0131r\u0131labilir, verim 0.5 ila 10 kat artabilir.<\/li>\n<\/ul>\n<h3>Uygulama<\/h3>\n<ul>\n<li>Kimya end\u00fcstrisi: re\u00e7ine, kaplamalar, end\u00fcstri, ila\u00e7, kozmetik, boya, toz vb.<\/li>\n<li>G\u0131da end\u00fcstrisi: \u015feker tozu, ni\u015fasta, tuz, pirin\u00e7 unu, s\u00fct tozu, soya s\u00fct\u00fc, yumurta tozu, soya sosu, meyve suyu vb.<\/li>\n<li>Metal, metalurji, madencilik, al\u00fcminyum tozu, kur\u015fun tozu, bak\u0131r tozu, cevher, elektrot tozu, ala\u015f\u0131m tozu, manganez dioksit, elektrolitik bak\u0131r tozu, elektromanyetik malzeme, cilalama tozu, refrakter malzeme, kaolin, kire\u00e7, al\u00fcmina, a\u011f\u0131r kalsiyum karbonat, kuvars kumu vb.<\/li>\n<li>Kirlilik i\u015fleme, at\u0131k ya\u011f, at\u0131k su, boya at\u0131k suyu, katk\u0131 maddeleri, aktif karbon vb.<\/li>\n<\/ul>\n<h3>Ultrasonik Titre\u015fimli Elek Makinesi<\/h3>\n<p><iframe loading=\"lazy\" title=\"Ultrasonic Vibrating Sieve Machine - Beijing Ultrasonic\" width=\"500\" height=\"281\" src=\"https:\/\/www.youtube.com\/embed\/PEkryRhyJXY?feature=oembed\" frameborder=\"0\" allow=\"accelerometer; autoplay; clipboard-write; encrypted-media; gyroscope; picture-in-picture; web-share\" referrerpolicy=\"strict-origin-when-cross-origin\" allowfullscreen><\/iframe><\/p>\n<h3>\u00d6deme<\/h3>\n<p>\u015eu anda PayPal, T\/T ve Western Union&#8217;\u0131 kabul ediyoruz.<\/p>\n<h3>Nakliye<\/h3>\n<p>\u00dcr\u00fcnler, tam \u00f6deme al\u0131nd\u0131ktan sonra 48 saat i\u00e7inde sevk edilecektir.<\/p>\n<ul>\n<li>\u00dcr\u00fcnleri, PayPal \u00f6demesinde verilen adrese g\u00f6nderiyoruz. L\u00fctfen PayPal&#8217;daki adresin do\u011fru oldu\u011fundan emin olun.<\/li>\n<li>\u00dcr\u00fcnleri g\u00f6nderdikten sonra size takip numaras\u0131n\u0131 verece\u011fiz, genellikle be\u015f g\u00fcn i\u00e7inde \u00fcr\u00fcnleri alacaks\u0131n\u0131z.<\/li>\n<li>Herhangi bir sorunuz varsa, l\u00fctfen bize e-posta ile ileti\u015fime ge\u00e7in (e-posta adresimiz <a href=\"mailto:support@bjultrasonic.com\">support@bjultrasonic.com<\/a>)<\/li>\n<\/ul>\n<h3>\u00dcr\u00fcn Garantisi<\/h3>\n<p>\u00dcr\u00fcn garanti s\u00fcresi bir y\u0131ld\u0131r. Garanti s\u00fcresi i\u00e7inde sat\u0131n al\u0131nan \u00fcr\u00fcnler \u00fccretsiz bak\u0131m veya de\u011fi\u015fimden yararlanabilir.<\/p>\n","protected":false},"excerpt":{"rendered":"<p>Ultrasonik Titre\u015fim Transd\u00fcseri, salg\u0131 bezi, piezoelektrik seramik, elektrot par\u00e7as\u0131, radyan ba\u015fl\u0131k, \u00f6n gerilmeli vidalar ve yal\u0131t\u0131ml\u0131 kasa bile\u015fiminden olu\u015fur.<\/p>\n","protected":false},"featured_media":4845,"comment_status":"open","ping_status":"closed","template":"","meta":[],"product_brand":[],"product_cat":[6327],"product_tag":[],"class_list":{"0":"post-69905","1":"product","2":"type-product","3":"status-publish","4":"has-post-thumbnail","6":"product_cat-ultrasonic-transducer-tr","8":"first","9":"instock","10":"shipping-taxable","11":"product-type-external","12":"prodpage-classic"},"aioseo_notices":[],"_links":{"self":[{"href":"https:\/\/www.bjultrasonic.com\/tr\/wp-json\/wp\/v2\/product\/69905","targetHints":{"allow":["GET"]}}],"collection":[{"href":"https:\/\/www.bjultrasonic.com\/tr\/wp-json\/wp\/v2\/product"}],"about":[{"href":"https:\/\/www.bjultrasonic.com\/tr\/wp-json\/wp\/v2\/types\/product"}],"replies":[{"embeddable":true,"href":"https:\/\/www.bjultrasonic.com\/tr\/wp-json\/wp\/v2\/comments?post=69905"}],"wp:featuredmedia":[{"embeddable":true,"href":"https:\/\/www.bjultrasonic.com\/tr\/wp-json\/wp\/v2\/media\/4845"}],"wp:attachment":[{"href":"https:\/\/www.bjultrasonic.com\/tr\/wp-json\/wp\/v2\/media?parent=69905"}],"wp:term":[{"taxonomy":"product_brand","embeddable":true,"href":"https:\/\/www.bjultrasonic.com\/tr\/wp-json\/wp\/v2\/product_brand?post=69905"},{"taxonomy":"product_cat","embeddable":true,"href":"https:\/\/www.bjultrasonic.com\/tr\/wp-json\/wp\/v2\/product_cat?post=69905"},{"taxonomy":"product_tag","embeddable":true,"href":"https:\/\/www.bjultrasonic.com\/tr\/wp-json\/wp\/v2\/product_tag?post=69905"}],"curies":[{"name":"wp","href":"https:\/\/api.w.org\/{rel}","templated":true}]}}